{"id":917,"date":"2020-03-18T00:19:02","date_gmt":"2020-03-17T23:19:02","guid":{"rendered":"http:\/\/agora.xtec.cat\/esc-maria-cubi\/?page_id=917"},"modified":"2021-06-10T15:44:21","modified_gmt":"2021-06-10T13:44:21","slug":"recomanacions-educacio-infantil-symbaloo","status":"publish","type":"page","link":"https:\/\/agora.xtec.cat\/esc-maria-cubi\/recomanacions-educacio-infantil-symbaloo\/","title":{"rendered":"Symbaloo Infantil"},"content":{"rendered":"<p>Benvolgudes fam\u00edlies,<\/p>\n<p>Aqu\u00ed teniu la plataforma Symbaloo amb aplicacions que els mestres han seleccionat per refor\u00e7ar els diferents \u00e0mbits. Cliqueu a sobre dels enlla\u00e7os per veure tota la informaci\u00f3. A<span style=\"text-decoration: underline;\"><strong>fegiu-vos la p\u00e0gina per veure totes les aplicacions.<\/strong><\/span><\/p>\n<h3><\/h3>\n<h3 style=\"text-align: center;\"><a href=\"https:\/\/www.symbaloo.com\/shared\/AAAAAt7ulV4AA41_HixByQ==\"><strong>SYMBALOO INFANTIL<\/strong><\/a><\/h3>\n<p>&nbsp;<\/p>\n<p>&nbsp;<\/p>\n<p><iframe loading=\"lazy\" src=\"https:\/\/www.symbaloo.com\/embed\/shared\/AAAAAt7ulV4AA41_HixByQ==?\" width=\"1140px\" height=\"820px\" name=\"_symFrame\" frameborder=\"0\"><\/iframe><\/p>\n","protected":false},"excerpt":{"rendered":"<p>Benvolgudes fam\u00edlies,<br \/>\nAqu\u00ed teniu la plataforma Symbaloo amb aplicacions que els mestres han seleccionat per refor\u00e7ar els diferents \u00e0mbits. Cliqueu a sobre dels enlla\u00e7os per veure tota la informaci\u00f3. Afegiu-vos la p\u00e0gina per veure totes les aplicacions.<\/p>\n<p><a href=\"https:\/\/www.symbaloo.com\/shared\/AAAAAt7ulV4AA41_HixByQ==\">SYMBALOO INFANTIL<\/a><br \/>\n&nbsp;<br \/>\n&nbsp;<\/p>\n","protected":false},"author":1,"featured_media":0,"parent":0,"menu_order":0,"comment_status":"closed","ping_status":"closed","template":"","meta":{"_bbp_topic_count":0,"_bbp_reply_count":0,"_bbp_total_topic_count":0,"_bbp_total_reply_count":0,"_bbp_voice_count":0,"_bbp_anonymous_reply_count":0,"_bbp_topic_count_hidden":0,"_bbp_reply_count_hidden":0,"_bbp_forum_subforum_count":0,"footnotes":""},"class_list":["post-917","page","type-page","status-publish","hentry"],"post_mailing_queue_ids":[],"_links":{"self":[{"href":"https:\/\/agora.xtec.cat\/esc-maria-cubi\/wp-json\/wp\/v2\/pages\/917","targetHints":{"allow":["GET"]}}],"collection":[{"href":"https:\/\/agora.xtec.cat\/esc-maria-cubi\/wp-json\/wp\/v2\/pages"}],"about":[{"href":"https:\/\/agora.xtec.cat\/esc-maria-cubi\/wp-json\/wp\/v2\/types\/page"}],"author":[{"embeddable":true,"href":"https:\/\/agora.xtec.cat\/esc-maria-cubi\/wp-json\/wp\/v2\/users\/1"}],"replies":[{"embeddable":true,"href":"https:\/\/agora.xtec.cat\/esc-maria-cubi\/wp-json\/wp\/v2\/comments?post=917"}],"version-history":[{"count":3,"href":"https:\/\/agora.xtec.cat\/esc-maria-cubi\/wp-json\/wp\/v2\/pages\/917\/revisions"}],"predecessor-version":[{"id":1494,"href":"https:\/\/agora.xtec.cat\/esc-maria-cubi\/wp-json\/wp\/v2\/pages\/917\/revisions\/1494"}],"wp:attachment":[{"href":"https:\/\/agora.xtec.cat\/esc-maria-cubi\/wp-json\/wp\/v2\/media?parent=917"}],"curies":[{"name":"wp","href":"https:\/\/api.w.org\/{rel}","templated":true}]}}