{"id":913,"date":"2020-03-15T20:34:00","date_gmt":"2020-03-15T19:34:00","guid":{"rendered":"http:\/\/agora.xtec.cat\/esc-maria-cubi\/?page_id=913"},"modified":"2021-08-31T05:38:58","modified_gmt":"2021-08-31T03:38:58","slug":"symbaloo","status":"publish","type":"page","link":"https:\/\/agora.xtec.cat\/esc-maria-cubi\/symbaloo\/","title":{"rendered":"SYMBALOO"},"content":{"rendered":"<p>Benvolguts\/des,<\/p>\n<p>Us fem arribar document on els tutors\/es conjuntament amb els especialistes us proposen recomanacions per tal que els vostres fills i filles,\u00a0 durant aquests dies de confinament, puguin refor\u00e7ar continguts de les diferents \u00e0rees curriculars.<\/p>\n<p>Alhora compartim la plataforma digital Symbaloo on trobareu tot un ventall d&#8217;activitats onlines que hem seleccionat per cicles i classificat per colors segons diferents \u00e0rees (llengua, matem\u00e0tiques\u2026).<\/p>\n<h5 style=\"text-align: center;\"><span style=\"color: #3366ff;\">Tota la infomaci\u00f3 per cicles la trobareu dins de <span style=\"text-decoration: underline;\">l&#8217;icona <strong>MEN\u00da<\/strong><\/span> a la cap\u00e7alera d&#8217;aquesta web.<\/span><\/h5>\n<p style=\"text-align: center;\"><strong><span style=\"color: #3366ff;\">23.3.Teniu actualitzat el SYMBALOO DE CI, amb uns v\u00eddeos molt xulos que ha fet per tots vosaltres en Xavi, mestre d&#8217;Educaci\u00f3 F\u00edsica<\/span><\/strong><\/p>\n<p>A m\u00e9s, als icones principals d&#8217;aquesta web teniu els enlla\u00e7os:<\/p>\n<ul>\n<li><strong>Bmath i m\u00fascul matem\u00e0tic<\/strong>: plataforma digital Innovamat, d\u2019activitats matem\u00e0tiques<\/li>\n<li><strong>Biblioteca mundial<\/strong>: Plataforma d\u2019acc\u00e9s a biblioteca digital<\/li>\n<\/ul>\n<p>Us animem a que els vostres fills\/es participin de les propostes que us suggerim per tal de poder seguir avan\u00e7ant i refor\u00e7ant aprenentatges.<\/p>\n<p>Agrair-vos a tots\/es la vostra comprensi\u00f3, paci\u00e8ncia i col\u00b7laboraci\u00f3 durant aquests dies de confinament i aturada de rutines escolars.<\/p>\n<p>Cordialment,<\/p>\n<p>Escola Mari\u00e0 Cub\u00ed i Soler<\/p>\n<p>&nbsp;<\/p>\n<p><a href=\"https:\/\/agora.xtec.cat\/esc-maria-cubi\/wp-content\/uploads\/usu1279\/2020\/03\/RECOMANACIONS-PER-A-TOTES-LES-FAM\u00cdLIES6.jpg\"><img loading=\"lazy\" decoding=\"async\" class=\"aligncenter size-full wp-image-1012\" src=\"https:\/\/agora.xtec.cat\/esc-maria-cubi\/wp-content\/uploads\/usu1279\/2020\/03\/RECOMANACIONS-PER-A-TOTES-LES-FAM\u00cdLIES6.jpg\" alt=\"\" width=\"800\" height=\"2000\" srcset=\"https:\/\/agora.xtec.cat\/esc-maria-cubi\/wp-content\/uploads\/usu1279\/2020\/03\/RECOMANACIONS-PER-A-TOTES-LES-FAM\u00cdLIES6.jpg 800w, https:\/\/agora.xtec.cat\/esc-maria-cubi\/wp-content\/uploads\/usu1279\/2020\/03\/RECOMANACIONS-PER-A-TOTES-LES-FAM\u00cdLIES6-120x300.jpg 120w, https:\/\/agora.xtec.cat\/esc-maria-cubi\/wp-content\/uploads\/usu1279\/2020\/03\/RECOMANACIONS-PER-A-TOTES-LES-FAM\u00cdLIES6-768x1920.jpg 768w, https:\/\/agora.xtec.cat\/esc-maria-cubi\/wp-content\/uploads\/usu1279\/2020\/03\/RECOMANACIONS-PER-A-TOTES-LES-FAM\u00cdLIES6-410x1024.jpg 410w\" sizes=\"auto, (max-width: 800px) 100vw, 800px\" \/><\/a><\/p>\n","protected":false},"excerpt":{"rendered":"<p>Benvolguts\/des,<br \/>\nUs fem arribar document on els tutors\/es conjuntament amb els especialistes us proposen recomanacions per tal que els vostres fills i filles,\u00a0 durant aquests dies de confinament, puguin refor\u00e7ar continguts de les diferents \u00e0rees curriculars.<br \/>\nAlhora compartim la plataforma digital Symbaloo on trobareu tot un ventall&hellip;  <a href=\"https:\/\/agora.xtec.cat\/esc-maria-cubi\/symbaloo\/\" title=\"Read SYMBALOO\">Llegeix m\u00e9s\u00bb<\/a><\/p>\n","protected":false},"author":1,"featured_media":0,"parent":0,"menu_order":0,"comment_status":"closed","ping_status":"closed","template":"","meta":{"_bbp_topic_count":0,"_bbp_reply_count":0,"_bbp_total_topic_count":0,"_bbp_total_reply_count":0,"_bbp_voice_count":0,"_bbp_anonymous_reply_count":0,"_bbp_topic_count_hidden":0,"_bbp_reply_count_hidden":0,"_bbp_forum_subforum_count":0,"footnotes":""},"class_list":["post-913","page","type-page","status-publish","hentry"],"post_mailing_queue_ids":[],"_links":{"self":[{"href":"https:\/\/agora.xtec.cat\/esc-maria-cubi\/wp-json\/wp\/v2\/pages\/913","targetHints":{"allow":["GET"]}}],"collection":[{"href":"https:\/\/agora.xtec.cat\/esc-maria-cubi\/wp-json\/wp\/v2\/pages"}],"about":[{"href":"https:\/\/agora.xtec.cat\/esc-maria-cubi\/wp-json\/wp\/v2\/types\/page"}],"author":[{"embeddable":true,"href":"https:\/\/agora.xtec.cat\/esc-maria-cubi\/wp-json\/wp\/v2\/users\/1"}],"replies":[{"embeddable":true,"href":"https:\/\/agora.xtec.cat\/esc-maria-cubi\/wp-json\/wp\/v2\/comments?post=913"}],"version-history":[{"count":4,"href":"https:\/\/agora.xtec.cat\/esc-maria-cubi\/wp-json\/wp\/v2\/pages\/913\/revisions"}],"predecessor-version":[{"id":1523,"href":"https:\/\/agora.xtec.cat\/esc-maria-cubi\/wp-json\/wp\/v2\/pages\/913\/revisions\/1523"}],"wp:attachment":[{"href":"https:\/\/agora.xtec.cat\/esc-maria-cubi\/wp-json\/wp\/v2\/media?parent=913"}],"curies":[{"name":"wp","href":"https:\/\/api.w.org\/{rel}","templated":true}]}}