{"id":863,"date":"2019-12-20T10:12:30","date_gmt":"2019-12-20T09:12:30","guid":{"rendered":"http:\/\/agora.xtec.cat\/esc-maria-cubi\/?page_id=863"},"modified":"2019-12-20T10:20:39","modified_gmt":"2019-12-20T09:20:39","slug":"nofc-bloc-ii","status":"publish","type":"page","link":"https:\/\/agora.xtec.cat\/esc-maria-cubi\/nofc-bloc-ii\/","title":{"rendered":"NOFC Bloc II"},"content":{"rendered":"<p>Les Normes d\u2019Organitzaci\u00f3 i Funcionament de Centre (NOFC) formen part del Projecte Educatiu de l\u2019escola (PEC).<\/p>\n<p><strong>El bloc II<\/strong> d&#8217;aquest document est\u00e0 actualment en fase de revisi\u00f3 i actualitzaci\u00f3. Concreta l&#8217;organitzaci\u00f3 i gesti\u00f3 interna de centre.<\/p>\n<p>&nbsp;<\/p>\n<h2 style=\"text-align: center;\"><strong><a href=\"https:\/\/drive.google.com\/file\/d\/1Yb3h9BYYkHTO_9b2-skAz4SPxHvxcgBm\/view?usp=sharing\">NOFC Bloc II<\/a><\/strong><\/h2>\n","protected":false},"excerpt":{"rendered":"<p>Les Normes d\u2019Organitzaci\u00f3 i Funcionament de Centre (NOFC) formen part del Projecte Educatiu de l\u2019escola (PEC).<br \/>\nEl bloc II d&#8217;aquest document est\u00e0 actualment en fase de revisi\u00f3 i actualitzaci\u00f3. Concreta l&#8217;organitzaci\u00f3 i gesti\u00f3 interna de centre.<br \/>\n&nbsp;<br \/>\n<a href=\"https:\/\/drive.google.com\/file\/d\/1Yb3h9BYYkHTO_9b2-skAz4SPxHvxcgBm\/view?usp=sharing\">NOFC Bloc II<\/a><\/p>\n","protected":false},"author":1,"featured_media":0,"parent":0,"menu_order":0,"comment_status":"closed","ping_status":"closed","template":"","meta":{"_bbp_topic_count":0,"_bbp_reply_count":0,"_bbp_total_topic_count":0,"_bbp_total_reply_count":0,"_bbp_voice_count":0,"_bbp_anonymous_reply_count":0,"_bbp_topic_count_hidden":0,"_bbp_reply_count_hidden":0,"_bbp_forum_subforum_count":0,"footnotes":""},"class_list":["post-863","page","type-page","status-publish","hentry"],"post_mailing_queue_ids":[],"_links":{"self":[{"href":"https:\/\/agora.xtec.cat\/esc-maria-cubi\/wp-json\/wp\/v2\/pages\/863","targetHints":{"allow":["GET"]}}],"collection":[{"href":"https:\/\/agora.xtec.cat\/esc-maria-cubi\/wp-json\/wp\/v2\/pages"}],"about":[{"href":"https:\/\/agora.xtec.cat\/esc-maria-cubi\/wp-json\/wp\/v2\/types\/page"}],"author":[{"embeddable":true,"href":"https:\/\/agora.xtec.cat\/esc-maria-cubi\/wp-json\/wp\/v2\/users\/1"}],"replies":[{"embeddable":true,"href":"https:\/\/agora.xtec.cat\/esc-maria-cubi\/wp-json\/wp\/v2\/comments?post=863"}],"version-history":[{"count":3,"href":"https:\/\/agora.xtec.cat\/esc-maria-cubi\/wp-json\/wp\/v2\/pages\/863\/revisions"}],"predecessor-version":[{"id":871,"href":"https:\/\/agora.xtec.cat\/esc-maria-cubi\/wp-json\/wp\/v2\/pages\/863\/revisions\/871"}],"wp:attachment":[{"href":"https:\/\/agora.xtec.cat\/esc-maria-cubi\/wp-json\/wp\/v2\/media?parent=863"}],"curies":[{"name":"wp","href":"https:\/\/api.w.org\/{rel}","templated":true}]}}