{"id":820,"date":"2019-11-18T11:45:12","date_gmt":"2019-11-18T10:45:12","guid":{"rendered":"http:\/\/agora.xtec.cat\/esc-maria-cubi\/?page_id=820"},"modified":"2019-11-18T11:45:12","modified_gmt":"2019-11-18T10:45:12","slug":"valors-misio-visio","status":"publish","type":"page","link":"https:\/\/agora.xtec.cat\/esc-maria-cubi\/valors-misio-visio\/","title":{"rendered":"Valors, Misi\u00f3, Visi\u00f3"},"content":{"rendered":"<p>Des del curs 1976 \u2013 1977 l\u2019escola Mari\u00e0 Cub\u00ed i Soler ha contribu\u00eft a l\u2019educaci\u00f3 d\u2019infants del nostre poble, adaptant-se a diferents necessitats socials i en diferents marcs educatius, per\u00f2 sempre amb el prop\u00f2sit de formar ciutadans competents, lliures, cr\u00edtics, aut\u00f2noms, solidaris i responsables.<\/p>\n<p><strong>Valors <\/strong><\/p>\n<p>L\u2019escola Mari\u00e0 Cub\u00ed i Soler vol ser una escola p\u00fablica, catalana, acollidora, plural, inclusiva i arrelada al seu entorn social, cultural i natural, que promogui el respecte entre les persones, el civisme, la solidaritat, l\u2019esfor\u00e7, l\u2019autonomia personal, la creativitat, la reflexi\u00f3 cr\u00edtica, la curiositat, l\u2019afany de saber i l\u2019estimaci\u00f3 a l\u2019entorn.<\/p>\n<p><strong>Missi\u00f3 <\/strong><\/p>\n<p>L\u2019escola Mari\u00e0 Cub\u00ed i Soler assumeix com a missi\u00f3 el contribuir a l\u2019educaci\u00f3 integral de tots i cadascun dels seus alumnes, promovent el seu creixement intel\u00b7lectual, afectiu, social, corporal i \u00e8tic-moral. Atenent la diversitat, es pret\u00e9n promoure l\u2019\u00e8xit educatiu i personal de tots els alumnes i col\u00b7laborar a la construcci\u00f3 d\u2019estils de vida m\u00e9s lliures, justos i saludables.<\/p>\n<p><strong>Visi\u00f3<\/strong><\/p>\n<p>Volem ser reconeguts com una escola acollidora, amb excel\u00b7lents professionals, amb mitjans adequats, ben organitzada, seriosa, compromesa amb la millora cont\u00ednua, que ofereixi un servei acurat en un ambient ser\u00e8 i emp\u00e0tic de comunitat escolar.<\/p>\n","protected":false},"excerpt":{"rendered":"<p>Des del curs 1976 \u2013 1977 l\u2019escola Mari\u00e0 Cub\u00ed i Soler ha contribu\u00eft a l\u2019educaci\u00f3 d\u2019infants del nostre poble, adaptant-se a diferents necessitats socials i en diferents marcs educatius, per\u00f2 sempre amb el prop\u00f2sit de formar ciutadans competents, lliures, cr\u00edtics, aut\u00f2noms, solidaris i responsables.<br \/>\nValors<br \/>\nL\u2019escola&hellip;  <a href=\"https:\/\/agora.xtec.cat\/esc-maria-cubi\/valors-misio-visio\/\" title=\"Read Valors, Misi\u00f3, Visi\u00f3\">Llegeix m\u00e9s\u00bb<\/a><\/p>\n","protected":false},"author":1,"featured_media":0,"parent":0,"menu_order":0,"comment_status":"closed","ping_status":"closed","template":"","meta":{"_bbp_topic_count":0,"_bbp_reply_count":0,"_bbp_total_topic_count":0,"_bbp_total_reply_count":0,"_bbp_voice_count":0,"_bbp_anonymous_reply_count":0,"_bbp_topic_count_hidden":0,"_bbp_reply_count_hidden":0,"_bbp_forum_subforum_count":0,"footnotes":""},"class_list":["post-820","page","type-page","status-publish","hentry"],"post_mailing_queue_ids":[],"_links":{"self":[{"href":"https:\/\/agora.xtec.cat\/esc-maria-cubi\/wp-json\/wp\/v2\/pages\/820","targetHints":{"allow":["GET"]}}],"collection":[{"href":"https:\/\/agora.xtec.cat\/esc-maria-cubi\/wp-json\/wp\/v2\/pages"}],"about":[{"href":"https:\/\/agora.xtec.cat\/esc-maria-cubi\/wp-json\/wp\/v2\/types\/page"}],"author":[{"embeddable":true,"href":"https:\/\/agora.xtec.cat\/esc-maria-cubi\/wp-json\/wp\/v2\/users\/1"}],"replies":[{"embeddable":true,"href":"https:\/\/agora.xtec.cat\/esc-maria-cubi\/wp-json\/wp\/v2\/comments?post=820"}],"version-history":[{"count":1,"href":"https:\/\/agora.xtec.cat\/esc-maria-cubi\/wp-json\/wp\/v2\/pages\/820\/revisions"}],"predecessor-version":[{"id":821,"href":"https:\/\/agora.xtec.cat\/esc-maria-cubi\/wp-json\/wp\/v2\/pages\/820\/revisions\/821"}],"wp:attachment":[{"href":"https:\/\/agora.xtec.cat\/esc-maria-cubi\/wp-json\/wp\/v2\/media?parent=820"}],"curies":[{"name":"wp","href":"https:\/\/api.w.org\/{rel}","templated":true}]}}