{"id":7,"date":"2014-09-17T15:07:41","date_gmt":"2014-09-17T15:07:41","guid":{"rendered":"http:\/\/agora.xtec.cat\/esc-maria-cubi\/?page_id=7"},"modified":"2025-07-10T16:30:10","modified_gmt":"2025-07-10T14:30:10","slug":"pagines-dinici","status":"publish","type":"page","link":"https:\/\/agora.xtec.cat\/esc-maria-cubi\/pagines-dinici\/","title":{"rendered":"Reunions de pares d&#8217;inici de curs 2025-2026"},"content":{"rendered":"<p>El primer dia d&#8217;escola, el 8 de setembre, informarem de les reunions d&#8217;inici de curs que es faran durant el mes de setembre des d&#8217;I4 anys fins a 6\u00e8 de prim\u00e0ria. S&#8217;entregar\u00e0 resum de la reuni\u00f3 a les fam\u00edlies que no puguin assistir.<\/p>\n<p>La reuni\u00f3 d&#8217;inici de curs d&#8217;I3 anys es va fer el dia 26.6.2025. A inici de curs les mestres d&#8217;I3 poden resoldre qualsevol dubte o consulta de forma personalitzada a l&#8217;escola.<\/p>\n<p>&nbsp;<\/p>\n<p>&nbsp;<\/p>\n<p>&nbsp;<\/p>\n","protected":false},"excerpt":{"rendered":"<p>El primer dia d&#8217;escola, el 8 de setembre, informarem de les reunions d&#8217;inici de curs que es faran durant el mes de setembre des d&#8217;I4 anys fins a 6\u00e8 de prim\u00e0ria. S&#8217;entregar\u00e0 resum de la reuni\u00f3 a les fam\u00edlies que no puguin assistir.<br \/>\nLa reuni\u00f3 d&#8217;inici&hellip;  <a href=\"https:\/\/agora.xtec.cat\/esc-maria-cubi\/pagines-dinici\/\" title=\"Read Reunions de pares d&#8217;inici de curs 2025-2026\">Llegeix m\u00e9s\u00bb<\/a><\/p>\n","protected":false},"author":2,"featured_media":0,"parent":0,"menu_order":0,"comment_status":"closed","ping_status":"closed","template":"page-templates\/side-menu.php","meta":{"_bbp_topic_count":0,"_bbp_reply_count":0,"_bbp_total_topic_count":0,"_bbp_total_reply_count":0,"_bbp_voice_count":0,"_bbp_anonymous_reply_count":0,"_bbp_topic_count_hidden":0,"_bbp_reply_count_hidden":0,"_bbp_forum_subforum_count":0,"footnotes":""},"class_list":["post-7","page","type-page","status-publish","hentry"],"post_mailing_queue_ids":[],"_links":{"self":[{"href":"https:\/\/agora.xtec.cat\/esc-maria-cubi\/wp-json\/wp\/v2\/pages\/7","targetHints":{"allow":["GET"]}}],"collection":[{"href":"https:\/\/agora.xtec.cat\/esc-maria-cubi\/wp-json\/wp\/v2\/pages"}],"about":[{"href":"https:\/\/agora.xtec.cat\/esc-maria-cubi\/wp-json\/wp\/v2\/types\/page"}],"author":[{"embeddable":true,"href":"https:\/\/agora.xtec.cat\/esc-maria-cubi\/wp-json\/wp\/v2\/users\/2"}],"replies":[{"embeddable":true,"href":"https:\/\/agora.xtec.cat\/esc-maria-cubi\/wp-json\/wp\/v2\/comments?post=7"}],"version-history":[{"count":6,"href":"https:\/\/agora.xtec.cat\/esc-maria-cubi\/wp-json\/wp\/v2\/pages\/7\/revisions"}],"predecessor-version":[{"id":2608,"href":"https:\/\/agora.xtec.cat\/esc-maria-cubi\/wp-json\/wp\/v2\/pages\/7\/revisions\/2608"}],"wp:attachment":[{"href":"https:\/\/agora.xtec.cat\/esc-maria-cubi\/wp-json\/wp\/v2\/media?parent=7"}],"curies":[{"name":"wp","href":"https:\/\/api.w.org\/{rel}","templated":true}]}}