{"id":662,"date":"2019-01-11T13:16:23","date_gmt":"2019-01-11T12:16:23","guid":{"rendered":"http:\/\/agora.xtec.cat\/esc-maria-cubi\/?page_id=662"},"modified":"2023-02-01T08:01:19","modified_gmt":"2023-02-01T07:01:19","slug":"projecte-linguistic-de-centre","status":"publish","type":"page","link":"https:\/\/agora.xtec.cat\/esc-maria-cubi\/projecte-linguistic-de-centre\/","title":{"rendered":"Projecte Ling\u00fc\u00edstic de Centre"},"content":{"rendered":"<p>Benvolgudes Fam\u00edlies,<\/p>\n<p>Compartim el nostre Projecte Ling\u00fc\u00edstic de Centre actualitzat.<\/p>\n<p>Equip Directiu<\/p>\n<h2 style=\"text-align: center;\"><a href=\"https:\/\/drive.google.com\/file\/d\/11S1s46ZTVpChWMQPmXGzd-vPCl1I8_A6\/view?usp=sharing\">PROJECTE LING\u00dc\u00cdSTIC<\/a><\/h2>\n","protected":false},"excerpt":{"rendered":"<p>Benvolgudes Fam\u00edlies,<br \/>\nCompartim el nostre Projecte Ling\u00fc\u00edstic de Centre actualitzat.<br \/>\nEquip Directiu<br \/>\n<a href=\"https:\/\/drive.google.com\/file\/d\/11S1s46ZTVpChWMQPmXGzd-vPCl1I8_A6\/view?usp=sharing\">PROJECTE LING\u00dc\u00cdSTIC<\/a><\/p>\n","protected":false},"author":1,"featured_media":0,"parent":0,"menu_order":0,"comment_status":"closed","ping_status":"closed","template":"","meta":{"_bbp_topic_count":0,"_bbp_reply_count":0,"_bbp_total_topic_count":0,"_bbp_total_reply_count":0,"_bbp_voice_count":0,"_bbp_anonymous_reply_count":0,"_bbp_topic_count_hidden":0,"_bbp_reply_count_hidden":0,"_bbp_forum_subforum_count":0,"footnotes":""},"class_list":["post-662","page","type-page","status-publish","hentry"],"post_mailing_queue_ids":[],"_links":{"self":[{"href":"https:\/\/agora.xtec.cat\/esc-maria-cubi\/wp-json\/wp\/v2\/pages\/662","targetHints":{"allow":["GET"]}}],"collection":[{"href":"https:\/\/agora.xtec.cat\/esc-maria-cubi\/wp-json\/wp\/v2\/pages"}],"about":[{"href":"https:\/\/agora.xtec.cat\/esc-maria-cubi\/wp-json\/wp\/v2\/types\/page"}],"author":[{"embeddable":true,"href":"https:\/\/agora.xtec.cat\/esc-maria-cubi\/wp-json\/wp\/v2\/users\/1"}],"replies":[{"embeddable":true,"href":"https:\/\/agora.xtec.cat\/esc-maria-cubi\/wp-json\/wp\/v2\/comments?post=662"}],"version-history":[{"count":4,"href":"https:\/\/agora.xtec.cat\/esc-maria-cubi\/wp-json\/wp\/v2\/pages\/662\/revisions"}],"predecessor-version":[{"id":2128,"href":"https:\/\/agora.xtec.cat\/esc-maria-cubi\/wp-json\/wp\/v2\/pages\/662\/revisions\/2128"}],"wp:attachment":[{"href":"https:\/\/agora.xtec.cat\/esc-maria-cubi\/wp-json\/wp\/v2\/media?parent=662"}],"curies":[{"name":"wp","href":"https:\/\/api.w.org\/{rel}","templated":true}]}}