{"id":64,"date":"2014-09-18T12:39:08","date_gmt":"2014-09-18T12:39:08","guid":{"rendered":"http:\/\/agora.xtec.cat\/esc-maria-cubi\/?page_id=64"},"modified":"2019-03-11T20:48:55","modified_gmt":"2019-03-11T19:48:55","slug":"projecte-educatiu","status":"publish","type":"page","link":"https:\/\/agora.xtec.cat\/esc-maria-cubi\/projecte-educatiu\/","title":{"rendered":"Canal Youtube"},"content":{"rendered":"<p>Benvolgudes fam\u00edlies,<\/p>\n<p>Des d&#8217;aquest enlla\u00e7 podeu visualitzar el Canal Youtube de l&#8217;escola. La majoria de v\u00eddeos els tenim penjats a facebook i instagram per\u00f2 els v\u00eddeos de m\u00e9s de 1 minut \u00e9s publicaran per aquest canal.<\/p>\n<p>L&#8217;Escola<\/p>\n<p>&nbsp;<\/p>\n<h3 style=\"text-align: center;\"><strong><a href=\"https:\/\/www.youtube.com\/channel\/UCVwOVYN-I1aVtnRxwP8Up9Q?view_as=subscriber\">Canal Youtube Escola Mari\u00e0 Cub\u00ed i Soler<\/a><\/strong><\/h3>\n<p>&nbsp;<\/p>\n","protected":false},"excerpt":{"rendered":"<p>Benvolgudes fam\u00edlies,<br \/>\nDes d&#8217;aquest enlla\u00e7 podeu visualitzar el Canal Youtube de l&#8217;escola. La majoria de v\u00eddeos els tenim penjats a facebook i instagram per\u00f2 els v\u00eddeos de m\u00e9s de 1 minut \u00e9s publicaran per aquest canal.<br \/>\nL&#8217;Escola<br \/>\n&nbsp;<br \/>\n<a href=\"https:\/\/www.youtube.com\/channel\/UCVwOVYN-I1aVtnRxwP8Up9Q?view_as=subscriber\">Canal Youtube Escola Mari\u00e0 Cub\u00ed i Soler<\/a><br \/>\n&nbsp;<\/p>\n","protected":false},"author":2,"featured_media":0,"parent":0,"menu_order":0,"comment_status":"closed","ping_status":"closed","template":"page-templates\/side-menu.php","meta":{"_bbp_topic_count":0,"_bbp_reply_count":0,"_bbp_total_topic_count":0,"_bbp_total_reply_count":0,"_bbp_voice_count":0,"_bbp_anonymous_reply_count":0,"_bbp_topic_count_hidden":0,"_bbp_reply_count_hidden":0,"_bbp_forum_subforum_count":0,"footnotes":""},"class_list":["post-64","page","type-page","status-publish","hentry"],"post_mailing_queue_ids":[],"_links":{"self":[{"href":"https:\/\/agora.xtec.cat\/esc-maria-cubi\/wp-json\/wp\/v2\/pages\/64","targetHints":{"allow":["GET"]}}],"collection":[{"href":"https:\/\/agora.xtec.cat\/esc-maria-cubi\/wp-json\/wp\/v2\/pages"}],"about":[{"href":"https:\/\/agora.xtec.cat\/esc-maria-cubi\/wp-json\/wp\/v2\/types\/page"}],"author":[{"embeddable":true,"href":"https:\/\/agora.xtec.cat\/esc-maria-cubi\/wp-json\/wp\/v2\/users\/2"}],"replies":[{"embeddable":true,"href":"https:\/\/agora.xtec.cat\/esc-maria-cubi\/wp-json\/wp\/v2\/comments?post=64"}],"version-history":[{"count":3,"href":"https:\/\/agora.xtec.cat\/esc-maria-cubi\/wp-json\/wp\/v2\/pages\/64\/revisions"}],"predecessor-version":[{"id":702,"href":"https:\/\/agora.xtec.cat\/esc-maria-cubi\/wp-json\/wp\/v2\/pages\/64\/revisions\/702"}],"wp:attachment":[{"href":"https:\/\/agora.xtec.cat\/esc-maria-cubi\/wp-json\/wp\/v2\/media?parent=64"}],"curies":[{"name":"wp","href":"https:\/\/api.w.org\/{rel}","templated":true}]}}