{"id":347,"date":"2016-08-18T10:49:43","date_gmt":"2016-08-18T09:49:43","guid":{"rendered":"http:\/\/agora.xtec.cat\/esc-maria-cubi\/?page_id=347"},"modified":"2019-02-13T14:35:04","modified_gmt":"2019-02-13T13:35:04","slug":"muntatges-fotografics","status":"publish","type":"page","link":"https:\/\/agora.xtec.cat\/esc-maria-cubi\/muntatges-fotografics\/","title":{"rendered":"MUNTATGES FOTOGR\u00c0FICS"},"content":{"rendered":"<p>&nbsp;<\/p>\n<p><strong><u>INFORMACI\u00d3 IMPORTANT<\/u><\/strong><\/p>\n<p>Benvolguts pares, mares i alumnes:<\/p>\n<p>Totes les imatges i v\u00eddeos que teniu a les subcarpetes de &#8220;Muntatges fotogr\u00e0fics&#8221; i tots els seus continguts, <u>s\u00f3n<\/u> <u>propietat del l&#8217;ESCOLA MARI\u00c0 CUB\u00cd I SOLER de<\/u> <u>Malgrat de Mar, que n&#8217;ha obtingut l&#8217;autoritzaci\u00f3<\/u> <u>corresponent.<\/u><\/p>\n<p>Qualsevol difusi\u00f3 sense el consentiment expl\u00edcit de les persones interessades pot vulnerar el dret d\u2019imatge d\u2019aquestes i ser objecte de les accions civils i\/o penals corresponents, el qual est\u00e0 reconegut a l&#8217;article 18.1 de la Constituci\u00f3 i regulat per la \u00a0Llei org\u00e0nica 1\/1982 de 5 de maig, sobre el dret a l&#8217;honor, a la intimitat personal i familiar i a la pr\u00f2pia imatge.<\/p>\n<p>L&#8217;escola Mari\u00e0 Cub\u00ed i Soler, no es fa responsable de la difusi\u00f3 inapropiada d&#8217;aquestes imatges.Gr\u00e0cies per la vostra col\u00b7laboraci\u00f3.<\/p>\n<p>&nbsp;<\/p>\n<p>Escola Mari\u00e0 Cub\u00ed i Soler.<\/p>\n<p>&nbsp;<\/p>\n<p>&nbsp;<\/p>\n","protected":false},"excerpt":{"rendered":"<p>&nbsp;<br \/>\nINFORMACI\u00d3 IMPORTANT<br \/>\nBenvolguts pares, mares i alumnes:<br \/>\nTotes les imatges i v\u00eddeos que teniu a les subcarpetes de &#8220;Muntatges fotogr\u00e0fics&#8221; i tots els seus continguts, s\u00f3n propietat del l&#8217;ESCOLA MARI\u00c0 CUB\u00cd I SOLER de Malgrat de Mar, que n&#8217;ha obtingut l&#8217;autoritzaci\u00f3 corresponent.<br \/>\nQualsevol difusi\u00f3 sense el consentiment expl\u00edcit&hellip;  <a href=\"https:\/\/agora.xtec.cat\/esc-maria-cubi\/muntatges-fotografics\/\" title=\"Read MUNTATGES FOTOGR\u00c0FICS\">Llegeix m\u00e9s\u00bb<\/a><\/p>\n","protected":false},"author":1,"featured_media":0,"parent":0,"menu_order":0,"comment_status":"closed","ping_status":"closed","template":"page-templates\/side-menu.php","meta":{"_bbp_topic_count":0,"_bbp_reply_count":0,"_bbp_total_topic_count":0,"_bbp_total_reply_count":0,"_bbp_voice_count":0,"_bbp_anonymous_reply_count":0,"_bbp_topic_count_hidden":0,"_bbp_reply_count_hidden":0,"_bbp_forum_subforum_count":0,"footnotes":""},"class_list":["post-347","page","type-page","status-publish","hentry"],"post_mailing_queue_ids":[],"_links":{"self":[{"href":"https:\/\/agora.xtec.cat\/esc-maria-cubi\/wp-json\/wp\/v2\/pages\/347","targetHints":{"allow":["GET"]}}],"collection":[{"href":"https:\/\/agora.xtec.cat\/esc-maria-cubi\/wp-json\/wp\/v2\/pages"}],"about":[{"href":"https:\/\/agora.xtec.cat\/esc-maria-cubi\/wp-json\/wp\/v2\/types\/page"}],"author":[{"embeddable":true,"href":"https:\/\/agora.xtec.cat\/esc-maria-cubi\/wp-json\/wp\/v2\/users\/1"}],"replies":[{"embeddable":true,"href":"https:\/\/agora.xtec.cat\/esc-maria-cubi\/wp-json\/wp\/v2\/comments?post=347"}],"version-history":[{"count":3,"href":"https:\/\/agora.xtec.cat\/esc-maria-cubi\/wp-json\/wp\/v2\/pages\/347\/revisions"}],"predecessor-version":[{"id":682,"href":"https:\/\/agora.xtec.cat\/esc-maria-cubi\/wp-json\/wp\/v2\/pages\/347\/revisions\/682"}],"wp:attachment":[{"href":"https:\/\/agora.xtec.cat\/esc-maria-cubi\/wp-json\/wp\/v2\/media?parent=347"}],"curies":[{"name":"wp","href":"https:\/\/api.w.org\/{rel}","templated":true}]}}