{"id":26,"date":"2014-09-18T12:24:32","date_gmt":"2014-09-18T12:24:32","guid":{"rendered":"http:\/\/agora.xtec.cat\/esc-maria-cubi\/?page_id=26"},"modified":"2016-08-11T11:49:18","modified_gmt":"2016-08-11T10:49:18","slug":"historia","status":"publish","type":"page","link":"https:\/\/agora.xtec.cat\/esc-maria-cubi\/lescola\/historia\/","title":{"rendered":"Hist\u00f2ria"},"content":{"rendered":"<p><span style=\"font-family: Comic Sans MS; font-size: small;\">El seg\u00fcent text sobre la hist\u00f2ria del nostre centre el va escriure un antic mestre i director de l&#8217;escola, Antoni Faro, i es va publicar al programa de les festes de l&#8217;any 2002.<\/span><\/p>\n<p><span style=\"font-family: Comic Sans MS; font-size: small;\">De la nostra Escola Mari\u00e0 Cub\u00ed i Soler tamb\u00e9 se&#8217;n va dir &#8220;Grupo Escolar&#8221;, &#8220;Colegio Nacional&#8221; i &#8220;Col\u00b7legi P\u00fablic&#8221;, sempre amb el complement Mari\u00e0 Cub\u00ed i Soler. Com a an\u00e8cdota direm que els primers anys del seu funcionament va ser conegut en alguns sectors com &#8220;l&#8217;institut&#8221;.<\/span><\/p>\n<p align=\"left\"><span style=\"font-family: Comic Sans MS; font-size: small;\">Va ser constru\u00eft en temps de l&#8217;alcalde Miquel Vius\u00e0 i Ministral (1916-1985). En Joaquim Colom\u00e9 en el seu llibre &#8220;Els alcaldes de Malgrat&#8221; en diu &#8230; &#8220;sembla que una de les obres de la qual en va restar m\u00e9s satisfet fou la d&#8217;haver aconseguit construir el Grup Escolar dedicat a Mari\u00e0 Cub\u00ed i Soler&#8221;.<\/span><\/p>\n<p align=\"left\"><span style=\"font-family: Comic Sans MS; font-size: small;\">Es va aixecar en uns terrenys coneguts com la Vinya del Terrisser, propietat d&#8217;en Jaume Mass\u00f3 i Vila i que l&#8217;Ajuntament va adquirir amb aquesta finalitat. Aix\u00ed s&#8217;acomplia una part del que li demanava la Delegaci\u00f3n Provincial de Educaci\u00f3n y Ciencia, ja que havia fet la petici\u00f3 que se li comuniqu\u00e9s la ubicaci\u00f3 del nou Grup d&#8217;Educaci\u00f3 General B\u00e0sica. I tamb\u00e9 se&#8217;ls havia de notificar el nom que es proposava per a l&#8217;esmentat centre. Pels seus m\u00e8rits en el camp de l&#8217;ensenyament, a m\u00e9s de destacat fren\u00f2leg i en la seva condici\u00f3 d&#8217;il\u00b7lustre malgratenc i per honorar la seva mem\u00f2ria, l&#8217;Ajuntament va presentar el nom de Mari\u00e0 Cub\u00ed i Soler\u00a0 (28\/12\/1973).<\/span><\/p>\n<p align=\"left\"><span style=\"font-family: Comic Sans MS; font-size: small;\">Es va veure necessari el funcionament de l&#8217;esmentat centre, perqu\u00e8 malgrat la inauguraci\u00f3 de les quatre aules del carrer de Badalona i que eren una ampliaci\u00f3 del col\u00b7legi Verge de Montserrat&#8230; [actualment Escola Mare de D\u00e9u de Montserrat], la vila tenia un d\u00e8ficit de places escolars en relaci\u00f3 amb el nombre d&#8217;infants en edat escolar. Malgrat de Mar s&#8217;inclogu\u00e9 dins el programa engegat pel Ministeri d&#8217;Educaci\u00f3 per tal de pal\u00b7liar aquest problema amb la construcci\u00f3 d&#8217;un nou centre escolar.<\/span><\/p>\n<p align=\"left\"><span style=\"font-family: Comic Sans MS; font-size: small;\">Tot i que el col\u00b7legi s&#8217;havia d&#8217;haver inaugurat a comen\u00e7aments del curs 1974-1975, hi hagu\u00e9 problemes per a la recepci\u00f3 de l&#8217;obra i el material, aix\u00ed com per a cobrir la plantilla dels mestres. No obstant aix\u00f2, el col\u00b7legi com a entitat administrativa, comen\u00e7a a funcionar, encara que els alumnes hagueren d&#8217;iniciar el curs a les depend\u00e8ncies del Col\u00b7legi Verge de Montserrat.<\/span><\/p>\n<p align=\"left\"><span style=\"font-family: Comic Sans MS; font-size: small;\">Fins el 28 de novembre de 1974 no es van lliurar, de forma provisional, les obres. Es va rebre l&#8217;ordre d&#8217;ocupar el centre, per\u00f2 abans encara s&#8217;havien de corregir algunes defici\u00e8ncies en els serveis de l&#8217;aigua (un dip\u00f2sit per a reserva d&#8217;aig\u00fces potables a m\u00e9s dels dip\u00f2sits de distribuci\u00f3), desguassos (conduccions d&#8217;aig\u00fces residuals i construccions de fosses s\u00e8ptiques) i enllumenat.<\/span><\/p>\n<p align=\"left\"><span style=\"font-family: Comic Sans MS; font-size: small;\">Per\u00f2 no ser\u00e0 fins el 24 de gener de 1975 quan el Ministeri donar\u00e0 autoritzaci\u00f3 per a la posada en funcionament del Centre Escolar Mari\u00e0 Cub\u00ed, que aix\u00ed inici\u00e0 el seu caminar en la hist\u00f2ria de l&#8217;ensenyament malgratenc. (Cf.: &#8220;Malgrat de Mar &#8211; Cr\u00f2nica d&#8217;un segle&#8221; pp. 244, 260, 261).<\/span><\/p>\n<p align=\"left\"><span style=\"font-family: Comic Sans MS; font-size: small;\">En comen\u00e7ar el curs 1976-1977, es va poder completar la plantilla i el curs seg\u00fcent, aquesta ja estava formada gaireb\u00e9 tota per mestres propietaris.<\/span><\/p>\n<p align=\"left\"><span style=\"font-family: Comic Sans MS; font-size: small;\">El cam\u00ed que va fer el parvulari no va ser paral\u00b7lel al de l&#8217;EGB. En aquest temps, els alumnes del col\u00b7legi Verge de Montserrat que ocupaven les aules del carrer de Badalona, van passar a l&#8217;edifici del carrer de les Escoles i aquelles es van convertir en el parvulari del Mari\u00e0 Cub\u00ed. El col\u00b7legi tenia 20 unitats en funcionament, 16 d&#8217;EGB i 4 de pre-escolar. Anys m\u00e9s tard, quan va comen\u00e7ar la davallada de la natalitat, es van habilitar dues de les aules d&#8217;EGB, alguns serveis i un espai al pati espec\u00edfic per al parvulari, i aix\u00ed es van ajuntar totes les aules al carrer Pirineus, on continuen.<\/span><\/p>\n<p align=\"left\"><span style=\"font-family: Comic Sans MS; font-size: small;\">L&#8217;escola es va trobar en un creixement continuo els anys posteriors. La poblaci\u00f3 del Maresme Nord va augmentar de manera considerable degut a l&#8217;immigraci\u00f3 i als moviments dels habitants de la zona metropolitana de Barcelona cap a la nostra comarca. Les places escolars ofertades per les escoles del centre del poble s&#8217;ocuparen r\u00e0pidament. Es va iniciar un proc\u00e9s de reformes de l&#8217;edifici que durar\u00e0 alguns cursos i que convertiran al CEIP Mari\u00e0 Cub\u00ed un altre cop en una escola de doble l\u00ednia. A l&#8217;estiu del 2003 es van reformar les aules d&#8217;Educaci\u00f3 Infantil. L&#8217;estiu del 2004 es va acabar de reformar la zona d&#8217;Educaci\u00f3 Infantil, es van fer obres a un aula de Prim\u00e0ria, es van posar finestres i portes d&#8217;alumini en algunes zones. Les reformes van continuar&#8230;.<br \/>\n<\/span><\/p>\n<p align=\"left\"><span style=\"font-family: Comic Sans MS; font-size: small;\">Actualment \u00e9s una escola moderna&#8230;<\/span><\/p>\n","protected":false},"excerpt":{"rendered":"<p>El seg\u00fcent text sobre la hist\u00f2ria del nostre centre el va escriure un antic mestre i director de l&#8217;escola, Antoni Faro, i es va publicar al programa de les festes de l&#8217;any 2002.<br \/>\nDe la nostra Escola Mari\u00e0 Cub\u00ed i Soler tamb\u00e9 se&#8217;n va dir &#8220;Grupo&hellip;  <a href=\"https:\/\/agora.xtec.cat\/esc-maria-cubi\/lescola\/historia\/\" title=\"Read Hist\u00f2ria\">Llegeix m\u00e9s\u00bb<\/a><\/p>\n","protected":false},"author":2,"featured_media":0,"parent":22,"menu_order":20,"comment_status":"closed","ping_status":"closed","template":"page-templates\/side-menu.php","meta":{"_bbp_topic_count":0,"_bbp_reply_count":0,"_bbp_total_topic_count":0,"_bbp_total_reply_count":0,"_bbp_voice_count":0,"_bbp_anonymous_reply_count":0,"_bbp_topic_count_hidden":0,"_bbp_reply_count_hidden":0,"_bbp_forum_subforum_count":0,"footnotes":""},"class_list":["post-26","page","type-page","status-publish","hentry"],"post_mailing_queue_ids":[],"_links":{"self":[{"href":"https:\/\/agora.xtec.cat\/esc-maria-cubi\/wp-json\/wp\/v2\/pages\/26","targetHints":{"allow":["GET"]}}],"collection":[{"href":"https:\/\/agora.xtec.cat\/esc-maria-cubi\/wp-json\/wp\/v2\/pages"}],"about":[{"href":"https:\/\/agora.xtec.cat\/esc-maria-cubi\/wp-json\/wp\/v2\/types\/page"}],"author":[{"embeddable":true,"href":"https:\/\/agora.xtec.cat\/esc-maria-cubi\/wp-json\/wp\/v2\/users\/2"}],"replies":[{"embeddable":true,"href":"https:\/\/agora.xtec.cat\/esc-maria-cubi\/wp-json\/wp\/v2\/comments?post=26"}],"version-history":[{"count":4,"href":"https:\/\/agora.xtec.cat\/esc-maria-cubi\/wp-json\/wp\/v2\/pages\/26\/revisions"}],"predecessor-version":[{"id":322,"href":"https:\/\/agora.xtec.cat\/esc-maria-cubi\/wp-json\/wp\/v2\/pages\/26\/revisions\/322"}],"up":[{"embeddable":true,"href":"https:\/\/agora.xtec.cat\/esc-maria-cubi\/wp-json\/wp\/v2\/pages\/22"}],"wp:attachment":[{"href":"https:\/\/agora.xtec.cat\/esc-maria-cubi\/wp-json\/wp\/v2\/media?parent=26"}],"curies":[{"name":"wp","href":"https:\/\/api.w.org\/{rel}","templated":true}]}}