{"id":2266,"date":"2023-09-12T09:27:45","date_gmt":"2023-09-12T07:27:45","guid":{"rendered":"https:\/\/agora.xtec.cat\/esc-maria-cubi\/?page_id=2266"},"modified":"2023-09-12T09:27:45","modified_gmt":"2023-09-12T07:27:45","slug":"nofc-bloc-iii","status":"publish","type":"page","link":"https:\/\/agora.xtec.cat\/esc-maria-cubi\/nofc-bloc-iii\/","title":{"rendered":"NOFC BLOC III"},"content":{"rendered":"<p>Les Normes d\u2019Organitzaci\u00f3 i Funcionament de Centre (NOFC) formen part del Projecte Educatiu de l\u2019escola (PEC).<\/p>\n<p><strong>El bloc III <\/strong>d&#8217;aquest document fa refer\u00e8ncia a les normes de conviv\u00e8ncia i concreta l&#8217;organitzaci\u00f3 i gesti\u00f3 interna de centre.<\/p>\n<p>&nbsp;<\/p>\n<h2 style=\"text-align: center;\"><strong><a href=\"https:\/\/drive.google.com\/file\/d\/1Ag21MQTO9VWO0TkcKIyPwZTnFY5XjMVL\/view?usp=sharing\">NOFC Bloc III<\/a><\/strong><\/h2>\n","protected":false},"excerpt":{"rendered":"<p>Les Normes d\u2019Organitzaci\u00f3 i Funcionament de Centre (NOFC) formen part del Projecte Educatiu de l\u2019escola (PEC).<br \/>\nEl bloc III d&#8217;aquest document fa refer\u00e8ncia a les normes de conviv\u00e8ncia i concreta l&#8217;organitzaci\u00f3 i gesti\u00f3 interna de centre.<br \/>\n&nbsp;<br \/>\n<a href=\"https:\/\/drive.google.com\/file\/d\/1Ag21MQTO9VWO0TkcKIyPwZTnFY5XjMVL\/view?usp=sharing\">NOFC Bloc III<\/a><\/p>\n","protected":false},"author":1,"featured_media":0,"parent":0,"menu_order":0,"comment_status":"closed","ping_status":"closed","template":"","meta":{"_bbp_topic_count":0,"_bbp_reply_count":0,"_bbp_total_topic_count":0,"_bbp_total_reply_count":0,"_bbp_voice_count":0,"_bbp_anonymous_reply_count":0,"_bbp_topic_count_hidden":0,"_bbp_reply_count_hidden":0,"_bbp_forum_subforum_count":0,"footnotes":""},"class_list":["post-2266","page","type-page","status-publish","hentry"],"post_mailing_queue_ids":[],"_links":{"self":[{"href":"https:\/\/agora.xtec.cat\/esc-maria-cubi\/wp-json\/wp\/v2\/pages\/2266","targetHints":{"allow":["GET"]}}],"collection":[{"href":"https:\/\/agora.xtec.cat\/esc-maria-cubi\/wp-json\/wp\/v2\/pages"}],"about":[{"href":"https:\/\/agora.xtec.cat\/esc-maria-cubi\/wp-json\/wp\/v2\/types\/page"}],"author":[{"embeddable":true,"href":"https:\/\/agora.xtec.cat\/esc-maria-cubi\/wp-json\/wp\/v2\/users\/1"}],"replies":[{"embeddable":true,"href":"https:\/\/agora.xtec.cat\/esc-maria-cubi\/wp-json\/wp\/v2\/comments?post=2266"}],"version-history":[{"count":1,"href":"https:\/\/agora.xtec.cat\/esc-maria-cubi\/wp-json\/wp\/v2\/pages\/2266\/revisions"}],"predecessor-version":[{"id":2267,"href":"https:\/\/agora.xtec.cat\/esc-maria-cubi\/wp-json\/wp\/v2\/pages\/2266\/revisions\/2267"}],"wp:attachment":[{"href":"https:\/\/agora.xtec.cat\/esc-maria-cubi\/wp-json\/wp\/v2\/media?parent=2266"}],"curies":[{"name":"wp","href":"https:\/\/api.w.org\/{rel}","templated":true}]}}