{"id":1805,"date":"2022-03-02T08:10:47","date_gmt":"2022-03-02T07:10:47","guid":{"rendered":"https:\/\/agora.xtec.cat\/esc-maria-cubi\/?page_id=1805"},"modified":"2026-03-04T09:41:51","modified_gmt":"2026-03-04T08:41:51","slug":"infoescola_butlleti-especial-preinscripcions-2022-2023","status":"publish","type":"page","link":"https:\/\/agora.xtec.cat\/esc-maria-cubi\/infoescola_butlleti-especial-preinscripcions-2022-2023\/","title":{"rendered":"PREINSCRIPCIONS 2026-2027"},"content":{"rendered":"<h2 id=\"preinscripcio-infantil-primaria\" class=\"wp-block-heading\">Preinscripci\u00f3 2026-2027: educaci\u00f3 infantil i prim\u00e0ria<\/h2>\n<p><a href=\"https:\/\/agora.xtec.cat\/esc-maria-cubi\/wp-content\/uploads\/usu1279\/2026\/03\/DADES-PREINSCRIPCIO.jpg\"><img loading=\"lazy\" decoding=\"async\" class=\"aligncenter size-full wp-image-2680\" src=\"https:\/\/agora.xtec.cat\/esc-maria-cubi\/wp-content\/uploads\/usu1279\/2026\/03\/DADES-PREINSCRIPCIO.jpg\" alt=\"\" width=\"612\" height=\"829\" srcset=\"https:\/\/agora.xtec.cat\/esc-maria-cubi\/wp-content\/uploads\/usu1279\/2026\/03\/DADES-PREINSCRIPCIO.jpg 612w, https:\/\/agora.xtec.cat\/esc-maria-cubi\/wp-content\/uploads\/usu1279\/2026\/03\/DADES-PREINSCRIPCIO-221x300.jpg 221w\" sizes=\"auto, (max-width: 612px) 100vw, 612px\" \/><\/a><\/p>\n<p>&nbsp;<\/p>\n","protected":false},"excerpt":{"rendered":"<p>Preinscripci\u00f3 2026-2027: educaci\u00f3 infantil i prim\u00e0ria<br \/>\n<a href=\"https:\/\/agora.xtec.cat\/esc-maria-cubi\/wp-content\/uploads\/usu1279\/2026\/03\/DADES-PREINSCRIPCIO.jpg\"><\/a><br \/>\n&nbsp;<\/p>\n","protected":false},"author":1,"featured_media":0,"parent":0,"menu_order":0,"comment_status":"closed","ping_status":"closed","template":"","meta":{"_bbp_topic_count":0,"_bbp_reply_count":0,"_bbp_total_topic_count":0,"_bbp_total_reply_count":0,"_bbp_voice_count":0,"_bbp_anonymous_reply_count":0,"_bbp_topic_count_hidden":0,"_bbp_reply_count_hidden":0,"_bbp_forum_subforum_count":0,"footnotes":""},"class_list":["post-1805","page","type-page","status-publish","hentry"],"post_mailing_queue_ids":[],"_links":{"self":[{"href":"https:\/\/agora.xtec.cat\/esc-maria-cubi\/wp-json\/wp\/v2\/pages\/1805","targetHints":{"allow":["GET"]}}],"collection":[{"href":"https:\/\/agora.xtec.cat\/esc-maria-cubi\/wp-json\/wp\/v2\/pages"}],"about":[{"href":"https:\/\/agora.xtec.cat\/esc-maria-cubi\/wp-json\/wp\/v2\/types\/page"}],"author":[{"embeddable":true,"href":"https:\/\/agora.xtec.cat\/esc-maria-cubi\/wp-json\/wp\/v2\/users\/1"}],"replies":[{"embeddable":true,"href":"https:\/\/agora.xtec.cat\/esc-maria-cubi\/wp-json\/wp\/v2\/comments?post=1805"}],"version-history":[{"count":7,"href":"https:\/\/agora.xtec.cat\/esc-maria-cubi\/wp-json\/wp\/v2\/pages\/1805\/revisions"}],"predecessor-version":[{"id":2681,"href":"https:\/\/agora.xtec.cat\/esc-maria-cubi\/wp-json\/wp\/v2\/pages\/1805\/revisions\/2681"}],"wp:attachment":[{"href":"https:\/\/agora.xtec.cat\/esc-maria-cubi\/wp-json\/wp\/v2\/media?parent=1805"}],"curies":[{"name":"wp","href":"https:\/\/api.w.org\/{rel}","templated":true}]}}