{"id":1777,"date":"2022-02-07T11:39:34","date_gmt":"2022-02-07T10:39:34","guid":{"rendered":"https:\/\/agora.xtec.cat\/esc-maria-cubi\/?page_id=1777"},"modified":"2025-10-30T18:54:22","modified_gmt":"2025-10-30T17:54:22","slug":"programacio-anual-de-centre-curs-2021-2022","status":"publish","type":"page","link":"https:\/\/agora.xtec.cat\/esc-maria-cubi\/programacio-anual-de-centre-curs-2021-2022\/","title":{"rendered":"Programaci\u00f3 Anual de Centre curs 2025-2026"},"content":{"rendered":"<p>La Programaci\u00f3 General Anual (PGAC) \u00e9s el document que concreta, a partir del Projecte Educatiu de Centre i del Projecte de Direcci\u00f3, les actuacions concretes per a cada curs, basant-se en les quatre l\u00ednies de millora del centre:<\/p>\n<ul>\n<li>Millora dels resultats educatius.<\/li>\n<li>Promoure la compet\u00e8ncia digital de centre, professorat i alumnat.<\/li>\n<li>Fomentar un bon clima de conviv\u00e8ncia, cohesi\u00f3 social i comunicaci\u00f3.<\/li>\n<li>Millora de l\u2019organitzaci\u00f3 interna del centre.<\/li>\n<\/ul>\n<p>Cadascun dels objectius estan definits amb les actuacions, desenvolupament i indicadors d\u2019avaluaci\u00f3.<\/p>\n<p>La PGAC \u00e9s valorada al final de cada curs\u00a0 pels diferents agents de l\u2019escola, creant la Mem\u00f2ria del curs, on es recullen les actuacions fetes i pendents, a partir dels indicadors d\u2019avaluaci\u00f3 previstos a principi de curs.<\/p>\n<p>&nbsp;<\/p>\n<h2 style=\"text-align: center;\"><a href=\"https:\/\/drive.google.com\/file\/d\/1Ta7oolp4ulMrfGdyW8v266JNBkUqoZQY\/view?usp=sharing\" target=\"_blank\" rel=\"noopener\">Programaci\u00f3 Anual de Centre curs 2025-2026<\/a><\/h2>\n<h2 style=\"text-align: center;\"><\/h2>\n<p>&nbsp;<\/p>\n<p>&nbsp;<\/p>\n","protected":false},"excerpt":{"rendered":"<p>La Programaci\u00f3 General Anual (PGAC) \u00e9s el document que concreta, a partir del Projecte Educatiu de Centre i del Projecte de Direcci\u00f3, les actuacions concretes per a cada curs, basant-se en les quatre l\u00ednies de millora del centre:<\/p>\n<ul>\n<li>Millora dels resultats educatius.<\/li>\n<li>Promoure la compet\u00e8ncia digital de&hellip;  <a href=\"https:\/\/agora.xtec.cat\/esc-maria-cubi\/programacio-anual-de-centre-curs-2021-2022\/\" title=\"Read Programaci\u00f3 Anual de Centre curs 2025-2026\">Llegeix m\u00e9s\u00bb<\/a><br \/>\n","protected":false},"author":1,"featured_media":0,"parent":0,"menu_order":0,"comment_status":"closed","ping_status":"closed","template":"","meta":{"_bbp_topic_count":0,"_bbp_reply_count":0,"_bbp_total_topic_count":0,"_bbp_total_reply_count":0,"_bbp_voice_count":0,"_bbp_anonymous_reply_count":0,"_bbp_topic_count_hidden":0,"_bbp_reply_count_hidden":0,"_bbp_forum_subforum_count":0,"footnotes":""},"class_list":["post-1777","page","type-page","status-publish","hentry"],"post_mailing_queue_ids":[],"_links":{"self":[{"href":"https:\/\/agora.xtec.cat\/esc-maria-cubi\/wp-json\/wp\/v2\/pages\/1777","targetHints":{"allow":["GET"]}}],"collection":[{"href":"https:\/\/agora.xtec.cat\/esc-maria-cubi\/wp-json\/wp\/v2\/pages"}],"about":[{"href":"https:\/\/agora.xtec.cat\/esc-maria-cubi\/wp-json\/wp\/v2\/types\/page"}],"author":[{"embeddable":true,"href":"https:\/\/agora.xtec.cat\/esc-maria-cubi\/wp-json\/wp\/v2\/users\/1"}],"replies":[{"embeddable":true,"href":"https:\/\/agora.xtec.cat\/esc-maria-cubi\/wp-json\/wp\/v2\/comments?post=1777"}],"version-history":[{"count":6,"href":"https:\/\/agora.xtec.cat\/esc-maria-cubi\/wp-json\/wp\/v2\/pages\/1777\/revisions"}],"predecessor-version":[{"id":2639,"href":"https:\/\/agora.xtec.cat\/esc-maria-cubi\/wp-json\/wp\/v2\/pages\/1777\/revisions\/2639"}],"wp:attachment":[{"href":"https:\/\/agora.xtec.cat\/esc-maria-cubi\/wp-json\/wp\/v2\/media?parent=1777"}],"curies":[{"name":"wp","href":"https:\/\/api.w.org\/{rel}","templated":true}]}}