{"id":1544,"date":"2021-09-22T19:16:35","date_gmt":"2021-09-22T17:16:35","guid":{"rendered":"https:\/\/agora.xtec.cat\/esc-maria-cubi\/?page_id=1544"},"modified":"2024-03-05T12:42:58","modified_gmt":"2024-03-05T11:42:58","slug":"documents-descola","status":"publish","type":"page","link":"https:\/\/agora.xtec.cat\/esc-maria-cubi\/documents-descola\/","title":{"rendered":"Documents d&#8217;escola"},"content":{"rendered":"<p style=\"text-align: left;\"><a href=\"https:\/\/docs.google.com\/document\/d\/1YjJI7a8BYR6HvKAWsQNFovBgwvkOH7nO\/edit?usp=sharing&amp;ouid=117924931193362754109&amp;rtpof=true&amp;sd=true\" target=\"_blank\" rel=\"noopener\">AUTORITZACI\u00d3 RECOLLIDA DE NENS (EI3 a 2n prim\u00e0ria)<\/a><\/p>\n<p style=\"text-align: left;\"><a href=\"https:\/\/drive.google.com\/file\/d\/1x0AT4_OdEM6yS8u904JWoMItNK3LNSpw\/view?usp=sharing\" target=\"_blank\" rel=\"noopener\">AUTORITZACI\u00d3 DE MEDICAMENTS. Aquesta autoritzaci\u00f3 ha d&#8217;anar acompanyada sempre de l&#8217;informe m\u00e8dic pertinent.<\/a><\/p>\n<p style=\"text-align: left;\"><a href=\"https:\/\/docs.google.com\/document\/d\/1Y2KTMi73SPjUtBQZ-J7T0OgN2b_CXB1j\/edit?usp=sharing&amp;ouid=117924931193362754109&amp;rtpof=true&amp;sd=true\" target=\"_blank\" rel=\"noopener\">FULL DE SALUT<\/a><\/p>\n<p><a href=\"https:\/\/drive.google.com\/file\/d\/1UnzomplM_jdqK-48muT69z3rb1AfHCjK\/view?usp=sharing\" target=\"_blank\" rel=\"noopener\">APP DE CENTRE<\/a><\/p>\n<p><a href=\"https:\/\/drive.google.com\/file\/d\/1cGUMIBt7o_QKywfnAu-8XYwdfpvHP8s0\/view?usp=sharing\" target=\"_blank\" rel=\"noopener\">CORREU ELECTR\u00d2NIC_EINA MEET<\/a><\/p>\n<p><a href=\"https:\/\/drive.google.com\/file\/d\/1FzFcIbG2wdfCLjtbnFSWTQqwrSffa2Vt\/view?usp=sharing\" target=\"_blank\" rel=\"noopener\">NORMES D&#8217;EDUCACI\u00d3 F\u00cdSICA<\/a><\/p>\n<p>&nbsp;<\/p>\n","protected":false},"excerpt":{"rendered":"<p><a href=\"https:\/\/docs.google.com\/document\/d\/1YjJI7a8BYR6HvKAWsQNFovBgwvkOH7nO\/edit?usp=sharing&amp;ouid=117924931193362754109&amp;rtpof=true&amp;sd=true\" target=\"_blank\" rel=\"noopener\">AUTORITZACI\u00d3 RECOLLIDA DE NENS (EI3 a 2n prim\u00e0ria)<\/a><br \/>\n<a href=\"https:\/\/drive.google.com\/file\/d\/1x0AT4_OdEM6yS8u904JWoMItNK3LNSpw\/view?usp=sharing\" target=\"_blank\" rel=\"noopener\">AUTORITZACI\u00d3 DE MEDICAMENTS. Aquesta autoritzaci\u00f3 ha d&#8217;anar acompanyada sempre de l&#8217;informe m\u00e8dic pertinent.<\/a><br \/>\n<a href=\"https:\/\/docs.google.com\/document\/d\/1Y2KTMi73SPjUtBQZ-J7T0OgN2b_CXB1j\/edit?usp=sharing&amp;ouid=117924931193362754109&amp;rtpof=true&amp;sd=true\" target=\"_blank\" rel=\"noopener\">FULL DE SALUT<\/a><br \/>\n<a href=\"https:\/\/drive.google.com\/file\/d\/1UnzomplM_jdqK-48muT69z3rb1AfHCjK\/view?usp=sharing\" target=\"_blank\" rel=\"noopener\">APP DE CENTRE<\/a><br \/>\n<a href=\"https:\/\/drive.google.com\/file\/d\/1cGUMIBt7o_QKywfnAu-8XYwdfpvHP8s0\/view?usp=sharing\" target=\"_blank\" rel=\"noopener\">CORREU ELECTR\u00d2NIC_EINA MEET<\/a><br \/>\n<a href=\"https:\/\/drive.google.com\/file\/d\/1FzFcIbG2wdfCLjtbnFSWTQqwrSffa2Vt\/view?usp=sharing\" target=\"_blank\" rel=\"noopener\">NORMES D&#8217;EDUCACI\u00d3&hellip;  <a href=\"https:\/\/agora.xtec.cat\/esc-maria-cubi\/documents-descola\/\" title=\"Read Documents d&#8217;escola\">Llegeix m\u00e9s\u00bb<\/a><\/p>\n","protected":false},"author":1,"featured_media":0,"parent":0,"menu_order":0,"comment_status":"closed","ping_status":"closed","template":"","meta":{"_bbp_topic_count":0,"_bbp_reply_count":0,"_bbp_total_topic_count":0,"_bbp_total_reply_count":0,"_bbp_voice_count":0,"_bbp_anonymous_reply_count":0,"_bbp_topic_count_hidden":0,"_bbp_reply_count_hidden":0,"_bbp_forum_subforum_count":0,"footnotes":""},"class_list":["post-1544","page","type-page","status-publish","hentry"],"post_mailing_queue_ids":[],"_links":{"self":[{"href":"https:\/\/agora.xtec.cat\/esc-maria-cubi\/wp-json\/wp\/v2\/pages\/1544","targetHints":{"allow":["GET"]}}],"collection":[{"href":"https:\/\/agora.xtec.cat\/esc-maria-cubi\/wp-json\/wp\/v2\/pages"}],"about":[{"href":"https:\/\/agora.xtec.cat\/esc-maria-cubi\/wp-json\/wp\/v2\/types\/page"}],"author":[{"embeddable":true,"href":"https:\/\/agora.xtec.cat\/esc-maria-cubi\/wp-json\/wp\/v2\/users\/1"}],"replies":[{"embeddable":true,"href":"https:\/\/agora.xtec.cat\/esc-maria-cubi\/wp-json\/wp\/v2\/comments?post=1544"}],"version-history":[{"count":3,"href":"https:\/\/agora.xtec.cat\/esc-maria-cubi\/wp-json\/wp\/v2\/pages\/1544\/revisions"}],"predecessor-version":[{"id":2355,"href":"https:\/\/agora.xtec.cat\/esc-maria-cubi\/wp-json\/wp\/v2\/pages\/1544\/revisions\/2355"}],"wp:attachment":[{"href":"https:\/\/agora.xtec.cat\/esc-maria-cubi\/wp-json\/wp\/v2\/media?parent=1544"}],"curies":[{"name":"wp","href":"https:\/\/api.w.org\/{rel}","templated":true}]}}