{"id":1203,"date":"2020-09-10T20:11:33","date_gmt":"2020-09-10T18:11:33","guid":{"rendered":"http:\/\/agora.xtec.cat\/esc-maria-cubi\/?page_id=1203"},"modified":"2025-10-30T19:00:19","modified_gmt":"2025-10-30T18:00:19","slug":"pla-dactuacio-pel-curs-2020-2021","status":"publish","type":"page","link":"https:\/\/agora.xtec.cat\/esc-maria-cubi\/pla-dactuacio-pel-curs-2020-2021\/","title":{"rendered":"Mem\u00f2ria 2024-2024"},"content":{"rendered":"<p>Benvolgudes fam\u00edlies,<\/p>\n<p>La mem\u00f2ria anual de centre es genera a partir de l&#8217;avaluaci\u00f3 del l&#8217;assoliment dels objectius previstos en la programaci\u00f3 general anual de centre, d&#8217;acord amb els criteris, els indicadors i els procediments d&#8217;avaluaci\u00f3 concretats en el projecte de direcci\u00f3.<\/p>\n<p>Seguint instruccions del document d&#8217;organitzaci\u00f3 i gesti\u00f3 de centre, aquest document el tenim disponible en format paper a la Direcci\u00f3 del centre.<\/p>\n<h2 style=\"text-align: center;\"><a href=\"https:\/\/drive.google.com\/file\/d\/1YliNVnmScuVjaV7r2z-xjfGdDwXxIHEi\/view?usp=sharing\" target=\"_blank\" rel=\"noopener noreferrer\">MEM\u00d2RIA 2024-2025<\/a><\/h2>\n<p>&nbsp;<\/p>\n<h3 style=\"text-align: center;\"><\/h3>\n<p>&nbsp;<\/p>\n<h3 style=\"text-align: center;\"><\/h3>\n<p>&nbsp;<\/p>\n<h3 style=\"text-align: center;\"><\/h3>\n<p>&nbsp;<\/p>\n<p>&nbsp;<\/p>\n<p>&nbsp;<\/p>\n","protected":false},"excerpt":{"rendered":"<p>Benvolgudes fam\u00edlies,<br \/>\nLa mem\u00f2ria anual de centre es genera a partir de l&#8217;avaluaci\u00f3 del l&#8217;assoliment dels objectius previstos en la programaci\u00f3 general anual de centre, d&#8217;acord amb els criteris, els indicadors i els procediments d&#8217;avaluaci\u00f3 concretats en el projecte de direcci\u00f3.<br \/>\nSeguint instruccions del document d&#8217;organitzaci\u00f3 i&hellip;  <a href=\"https:\/\/agora.xtec.cat\/esc-maria-cubi\/pla-dactuacio-pel-curs-2020-2021\/\" title=\"Read Mem\u00f2ria 2024-2024\">Llegeix m\u00e9s\u00bb<\/a><\/p>\n","protected":false},"author":1,"featured_media":0,"parent":0,"menu_order":0,"comment_status":"closed","ping_status":"closed","template":"","meta":{"_bbp_topic_count":0,"_bbp_reply_count":0,"_bbp_total_topic_count":0,"_bbp_total_reply_count":0,"_bbp_voice_count":0,"_bbp_anonymous_reply_count":0,"_bbp_topic_count_hidden":0,"_bbp_reply_count_hidden":0,"_bbp_forum_subforum_count":0,"footnotes":""},"class_list":["post-1203","page","type-page","status-publish","hentry"],"post_mailing_queue_ids":[],"_links":{"self":[{"href":"https:\/\/agora.xtec.cat\/esc-maria-cubi\/wp-json\/wp\/v2\/pages\/1203","targetHints":{"allow":["GET"]}}],"collection":[{"href":"https:\/\/agora.xtec.cat\/esc-maria-cubi\/wp-json\/wp\/v2\/pages"}],"about":[{"href":"https:\/\/agora.xtec.cat\/esc-maria-cubi\/wp-json\/wp\/v2\/types\/page"}],"author":[{"embeddable":true,"href":"https:\/\/agora.xtec.cat\/esc-maria-cubi\/wp-json\/wp\/v2\/users\/1"}],"replies":[{"embeddable":true,"href":"https:\/\/agora.xtec.cat\/esc-maria-cubi\/wp-json\/wp\/v2\/comments?post=1203"}],"version-history":[{"count":7,"href":"https:\/\/agora.xtec.cat\/esc-maria-cubi\/wp-json\/wp\/v2\/pages\/1203\/revisions"}],"predecessor-version":[{"id":2640,"href":"https:\/\/agora.xtec.cat\/esc-maria-cubi\/wp-json\/wp\/v2\/pages\/1203\/revisions\/2640"}],"wp:attachment":[{"href":"https:\/\/agora.xtec.cat\/esc-maria-cubi\/wp-json\/wp\/v2\/media?parent=1203"}],"curies":[{"name":"wp","href":"https:\/\/api.w.org\/{rel}","templated":true}]}}