{"id":598,"date":"2017-01-27T12:27:52","date_gmt":"2017-01-27T11:27:52","guid":{"rendered":"http:\/\/agora.xtec.cat\/esc-maragallripoll\/?page_id=598"},"modified":"2026-02-05T11:59:44","modified_gmt":"2026-02-05T10:59:44","slug":"claustre","status":"publish","type":"page","link":"https:\/\/agora.xtec.cat\/esc-maragallripoll\/lescola\/claustre\/","title":{"rendered":"Claustre"},"content":{"rendered":"<h3 style=\"text-align: left;\"><span style=\"color: #0000ff;\"><strong>EQUIP DE MESTRES &#8211; CURS 2025\/<\/strong><\/span><span style=\"color: #0000ff;\"><strong>26<\/strong><\/span><\/h3>\n<p><a href=\"https:\/\/agora.xtec.cat\/esc-maragallripoll\/wp-content\/uploads\/usu1419\/2025\/09\/orla-escola-3-2.png\"><img loading=\"lazy\" decoding=\"async\" class=\"alignnone size-large wp-image-9621\" src=\"https:\/\/agora.xtec.cat\/esc-maragallripoll\/wp-content\/uploads\/usu1419\/2025\/09\/orla-escola-3-2-1024x724.png\" alt=\"\" width=\"1024\" height=\"724\" srcset=\"https:\/\/agora.xtec.cat\/esc-maragallripoll\/wp-content\/uploads\/usu1419\/2025\/09\/orla-escola-3-2-1024x724.png 1024w, https:\/\/agora.xtec.cat\/esc-maragallripoll\/wp-content\/uploads\/usu1419\/2025\/09\/orla-escola-3-2-300x212.png 300w, https:\/\/agora.xtec.cat\/esc-maragallripoll\/wp-content\/uploads\/usu1419\/2025\/09\/orla-escola-3-2-768x543.png 768w, https:\/\/agora.xtec.cat\/esc-maragallripoll\/wp-content\/uploads\/usu1419\/2025\/09\/orla-escola-3-2-1536x1086.png 1536w, https:\/\/agora.xtec.cat\/esc-maragallripoll\/wp-content\/uploads\/usu1419\/2025\/09\/orla-escola-3-2.png 2000w\" sizes=\"auto, (max-width: 1024px) 100vw, 1024px\" \/><\/a><\/p>\n<p><span style=\"color: #0000ff;\"><strong>EQUIP DIRECTIU:<\/strong><\/span><\/p>\n<p><strong>DIRECTORA:<\/strong> Lali Ventura<\/p>\n<p><strong>CAP D&#8217;ESTUDIS:<\/strong> Cristina Tarr\u00e9<\/p>\n<p><strong>SECRET\u00c0RIA:<\/strong> Maria Guillaumes<\/p>\n<p><strong><span style=\"color: #0000ff;\">EDUCACI\u00d3 INFANTIL:<\/span><\/strong><\/p>\n<p><strong>I3:<\/strong> N\u00faria Fern\u00e1ndez<\/p>\n<p><strong>I4: <\/strong>Montse Banaset<\/p>\n<p><strong>I5: <\/strong>Laura Orta<\/p>\n<p><strong>SUPORT AL CICLE:<\/strong> Maria Guillaumes, Laura Serres i Marina Rivera<\/p>\n<p><strong>T\u00e8cnica d&#8217;Educaci\u00f3 infantil (TEEI):<\/strong> Laura Moreno<\/p>\n<p><strong>Coordinadora:<\/strong> N\u00faria Fern\u00e1ndez<\/p>\n<p><span style=\"color: #0000ff;\"><strong>CICLE INICIAL:<\/strong><\/span><\/p>\n<p><span style=\"color: #000000;\"><strong>1r A: <\/strong>N\u00faria Obispo<\/span><\/p>\n<p><span style=\"color: #000000;\"><strong>1r B: <\/strong>Dolors Alegre<\/span><\/p>\n<p><span style=\"color: #000000;\"><strong>2n A: <\/strong>Laura Perea<\/span><\/p>\n<p><strong>2n B:<\/strong> <span style=\"color: #000000;\">Mariona Santanach<\/span><\/p>\n<p><strong>SUPORT AL CICLE: <\/strong><span style=\"color: #000000; font-family: inherit; font-size: 1em;\">Gl\u00f2ria Tuset, Ester Carb\u00f3<\/span><\/p>\n<p><strong>Coordinadora:<\/strong> Laura Perea<\/p>\n<p><span style=\"color: #0000ff;\"><strong>CICLE MITJ\u00c0: \u00a0<\/strong><\/span><\/p>\n<p><strong>3r:<\/strong> Carme Roca<\/p>\n<p><strong>4t:<\/strong> Maria Josep Casals<\/p>\n<p><strong>SUPORT AL CICLE: <\/strong>Neus Verdaguer, Esther Maideu, M\u00aa Jes\u00fas, Jordi Sala i \u00c9rika Fajardo<\/p>\n<p><strong>Coordinadora:<\/strong> Maria Josep Casals<\/p>\n<p><span style=\"color: #0000ff;\"><strong>CICLE SUPERIOR:<\/strong><\/span><\/p>\n<p><strong>5\u00e8 A:\u00a0<\/strong>Raquel Cruz<\/p>\n<p><strong>5\u00e8 B: <\/strong>Gl\u00f2ria Suri\u00f1ach<\/p>\n<p><strong>6\u00e8 A: <\/strong>Olga G\u00f3mez<\/p>\n<p><strong>6\u00e8 B<\/strong>: Cris Tarr\u00e9<\/p>\n<p><strong>SUPORT AL CICLE:<\/strong> Marta Burgos\/Elena Basaga\u00f1a, Anna Sucarrats\/Maria Garrigoles,<\/p>\n<p><strong>Coordinadora:<\/strong> Olga G\u00f3mez<\/p>\n<p><span style=\"color: #0000ff;\"><strong>ESPECIALISTES<\/strong><strong>:<\/strong><\/span><\/p>\n<p><strong>EDUCACI\u00d3 F\u00cdSICA:<\/strong> Jordi Sala<\/p>\n<p><strong>ANGL\u00c8S:<\/strong>\u00a0 Marta Burgos \/ Elena Basaga\u00f1a i Esther Maideu (prim\u00e0ria) \/\/ Maria Guillaumes (I5)<\/p>\n<p><strong>M\u00daSICA:<\/strong> Ester Carb\u00f3<\/p>\n<p><strong>EDUCACI\u00d3 ESPECIAL:<\/strong> Anna Sucarrats\/Maria Garrigoles<\/p>\n<p><strong>Suport Intensiu a l&#8217;Escolaritzaci\u00f3 Inclusiva (SIEI):<\/strong> Gl\u00f2ria Tuset i Marina Rivera<\/p>\n<p><strong>CULTURA:<\/strong> M. Jes\u00fas de Sande<\/p>\n<p><strong>AULA D&#8217;ACOLLIDA i COCOBE:<\/strong> Neus Verdaguer<\/p>\n<p><strong>COORDINADORA DIGITAL:<\/strong> Raquel Cruz<\/p>\n<p><strong>COORDINADORA RISCOS:<\/strong> Dolors Alegre<\/p>\n<p><strong>COORDINADORA CLIC:<\/strong> Gl\u00f2ria Tuset<\/p>\n<p><span style=\"color: #0000ff;\"><strong>ALTRES PROFESSIONALS DEL CENTRE:<\/strong><\/span><\/p>\n<p><strong>VETLLADORES:<\/strong> Sara i Anna<\/p>\n<p><strong>LOGOPEDA:<\/strong> Cristina Ojeda<\/p>\n<p><strong>EAP:<\/strong> Laia Del R\u00edo (psicopedagoga)<\/p>\n<p><strong>ADMINISTRATIVA:<\/strong> Susana Mora<\/p>\n<p><strong>BIDELL: <\/strong>Xevi G\u00f3mez<\/p>\n","protected":false},"excerpt":{"rendered":"<p>EQUIP DE MESTRES &#8211; CURS 2025\/26 EQUIP DIRECTIU: DIRECTORA: Lali Ventura CAP D&#8217;ESTUDIS: Cristina Tarr\u00e9 SECRET\u00c0RIA: Maria Guillaumes EDUCACI\u00d3 INFANTIL: I3: N\u00faria Fern\u00e1ndez I4: Montse Banaset I5: Laura Orta SUPORT AL CICLE: Maria Guillaumes, Laura Serres i Marina Rivera T\u00e8cnica d&#8217;Educaci\u00f3 infantil (TEEI): Laura Moreno Coordinadora: N\u00faria Fern\u00e1ndez CICLE INICIAL: 1r A: N\u00faria Obispo 1r [&hellip;]<\/p>\n","protected":false},"author":1,"featured_media":0,"parent":22,"menu_order":90,"comment_status":"closed","ping_status":"closed","template":"","meta":{"_bbp_topic_count":0,"_bbp_reply_count":0,"_bbp_total_topic_count":0,"_bbp_total_reply_count":0,"_bbp_voice_count":0,"_bbp_anonymous_reply_count":0,"_bbp_topic_count_hidden":0,"_bbp_reply_count_hidden":0,"_bbp_forum_subforum_count":0,"site-sidebar-layout":"default","site-content-layout":"","ast-site-content-layout":"default","site-content-style":"default","site-sidebar-style":"default","ast-global-header-display":"","ast-banner-title-visibility":"","ast-main-header-display":"","ast-hfb-above-header-display":"","ast-hfb-below-header-display":"","ast-hfb-mobile-header-display":"","site-post-title":"","ast-breadcrumbs-content":"","ast-featured-img":"","footer-sml-layout":"","theme-transparent-header-meta":"","adv-header-id-meta":"","stick-header-meta":"","header-above-stick-meta":"","header-main-stick-meta":"","header-below-stick-meta":"","astra-migrate-meta-layouts":"set","ast-page-background-enabled":"default","ast-page-background-meta":{"desktop":{"background-color":"var(--ast-global-color-4)","background-image":"","background-repeat":"repeat","background-position":"center center","background-size":"auto","background-attachment":"scroll","background-type":"","background-media":"","overlay-type":"","overlay-color":"","overlay-opacity":"","overlay-gradient":""},"tablet":{"background-color":"","background-image":"","background-repeat":"repeat","background-position":"center center","background-size":"auto","background-attachment":"scroll","background-type":"","background-media":"","overlay-type":"","overlay-color":"","overlay-opacity":"","overlay-gradient":""},"mobile":{"background-color":"","background-image":"","background-repeat":"repeat","background-position":"center center","background-size":"auto","background-attachment":"scroll","background-type":"","background-media":"","overlay-type":"","overlay-color":"","overlay-opacity":"","overlay-gradient":""}},"ast-content-background-meta":{"desktop":{"background-color":"var(--ast-global-color-5)","background-image":"","background-repeat":"repeat","background-position":"center center","background-size":"auto","background-attachment":"scroll","background-type":"","background-media":"","overlay-type":"","overlay-color":"","overlay-opacity":"","overlay-gradient":""},"tablet":{"background-color":"var(--ast-global-color-5)","background-image":"","background-repeat":"repeat","background-position":"center center","background-size":"auto","background-attachment":"scroll","background-type":"","background-media":"","overlay-type":"","overlay-color":"","overlay-opacity":"","overlay-gradient":""},"mobile":{"background-color":"var(--ast-global-color-5)","background-image":"","background-repeat":"repeat","background-position":"center center","background-size":"auto","background-attachment":"scroll","background-type":"","background-media":"","overlay-type":"","overlay-color":"","overlay-opacity":"","overlay-gradient":""}},"footnotes":""},"class_list":["post-598","page","type-page","status-publish","hentry"],"post_mailing_queue_ids":[],"_links":{"self":[{"href":"https:\/\/agora.xtec.cat\/esc-maragallripoll\/wp-json\/wp\/v2\/pages\/598","targetHints":{"allow":["GET"]}}],"collection":[{"href":"https:\/\/agora.xtec.cat\/esc-maragallripoll\/wp-json\/wp\/v2\/pages"}],"about":[{"href":"https:\/\/agora.xtec.cat\/esc-maragallripoll\/wp-json\/wp\/v2\/types\/page"}],"author":[{"embeddable":true,"href":"https:\/\/agora.xtec.cat\/esc-maragallripoll\/wp-json\/wp\/v2\/users\/1"}],"replies":[{"embeddable":true,"href":"https:\/\/agora.xtec.cat\/esc-maragallripoll\/wp-json\/wp\/v2\/comments?post=598"}],"version-history":[{"count":6,"href":"https:\/\/agora.xtec.cat\/esc-maragallripoll\/wp-json\/wp\/v2\/pages\/598\/revisions"}],"predecessor-version":[{"id":10541,"href":"https:\/\/agora.xtec.cat\/esc-maragallripoll\/wp-json\/wp\/v2\/pages\/598\/revisions\/10541"}],"up":[{"embeddable":true,"href":"https:\/\/agora.xtec.cat\/esc-maragallripoll\/wp-json\/wp\/v2\/pages\/22"}],"wp:attachment":[{"href":"https:\/\/agora.xtec.cat\/esc-maragallripoll\/wp-json\/wp\/v2\/media?parent=598"}],"curies":[{"name":"wp","href":"https:\/\/api.w.org\/{rel}","templated":true}]}}