{"id":32,"date":"2014-09-18T12:31:33","date_gmt":"2014-09-18T11:31:33","guid":{"rendered":"http:\/\/agora.xtec.cat\/esc-maragallripoll\/?page_id=32"},"modified":"2025-09-06T12:36:07","modified_gmt":"2025-09-06T10:36:07","slug":"calendari-del-curs","status":"publish","type":"page","link":"https:\/\/agora.xtec.cat\/esc-maragallripoll\/lescola\/calendari-del-curs\/","title":{"rendered":"Calendari del curs"},"content":{"rendered":"<h3><span style=\"color: #0000ff;\"><strong>CALENDARI DEL CURS 2025\/26<\/strong><\/span><\/h3>\n<h4><span style=\"color: #0000ff;\"><strong>Inici de curs:<\/strong><\/span><\/h4>\n<p>Dilluns 8 de setembre de 2025<\/p>\n<h4><span style=\"color: #0000ff;\"><strong>Vacances:<\/strong><\/span><\/h4>\n<p><span style=\"text-decoration: underline;\"><strong>Nadal:<\/strong><\/span> Del 20 de desembre de 2025 al 7 de gener de 2026\u00a0 (ambd\u00f3s inclosos)<\/p>\n<p><span style=\"text-decoration: underline;\"><strong>Setmana Santa:<\/strong><\/span> Del 28 de mar\u00e7 al 6 d\u2019abril de 2026 (ambd\u00f3s inclosos)<\/p>\n<p><strong><span style=\"text-decoration: underline;\">\u00daltim dia d&#8217;escola:<\/span><\/strong> Divendres 19 de juny de 2026<\/p>\n<h4><span style=\"color: #0000ff;\"><strong>Dies festius de lliure disposici\u00f3:<\/strong><\/span><\/h4>\n<p>3 de novembre de 2025<\/p>\n<p>5 de desembre de 2025<\/p>\n<p>23 de febrer de 2026<\/p>\n<p>30 d&#8217;abril de 2026<\/p>\n<h4><span style=\"color: #0000ff;\"><strong>Festes locals:<\/strong><\/span><\/h4>\n<p>11 i 12 de maig\u00a0 de 2026<\/p>\n<h4><span style=\"color: #0000ff;\"><strong>Jornada intensiva (9-13.30 h):<\/strong><\/span><\/h4>\n<p>20 de desembre de 2025<\/p>\n<p>Del 8 al 19 de juny de 2026 (ambd\u00f3s inclosos)<\/p>\n<h4><span style=\"color: #0000ff;\"><strong>Horari lectiu del centre:<\/strong><\/span><\/h4>\n<p>L\u2019horari lectiu del centre \u00e9s de 9 a 12.30 h i de 15 a 17 h<\/p>\n<p>Obertura de les portes: 5 minuts abans<\/p>\n<h4><span style=\"color: #0000ff;\"><strong>Horari d&#8217;atenci\u00f3 fam\u00edlies de direcci\u00f3:<\/strong><\/span><\/h4>\n<p>Dilluns de 9 a 10 h<\/p>\n<p>Dimecres de 16 a 17 h<\/p>\n<p>Divendres (&#8220;Espai PARLEM-NE&#8221;) de 16 a 17 h<\/p>\n","protected":false},"excerpt":{"rendered":"<p>CALENDARI DEL CURS 2025\/26 Inici de curs: Dilluns 8 de setembre de 2025 Vacances: Nadal: Del 20 de desembre de 2025 al 7 de gener de 2026\u00a0 (ambd\u00f3s inclosos) Setmana Santa: Del 28 de mar\u00e7 al 6 d\u2019abril de 2026 (ambd\u00f3s inclosos) \u00daltim dia d&#8217;escola: Divendres 19 de juny de 2026 Dies festius de lliure [&hellip;]<\/p>\n","protected":false},"author":1,"featured_media":0,"parent":22,"menu_order":50,"comment_status":"closed","ping_status":"closed","template":"","meta":{"_bbp_topic_count":0,"_bbp_reply_count":0,"_bbp_total_topic_count":0,"_bbp_total_reply_count":0,"_bbp_voice_count":0,"_bbp_anonymous_reply_count":0,"_bbp_topic_count_hidden":0,"_bbp_reply_count_hidden":0,"_bbp_forum_subforum_count":0,"site-sidebar-layout":"default","site-content-layout":"","ast-site-content-layout":"default","site-content-style":"default","site-sidebar-style":"default","ast-global-header-display":"","ast-banner-title-visibility":"","ast-main-header-display":"","ast-hfb-above-header-display":"","ast-hfb-below-header-display":"","ast-hfb-mobile-header-display":"","site-post-title":"","ast-breadcrumbs-content":"","ast-featured-img":"","footer-sml-layout":"","theme-transparent-header-meta":"","adv-header-id-meta":"","stick-header-meta":"","header-above-stick-meta":"","header-main-stick-meta":"","header-below-stick-meta":"","astra-migrate-meta-layouts":"set","ast-page-background-enabled":"default","ast-page-background-meta":{"desktop":{"background-color":"var(--ast-global-color-4)","background-image":"","background-repeat":"repeat","background-position":"center center","background-size":"auto","background-attachment":"scroll","background-type":"","background-media":"","overlay-type":"","overlay-color":"","overlay-opacity":"","overlay-gradient":""},"tablet":{"background-color":"","background-image":"","background-repeat":"repeat","background-position":"center center","background-size":"auto","background-attachment":"scroll","background-type":"","background-media":"","overlay-type":"","overlay-color":"","overlay-opacity":"","overlay-gradient":""},"mobile":{"background-color":"","background-image":"","background-repeat":"repeat","background-position":"center center","background-size":"auto","background-attachment":"scroll","background-type":"","background-media":"","overlay-type":"","overlay-color":"","overlay-opacity":"","overlay-gradient":""}},"ast-content-background-meta":{"desktop":{"background-color":"var(--ast-global-color-5)","background-image":"","background-repeat":"repeat","background-position":"center center","background-size":"auto","background-attachment":"scroll","background-type":"","background-media":"","overlay-type":"","overlay-color":"","overlay-opacity":"","overlay-gradient":""},"tablet":{"background-color":"var(--ast-global-color-5)","background-image":"","background-repeat":"repeat","background-position":"center center","background-size":"auto","background-attachment":"scroll","background-type":"","background-media":"","overlay-type":"","overlay-color":"","overlay-opacity":"","overlay-gradient":""},"mobile":{"background-color":"var(--ast-global-color-5)","background-image":"","background-repeat":"repeat","background-position":"center center","background-size":"auto","background-attachment":"scroll","background-type":"","background-media":"","overlay-type":"","overlay-color":"","overlay-opacity":"","overlay-gradient":""}},"footnotes":""},"class_list":["post-32","page","type-page","status-publish","hentry"],"post_mailing_queue_ids":[],"_links":{"self":[{"href":"https:\/\/agora.xtec.cat\/esc-maragallripoll\/wp-json\/wp\/v2\/pages\/32","targetHints":{"allow":["GET"]}}],"collection":[{"href":"https:\/\/agora.xtec.cat\/esc-maragallripoll\/wp-json\/wp\/v2\/pages"}],"about":[{"href":"https:\/\/agora.xtec.cat\/esc-maragallripoll\/wp-json\/wp\/v2\/types\/page"}],"author":[{"embeddable":true,"href":"https:\/\/agora.xtec.cat\/esc-maragallripoll\/wp-json\/wp\/v2\/users\/1"}],"replies":[{"embeddable":true,"href":"https:\/\/agora.xtec.cat\/esc-maragallripoll\/wp-json\/wp\/v2\/comments?post=32"}],"version-history":[{"count":5,"href":"https:\/\/agora.xtec.cat\/esc-maragallripoll\/wp-json\/wp\/v2\/pages\/32\/revisions"}],"predecessor-version":[{"id":9582,"href":"https:\/\/agora.xtec.cat\/esc-maragallripoll\/wp-json\/wp\/v2\/pages\/32\/revisions\/9582"}],"up":[{"embeddable":true,"href":"https:\/\/agora.xtec.cat\/esc-maragallripoll\/wp-json\/wp\/v2\/pages\/22"}],"wp:attachment":[{"href":"https:\/\/agora.xtec.cat\/esc-maragallripoll\/wp-json\/wp\/v2\/media?parent=32"}],"curies":[{"name":"wp","href":"https:\/\/api.w.org\/{rel}","templated":true}]}}