{"id":22,"date":"2014-09-18T12:19:57","date_gmt":"2014-09-18T11:19:57","guid":{"rendered":"http:\/\/agora.xtec.cat\/esc-maragallripoll\/?page_id=22"},"modified":"2025-11-03T17:53:24","modified_gmt":"2025-11-03T16:53:24","slug":"lescola","status":"publish","type":"page","link":"https:\/\/agora.xtec.cat\/esc-maragallripoll\/lescola\/","title":{"rendered":"L&#8217;escola"},"content":{"rendered":"<p>L\u2019Escola Joan Maragall de Ripoll t\u00e9 un projecte compartit amb tota la comunitat educativa. Aquest projecte busca la complicitat de les fam\u00edlies i els mestres en la tasca d\u2019educar els nens i les nenes, basada sempre en la col\u00b7laboraci\u00f3, la complicitat i les bones relacions.<\/p>\n<p>Es va creant dia a dia una escola acollidora, amb un clima que facilita l\u2019entesa i la cohesi\u00f3. Volem aconseguir entre tots una escola inclusiva, oberta a l\u2019entorn, preocupada per l\u2019ensenyament, l\u2019aprenentatge, el rendiment i el benestar de tot l\u2019alumnat sense exclusi\u00f3.<\/p>\n<p>Aquest centre compta molts anys d\u2019hist\u00f2ria, per\u00f2 malgrat que el temps sempre est\u00e0 en forma per afrontar el futur. Ara teniu el plaer d&#8217;entrar al nostre blog. Esperem que sigui una eina \u00fatil per poder potenciar la comunicaci\u00f3 entre tots els que formem part d\u2019aquesta comunitat educativa.<\/p>\n<p>\u201cL\u2019escola ha de provocar el desig de l\u2019emoci\u00f3 i el desig de con\u00e8ixer\u201d<\/p>\n","protected":false},"excerpt":{"rendered":"<p>L\u2019Escola Joan Maragall de Ripoll t\u00e9 un projecte compartit amb tota la comunitat educativa. Aquest projecte busca la complicitat de les fam\u00edlies i els mestres en la tasca d\u2019educar els nens i les nenes, basada sempre en la col\u00b7laboraci\u00f3, la complicitat i les bones relacions. Es va creant dia a dia una escola acollidora, amb [&hellip;]<\/p>\n","protected":false},"author":1,"featured_media":0,"parent":0,"menu_order":0,"comment_status":"closed","ping_status":"closed","template":"","meta":{"_bbp_topic_count":0,"_bbp_reply_count":0,"_bbp_total_topic_count":0,"_bbp_total_reply_count":0,"_bbp_voice_count":0,"_bbp_anonymous_reply_count":0,"_bbp_topic_count_hidden":0,"_bbp_reply_count_hidden":0,"_bbp_forum_subforum_count":0,"site-sidebar-layout":"default","site-content-layout":"","ast-site-content-layout":"default","site-content-style":"default","site-sidebar-style":"default","ast-global-header-display":"","ast-banner-title-visibility":"","ast-main-header-display":"","ast-hfb-above-header-display":"","ast-hfb-below-header-display":"","ast-hfb-mobile-header-display":"","site-post-title":"","ast-breadcrumbs-content":"","ast-featured-img":"","footer-sml-layout":"","theme-transparent-header-meta":"","adv-header-id-meta":"","stick-header-meta":"","header-above-stick-meta":"","header-main-stick-meta":"","header-below-stick-meta":"","astra-migrate-meta-layouts":"set","ast-page-background-enabled":"default","ast-page-background-meta":{"desktop":{"background-color":"var(--ast-global-color-4)","background-image":"","background-repeat":"repeat","background-position":"center center","background-size":"auto","background-attachment":"scroll","background-type":"","background-media":"","overlay-type":"","overlay-color":"","overlay-opacity":"","overlay-gradient":""},"tablet":{"background-color":"","background-image":"","background-repeat":"repeat","background-position":"center center","background-size":"auto","background-attachment":"scroll","background-type":"","background-media":"","overlay-type":"","overlay-color":"","overlay-opacity":"","overlay-gradient":""},"mobile":{"background-color":"","background-image":"","background-repeat":"repeat","background-position":"center center","background-size":"auto","background-attachment":"scroll","background-type":"","background-media":"","overlay-type":"","overlay-color":"","overlay-opacity":"","overlay-gradient":""}},"ast-content-background-meta":{"desktop":{"background-color":"var(--ast-global-color-5)","background-image":"","background-repeat":"repeat","background-position":"center center","background-size":"auto","background-attachment":"scroll","background-type":"","background-media":"","overlay-type":"","overlay-color":"","overlay-opacity":"","overlay-gradient":""},"tablet":{"background-color":"var(--ast-global-color-5)","background-image":"","background-repeat":"repeat","background-position":"center center","background-size":"auto","background-attachment":"scroll","background-type":"","background-media":"","overlay-type":"","overlay-color":"","overlay-opacity":"","overlay-gradient":""},"mobile":{"background-color":"var(--ast-global-color-5)","background-image":"","background-repeat":"repeat","background-position":"center center","background-size":"auto","background-attachment":"scroll","background-type":"","background-media":"","overlay-type":"","overlay-color":"","overlay-opacity":"","overlay-gradient":""}},"footnotes":""},"class_list":["post-22","page","type-page","status-publish","hentry"],"post_mailing_queue_ids":[],"_links":{"self":[{"href":"https:\/\/agora.xtec.cat\/esc-maragallripoll\/wp-json\/wp\/v2\/pages\/22","targetHints":{"allow":["GET"]}}],"collection":[{"href":"https:\/\/agora.xtec.cat\/esc-maragallripoll\/wp-json\/wp\/v2\/pages"}],"about":[{"href":"https:\/\/agora.xtec.cat\/esc-maragallripoll\/wp-json\/wp\/v2\/types\/page"}],"author":[{"embeddable":true,"href":"https:\/\/agora.xtec.cat\/esc-maragallripoll\/wp-json\/wp\/v2\/users\/1"}],"replies":[{"embeddable":true,"href":"https:\/\/agora.xtec.cat\/esc-maragallripoll\/wp-json\/wp\/v2\/comments?post=22"}],"version-history":[{"count":5,"href":"https:\/\/agora.xtec.cat\/esc-maragallripoll\/wp-json\/wp\/v2\/pages\/22\/revisions"}],"predecessor-version":[{"id":9749,"href":"https:\/\/agora.xtec.cat\/esc-maragallripoll\/wp-json\/wp\/v2\/pages\/22\/revisions\/9749"}],"wp:attachment":[{"href":"https:\/\/agora.xtec.cat\/esc-maragallripoll\/wp-json\/wp\/v2\/media?parent=22"}],"curies":[{"name":"wp","href":"https:\/\/api.w.org\/{rel}","templated":true}]}}