{"id":1350,"date":"2017-11-17T00:24:47","date_gmt":"2017-11-16T23:24:47","guid":{"rendered":"http:\/\/agora.xtec.cat\/esc-maragallripoll\/?page_id=1350"},"modified":"2025-11-27T11:02:25","modified_gmt":"2025-11-27T10:02:25","slug":"activitats","status":"publish","type":"page","link":"https:\/\/agora.xtec.cat\/esc-maragallripoll\/activitats\/","title":{"rendered":"Activitats d&#8217;escola"},"content":{"rendered":"\n\n\n<div class=\"wp-block-columns is-layout-flex wp-container-core-columns-is-layout-1 wp-block-columns-is-layout-flex\">\n<div class=\"wp-block-column is-layout-flow wp-block-column-is-layout-flow\" style=\"flex-basis:33.33%\">\n<figure class=\"wp-block-image\"><a href=\"https:\/\/agora.xtec.cat\/esc-maragallripoll\/wp-content\/uploads\/usu1419\/2018\/10\/activitats-menjador-escolar-ampa.jpg\"><img loading=\"lazy\" decoding=\"async\" width=\"300\" height=\"150\" src=\"https:\/\/agora.xtec.cat\/esc-maragallripoll\/wp-content\/uploads\/usu1419\/2018\/10\/activitats-menjador-escolar-ampa-300x150.jpg\" alt=\"\" class=\"wp-image-2146\" srcset=\"https:\/\/agora.xtec.cat\/esc-maragallripoll\/wp-content\/uploads\/usu1419\/2018\/10\/activitats-menjador-escolar-ampa-300x150.jpg 300w, https:\/\/agora.xtec.cat\/esc-maragallripoll\/wp-content\/uploads\/usu1419\/2018\/10\/activitats-menjador-escolar-ampa-768x383.jpg 768w, https:\/\/agora.xtec.cat\/esc-maragallripoll\/wp-content\/uploads\/usu1419\/2018\/10\/activitats-menjador-escolar-ampa-1024x511.jpg 1024w, https:\/\/agora.xtec.cat\/esc-maragallripoll\/wp-content\/uploads\/usu1419\/2018\/10\/activitats-menjador-escolar-ampa.jpg 1280w\" sizes=\"auto, (max-width: 300px) 100vw, 300px\" \/><\/a><\/figure>\n<\/div>\n\n\n\n<div class=\"wp-block-column is-layout-flow wp-block-column-is-layout-flow\" style=\"flex-basis:66.66%\">\n<p><a href=\"https:\/\/agora.xtec.cat\/esc-maragallripoll\/categoria\/natacio-escolar\/\">Nataci\u00f3 escolar<\/a><\/p>\n\n\n\n<p><a href=\"https:\/\/agora.xtec.cat\/esc-maragallripoll\/categoria\/jornada-esportiva\/\">Jornada esportiva<\/a><\/p>\n\n\n\n<p><a href=\"https:\/\/agora.xtec.cat\/esc-maragallripoll\/categoria\/general\/ebe-esport-blanc-escolar\/\">EBE- Esport Blanc<\/a><\/p>\n\n\n\n<p><a href=\"https:\/\/agora.xtec.cat\/esc-maragallripoll\/categoria\/teatre-angles\/\">Teatre amb angl\u00e8s<\/a><\/p>\n\n\n\n<p><a href=\"https:\/\/agora.xtec.cat\/esc-maragallripoll\/categoria\/general\/gaudim-de-la-musica\/\">Gaudim de la m\u00fasica<\/a><\/p>\n\n\n\n<p><a href=\"https:\/\/agora.xtec.cat\/esc-maragallripoll\/categoria\/projecte-intergeneracional\/\">Projecte intergeneracional<\/a><\/p>\n\n\n\n<p><a href=\"https:\/\/agora.xtec.cat\/esc-maragallripoll\/categoria\/general\/experiencies-compartides-6e-ins\/\">Experi\u00e8ncies compartides 6\u00e8- INS<\/a><\/p>\n\n\n\n<p><a href=\"https:\/\/agora.xtec.cat\/esc-maragallripoll\/categoria\/general\/consistori-infantil\/\">Consistori infantil<\/a><\/p>\n\n\n\n<p><a href=\"https:\/\/agora.xtec.cat\/esc-maragallripoll\/categoria\/colonies-escolars\/\">Col\u00f2nies escolars<\/a><\/p>\n<\/div>\n<\/div>\n","protected":false},"excerpt":{"rendered":"<p>Nataci\u00f3 escolar Jornada esportiva EBE- Esport Blanc Teatre amb angl\u00e8s Gaudim de la m\u00fasica Projecte intergeneracional Experi\u00e8ncies compartides 6\u00e8- INS Consistori infantil Col\u00f2nies escolars<\/p>\n","protected":false},"author":1,"featured_media":0,"parent":0,"menu_order":0,"comment_status":"closed","ping_status":"closed","template":"","meta":{"_bbp_topic_count":0,"_bbp_reply_count":0,"_bbp_total_topic_count":0,"_bbp_total_reply_count":0,"_bbp_voice_count":0,"_bbp_anonymous_reply_count":0,"_bbp_topic_count_hidden":0,"_bbp_reply_count_hidden":0,"_bbp_forum_subforum_count":0,"site-sidebar-layout":"default","site-content-layout":"","ast-site-content-layout":"default","site-content-style":"default","site-sidebar-style":"default","ast-global-header-display":"","ast-banner-title-visibility":"","ast-main-header-display":"","ast-hfb-above-header-display":"","ast-hfb-below-header-display":"","ast-hfb-mobile-header-display":"","site-post-title":"","ast-breadcrumbs-content":"","ast-featured-img":"","footer-sml-layout":"","theme-transparent-header-meta":"","adv-header-id-meta":"","stick-header-meta":"","header-above-stick-meta":"","header-main-stick-meta":"","header-below-stick-meta":"","astra-migrate-meta-layouts":"set","ast-page-background-enabled":"default","ast-page-background-meta":{"desktop":{"background-color":"var(--ast-global-color-4)","background-image":"","background-repeat":"repeat","background-position":"center center","background-size":"auto","background-attachment":"scroll","background-type":"","background-media":"","overlay-type":"","overlay-color":"","overlay-opacity":"","overlay-gradient":""},"tablet":{"background-color":"","background-image":"","background-repeat":"repeat","background-position":"center center","background-size":"auto","background-attachment":"scroll","background-type":"","background-media":"","overlay-type":"","overlay-color":"","overlay-opacity":"","overlay-gradient":""},"mobile":{"background-color":"","background-image":"","background-repeat":"repeat","background-position":"center center","background-size":"auto","background-attachment":"scroll","background-type":"","background-media":"","overlay-type":"","overlay-color":"","overlay-opacity":"","overlay-gradient":""}},"ast-content-background-meta":{"desktop":{"background-color":"var(--ast-global-color-5)","background-image":"","background-repeat":"repeat","background-position":"center center","background-size":"auto","background-attachment":"scroll","background-type":"","background-media":"","overlay-type":"","overlay-color":"","overlay-opacity":"","overlay-gradient":""},"tablet":{"background-color":"var(--ast-global-color-5)","background-image":"","background-repeat":"repeat","background-position":"center center","background-size":"auto","background-attachment":"scroll","background-type":"","background-media":"","overlay-type":"","overlay-color":"","overlay-opacity":"","overlay-gradient":""},"mobile":{"background-color":"var(--ast-global-color-5)","background-image":"","background-repeat":"repeat","background-position":"center center","background-size":"auto","background-attachment":"scroll","background-type":"","background-media":"","overlay-type":"","overlay-color":"","overlay-opacity":"","overlay-gradient":""}},"footnotes":""},"class_list":["post-1350","page","type-page","status-publish","hentry"],"post_mailing_queue_ids":[],"_links":{"self":[{"href":"https:\/\/agora.xtec.cat\/esc-maragallripoll\/wp-json\/wp\/v2\/pages\/1350","targetHints":{"allow":["GET"]}}],"collection":[{"href":"https:\/\/agora.xtec.cat\/esc-maragallripoll\/wp-json\/wp\/v2\/pages"}],"about":[{"href":"https:\/\/agora.xtec.cat\/esc-maragallripoll\/wp-json\/wp\/v2\/types\/page"}],"author":[{"embeddable":true,"href":"https:\/\/agora.xtec.cat\/esc-maragallripoll\/wp-json\/wp\/v2\/users\/1"}],"replies":[{"embeddable":true,"href":"https:\/\/agora.xtec.cat\/esc-maragallripoll\/wp-json\/wp\/v2\/comments?post=1350"}],"version-history":[{"count":4,"href":"https:\/\/agora.xtec.cat\/esc-maragallripoll\/wp-json\/wp\/v2\/pages\/1350\/revisions"}],"predecessor-version":[{"id":9796,"href":"https:\/\/agora.xtec.cat\/esc-maragallripoll\/wp-json\/wp\/v2\/pages\/1350\/revisions\/9796"}],"wp:attachment":[{"href":"https:\/\/agora.xtec.cat\/esc-maragallripoll\/wp-json\/wp\/v2\/media?parent=1350"}],"curies":[{"name":"wp","href":"https:\/\/api.w.org\/{rel}","templated":true}]}}