{"id":467,"date":"2016-12-12T16:09:24","date_gmt":"2016-12-12T15:09:24","guid":{"rendered":"http:\/\/agora.xtec.cat\/esc-maragall-lh\/?page_id=467"},"modified":"2025-09-03T12:51:46","modified_gmt":"2025-09-03T10:51:46","slug":"plantilla-professional","status":"publish","type":"page","link":"https:\/\/agora.xtec.cat\/esc-maragall-lh\/lescola\/plantilla-professional\/","title":{"rendered":"Plantilla professional"},"content":{"rendered":"<p>Darrere d\u2019aquest projecte d\u2019escola hi ha un equip de professionals il\u00b7lusionats\/des, que treballen per poder-lo tirar endavant amb la col\u00b7laboraci\u00f3 de tota la comunitat educativa. Un Projecte Educatiu que t\u00e9 com a objectiu final educar els nens i nenes en un marc de respecte, toler\u00e0ncia i responsabilitat, tot ajudant-los a cr\u00e9ixer personalment i facilitant la seva integraci\u00f3 en etapes posteriors del Sistema Educatiu.<\/p>\n<p><u><b><span style=\"font-size: medium;\">EQUIP DIRECTIU<\/span><\/b><\/u><\/p>\n<p><span style=\"font-size: medium;\">Direcci\u00f3&#8230;&#8230;&#8230;&#8230;&#8230;&#8230;&#8230;&#8230;&#8230;&#8230;&#8230;&#8230;&#8230;&#8230;&#8230;&#8230;&#8230;&#8230;&#8230;&#8230;&#8230;&#8230;&#8230;&#8230;&#8230;&#8230;&#8230;&#8230;. M. Carmen L\u00f3pez<\/span><\/p>\n<p><span style=\"font-size: medium;\">Secretaria&#8230;&#8230;&#8230;&#8230;&#8230;&#8230;&#8230;&#8230;&#8230;&#8230;&#8230;&#8230;&#8230;&#8230;&#8230;&#8230;&#8230;&#8230;&#8230;&#8230;&#8230;&#8230;&#8230;&#8230;&#8230;&#8230;&#8230;.. Ana Castej\u00f3n<\/span><\/p>\n<p><span style=\"font-size: medium;\">Cap d\u2019estudis&#8230;&#8230;&#8230;&#8230;&#8230;&#8230;&#8230;&#8230;&#8230;&#8230;&#8230;&#8230;&#8230;&#8230;&#8230;&#8230;&#8230;&#8230;&#8230;&#8230;&#8230;&#8230;&#8230;&#8230;&#8230;&#8230;. Robert Moreno<\/span><\/p>\n<p><u><b><span style=\"font-size: medium;\">EDUCACI\u00d3 INFANTIL<\/span><\/b><\/u><\/p>\n<p>P-3: Judit Garc\u00eda\u00a0 \u00a0 \u00a0 \u00a0 \u00a0 \u00a0 \u00a0 \u00a0 \u00a0 \u00a0 \u00a0 \u00a0TEI: Mireya Mazuela<\/p>\n<p>P-4: S\u00edlvia P\u00e9rez<\/p>\n<p>P-5: Eva Rivas<\/p>\n<p><span style=\"text-decoration: underline;\">Refor\u00e7 Infantil:<\/span> Helena Farr\u00e9s<\/p>\n<p>&nbsp;<\/p>\n<p><u><b><span style=\"font-size: medium;\">EDUCACI\u00d3 PRIM\u00c0RIA<\/span><\/b><\/u><\/p>\n<p><span style=\"text-decoration: underline;\">Cicle inicial:<\/span><\/p>\n<p>1r: Laura Mu\u00f1oz<\/p>\n<p>2n: Judith Estop\u00e0<\/p>\n<p><span style=\"text-decoration: underline;\">Cicle mitj\u00e0:<\/span><\/p>\n<p>3r: Esther Mar\u00edn<\/p>\n<p>4t: Bel\u00e9n Portero<\/p>\n<p><span style=\"text-decoration: underline;\">Cicle superior: <\/span><\/p>\n<p>5\u00e8: Alba Figueroa<\/p>\n<p>6\u00e8: Monica Navarro<\/p>\n<p><span style=\"text-decoration: underline;\">Mestres Especialistes:<\/span><\/p>\n<p>Educaci\u00f3 F\u00edsica &#8230;&#8230;&#8230;&#8230;&#8230;&#8230;&#8230;&#8230;&#8230;&#8230;&#8230;&#8230;&#8230;&#8230;&#8230;&#8230;. Victoria Joly<br \/>\nAngl\u00e8s &#8230;&#8230;&#8230;&#8230;&#8230;&#8230;&#8230;&#8230;&#8230;&#8230;&#8230;&#8230;&#8230;&#8230;&#8230;&#8230;&#8230;&#8230;&#8230;&#8230;. M\u00aa Jos\u00e9 Anad\u00f3n<br \/>\nM\u00fasica &#8230;&#8230;&#8230;&#8230;&#8230;&#8230;&#8230;&#8230;&#8230;&#8230;&#8230;&#8230;&#8230;&#8230;&#8230;&#8230;&#8230;&#8230;&#8230;&#8230;. Alba Figueroa<br \/>\nEducaci\u00f3 Especial &#8230;&#8230;&#8230;&#8230;&#8230;&#8230;&#8230;&#8230;&#8230;&#8230;&#8230;&#8230;&#8230;&#8230;&#8230;. Anabel Rodr\u00edguez i Ana Castej\u00f3n<br \/>\nAula Acollida &#8230;&#8230;&#8230;&#8230;&#8230;&#8230;&#8230;&#8230;&#8230;&#8230;&#8230;&#8230;&#8230;&#8230;&#8230;&#8230;&#8230;&#8230; Maravillas Rosillo<br \/>\nCoordinaci\u00f3 Cicle dels petits &#8230;&#8230;&#8230;&#8230;&#8230;&#8230;&#8230;&#8230;&#8230;&#8230; Eva Rivas<br \/>\nCoordinaci\u00f3 Cicles dels mitjans i grans&#8230;&#8230;&#8230;&#8230;.. A. Bel\u00e9n Portero<\/p>\n<p><span style=\"font-size: medium;\">\u00a0<\/span><\/p>\n<p><i><u><b><span style=\"font-size: medium;\">PERSONAL NO DOCENT<\/span><\/b><\/u><\/i><\/p>\n<p><span style=\"font-size: medium;\">Auxiliar administrativa&#8230;&#8230;&#8230;&#8230;&#8230;&#8230;&#8230;&#8230;&#8230;&#8230;&#8230;&#8230;&#8230;&#8230;&#8230;&#8230;&#8230;&#8230;&#8230;&#8230;&#8230;&#8230;&#8230;.Marian Daza<\/span><\/p>\n<p><span style=\"font-size: medium;\">Vetllador&#8230;&#8230;&#8230;&#8230;&#8230;&#8230;&#8230;&#8230;&#8230;&#8230;&#8230;&#8230;&#8230;&#8230;&#8230;&#8230;&#8230;&#8230;&#8230;&#8230;&#8230;&#8230;&#8230;&#8230;&#8230;&#8230;&#8230;&#8230;&#8230;Jordi Archilla<\/span><\/p>\n<p><span style=\"font-size: medium;\">Conserge&#8230;&#8230;&#8230;&#8230;&#8230;&#8230;&#8230;&#8230;&#8230;&#8230;&#8230;&#8230;&#8230;&#8230;&#8230;&#8230;&#8230;&#8230;&#8230;&#8230;&#8230;&#8230;&#8230;&#8230;&#8230;&#8230;&#8230;&#8230;..Jos\u00e9 Gabriel Lancharro<\/span><\/p>\n<p><span style=\"font-size: medium;\">Coordinadora Servei Menjador&#8230;&#8230;&#8230;&#8230;&#8230;&#8230;&#8230;&#8230;&#8230;&#8230;&#8230;&#8230;&#8230;&#8230;&#8230;&#8230;&#8230;&#8230;&#8230;.Maribel Pamplona<\/span><\/p>\n","protected":false},"excerpt":{"rendered":"<p>Darrere d\u2019aquest projecte d\u2019escola hi ha un equip de professionals il\u00b7lusionats\/des, que treballen per poder-lo tirar endavant amb la col\u00b7laboraci\u00f3 de tota la comunitat educativa. Un Projecte Educatiu que t\u00e9 com a objectiu final educar els nens i nenes en un marc de respecte, toler\u00e0ncia i responsabilitat, tot ajudant-los a cr\u00e9ixer personalment i facilitant la [&hellip;]<\/p>\n","protected":false},"author":1,"featured_media":0,"parent":22,"menu_order":21,"comment_status":"closed","ping_status":"closed","template":"","meta":{"_bbp_topic_count":0,"_bbp_reply_count":0,"_bbp_total_topic_count":0,"_bbp_total_reply_count":0,"_bbp_voice_count":0,"_bbp_anonymous_reply_count":0,"_bbp_topic_count_hidden":0,"_bbp_reply_count_hidden":0,"_bbp_forum_subforum_count":0,"site-sidebar-layout":"default","site-content-layout":"","ast-site-content-layout":"default","site-content-style":"default","site-sidebar-style":"default","ast-global-header-display":"","ast-banner-title-visibility":"","ast-main-header-display":"","ast-hfb-above-header-display":"","ast-hfb-below-header-display":"","ast-hfb-mobile-header-display":"","site-post-title":"","ast-breadcrumbs-content":"","ast-featured-img":"","footer-sml-layout":"","theme-transparent-header-meta":"default","adv-header-id-meta":"","stick-header-meta":"","header-above-stick-meta":"","header-main-stick-meta":"","header-below-stick-meta":"","astra-migrate-meta-layouts":"set","ast-page-background-enabled":"default","ast-page-background-meta":{"desktop":{"background-color":"var(--ast-global-color-4)","background-image":"","background-repeat":"repeat","background-position":"center center","background-size":"auto","background-attachment":"scroll","background-type":"","background-media":"","overlay-type":"","overlay-color":"","overlay-opacity":"","overlay-gradient":""},"tablet":{"background-color":"","background-image":"","background-repeat":"repeat","background-position":"center center","background-size":"auto","background-attachment":"scroll","background-type":"","background-media":"","overlay-type":"","overlay-color":"","overlay-opacity":"","overlay-gradient":""},"mobile":{"background-color":"","background-image":"","background-repeat":"repeat","background-position":"center center","background-size":"auto","background-attachment":"scroll","background-type":"","background-media":"","overlay-type":"","overlay-color":"","overlay-opacity":"","overlay-gradient":""}},"ast-content-background-meta":{"desktop":{"background-color":"var(--ast-global-color-5)","background-image":"","background-repeat":"repeat","background-position":"center center","background-size":"auto","background-attachment":"scroll","background-type":"","background-media":"","overlay-type":"","overlay-color":"","overlay-opacity":"","overlay-gradient":""},"tablet":{"background-color":"var(--ast-global-color-5)","background-image":"","background-repeat":"repeat","background-position":"center center","background-size":"auto","background-attachment":"scroll","background-type":"","background-media":"","overlay-type":"","overlay-color":"","overlay-opacity":"","overlay-gradient":""},"mobile":{"background-color":"var(--ast-global-color-5)","background-image":"","background-repeat":"repeat","background-position":"center center","background-size":"auto","background-attachment":"scroll","background-type":"","background-media":"","overlay-type":"","overlay-color":"","overlay-opacity":"","overlay-gradient":""}},"footnotes":""},"class_list":["post-467","page","type-page","status-publish","hentry"],"post_mailing_queue_ids":[],"_links":{"self":[{"href":"https:\/\/agora.xtec.cat\/esc-maragall-lh\/wp-json\/wp\/v2\/pages\/467","targetHints":{"allow":["GET"]}}],"collection":[{"href":"https:\/\/agora.xtec.cat\/esc-maragall-lh\/wp-json\/wp\/v2\/pages"}],"about":[{"href":"https:\/\/agora.xtec.cat\/esc-maragall-lh\/wp-json\/wp\/v2\/types\/page"}],"author":[{"embeddable":true,"href":"https:\/\/agora.xtec.cat\/esc-maragall-lh\/wp-json\/wp\/v2\/users\/1"}],"replies":[{"embeddable":true,"href":"https:\/\/agora.xtec.cat\/esc-maragall-lh\/wp-json\/wp\/v2\/comments?post=467"}],"version-history":[{"count":6,"href":"https:\/\/agora.xtec.cat\/esc-maragall-lh\/wp-json\/wp\/v2\/pages\/467\/revisions"}],"predecessor-version":[{"id":22086,"href":"https:\/\/agora.xtec.cat\/esc-maragall-lh\/wp-json\/wp\/v2\/pages\/467\/revisions\/22086"}],"up":[{"embeddable":true,"href":"https:\/\/agora.xtec.cat\/esc-maragall-lh\/wp-json\/wp\/v2\/pages\/22"}],"wp:attachment":[{"href":"https:\/\/agora.xtec.cat\/esc-maragall-lh\/wp-json\/wp\/v2\/media?parent=467"}],"curies":[{"name":"wp","href":"https:\/\/api.w.org\/{rel}","templated":true}]}}