{"id":4485,"date":"2020-02-10T16:28:21","date_gmt":"2020-02-10T15:28:21","guid":{"rendered":"http:\/\/agora.xtec.cat\/esc-maragall-lh\/?page_id=4485"},"modified":"2025-10-14T08:31:24","modified_gmt":"2025-10-14T06:31:24","slug":"blogs-de-classe","status":"publish","type":"page","link":"https:\/\/agora.xtec.cat\/esc-maragall-lh\/blogs-de-classe\/","title":{"rendered":"BLOGS DE CLASSE"},"content":{"rendered":"<p style=\"text-align: center;\">CLIQUEU A SOBRE DEL NOM DE LA CLASSE I ARRIBAREU AL SEU BLOG<\/p>\n<table style=\"border-collapse: collapse; width: 100%; height: 362px;\">\n<tbody>\n<tr style=\"height: 32px;\">\n<td style=\"width: 33.3333%; height: 32px; text-align: center;\"><a href=\"https:\/\/agora.xtec.cat\/esc-maragall-lh\/categoria\/curs-25-26\/infantil-2025-26\/inf-3-2025-26\/\" target=\"_blank\" rel=\"noopener noreferrer\">CLASSE D&#8217;INFANTIL-3 ANYS<\/a><\/td>\n<td style=\"width: 33.3333%; height: 32px; text-align: center;\"><a href=\"https:\/\/agora.xtec.cat\/esc-maragall-lh\/categoria\/curs-25-26\/infantil-2025-26\/inf-4-2025-26\/\" target=\"_blank\" rel=\"noopener noreferrer\">CLASSE D&#8217;INFANTIL-4 ANYS<\/a><\/td>\n<td style=\"width: 33.3333%; height: 32px; text-align: center;\"><a href=\"https:\/\/agora.xtec.cat\/esc-maragall-lh\/categoria\/curs-25-26\/infantil-2025-26\/i-5-2025-26\/\" target=\"_blank\" rel=\"noopener noreferrer\">CLASSE D&#8217;INFANTIL-5 ANYS<\/a><\/td>\n<\/tr>\n<tr style=\"height: 202px;\">\n<td style=\"width: 33.3333%; height: 202px;\"><a href=\"https:\/\/agora.xtec.cat\/esc-maragall-lh\/categoria\/curs-25-26\/infantil-2025-26\/inf-3-2025-26\/\" target=\"_blank\" rel=\"noopener\"><img loading=\"lazy\" decoding=\"async\" class=\"aligncenter wp-image-21638\" src=\"https:\/\/agora.xtec.cat\/esc-maragall-lh\/wp-content\/uploads\/usu1598\/2025\/04\/Diseno-sin-titulo-3-300x170.png\" alt=\"\" width=\"300\" height=\"170\" srcset=\"https:\/\/agora.xtec.cat\/esc-maragall-lh\/wp-content\/uploads\/usu1598\/2025\/04\/Diseno-sin-titulo-3-300x170.png 300w, https:\/\/agora.xtec.cat\/esc-maragall-lh\/wp-content\/uploads\/usu1598\/2025\/04\/Diseno-sin-titulo-3-1024x579.png 1024w, https:\/\/agora.xtec.cat\/esc-maragall-lh\/wp-content\/uploads\/usu1598\/2025\/04\/Diseno-sin-titulo-3-768x434.png 768w, https:\/\/agora.xtec.cat\/esc-maragall-lh\/wp-content\/uploads\/usu1598\/2025\/04\/Diseno-sin-titulo-3.png 1472w\" sizes=\"auto, (max-width: 300px) 100vw, 300px\" \/><\/a><\/td>\n<td style=\"width: 33.3333%; height: 202px;\"><a href=\"https:\/\/agora.xtec.cat\/esc-maragall-lh\/categoria\/curs-25-26\/infantil-2025-26\/inf-4-2025-26\/\" target=\"_blank\" rel=\"noopener\"><img loading=\"lazy\" decoding=\"async\" class=\"aligncenter wp-image-21639 size-medium\" src=\"https:\/\/agora.xtec.cat\/esc-maragall-lh\/wp-content\/uploads\/usu1598\/2025\/04\/Diseno-sin-titulo-4-300x170.png\" alt=\"\" width=\"300\" height=\"170\" srcset=\"https:\/\/agora.xtec.cat\/esc-maragall-lh\/wp-content\/uploads\/usu1598\/2025\/04\/Diseno-sin-titulo-4-300x170.png 300w, https:\/\/agora.xtec.cat\/esc-maragall-lh\/wp-content\/uploads\/usu1598\/2025\/04\/Diseno-sin-titulo-4-1024x579.png 1024w, https:\/\/agora.xtec.cat\/esc-maragall-lh\/wp-content\/uploads\/usu1598\/2025\/04\/Diseno-sin-titulo-4-768x434.png 768w, https:\/\/agora.xtec.cat\/esc-maragall-lh\/wp-content\/uploads\/usu1598\/2025\/04\/Diseno-sin-titulo-4.png 1472w\" sizes=\"auto, (max-width: 300px) 100vw, 300px\" \/><\/a><\/td>\n<td style=\"width: 33.3333%; height: 202px;\"><a href=\"https:\/\/agora.xtec.cat\/esc-maragall-lh\/categoria\/curs-25-26\/infantil-2025-26\/i-5-2025-26\/\" target=\"_blank\" rel=\"noopener\"><img loading=\"lazy\" decoding=\"async\" class=\"aligncenter wp-image-21640 size-medium\" src=\"https:\/\/agora.xtec.cat\/esc-maragall-lh\/wp-content\/uploads\/usu1598\/2025\/04\/Diseno-sin-titulo-5-300x170.png\" alt=\"\" width=\"300\" height=\"170\" srcset=\"https:\/\/agora.xtec.cat\/esc-maragall-lh\/wp-content\/uploads\/usu1598\/2025\/04\/Diseno-sin-titulo-5-300x170.png 300w, https:\/\/agora.xtec.cat\/esc-maragall-lh\/wp-content\/uploads\/usu1598\/2025\/04\/Diseno-sin-titulo-5-1024x579.png 1024w, https:\/\/agora.xtec.cat\/esc-maragall-lh\/wp-content\/uploads\/usu1598\/2025\/04\/Diseno-sin-titulo-5-768x434.png 768w, https:\/\/agora.xtec.cat\/esc-maragall-lh\/wp-content\/uploads\/usu1598\/2025\/04\/Diseno-sin-titulo-5.png 1472w\" sizes=\"auto, (max-width: 300px) 100vw, 300px\" \/><\/a><\/td>\n<\/tr>\n<tr style=\"height: 32px;\">\n<td style=\"width: 33.3333%; height: 32px; text-align: center;\"><a href=\"https:\/\/agora.xtec.cat\/esc-maragall-lh\/categoria\/curs-25-26\/primaria-2025-26\/primer-2025-26\/\" target=\"_blank\" rel=\"noopener noreferrer\">CLASSE DE PRIMER<\/a><\/td>\n<td style=\"width: 33.3333%; height: 32px; text-align: center;\"><a href=\"https:\/\/agora.xtec.cat\/esc-maragall-lh\/categoria\/curs-25-26\/primaria-2025-26\/segon-2025-26\/\" target=\"_blank\" rel=\"noopener\">CLASSE DE SEGON<\/a><\/td>\n<td style=\"width: 33.3333%; height: 32px; text-align: center;\"><a href=\"https:\/\/agora.xtec.cat\/esc-maragall-lh\/categoria\/curs-25-26\/primaria-2025-26\/tercer-2025-26\/\" target=\"_blank\" rel=\"noopener noreferrer\">CLASSE DE TERCER<\/a><\/td>\n<\/tr>\n<tr style=\"height: 32px;\">\n<td style=\"width: 33.3333%; height: 32px;\"><a href=\"https:\/\/agora.xtec.cat\/esc-maragall-lh\/categoria\/curs-25-26\/primaria-2025-26\/primer-2025-26\/\" target=\"_blank\" rel=\"noopener\"><img loading=\"lazy\" decoding=\"async\" class=\"aligncenter wp-image-21650 size-medium\" src=\"https:\/\/agora.xtec.cat\/esc-maragall-lh\/wp-content\/uploads\/usu1598\/2025\/04\/Diseno-sin-titulo-14-300x170.png\" alt=\"\" width=\"300\" height=\"170\" srcset=\"https:\/\/agora.xtec.cat\/esc-maragall-lh\/wp-content\/uploads\/usu1598\/2025\/04\/Diseno-sin-titulo-14-300x170.png 300w, https:\/\/agora.xtec.cat\/esc-maragall-lh\/wp-content\/uploads\/usu1598\/2025\/04\/Diseno-sin-titulo-14-1024x579.png 1024w, https:\/\/agora.xtec.cat\/esc-maragall-lh\/wp-content\/uploads\/usu1598\/2025\/04\/Diseno-sin-titulo-14-768x434.png 768w, https:\/\/agora.xtec.cat\/esc-maragall-lh\/wp-content\/uploads\/usu1598\/2025\/04\/Diseno-sin-titulo-14.png 1472w\" sizes=\"auto, (max-width: 300px) 100vw, 300px\" \/><\/a><\/td>\n<td style=\"width: 33.3333%; height: 32px;\"><a href=\"https:\/\/agora.xtec.cat\/esc-maragall-lh\/categoria\/curs-25-26\/primaria-2025-26\/segon-2025-26\/\" target=\"_blank\" rel=\"noopener\"><img loading=\"lazy\" decoding=\"async\" class=\"aligncenter wp-image-21646 size-medium\" src=\"https:\/\/agora.xtec.cat\/esc-maragall-lh\/wp-content\/uploads\/usu1598\/2025\/04\/CREA-UN-LOGO-ESCOLAR-CON-LAS-PALABRAS-_SEGON_-LAS-PALABARAS-HAN-DE-ESTAR-EN-CATALAN-300x170.jpg\" alt=\"\" width=\"300\" height=\"170\" srcset=\"https:\/\/agora.xtec.cat\/esc-maragall-lh\/wp-content\/uploads\/usu1598\/2025\/04\/CREA-UN-LOGO-ESCOLAR-CON-LAS-PALABRAS-_SEGON_-LAS-PALABARAS-HAN-DE-ESTAR-EN-CATALAN-300x170.jpg 300w, https:\/\/agora.xtec.cat\/esc-maragall-lh\/wp-content\/uploads\/usu1598\/2025\/04\/CREA-UN-LOGO-ESCOLAR-CON-LAS-PALABRAS-_SEGON_-LAS-PALABARAS-HAN-DE-ESTAR-EN-CATALAN-1024x579.jpg 1024w, https:\/\/agora.xtec.cat\/esc-maragall-lh\/wp-content\/uploads\/usu1598\/2025\/04\/CREA-UN-LOGO-ESCOLAR-CON-LAS-PALABRAS-_SEGON_-LAS-PALABARAS-HAN-DE-ESTAR-EN-CATALAN-768x434.jpg 768w, https:\/\/agora.xtec.cat\/esc-maragall-lh\/wp-content\/uploads\/usu1598\/2025\/04\/CREA-UN-LOGO-ESCOLAR-CON-LAS-PALABRAS-_SEGON_-LAS-PALABARAS-HAN-DE-ESTAR-EN-CATALAN.jpg 1472w\" sizes=\"auto, (max-width: 300px) 100vw, 300px\" \/><\/a><\/td>\n<td style=\"width: 33.3333%; height: 32px;\"><a href=\"https:\/\/agora.xtec.cat\/esc-maragall-lh\/categoria\/curs-25-26\/primaria-2025-26\/tercer-2025-26\/\" target=\"_blank\" rel=\"noopener\"><img loading=\"lazy\" decoding=\"async\" class=\"aligncenter wp-image-21642 size-medium\" src=\"https:\/\/agora.xtec.cat\/esc-maragall-lh\/wp-content\/uploads\/usu1598\/2025\/04\/Diseno-sin-titulo-7-300x170.png\" alt=\"\" width=\"300\" height=\"170\" srcset=\"https:\/\/agora.xtec.cat\/esc-maragall-lh\/wp-content\/uploads\/usu1598\/2025\/04\/Diseno-sin-titulo-7-300x170.png 300w, https:\/\/agora.xtec.cat\/esc-maragall-lh\/wp-content\/uploads\/usu1598\/2025\/04\/Diseno-sin-titulo-7-1024x579.png 1024w, https:\/\/agora.xtec.cat\/esc-maragall-lh\/wp-content\/uploads\/usu1598\/2025\/04\/Diseno-sin-titulo-7-768x434.png 768w, https:\/\/agora.xtec.cat\/esc-maragall-lh\/wp-content\/uploads\/usu1598\/2025\/04\/Diseno-sin-titulo-7.png 1472w\" sizes=\"auto, (max-width: 300px) 100vw, 300px\" \/><\/a><\/td>\n<\/tr>\n<tr style=\"height: 32px;\">\n<td style=\"width: 33.3333%; height: 32px; text-align: center;\"><a href=\"https:\/\/agora.xtec.cat\/esc-maragall-lh\/categoria\/curs-25-26\/primaria-2025-26\/quart-2025-26\/\" target=\"_blank\" rel=\"noopener noreferrer\">CLASSE DE QUART<\/a><\/td>\n<td style=\"width: 33.3333%; height: 32px; text-align: center;\"><a href=\"https:\/\/agora.xtec.cat\/esc-maragall-lh\/categoria\/curs-25-26\/primaria-2025-26\/cinque-2025-26\/\" target=\"_blank\" rel=\"noopener noreferrer\">CLASSE DE CINQU\u00c8<\/a><\/td>\n<td style=\"width: 33.3333%; height: 32px; text-align: center;\"><a href=\"https:\/\/agora.xtec.cat\/esc-maragall-lh\/categoria\/curs-25-26\/primaria-2025-26\/sise-2025-26\/\" target=\"_blank\" rel=\"noopener noreferrer\">CLASSE DE SIS\u00c8<\/a><\/td>\n<\/tr>\n<tr style=\"height: 32px;\">\n<td style=\"width: 33.3333%; height: 32px;\"><a href=\"https:\/\/agora.xtec.cat\/esc-maragall-lh\/categoria\/curs-25-26\/primaria-2025-26\/quart-2025-26\/\" target=\"_blank\" rel=\"noopener\"><img loading=\"lazy\" decoding=\"async\" class=\"aligncenter wp-image-21643 size-medium\" src=\"https:\/\/agora.xtec.cat\/esc-maragall-lh\/wp-content\/uploads\/usu1598\/2025\/04\/Diseno-sin-titulo-8-300x170.png\" alt=\"\" width=\"300\" height=\"170\" srcset=\"https:\/\/agora.xtec.cat\/esc-maragall-lh\/wp-content\/uploads\/usu1598\/2025\/04\/Diseno-sin-titulo-8-300x170.png 300w, https:\/\/agora.xtec.cat\/esc-maragall-lh\/wp-content\/uploads\/usu1598\/2025\/04\/Diseno-sin-titulo-8-1024x579.png 1024w, https:\/\/agora.xtec.cat\/esc-maragall-lh\/wp-content\/uploads\/usu1598\/2025\/04\/Diseno-sin-titulo-8-768x434.png 768w, https:\/\/agora.xtec.cat\/esc-maragall-lh\/wp-content\/uploads\/usu1598\/2025\/04\/Diseno-sin-titulo-8.png 1472w\" sizes=\"auto, (max-width: 300px) 100vw, 300px\" \/><\/a><\/td>\n<td style=\"width: 33.3333%; height: 32px;\"><a href=\"https:\/\/agora.xtec.cat\/esc-maragall-lh\/categoria\/curs-25-26\/primaria-2025-26\/cinque-2025-26\/\" target=\"_blank\" rel=\"noopener\"><img loading=\"lazy\" decoding=\"async\" class=\"aligncenter wp-image-21644 size-medium\" src=\"https:\/\/agora.xtec.cat\/esc-maragall-lh\/wp-content\/uploads\/usu1598\/2025\/04\/Diseno-sin-titulo-9-300x170.png\" alt=\"\" width=\"300\" height=\"170\" srcset=\"https:\/\/agora.xtec.cat\/esc-maragall-lh\/wp-content\/uploads\/usu1598\/2025\/04\/Diseno-sin-titulo-9-300x170.png 300w, https:\/\/agora.xtec.cat\/esc-maragall-lh\/wp-content\/uploads\/usu1598\/2025\/04\/Diseno-sin-titulo-9-1024x579.png 1024w, https:\/\/agora.xtec.cat\/esc-maragall-lh\/wp-content\/uploads\/usu1598\/2025\/04\/Diseno-sin-titulo-9-768x434.png 768w, https:\/\/agora.xtec.cat\/esc-maragall-lh\/wp-content\/uploads\/usu1598\/2025\/04\/Diseno-sin-titulo-9.png 1472w\" sizes=\"auto, (max-width: 300px) 100vw, 300px\" \/><\/a><\/td>\n<td style=\"width: 33.3333%; height: 32px;\"><a href=\"https:\/\/agora.xtec.cat\/esc-maragall-lh\/categoria\/curs-25-26\/primaria-2025-26\/sise-2025-26\/\" target=\"_blank\" rel=\"noopener\"><img loading=\"lazy\" decoding=\"async\" class=\"aligncenter wp-image-21645 size-medium\" src=\"https:\/\/agora.xtec.cat\/esc-maragall-lh\/wp-content\/uploads\/usu1598\/2025\/04\/Diseno-sin-titulo-10-300x170.png\" alt=\"\" width=\"300\" height=\"170\" srcset=\"https:\/\/agora.xtec.cat\/esc-maragall-lh\/wp-content\/uploads\/usu1598\/2025\/04\/Diseno-sin-titulo-10-300x170.png 300w, https:\/\/agora.xtec.cat\/esc-maragall-lh\/wp-content\/uploads\/usu1598\/2025\/04\/Diseno-sin-titulo-10-1024x579.png 1024w, https:\/\/agora.xtec.cat\/esc-maragall-lh\/wp-content\/uploads\/usu1598\/2025\/04\/Diseno-sin-titulo-10-768x434.png 768w, https:\/\/agora.xtec.cat\/esc-maragall-lh\/wp-content\/uploads\/usu1598\/2025\/04\/Diseno-sin-titulo-10.png 1472w\" sizes=\"auto, (max-width: 300px) 100vw, 300px\" \/><\/a><\/td>\n<\/tr>\n<\/tbody>\n<\/table>\n<p style=\"text-align: center;\"><a href=\"https:\/\/agora.xtec.cat\/esc-maragall-lh\/recull-enllacos-extra-per-cicles\/\" target=\"_blank\" rel=\"noopener noreferrer\">RECULL ENLLA\u00c7OS EXTRA PER A TOTS ELS CICLES<\/a><a href=\"https:\/\/agora.xtec.cat\/esc-maragall-lh\/recull-enllacos-extra-per-cicles\/\" target=\"_blank\" rel=\"noopener\"><img loading=\"lazy\" decoding=\"async\" class=\"aligncenter size-medium wp-image-21647\" src=\"https:\/\/agora.xtec.cat\/esc-maragall-lh\/wp-content\/uploads\/usu1598\/2025\/04\/Diseno-sin-titulo-11-300x170.png\" alt=\"\" width=\"300\" height=\"170\" srcset=\"https:\/\/agora.xtec.cat\/esc-maragall-lh\/wp-content\/uploads\/usu1598\/2025\/04\/Diseno-sin-titulo-11-300x170.png 300w, https:\/\/agora.xtec.cat\/esc-maragall-lh\/wp-content\/uploads\/usu1598\/2025\/04\/Diseno-sin-titulo-11-1024x579.png 1024w, https:\/\/agora.xtec.cat\/esc-maragall-lh\/wp-content\/uploads\/usu1598\/2025\/04\/Diseno-sin-titulo-11-768x434.png 768w, https:\/\/agora.xtec.cat\/esc-maragall-lh\/wp-content\/uploads\/usu1598\/2025\/04\/Diseno-sin-titulo-11.png 1472w\" sizes=\"auto, (max-width: 300px) 100vw, 300px\" \/><\/a><\/p>\n<table style=\"border-collapse: collapse; width: 100%;\">\n<tbody>\n<tr>\n<td style=\"width: 33.3333%; text-align: center;\"><a href=\"https:\/\/agora.xtec.cat\/esc-maragall-lh\/categoria\/noves-tecnologies-primer\/\" target=\"_blank\" rel=\"noopener\">NOVES TECNOLOGIES PRIMER<\/a><\/td>\n<td style=\"width: 33.3333%; text-align: center;\"><a href=\"https:\/\/agora.xtec.cat\/esc-maragall-lh\/categoria\/noves-tecnologies-segon\/\" target=\"_blank\" rel=\"noopener\">NOVES TECNOLOGIES SEGON<\/a><\/td>\n<td style=\"width: 33.3333%; text-align: center;\"><a href=\"https:\/\/agora.xtec.cat\/esc-maragall-lh\/categoria\/noves-tecnologies-tercer\/\" target=\"_blank\" rel=\"noopener\">NOVES TECNOLOGIES TERCER<\/a><\/td>\n<\/tr>\n<tr>\n<td style=\"width: 33.3333%;\"><a href=\"https:\/\/agora.xtec.cat\/esc-maragall-lh\/categoria\/noves-tecnologies-primer\/\" target=\"_blank\" rel=\"noopener\"><img loading=\"lazy\" decoding=\"async\" class=\"aligncenter size-medium wp-image-21631\" src=\"https:\/\/agora.xtec.cat\/esc-maragall-lh\/wp-content\/uploads\/usu1598\/2025\/04\/Diseno-sin-titulo-300x170.png\" alt=\"\" width=\"300\" height=\"170\" srcset=\"https:\/\/agora.xtec.cat\/esc-maragall-lh\/wp-content\/uploads\/usu1598\/2025\/04\/Diseno-sin-titulo-300x170.png 300w, https:\/\/agora.xtec.cat\/esc-maragall-lh\/wp-content\/uploads\/usu1598\/2025\/04\/Diseno-sin-titulo-1024x579.png 1024w, https:\/\/agora.xtec.cat\/esc-maragall-lh\/wp-content\/uploads\/usu1598\/2025\/04\/Diseno-sin-titulo-768x434.png 768w, https:\/\/agora.xtec.cat\/esc-maragall-lh\/wp-content\/uploads\/usu1598\/2025\/04\/Diseno-sin-titulo.png 1472w\" sizes=\"auto, (max-width: 300px) 100vw, 300px\" \/><\/a><\/td>\n<td style=\"width: 33.3333%;\"><a href=\"https:\/\/agora.xtec.cat\/esc-maragall-lh\/categoria\/noves-tecnologies-segon\/\" target=\"_blank\" rel=\"noopener\"><img loading=\"lazy\" decoding=\"async\" class=\"aligncenter size-medium wp-image-21632\" src=\"https:\/\/agora.xtec.cat\/esc-maragall-lh\/wp-content\/uploads\/usu1598\/2025\/04\/Diseno-sin-titulo-1-300x170.png\" alt=\"\" width=\"300\" height=\"170\" srcset=\"https:\/\/agora.xtec.cat\/esc-maragall-lh\/wp-content\/uploads\/usu1598\/2025\/04\/Diseno-sin-titulo-1-300x170.png 300w, https:\/\/agora.xtec.cat\/esc-maragall-lh\/wp-content\/uploads\/usu1598\/2025\/04\/Diseno-sin-titulo-1-1024x579.png 1024w, https:\/\/agora.xtec.cat\/esc-maragall-lh\/wp-content\/uploads\/usu1598\/2025\/04\/Diseno-sin-titulo-1-768x434.png 768w, https:\/\/agora.xtec.cat\/esc-maragall-lh\/wp-content\/uploads\/usu1598\/2025\/04\/Diseno-sin-titulo-1.png 1472w\" sizes=\"auto, (max-width: 300px) 100vw, 300px\" \/><\/a><\/td>\n<td style=\"width: 33.3333%;\"><a href=\"https:\/\/agora.xtec.cat\/esc-maragall-lh\/categoria\/noves-tecnologies-tercer\/\" target=\"_blank\" rel=\"noopener\"><img loading=\"lazy\" decoding=\"async\" class=\"aligncenter size-medium wp-image-21633\" src=\"https:\/\/agora.xtec.cat\/esc-maragall-lh\/wp-content\/uploads\/usu1598\/2025\/04\/crea-una-imagen-para-un-link-de-una-entrada-de-una-pagina-web-en-el-que-ponga-EN-CATALAN-_NOVES-TECNOLOGIES-TERCER_-TIENEN-QUE-SALIR-SOLO-LAS-PALABRAS-QUE-HAY-ENTRE-COMILLAS-300x170.jpg\" alt=\"\" width=\"300\" height=\"170\" srcset=\"https:\/\/agora.xtec.cat\/esc-maragall-lh\/wp-content\/uploads\/usu1598\/2025\/04\/crea-una-imagen-para-un-link-de-una-entrada-de-una-pagina-web-en-el-que-ponga-EN-CATALAN-_NOVES-TECNOLOGIES-TERCER_-TIENEN-QUE-SALIR-SOLO-LAS-PALABRAS-QUE-HAY-ENTRE-COMILLAS-300x170.jpg 300w, https:\/\/agora.xtec.cat\/esc-maragall-lh\/wp-content\/uploads\/usu1598\/2025\/04\/crea-una-imagen-para-un-link-de-una-entrada-de-una-pagina-web-en-el-que-ponga-EN-CATALAN-_NOVES-TECNOLOGIES-TERCER_-TIENEN-QUE-SALIR-SOLO-LAS-PALABRAS-QUE-HAY-ENTRE-COMILLAS-1024x579.jpg 1024w, https:\/\/agora.xtec.cat\/esc-maragall-lh\/wp-content\/uploads\/usu1598\/2025\/04\/crea-una-imagen-para-un-link-de-una-entrada-de-una-pagina-web-en-el-que-ponga-EN-CATALAN-_NOVES-TECNOLOGIES-TERCER_-TIENEN-QUE-SALIR-SOLO-LAS-PALABRAS-QUE-HAY-ENTRE-COMILLAS-768x434.jpg 768w, https:\/\/agora.xtec.cat\/esc-maragall-lh\/wp-content\/uploads\/usu1598\/2025\/04\/crea-una-imagen-para-un-link-de-una-entrada-de-una-pagina-web-en-el-que-ponga-EN-CATALAN-_NOVES-TECNOLOGIES-TERCER_-TIENEN-QUE-SALIR-SOLO-LAS-PALABRAS-QUE-HAY-ENTRE-COMILLAS.jpg 1472w\" sizes=\"auto, (max-width: 300px) 100vw, 300px\" \/><\/a><\/td>\n<\/tr>\n<tr>\n<td style=\"width: 33.3333%; text-align: center;\"><a href=\"https:\/\/agora.xtec.cat\/esc-maragall-lh\/categoria\/noves-tecnologies-quart\/\" target=\"_blank\" rel=\"noopener\">NOVES TECNOLOGIES QUART<\/a><\/td>\n<td style=\"width: 33.3333%; text-align: center;\"><a href=\"https:\/\/agora.xtec.cat\/esc-maragall-lh\/categoria\/noves-tecnologies-cinque\/\" target=\"_blank\" rel=\"noopener\">NOVES TECNOLOGIES CINQU\u00c8<\/a><\/td>\n<td style=\"width: 33.3333%; text-align: center;\"><a href=\"https:\/\/agora.xtec.cat\/esc-maragall-lh\/categoria\/noves-tecnologies-sise\/\" target=\"_blank\" rel=\"noopener\">NOVES TECNOLOGIES SIS\u00c8<\/a><\/td>\n<\/tr>\n<tr>\n<td style=\"width: 33.3333%;\"><a href=\"https:\/\/agora.xtec.cat\/esc-maragall-lh\/categoria\/noves-tecnologies-quart\/\" target=\"_blank\" rel=\"noopener\"><img loading=\"lazy\" decoding=\"async\" class=\"aligncenter size-medium wp-image-21634\" src=\"https:\/\/agora.xtec.cat\/esc-maragall-lh\/wp-content\/uploads\/usu1598\/2025\/04\/crea-una-imagen-para-un-link-de-una-entrada-de-una-pagina-web-en-el-que-ponga-EN-CATALAN-_NOVES-TECNOLOGIES-QUART_-TIENEN-QUE-SALIR-SOLO-LAS-PALABRAS-QUE-HAY-ENTRE-COMILLAS-300x170.jpg\" alt=\"\" width=\"300\" height=\"170\" srcset=\"https:\/\/agora.xtec.cat\/esc-maragall-lh\/wp-content\/uploads\/usu1598\/2025\/04\/crea-una-imagen-para-un-link-de-una-entrada-de-una-pagina-web-en-el-que-ponga-EN-CATALAN-_NOVES-TECNOLOGIES-QUART_-TIENEN-QUE-SALIR-SOLO-LAS-PALABRAS-QUE-HAY-ENTRE-COMILLAS-300x170.jpg 300w, https:\/\/agora.xtec.cat\/esc-maragall-lh\/wp-content\/uploads\/usu1598\/2025\/04\/crea-una-imagen-para-un-link-de-una-entrada-de-una-pagina-web-en-el-que-ponga-EN-CATALAN-_NOVES-TECNOLOGIES-QUART_-TIENEN-QUE-SALIR-SOLO-LAS-PALABRAS-QUE-HAY-ENTRE-COMILLAS-1024x579.jpg 1024w, https:\/\/agora.xtec.cat\/esc-maragall-lh\/wp-content\/uploads\/usu1598\/2025\/04\/crea-una-imagen-para-un-link-de-una-entrada-de-una-pagina-web-en-el-que-ponga-EN-CATALAN-_NOVES-TECNOLOGIES-QUART_-TIENEN-QUE-SALIR-SOLO-LAS-PALABRAS-QUE-HAY-ENTRE-COMILLAS-768x434.jpg 768w, https:\/\/agora.xtec.cat\/esc-maragall-lh\/wp-content\/uploads\/usu1598\/2025\/04\/crea-una-imagen-para-un-link-de-una-entrada-de-una-pagina-web-en-el-que-ponga-EN-CATALAN-_NOVES-TECNOLOGIES-QUART_-TIENEN-QUE-SALIR-SOLO-LAS-PALABRAS-QUE-HAY-ENTRE-COMILLAS.jpg 1472w\" sizes=\"auto, (max-width: 300px) 100vw, 300px\" \/><\/a><\/td>\n<td style=\"width: 33.3333%;\"><a href=\"https:\/\/agora.xtec.cat\/esc-maragall-lh\/categoria\/noves-tecnologies-cinque\/\" target=\"_blank\" rel=\"noopener\"><img loading=\"lazy\" decoding=\"async\" class=\"aligncenter size-medium wp-image-21635\" src=\"https:\/\/agora.xtec.cat\/esc-maragall-lh\/wp-content\/uploads\/usu1598\/2025\/04\/Texto-300x170.png\" alt=\"\" width=\"300\" height=\"170\" srcset=\"https:\/\/agora.xtec.cat\/esc-maragall-lh\/wp-content\/uploads\/usu1598\/2025\/04\/Texto-300x170.png 300w, https:\/\/agora.xtec.cat\/esc-maragall-lh\/wp-content\/uploads\/usu1598\/2025\/04\/Texto-1024x579.png 1024w, https:\/\/agora.xtec.cat\/esc-maragall-lh\/wp-content\/uploads\/usu1598\/2025\/04\/Texto-768x434.png 768w, https:\/\/agora.xtec.cat\/esc-maragall-lh\/wp-content\/uploads\/usu1598\/2025\/04\/Texto.png 1472w\" sizes=\"auto, (max-width: 300px) 100vw, 300px\" \/><\/a><\/td>\n<td style=\"width: 33.3333%;\"><a href=\"https:\/\/agora.xtec.cat\/esc-maragall-lh\/categoria\/noves-tecnologies-sise\/\" target=\"_blank\" rel=\"noopener\"><img loading=\"lazy\" decoding=\"async\" class=\"aligncenter size-medium wp-image-21636\" src=\"https:\/\/agora.xtec.cat\/esc-maragall-lh\/wp-content\/uploads\/usu1598\/2025\/04\/Diseno-sin-titulo-2-300x170.png\" alt=\"\" width=\"300\" height=\"170\" srcset=\"https:\/\/agora.xtec.cat\/esc-maragall-lh\/wp-content\/uploads\/usu1598\/2025\/04\/Diseno-sin-titulo-2-300x170.png 300w, https:\/\/agora.xtec.cat\/esc-maragall-lh\/wp-content\/uploads\/usu1598\/2025\/04\/Diseno-sin-titulo-2-1024x579.png 1024w, https:\/\/agora.xtec.cat\/esc-maragall-lh\/wp-content\/uploads\/usu1598\/2025\/04\/Diseno-sin-titulo-2-768x434.png 768w, https:\/\/agora.xtec.cat\/esc-maragall-lh\/wp-content\/uploads\/usu1598\/2025\/04\/Diseno-sin-titulo-2.png 1472w\" sizes=\"auto, (max-width: 300px) 100vw, 300px\" \/><\/a><\/td>\n<\/tr>\n<\/tbody>\n<\/table>\n<p style=\"text-align: center;\">\n","protected":false},"excerpt":{"rendered":"<p>CLIQUEU A SOBRE DEL NOM DE LA CLASSE I ARRIBAREU AL SEU BLOG CLASSE D&#8217;INFANTIL-3 ANYS CLASSE D&#8217;INFANTIL-4 ANYS CLASSE D&#8217;INFANTIL-5 ANYS CLASSE DE PRIMER CLASSE DE SEGON CLASSE DE TERCER CLASSE DE QUART CLASSE DE CINQU\u00c8 CLASSE DE SIS\u00c8 RECULL ENLLA\u00c7OS EXTRA PER A TOTS ELS CICLES NOVES TECNOLOGIES PRIMER NOVES TECNOLOGIES SEGON NOVES [&hellip;]<\/p>\n","protected":false},"author":1,"featured_media":0,"parent":0,"menu_order":0,"comment_status":"closed","ping_status":"closed","template":"","meta":{"_bbp_topic_count":0,"_bbp_reply_count":0,"_bbp_total_topic_count":0,"_bbp_total_reply_count":0,"_bbp_voice_count":0,"_bbp_anonymous_reply_count":0,"_bbp_topic_count_hidden":0,"_bbp_reply_count_hidden":0,"_bbp_forum_subforum_count":0,"site-sidebar-layout":"no-sidebar","site-content-layout":"","ast-site-content-layout":"default","site-content-style":"default","site-sidebar-style":"default","ast-global-header-display":"","ast-banner-title-visibility":"","ast-main-header-display":"","ast-hfb-above-header-display":"","ast-hfb-below-header-display":"","ast-hfb-mobile-header-display":"","site-post-title":"","ast-breadcrumbs-content":"","ast-featured-img":"","footer-sml-layout":"","theme-transparent-header-meta":"default","adv-header-id-meta":"","stick-header-meta":"","header-above-stick-meta":"","header-main-stick-meta":"","header-below-stick-meta":"","astra-migrate-meta-layouts":"set","ast-page-background-enabled":"default","ast-page-background-meta":{"desktop":{"background-color":"var(--ast-global-color-4)","background-image":"","background-repeat":"repeat","background-position":"center center","background-size":"auto","background-attachment":"scroll","background-type":"","background-media":"","overlay-type":"","overlay-color":"","overlay-opacity":"","overlay-gradient":""},"tablet":{"background-color":"","background-image":"","background-repeat":"repeat","background-position":"center center","background-size":"auto","background-attachment":"scroll","background-type":"","background-media":"","overlay-type":"","overlay-color":"","overlay-opacity":"","overlay-gradient":""},"mobile":{"background-color":"","background-image":"","background-repeat":"repeat","background-position":"center center","background-size":"auto","background-attachment":"scroll","background-type":"","background-media":"","overlay-type":"","overlay-color":"","overlay-opacity":"","overlay-gradient":""}},"ast-content-background-meta":{"desktop":{"background-color":"var(--ast-global-color-5)","background-image":"","background-repeat":"repeat","background-position":"center center","background-size":"auto","background-attachment":"scroll","background-type":"","background-media":"","overlay-type":"","overlay-color":"","overlay-opacity":"","overlay-gradient":""},"tablet":{"background-color":"var(--ast-global-color-5)","background-image":"","background-repeat":"repeat","background-position":"center center","background-size":"auto","background-attachment":"scroll","background-type":"","background-media":"","overlay-type":"","overlay-color":"","overlay-opacity":"","overlay-gradient":""},"mobile":{"background-color":"var(--ast-global-color-5)","background-image":"","background-repeat":"repeat","background-position":"center center","background-size":"auto","background-attachment":"scroll","background-type":"","background-media":"","overlay-type":"","overlay-color":"","overlay-opacity":"","overlay-gradient":""}},"footnotes":""},"class_list":["post-4485","page","type-page","status-publish","hentry"],"post_mailing_queue_ids":[],"_links":{"self":[{"href":"https:\/\/agora.xtec.cat\/esc-maragall-lh\/wp-json\/wp\/v2\/pages\/4485","targetHints":{"allow":["GET"]}}],"collection":[{"href":"https:\/\/agora.xtec.cat\/esc-maragall-lh\/wp-json\/wp\/v2\/pages"}],"about":[{"href":"https:\/\/agora.xtec.cat\/esc-maragall-lh\/wp-json\/wp\/v2\/types\/page"}],"author":[{"embeddable":true,"href":"https:\/\/agora.xtec.cat\/esc-maragall-lh\/wp-json\/wp\/v2\/users\/1"}],"replies":[{"embeddable":true,"href":"https:\/\/agora.xtec.cat\/esc-maragall-lh\/wp-json\/wp\/v2\/comments?post=4485"}],"version-history":[{"count":6,"href":"https:\/\/agora.xtec.cat\/esc-maragall-lh\/wp-json\/wp\/v2\/pages\/4485\/revisions"}],"predecessor-version":[{"id":22166,"href":"https:\/\/agora.xtec.cat\/esc-maragall-lh\/wp-json\/wp\/v2\/pages\/4485\/revisions\/22166"}],"wp:attachment":[{"href":"https:\/\/agora.xtec.cat\/esc-maragall-lh\/wp-json\/wp\/v2\/media?parent=4485"}],"curies":[{"name":"wp","href":"https:\/\/api.w.org\/{rel}","templated":true}]}}