{"id":36,"date":"2014-09-18T12:33:11","date_gmt":"2014-09-18T11:33:11","guid":{"rendered":"http:\/\/agora.xtec.cat\/esc-maragall-lh\/?page_id=36"},"modified":"2025-07-28T14:59:40","modified_gmt":"2025-07-28T12:59:40","slug":"material-escolar","status":"publish","type":"page","link":"https:\/\/agora.xtec.cat\/esc-maragall-lh\/lescola\/material-escolar\/","title":{"rendered":"Material escolar"},"content":{"rendered":"<ul>\n<li><b><u>L&#8217;agenda escolar<\/u><\/b> serveix de mitj\u00e0 de comunicaci\u00f3 fam\u00edlia-escola i a prim\u00e0ria \u00e9s una eina d&#8217;organitzaci\u00f3 de treball.<\/li>\n<li>Tot l&#8217;alumnat, obligat\u00f2riament, ha de tenir<b> l&#8217;agenda personalitzada de l&#8217;escola <\/b>on est\u00e0n les<b> Normes Generals,<\/b> la Carta de Comprom\u00eds i informacions diverses.<\/li>\n<\/ul>\n<p>&nbsp;<\/p>\n<p style=\"text-align: center;\">CLIQUEU A L&#8217;IMATGE PER ACCEDIR AL LLISTAT LLIBRES I MATERIAL ESCOLAR 2025-26<\/p>\n<p><a href=\"https:\/\/agora.xtec.cat\/esc-maragall-lh\/wp-content\/uploads\/usu1598\/2025\/07\/Llistat-llibres-2025-2026.pdf\"><img loading=\"lazy\" decoding=\"async\" class=\"aligncenter wp-image-22054\" src=\"https:\/\/agora.xtec.cat\/esc-maragall-lh\/wp-content\/uploads\/usu1598\/2025\/07\/ED.-INFANTIL-300x75.png\" alt=\"\" width=\"652\" height=\"163\" srcset=\"https:\/\/agora.xtec.cat\/esc-maragall-lh\/wp-content\/uploads\/usu1598\/2025\/07\/ED.-INFANTIL-300x75.png 300w, https:\/\/agora.xtec.cat\/esc-maragall-lh\/wp-content\/uploads\/usu1598\/2025\/07\/ED.-INFANTIL-1024x256.png 1024w, https:\/\/agora.xtec.cat\/esc-maragall-lh\/wp-content\/uploads\/usu1598\/2025\/07\/ED.-INFANTIL-768x192.png 768w, https:\/\/agora.xtec.cat\/esc-maragall-lh\/wp-content\/uploads\/usu1598\/2025\/07\/ED.-INFANTIL-1536x384.png 1536w, https:\/\/agora.xtec.cat\/esc-maragall-lh\/wp-content\/uploads\/usu1598\/2025\/07\/ED.-INFANTIL.png 1920w\" sizes=\"auto, (max-width: 652px) 100vw, 652px\" \/><\/a><\/p>\n<p style=\"text-align: center;\"><a href=\"https:\/\/agora.xtec.cat\/esc-maragall-lh\/wp-content\/uploads\/usu1598\/2025\/07\/Llistat-llibres-2025-2026.pdf\">INFORMACI\u00d3 PER LES FAM\u00cdLIES DE 3r A 6\u00e8 SOBRE LA SOCIALITZACI\u00d3&#8212;&#8212;&#8212;&gt;CLICA AQU\u00cd<\/a><\/p>\n","protected":false},"excerpt":{"rendered":"<p>L&#8217;agenda escolar serveix de mitj\u00e0 de comunicaci\u00f3 fam\u00edlia-escola i a prim\u00e0ria \u00e9s una eina d&#8217;organitzaci\u00f3 de treball. Tot l&#8217;alumnat, obligat\u00f2riament, ha de tenir l&#8217;agenda personalitzada de l&#8217;escola on est\u00e0n les Normes Generals, la Carta de Comprom\u00eds i informacions diverses. &nbsp; CLIQUEU A L&#8217;IMATGE PER ACCEDIR AL LLISTAT LLIBRES I MATERIAL ESCOLAR 2025-26 INFORMACI\u00d3 PER LES [&hellip;]<\/p>\n","protected":false},"author":1,"featured_media":0,"parent":22,"menu_order":70,"comment_status":"closed","ping_status":"closed","template":"","meta":{"_bbp_topic_count":0,"_bbp_reply_count":0,"_bbp_total_topic_count":0,"_bbp_total_reply_count":0,"_bbp_voice_count":0,"_bbp_anonymous_reply_count":0,"_bbp_topic_count_hidden":0,"_bbp_reply_count_hidden":0,"_bbp_forum_subforum_count":0,"site-sidebar-layout":"default","site-content-layout":"","ast-site-content-layout":"default","site-content-style":"default","site-sidebar-style":"default","ast-global-header-display":"","ast-banner-title-visibility":"","ast-main-header-display":"","ast-hfb-above-header-display":"","ast-hfb-below-header-display":"","ast-hfb-mobile-header-display":"","site-post-title":"","ast-breadcrumbs-content":"","ast-featured-img":"","footer-sml-layout":"","theme-transparent-header-meta":"default","adv-header-id-meta":"","stick-header-meta":"","header-above-stick-meta":"","header-main-stick-meta":"","header-below-stick-meta":"","astra-migrate-meta-layouts":"set","ast-page-background-enabled":"default","ast-page-background-meta":{"desktop":{"background-color":"var(--ast-global-color-4)","background-image":"","background-repeat":"repeat","background-position":"center center","background-size":"auto","background-attachment":"scroll","background-type":"","background-media":"","overlay-type":"","overlay-color":"","overlay-opacity":"","overlay-gradient":""},"tablet":{"background-color":"","background-image":"","background-repeat":"repeat","background-position":"center center","background-size":"auto","background-attachment":"scroll","background-type":"","background-media":"","overlay-type":"","overlay-color":"","overlay-opacity":"","overlay-gradient":""},"mobile":{"background-color":"","background-image":"","background-repeat":"repeat","background-position":"center center","background-size":"auto","background-attachment":"scroll","background-type":"","background-media":"","overlay-type":"","overlay-color":"","overlay-opacity":"","overlay-gradient":""}},"ast-content-background-meta":{"desktop":{"background-color":"var(--ast-global-color-5)","background-image":"","background-repeat":"repeat","background-position":"center center","background-size":"auto","background-attachment":"scroll","background-type":"","background-media":"","overlay-type":"","overlay-color":"","overlay-opacity":"","overlay-gradient":""},"tablet":{"background-color":"var(--ast-global-color-5)","background-image":"","background-repeat":"repeat","background-position":"center center","background-size":"auto","background-attachment":"scroll","background-type":"","background-media":"","overlay-type":"","overlay-color":"","overlay-opacity":"","overlay-gradient":""},"mobile":{"background-color":"var(--ast-global-color-5)","background-image":"","background-repeat":"repeat","background-position":"center center","background-size":"auto","background-attachment":"scroll","background-type":"","background-media":"","overlay-type":"","overlay-color":"","overlay-opacity":"","overlay-gradient":""}},"footnotes":""},"class_list":["post-36","page","type-page","status-publish","hentry"],"post_mailing_queue_ids":[],"_links":{"self":[{"href":"https:\/\/agora.xtec.cat\/esc-maragall-lh\/wp-json\/wp\/v2\/pages\/36","targetHints":{"allow":["GET"]}}],"collection":[{"href":"https:\/\/agora.xtec.cat\/esc-maragall-lh\/wp-json\/wp\/v2\/pages"}],"about":[{"href":"https:\/\/agora.xtec.cat\/esc-maragall-lh\/wp-json\/wp\/v2\/types\/page"}],"author":[{"embeddable":true,"href":"https:\/\/agora.xtec.cat\/esc-maragall-lh\/wp-json\/wp\/v2\/users\/1"}],"replies":[{"embeddable":true,"href":"https:\/\/agora.xtec.cat\/esc-maragall-lh\/wp-json\/wp\/v2\/comments?post=36"}],"version-history":[{"count":6,"href":"https:\/\/agora.xtec.cat\/esc-maragall-lh\/wp-json\/wp\/v2\/pages\/36\/revisions"}],"predecessor-version":[{"id":22057,"href":"https:\/\/agora.xtec.cat\/esc-maragall-lh\/wp-json\/wp\/v2\/pages\/36\/revisions\/22057"}],"up":[{"embeddable":true,"href":"https:\/\/agora.xtec.cat\/esc-maragall-lh\/wp-json\/wp\/v2\/pages\/22"}],"wp:attachment":[{"href":"https:\/\/agora.xtec.cat\/esc-maragall-lh\/wp-json\/wp\/v2\/media?parent=36"}],"curies":[{"name":"wp","href":"https:\/\/api.w.org\/{rel}","templated":true}]}}