{"id":32,"date":"2014-09-18T12:31:33","date_gmt":"2014-09-18T11:31:33","guid":{"rendered":"http:\/\/agora.xtec.cat\/esc-maragall-lh\/?page_id=32"},"modified":"2025-07-28T14:58:57","modified_gmt":"2025-07-28T12:58:57","slug":"calendari-del-curs","status":"publish","type":"page","link":"https:\/\/agora.xtec.cat\/esc-maragall-lh\/lescola\/calendari-del-curs\/","title":{"rendered":"Calendari del curs"},"content":{"rendered":"<p><strong>\u00a0CALENDARI ESCOLAR del curs 2025-26<\/strong><\/p>\n<p><strong><u>\u00a0<\/u><\/strong><strong><u>Vacances de Nadal<\/u><\/strong><\/p>\n<p>Del dia 20 de desembre de 2025 al 7 de gener de 2026, ambd\u00f3s inclosos.<\/p>\n<p><strong><u>Vacances de Setmana Santa<\/u><\/strong><\/p>\n<p>Del dia 28 de mar\u00e7 al 6 d\u2019abril de 2026, ambd\u00f3s inclosos.<\/p>\n<p><strong><u>Festius de lliure disposici\u00f3 <\/u><\/strong><\/p>\n<p>2 de novembre de 2025<\/p>\n<p>5 de desembre\u00a0 de 2025<\/p>\n<p>16 de febrer de 2026<\/p>\n<p>22 de maig de 2026<\/p>\n<p><strong><u>Festius locals<\/u><\/strong><\/p>\n<p>24 de setembre de 2025 i 25 de maig de 2026<\/p>\n<p><strong><u>Jornada intensiva<\/u><\/strong><\/p>\n<p>19 de desembre de 2025 <strong>de 9 a 13h<\/strong><\/p>\n<p>Del dia 8 al 19 de juny de 2026, ambd\u00f3s inclosos, <strong>de 9 a 13,00h<\/strong><\/p>\n<p><strong><u>\u00daltim dia de curs<\/u><\/strong><\/p>\n<p>19 de juny de 2026<\/p>\n<p><a href=\"https:\/\/agora.xtec.cat\/esc-maragall-lh\/wp-content\/uploads\/usu1598\/2025\/07\/Calendari-2025-2026.pdf\">PER DESCARREGAR EL CALENDARI ESCOLAR EN FORMAT PDF IMPRIMIBLE&#8212;-&gt;CLICA AQU\u00cd<\/a><\/p>\n<p>&nbsp;<\/p>\n<p>L\u2019<b>horari lectiu<\/b>\u00a0del centre \u00e9s de 9 a 12,30 h i de 15,00 a 16,30 h per a tots els alumnes del centre.<\/p>\n<p>Per als alumnes que inicien l\u2019escolaritzaci\u00f3 a I-3 s\u2019organitza un breu per\u00edode d\u2019adaptaci\u00f3 que suposa una certa modificaci\u00f3 dels horaris de la primera setmana de classe, i que es fa saber a les fam\u00edlies en les reunions pr\u00e8vies corresponents.<\/p>\n","protected":false},"excerpt":{"rendered":"<p>\u00a0CALENDARI ESCOLAR del curs 2025-26 \u00a0Vacances de Nadal Del dia 20 de desembre de 2025 al 7 de gener de 2026, ambd\u00f3s inclosos. Vacances de Setmana Santa Del dia 28 de mar\u00e7 al 6 d\u2019abril de 2026, ambd\u00f3s inclosos. Festius de lliure disposici\u00f3 2 de novembre de 2025 5 de desembre\u00a0 de 2025 16 de [&hellip;]<\/p>\n","protected":false},"author":1,"featured_media":0,"parent":22,"menu_order":50,"comment_status":"closed","ping_status":"closed","template":"","meta":{"_bbp_topic_count":0,"_bbp_reply_count":0,"_bbp_total_topic_count":0,"_bbp_total_reply_count":0,"_bbp_voice_count":0,"_bbp_anonymous_reply_count":0,"_bbp_topic_count_hidden":0,"_bbp_reply_count_hidden":0,"_bbp_forum_subforum_count":0,"site-sidebar-layout":"default","site-content-layout":"","ast-site-content-layout":"default","site-content-style":"default","site-sidebar-style":"default","ast-global-header-display":"","ast-banner-title-visibility":"","ast-main-header-display":"","ast-hfb-above-header-display":"","ast-hfb-below-header-display":"","ast-hfb-mobile-header-display":"","site-post-title":"","ast-breadcrumbs-content":"","ast-featured-img":"","footer-sml-layout":"","theme-transparent-header-meta":"default","adv-header-id-meta":"","stick-header-meta":"","header-above-stick-meta":"","header-main-stick-meta":"","header-below-stick-meta":"","astra-migrate-meta-layouts":"set","ast-page-background-enabled":"default","ast-page-background-meta":{"desktop":{"background-color":"var(--ast-global-color-4)","background-image":"","background-repeat":"repeat","background-position":"center center","background-size":"auto","background-attachment":"scroll","background-type":"","background-media":"","overlay-type":"","overlay-color":"","overlay-opacity":"","overlay-gradient":""},"tablet":{"background-color":"","background-image":"","background-repeat":"repeat","background-position":"center center","background-size":"auto","background-attachment":"scroll","background-type":"","background-media":"","overlay-type":"","overlay-color":"","overlay-opacity":"","overlay-gradient":""},"mobile":{"background-color":"","background-image":"","background-repeat":"repeat","background-position":"center center","background-size":"auto","background-attachment":"scroll","background-type":"","background-media":"","overlay-type":"","overlay-color":"","overlay-opacity":"","overlay-gradient":""}},"ast-content-background-meta":{"desktop":{"background-color":"var(--ast-global-color-5)","background-image":"","background-repeat":"repeat","background-position":"center center","background-size":"auto","background-attachment":"scroll","background-type":"","background-media":"","overlay-type":"","overlay-color":"","overlay-opacity":"","overlay-gradient":""},"tablet":{"background-color":"var(--ast-global-color-5)","background-image":"","background-repeat":"repeat","background-position":"center center","background-size":"auto","background-attachment":"scroll","background-type":"","background-media":"","overlay-type":"","overlay-color":"","overlay-opacity":"","overlay-gradient":""},"mobile":{"background-color":"var(--ast-global-color-5)","background-image":"","background-repeat":"repeat","background-position":"center center","background-size":"auto","background-attachment":"scroll","background-type":"","background-media":"","overlay-type":"","overlay-color":"","overlay-opacity":"","overlay-gradient":""}},"footnotes":""},"class_list":["post-32","page","type-page","status-publish","hentry"],"post_mailing_queue_ids":[],"_links":{"self":[{"href":"https:\/\/agora.xtec.cat\/esc-maragall-lh\/wp-json\/wp\/v2\/pages\/32","targetHints":{"allow":["GET"]}}],"collection":[{"href":"https:\/\/agora.xtec.cat\/esc-maragall-lh\/wp-json\/wp\/v2\/pages"}],"about":[{"href":"https:\/\/agora.xtec.cat\/esc-maragall-lh\/wp-json\/wp\/v2\/types\/page"}],"author":[{"embeddable":true,"href":"https:\/\/agora.xtec.cat\/esc-maragall-lh\/wp-json\/wp\/v2\/users\/1"}],"replies":[{"embeddable":true,"href":"https:\/\/agora.xtec.cat\/esc-maragall-lh\/wp-json\/wp\/v2\/comments?post=32"}],"version-history":[{"count":6,"href":"https:\/\/agora.xtec.cat\/esc-maragall-lh\/wp-json\/wp\/v2\/pages\/32\/revisions"}],"predecessor-version":[{"id":22053,"href":"https:\/\/agora.xtec.cat\/esc-maragall-lh\/wp-json\/wp\/v2\/pages\/32\/revisions\/22053"}],"up":[{"embeddable":true,"href":"https:\/\/agora.xtec.cat\/esc-maragall-lh\/wp-json\/wp\/v2\/pages\/22"}],"wp:attachment":[{"href":"https:\/\/agora.xtec.cat\/esc-maragall-lh\/wp-json\/wp\/v2\/media?parent=32"}],"curies":[{"name":"wp","href":"https:\/\/api.w.org\/{rel}","templated":true}]}}