{"id":28,"date":"2014-09-18T12:29:35","date_gmt":"2014-09-18T11:29:35","guid":{"rendered":"http:\/\/agora.xtec.cat\/esc-maragall-lh\/?page_id=28"},"modified":"2025-07-28T14:57:57","modified_gmt":"2025-07-28T12:57:57","slug":"consell-escolar","status":"publish","type":"page","link":"https:\/\/agora.xtec.cat\/esc-maragall-lh\/lescola\/consell-escolar\/","title":{"rendered":"Consell escolar"},"content":{"rendered":"<p style=\"text-align: center;\"><span style=\"font-size: medium; color: #ff0000;\"><b>COMPOSICI\u00d3 DEL CONSELL ESCOLAR:<\/b><\/span><\/p>\n<p><span style=\"font-size: medium;\"><b>Directora<\/b>\u00a0 \u00a0 \u00a0 \u00a0 \u00a0 \u00a0 \u00a0 \u00a0 \u00a0 M. Carmen L\u00f3pez Arango<\/span><\/p>\n<p><span style=\"font-size: medium;\"><b>Cap d\u2019Estudis<\/b> \u00a0\u00a0\u00a0\u00a0\u00a0\u00a0\u00a0 Robert Moreno Galera<\/span><\/p>\n<p><span style=\"font-size: medium;\"><b>Secret\u00e0ria<\/b> \u00a0 \u00a0 \u00a0 \u00a0 \u00a0 \u00a0 \u00a0 Ana Castej\u00f3n<\/span><\/p>\n<p><span style=\"font-size: medium;\">\u00a0<\/span><\/p>\n<p><span style=\"font-size: medium;\"><b>Sector professors\/res<\/b>: Alba Figueroa Dom\u00ednguez, Judit Garc\u00eda Ramos, Ana Castej\u00f3n de la Fuente, Esther Mar\u00edn Pizarro i Vict\u00f2ria Joly.<\/span><\/p>\n<p><span style=\"font-size: medium;\"><b>Sector Fam\u00edlies<\/b>: Ana Bel\u00e9n Hinojosa Gonz\u00e1lez, Carolina Madrid Navarro, Elisabeth Ruiz Valle i Jos\u00e9 Manuel Santos Pinto.<\/span><\/p>\n<p><span style=\"font-size: medium;\"><b>Sector AFA<\/b>: Ana Bel\u00e9n Hinojosa Gonz\u00e1lez<\/span><\/p>\n<p><span style=\"font-size: medium;\"><b>Sector PAS<\/b>: Jos\u00e9 Gabriel Lancharro Barco<\/span><\/p>\n<p><span style=\"font-size: medium;\"><b>Representant de l\u2019Ajuntament: <\/b>Jose Antonio Alcaide<br \/>\n<\/span><\/p>\n<p><span style=\"font-size: medium;\">\u00a0<\/span><\/p>\n<div style=\"text-align: center;\"><\/div>\n<p style=\"text-align: center;\"><span style=\"font-size: medium;\"><b><span style=\"color: #ff0000;\">COMISSIONS DEL CONSELL ESCOLAR<\/span> :<\/b><\/span><\/p>\n<p style=\"text-align: left;\"><span style=\"color: #ff0000;\"><b>COMISSI\u00d3 PERMANENT<\/b><\/span><\/p>\n<p><span style=\"font-size: medium;\">M. Carmen L\u00f3pez Arango\u00a0 \u00a0 \u00a0 \u00a0 \u00a0 \u00a0 \u00a0 \u00a0 \u00a0Directora<\/span><\/p>\n<p><span style=\"font-size: medium;\">Robert Moreno Galera\u00a0 \u00a0 \u00a0 \u00a0 \u00a0 \u00a0 \u00a0 \u00a0 \u00a0 \u00a0 \u00a0 Cap d\u2019estudis<\/span><\/p>\n<p><span style=\"font-size: medium;\">Ana Bel\u00e9n Hinojosa Gonz\u00e1lez \u00a0 \u00a0 \u00a0 \u00a0 \u00a0Representant fam\u00edlies<\/span><\/p>\n<p><span style=\"font-size: medium;\">Judit Garc\u00eda Ramos\u00a0 \u00a0 \u00a0 \u00a0 \u00a0 \u00a0 \u00a0 \u00a0 \u00a0 \u00a0 \u00a0 \u00a0 \u00a0 Representant mestres<\/span><\/p>\n<p><span style=\"font-size: medium;\">Ana Castej\u00f3n \u00a0 \u00a0 \u00a0 \u00a0 \u00a0 \u00a0 \u00a0 \u00a0 \u00a0 \u00a0 \u00a0 \u00a0 \u00a0 \u00a0 \u00a0 \u00a0 \u00a0 \u00a0 Secret\u00e0ria<\/span><\/p>\n<p>&nbsp;<\/p>\n<p><span style=\"color: #ff0000;\"><b>COMISSI\u00d3 ECON\u00d2MICA<\/b><\/span><\/p>\n<p>M. Carmen L\u00f3pez Arango<span style=\"font-size: medium;\"><span style=\"color: #000000;\">\u00a0 \u00a0 \u00a0 \u00a0<\/span>\u00a0 \u00a0 \u00a0 \u00a0 \u00a0 \u00a0 \u00a0Directora<\/span><\/p>\n<p><span style=\"font-size: medium;\">Jos\u00e9 Manuel Santos Pinto \u00a0 \u00a0 \u00a0 \u00a0 \u00a0 \u00a0 \u00a0 \u00a0 \u00a0 Representant fam\u00edlies<\/span><\/p>\n<p><span style=\"font-size: medium;\">Ana Castej\u00f3n de la Fuente \u00a0 \u00a0 \u00a0 \u00a0 \u00a0 \u00a0 \u00a0 \u00a0 \u00a0Representant mestres<\/span><\/p>\n<p><span style=\"font-size: medium;\">Jose Antonio Alcaide \u00a0 \u00a0 \u00a0 \u00a0 \u00a0 \u00a0 \u00a0 \u00a0 \u00a0 \u00a0 \u00a0 \u00a0 \u00a0 Representant Ajuntament<\/span><\/p>\n<p><span style=\"font-size: medium;\">Ana Castej\u00f3n <\/span><span style=\"font-size: medium;\">\u00a0 \u00a0 \u00a0 \u00a0 \u00a0 \u00a0 \u00a0 \u00a0 \u00a0 \u00a0 \u00a0 \u00a0 \u00a0 \u00a0 \u00a0 \u00a0 \u00a0 \u00a0 \u00a0 \u00a0 Secret\u00e0ria<\/span><\/p>\n<p>&nbsp;<\/p>\n<p><span style=\"color: #ff0000;\"><b>COMISSI\u00d3 MENJADOR<\/b><\/span><\/p>\n<p><span style=\"font-size: medium;\">M.Carmen L\u00f3pez Arango\u00a0 \u00a0 \u00a0 \u00a0 \u00a0 \u00a0 \u00a0 \u00a0 \u00a0 \u00a0 \u00a0 \u00a0 \u00a0 \u00a0 Directora<\/span><\/p>\n<p><span style=\"font-size: medium;\">Robert Moreno Galera<\/span> \u00a0 \u00a0 \u00a0 \u00a0 \u00a0 \u00a0 \u00a0 \u00a0 \u00a0 \u00a0 \u00a0 \u00a0 \u00a0 \u00a0 \u00a0 \u00a0Cap d&#8217;estudis<\/p>\n<p><span style=\"font-size: medium;\">\u00a0 \u00a0 \u00a0 \u00a0 \u00a0 \u00a0 \u00a0 \u00a0 \u00a0 \u00a0 \u00a0 \u00a0 \u00a0 \u00a0 \u00a0 \u00a0 \u00a0 \u00a0 \u00a0 \u00a0 \u00a0 \u00a0 \u00a0 \u00a0 \u00a0 \u00a0 \u00a0 \u00a0 \u00a0 \u00a0 \u00a0 \u00a0 \u00a0 \u00a0 Representant fam\u00edlies<\/span><\/p>\n<p><span style=\"font-size: medium;\">Ariadna Grau Plan\u00e0s \u00a0 \u00a0 \u00a0 \u00a0 \u00a0 \u00a0 \u00a0 \u00a0 \u00a0 \u00a0 \u00a0 \u00a0 \u00a0 \u00a0 \u00a0 \u00a0 \u00a0 Representant mestres\u00a0 \u00a0 \u00a0<\/span><\/p>\n<p><span style=\"font-size: medium;\">Ana Castej\u00f3n <\/span><span style=\"font-size: medium;\">\u00a0 \u00a0 \u00a0 \u00a0 \u00a0 \u00a0 \u00a0 \u00a0 \u00a0 \u00a0 \u00a0 \u00a0 \u00a0 \u00a0 \u00a0 \u00a0 \u00a0 \u00a0 \u00a0 \u00a0 \u00a0 \u00a0 \u00a0 \u00a0Secret\u00e0ria<\/span><\/p>\n<p>&nbsp;<\/p>\n<p><span style=\"color: #ff0000;\"><b>COMISSI\u00d3 DE CONVIV\u00c8NCIA<\/b><\/span><\/p>\n<p><span style=\"font-size: medium;\">M.Carmen L\u00f3pez Arango\u00a0 \u00a0 \u00a0 \u00a0 \u00a0 \u00a0 \u00a0 \u00a0 \u00a0 \u00a0 \u00a0 \u00a0 \u00a0 \u00a0 Directora<\/span><\/p>\n<p><span style=\"font-size: medium;\">Robert Moreno Galera<\/span>\u00a0 \u00a0 \u00a0 \u00a0 \u00a0 \u00a0 \u00a0 \u00a0 \u00a0 \u00a0 \u00a0 \u00a0 \u00a0 \u00a0 \u00a0 \u00a0 Cap d&#8217;estudis<\/p>\n<p><span style=\"font-size: medium;\">Ana Castej\u00f3n \u00a0 \u00a0 \u00a0 \u00a0 \u00a0 \u00a0 \u00a0 \u00a0 \u00a0 \u00a0 \u00a0 \u00a0 \u00a0 \u00a0 \u00a0 \u00a0 \u00a0 \u00a0 \u00a0 \u00a0 \u00a0 \u00a0 \u00a0Secret\u00e0ria<\/span><\/p>\n<p><span style=\"font-size: medium;\">Esther Mar\u00edn i\u00a0<\/span> \u00a0 <span style=\"font-size: medium;\">Alba Figueroa<\/span>\u00a0 \u00a0 \u00a0 \u00a0 \u00a0 \u00a0 \u00a0 \u00a0 \u00a0 \u00a0Representant mestres<\/p>\n<p><span style=\"font-size: medium;\">Elisabeth Ruiz Valle \u00a0 \u00a0 \u00a0 \u00a0 \u00a0 \u00a0 \u00a0 \u00a0 \u00a0 \u00a0 \u00a0 \u00a0 \u00a0 \u00a0 \u00a0 \u00a0 \u00a0 \u00a0Representant fam\u00edlies<\/span><\/p>\n<p><span style=\"font-size: medium;\">Ana Bel\u00e9n Hinojosa Gonz\u00e1lez<\/span> \u00a0 \u00a0 \u00a0 \u00a0 \u00a0 \u00a0 \u00a0 \u00a0 \u00a0 \u00a0Representant <span style=\"font-size: medium;\">fam\u00edlies<\/span><\/p>\n<p>&nbsp;<\/p>\n<p>&nbsp;<\/p>\n","protected":false},"excerpt":{"rendered":"<p>COMPOSICI\u00d3 DEL CONSELL ESCOLAR: Directora\u00a0 \u00a0 \u00a0 \u00a0 \u00a0 \u00a0 \u00a0 \u00a0 \u00a0 M. Carmen L\u00f3pez Arango Cap d\u2019Estudis \u00a0\u00a0\u00a0\u00a0\u00a0\u00a0\u00a0 Robert Moreno Galera Secret\u00e0ria \u00a0 \u00a0 \u00a0 \u00a0 \u00a0 \u00a0 \u00a0 Ana Castej\u00f3n \u00a0 Sector professors\/res: Alba Figueroa Dom\u00ednguez, Judit Garc\u00eda Ramos, Ana Castej\u00f3n de la Fuente, Esther Mar\u00edn Pizarro i Vict\u00f2ria Joly. Sector Fam\u00edlies: [&hellip;]<\/p>\n","protected":false},"author":1,"featured_media":0,"parent":22,"menu_order":30,"comment_status":"closed","ping_status":"closed","template":"","meta":{"_bbp_topic_count":0,"_bbp_reply_count":0,"_bbp_total_topic_count":0,"_bbp_total_reply_count":0,"_bbp_voice_count":0,"_bbp_anonymous_reply_count":0,"_bbp_topic_count_hidden":0,"_bbp_reply_count_hidden":0,"_bbp_forum_subforum_count":0,"site-sidebar-layout":"default","site-content-layout":"","ast-site-content-layout":"default","site-content-style":"default","site-sidebar-style":"default","ast-global-header-display":"","ast-banner-title-visibility":"","ast-main-header-display":"","ast-hfb-above-header-display":"","ast-hfb-below-header-display":"","ast-hfb-mobile-header-display":"","site-post-title":"","ast-breadcrumbs-content":"","ast-featured-img":"","footer-sml-layout":"","theme-transparent-header-meta":"default","adv-header-id-meta":"","stick-header-meta":"","header-above-stick-meta":"","header-main-stick-meta":"","header-below-stick-meta":"","astra-migrate-meta-layouts":"set","ast-page-background-enabled":"default","ast-page-background-meta":{"desktop":{"background-color":"var(--ast-global-color-4)","background-image":"","background-repeat":"repeat","background-position":"center center","background-size":"auto","background-attachment":"scroll","background-type":"","background-media":"","overlay-type":"","overlay-color":"","overlay-opacity":"","overlay-gradient":""},"tablet":{"background-color":"","background-image":"","background-repeat":"repeat","background-position":"center center","background-size":"auto","background-attachment":"scroll","background-type":"","background-media":"","overlay-type":"","overlay-color":"","overlay-opacity":"","overlay-gradient":""},"mobile":{"background-color":"","background-image":"","background-repeat":"repeat","background-position":"center center","background-size":"auto","background-attachment":"scroll","background-type":"","background-media":"","overlay-type":"","overlay-color":"","overlay-opacity":"","overlay-gradient":""}},"ast-content-background-meta":{"desktop":{"background-color":"var(--ast-global-color-5)","background-image":"","background-repeat":"repeat","background-position":"center center","background-size":"auto","background-attachment":"scroll","background-type":"","background-media":"","overlay-type":"","overlay-color":"","overlay-opacity":"","overlay-gradient":""},"tablet":{"background-color":"var(--ast-global-color-5)","background-image":"","background-repeat":"repeat","background-position":"center center","background-size":"auto","background-attachment":"scroll","background-type":"","background-media":"","overlay-type":"","overlay-color":"","overlay-opacity":"","overlay-gradient":""},"mobile":{"background-color":"var(--ast-global-color-5)","background-image":"","background-repeat":"repeat","background-position":"center center","background-size":"auto","background-attachment":"scroll","background-type":"","background-media":"","overlay-type":"","overlay-color":"","overlay-opacity":"","overlay-gradient":""}},"footnotes":""},"class_list":["post-28","page","type-page","status-publish","hentry"],"post_mailing_queue_ids":[],"_links":{"self":[{"href":"https:\/\/agora.xtec.cat\/esc-maragall-lh\/wp-json\/wp\/v2\/pages\/28","targetHints":{"allow":["GET"]}}],"collection":[{"href":"https:\/\/agora.xtec.cat\/esc-maragall-lh\/wp-json\/wp\/v2\/pages"}],"about":[{"href":"https:\/\/agora.xtec.cat\/esc-maragall-lh\/wp-json\/wp\/v2\/types\/page"}],"author":[{"embeddable":true,"href":"https:\/\/agora.xtec.cat\/esc-maragall-lh\/wp-json\/wp\/v2\/users\/1"}],"replies":[{"embeddable":true,"href":"https:\/\/agora.xtec.cat\/esc-maragall-lh\/wp-json\/wp\/v2\/comments?post=28"}],"version-history":[{"count":7,"href":"https:\/\/agora.xtec.cat\/esc-maragall-lh\/wp-json\/wp\/v2\/pages\/28\/revisions"}],"predecessor-version":[{"id":22068,"href":"https:\/\/agora.xtec.cat\/esc-maragall-lh\/wp-json\/wp\/v2\/pages\/28\/revisions\/22068"}],"up":[{"embeddable":true,"href":"https:\/\/agora.xtec.cat\/esc-maragall-lh\/wp-json\/wp\/v2\/pages\/22"}],"wp:attachment":[{"href":"https:\/\/agora.xtec.cat\/esc-maragall-lh\/wp-json\/wp\/v2\/media?parent=28"}],"curies":[{"name":"wp","href":"https:\/\/api.w.org\/{rel}","templated":true}]}}