{"id":26,"date":"2014-09-18T12:24:32","date_gmt":"2014-09-18T11:24:32","guid":{"rendered":"http:\/\/agora.xtec.cat\/esc-maragall-lh\/?page_id=26"},"modified":"2025-07-28T14:57:00","modified_gmt":"2025-07-28T12:57:00","slug":"historia","status":"publish","type":"page","link":"https:\/\/agora.xtec.cat\/esc-maragall-lh\/lescola\/historia\/","title":{"rendered":"Trets d&#8217;identitat"},"content":{"rendered":"<h3 style=\"text-align: center;\"><span style=\"color: #ff0000;\"><strong>Qui som?<\/strong><\/span><\/h3>\n<ul>\n<li><strong>\u00a0<\/strong>Escola <strong>P\u00fablica<\/strong> d\u2019Infantil i Prim\u00e0ria de 3 a 12 anys<\/li>\n<\/ul>\n<p><strong>\u00a0\u00a0\u00a0 &#8211;<\/strong> 3 aules d\u2019Infantil, de I-3 a I-5<\/p>\n<p><strong>\u00a0 \u00a0 \u00a0&#8211; <\/strong>6 aules de Prim\u00e0ria, de 1r a 6\u00e8<\/p>\n<p>&nbsp;<\/p>\n<ul>\n<li>Escola<strong> acollidora: <\/strong>mantenim un tracte personalitzat i dialogant amb l\u2019alumnat i les seves fam\u00edlies.<\/li>\n<li>Escola <strong>aconfessional, catalana, plural, integradora i sostenible<\/strong><\/li>\n<li>Escola<strong> Verda:<\/strong> Treballem perqu\u00e8 l\u2019educaci\u00f3 ambiental formi part de la vida quotidiana dels infants adquirint h\u00e0bits i compromisos per ser respec-tuosos amb el medi ambient.<\/li>\n<li><strong>Singularitzaci\u00f3 d\u2019excel\u00b7l\u00e8ncia:\u00a0<\/strong><strong>FEM T\u00c0NDEM L\u2019H <\/strong>amb la Biblioteca Tecla Sala.<\/li>\n<li><strong>\u00a0<\/strong>Utilitzem el <strong>catal\u00e0<\/strong> com a llengua vehicular i d\u2019aprenentatge.<\/li>\n<li>Utilitzem les <strong>noves tecnologies<\/strong> com a complement per l\u2019aprenentatge: aula d\u2019inform\u00e0tica, pissarres digitals a les aules de prim\u00e0ria i pantalles multi t\u00e0ctils a les d\u2019educaci\u00f3 infantil.<\/li>\n<\/ul>\n<p><span style=\"font-size: medium;\">\u00a0<\/span><\/p>\n<h3 style=\"text-align: center;\"><span style=\"color: #ff0000;\"><strong>Qu\u00e8 pretenem?<\/strong><\/span><\/h3>\n<ul>\n<li>Crear un <strong>ambient estimulador<\/strong> en el que els nens i les nenes siguin els <strong>protagonistes del seu propi aprenentatge <\/strong>ajudant-los a desenvolupar les seves capacitats intel\u00b7lectuals, emocionals, cognitives, d\u2019expressi\u00f3 i motrius.<\/li>\n<li>Donar instruments per a fer-los\u00a0<strong>competents<\/strong> en tots els \u00e0mbits de la seva vida.<\/li>\n<li>Que els nostres alumnes siguin persones cr\u00edtiques, observadores, responsables amb el medi, amb el treball, en definitiva, que arribin a ser <strong>persones \u00edntegres.<\/strong><\/li>\n<\/ul>\n<p>&nbsp;<\/p>\n<div dir=\"ltr\">\n<h3 style=\"text-align: center;\"><span style=\"color: #ff0000;\"><strong>Qu\u00e8 fem?<\/strong><\/span><\/h3>\n<p>&nbsp;<\/p>\n<ul>\n<li><strong>Tallers<\/strong> <strong>Art\u00edstics <\/strong>a Educaci\u00f3 Infantil<\/li>\n<li><strong>Ambients<\/strong> <strong>de joc i de treball<\/strong> a Educaci\u00f3 Infantil<\/li>\n<li><strong>Sortides<\/strong> relacionades amb els objectius curriculars<\/li>\n<li>Participem en activitats proposades per l\u2019<strong>Ajuntament<\/strong><\/li>\n<li><strong>Projectes<\/strong>:<\/li>\n<\/ul>\n<p>&#8211;\u00a0<strong>Hort<\/strong> escolar a tots els nivells<\/p>\n<p>&#8211;\u00a0<strong>Biblioteca<\/strong>: PuntEdu a tots els\u00a0nivells<\/p>\n<p>&#8211;<strong> Orator<\/strong> a Cicle Mitj\u00e0 i Superior: \u00a0Angl\u00e8s en grups redu\u00efts i Projecte\u00a0\u00a0<strong>Sharing to learn<\/strong><\/p>\n<p>&#8211;\u00a0<strong>Projectes al&#8217;\u00e0mbit de medi<\/strong> en el que participen tots els alumnes d&#8217;I-3 a 6\u00e8.<\/p>\n<ul>\n<li><strong>Refor\u00e7os<\/strong> i <strong>desdoblaments<\/strong> a tots els nivells<\/li>\n<li><strong>Atenci\u00f3<\/strong> als alumnes amb NESE<\/li>\n<li><strong>Celebraci\u00f3 <\/strong>de les Festes tradicionals de Catalunya<\/li>\n<li><strong>Continu\u00eftat<\/strong> amb els Instituts de la zona: Can Vilumara, Merc\u00e8 Rodoreda i Apel\u00b7les Mestres<\/li>\n<\/ul>\n<h3 style=\"text-align: center;\"><span style=\"color: #ff0000;\"><strong>L\u2019Escola ofereix<\/strong><\/span><\/h3>\n<ul>\n<li><strong>\u00a0<\/strong><strong>Atenci\u00f3 personalitzada<\/strong> a les fam\u00edlies<\/li>\n<li><strong>\u00a0<\/strong><strong>Menjador escolar:<\/strong> Activitats pels grups i migdiada a I-3<\/li>\n<li>Activitats i serveis de l\u2019<strong>AMPA:<\/strong><\/li>\n<\/ul>\n<p>\u2013 Servei d\u2019acollida matinal<\/p>\n<p>\u2013 Proporciona l\u2019agenda escolar<\/p>\n<p>\u2013 Activitats Extraescolars, Col\u00f2nies d&#8217;I-3 a 6\u00e8 i Casal d\u2019estiu.<\/p>\n<p>\u2013 Col\u00b7labora i organitza festes amb l\u2019escola.<\/p>\n<\/div>\n","protected":false},"excerpt":{"rendered":"<p>Qui som? \u00a0Escola P\u00fablica d\u2019Infantil i Prim\u00e0ria de 3 a 12 anys \u00a0\u00a0\u00a0 &#8211; 3 aules d\u2019Infantil, de I-3 a I-5 \u00a0 \u00a0 \u00a0&#8211; 6 aules de Prim\u00e0ria, de 1r a 6\u00e8 &nbsp; Escola acollidora: mantenim un tracte personalitzat i dialogant amb l\u2019alumnat i les seves fam\u00edlies. Escola aconfessional, catalana, plural, integradora i sostenible Escola [&hellip;]<\/p>\n","protected":false},"author":1,"featured_media":0,"parent":22,"menu_order":20,"comment_status":"closed","ping_status":"closed","template":"","meta":{"_bbp_topic_count":0,"_bbp_reply_count":0,"_bbp_total_topic_count":0,"_bbp_total_reply_count":0,"_bbp_voice_count":0,"_bbp_anonymous_reply_count":0,"_bbp_topic_count_hidden":0,"_bbp_reply_count_hidden":0,"_bbp_forum_subforum_count":0,"site-sidebar-layout":"default","site-content-layout":"","ast-site-content-layout":"default","site-content-style":"default","site-sidebar-style":"default","ast-global-header-display":"","ast-banner-title-visibility":"","ast-main-header-display":"","ast-hfb-above-header-display":"","ast-hfb-below-header-display":"","ast-hfb-mobile-header-display":"","site-post-title":"","ast-breadcrumbs-content":"","ast-featured-img":"","footer-sml-layout":"","theme-transparent-header-meta":"default","adv-header-id-meta":"","stick-header-meta":"","header-above-stick-meta":"","header-main-stick-meta":"","header-below-stick-meta":"","astra-migrate-meta-layouts":"set","ast-page-background-enabled":"default","ast-page-background-meta":{"desktop":{"background-color":"var(--ast-global-color-4)","background-image":"","background-repeat":"repeat","background-position":"center center","background-size":"auto","background-attachment":"scroll","background-type":"","background-media":"","overlay-type":"","overlay-color":"","overlay-opacity":"","overlay-gradient":""},"tablet":{"background-color":"","background-image":"","background-repeat":"repeat","background-position":"center center","background-size":"auto","background-attachment":"scroll","background-type":"","background-media":"","overlay-type":"","overlay-color":"","overlay-opacity":"","overlay-gradient":""},"mobile":{"background-color":"","background-image":"","background-repeat":"repeat","background-position":"center center","background-size":"auto","background-attachment":"scroll","background-type":"","background-media":"","overlay-type":"","overlay-color":"","overlay-opacity":"","overlay-gradient":""}},"ast-content-background-meta":{"desktop":{"background-color":"var(--ast-global-color-5)","background-image":"","background-repeat":"repeat","background-position":"center center","background-size":"auto","background-attachment":"scroll","background-type":"","background-media":"","overlay-type":"","overlay-color":"","overlay-opacity":"","overlay-gradient":""},"tablet":{"background-color":"var(--ast-global-color-5)","background-image":"","background-repeat":"repeat","background-position":"center center","background-size":"auto","background-attachment":"scroll","background-type":"","background-media":"","overlay-type":"","overlay-color":"","overlay-opacity":"","overlay-gradient":""},"mobile":{"background-color":"var(--ast-global-color-5)","background-image":"","background-repeat":"repeat","background-position":"center center","background-size":"auto","background-attachment":"scroll","background-type":"","background-media":"","overlay-type":"","overlay-color":"","overlay-opacity":"","overlay-gradient":""}},"footnotes":""},"class_list":["post-26","page","type-page","status-publish","hentry"],"post_mailing_queue_ids":[],"_links":{"self":[{"href":"https:\/\/agora.xtec.cat\/esc-maragall-lh\/wp-json\/wp\/v2\/pages\/26","targetHints":{"allow":["GET"]}}],"collection":[{"href":"https:\/\/agora.xtec.cat\/esc-maragall-lh\/wp-json\/wp\/v2\/pages"}],"about":[{"href":"https:\/\/agora.xtec.cat\/esc-maragall-lh\/wp-json\/wp\/v2\/types\/page"}],"author":[{"embeddable":true,"href":"https:\/\/agora.xtec.cat\/esc-maragall-lh\/wp-json\/wp\/v2\/users\/1"}],"replies":[{"embeddable":true,"href":"https:\/\/agora.xtec.cat\/esc-maragall-lh\/wp-json\/wp\/v2\/comments?post=26"}],"version-history":[{"count":4,"href":"https:\/\/agora.xtec.cat\/esc-maragall-lh\/wp-json\/wp\/v2\/pages\/26\/revisions"}],"predecessor-version":[{"id":463,"href":"https:\/\/agora.xtec.cat\/esc-maragall-lh\/wp-json\/wp\/v2\/pages\/26\/revisions\/463"}],"up":[{"embeddable":true,"href":"https:\/\/agora.xtec.cat\/esc-maragall-lh\/wp-json\/wp\/v2\/pages\/22"}],"wp:attachment":[{"href":"https:\/\/agora.xtec.cat\/esc-maragall-lh\/wp-json\/wp\/v2\/media?parent=26"}],"curies":[{"name":"wp","href":"https:\/\/api.w.org\/{rel}","templated":true}]}}