{"id":84,"date":"2014-09-18T14:11:31","date_gmt":"2014-09-18T12:11:31","guid":{"rendered":"http:\/\/agora.xtec.cat\/esc-maragall-arenys\/?page_id=84"},"modified":"2025-09-16T11:44:40","modified_gmt":"2025-09-16T09:44:40","slug":"activitats-extraescolars","status":"publish","type":"page","link":"https:\/\/agora.xtec.cat\/esc-maragall-arenys\/afa\/activitats-extraescolars\/","title":{"rendered":"Activitats extraescolars CURS 2025\/26"},"content":{"rendered":"<p><strong>ACTIVITATS EXTRAESCOLARS CURS 2025-2026<br \/>\n<\/strong><br \/>\nTotes les activitats comen\u00e7aran el dimecres 1 d&#8217;octubre l&#8217;horari ser\u00e0 de les 16:30 i finalitzaran a les 17:45 tant pels nens de prim\u00e0ria com els d&#8217;infantil. Primer berenaran i seguidament comen\u00e7arem l&#8217;activitat.<\/p>\n<p>A continuaci\u00f3, adjuntem els preus, la normativa i la graella de les activitats extraescolars vigents durant el curs 2025-26.<\/p>\n<p><a href=\"https:\/\/agora.xtec.cat\/esc-maragall-arenys\/wp-content\/uploads\/usu1260\/2025\/09\/NORMATIVA-ACTIVITATS-EXTRAESCOLARS-25-26.pdf\" target=\"_blank\" rel=\"noopener\">NORMATIVA\u00a0 ACTIVITATS EXTRAESCOLARS 25-26<\/a><\/p>\n<p><a href=\"https:\/\/agora.xtec.cat\/esc-maragall-arenys\/wp-content\/uploads\/usu1260\/2025\/09\/PREUS-ACTIVITATS-EXTRAESCOLARS-25-26.pdf\" target=\"_blank\" rel=\"noopener\">PREUS ACTIVITATS EXTRAESCOLARS 25-26<\/a><\/p>\n<p><a href=\"https:\/\/agora.xtec.cat\/esc-maragall-arenys\/wp-content\/uploads\/usu1260\/2025\/09\/FULL-INSCRIPCIO-I3-A-I5-25-26.pdf\" target=\"_blank\" rel=\"noopener\">ACTIVITATS EXTRAESCOLARS I3, I4 I I5<\/a><\/p>\n<p><a href=\"https:\/\/agora.xtec.cat\/esc-maragall-arenys\/wp-content\/uploads\/usu1260\/2025\/09\/FULL-INSCRIPCIO-1R-I-2N-25-26.pdf\" target=\"_blank\" rel=\"noopener\">ACTIVITATS EXTRAESCOLARS 1r i 2n<\/a><\/p>\n<p><a href=\"https:\/\/agora.xtec.cat\/esc-maragall-arenys\/wp-content\/uploads\/usu1260\/2025\/09\/FULL-INSCRIPCIO-3R-A-6E-25-26.pdf\" target=\"_blank\" rel=\"noopener\">ACTIVITATS EXTRAESCOLARS 3r, 4t, 5\u00e8 i 6\u00e8<\/a><\/p>\n<p>Les <strong>inscripcions<\/strong> per a les activitats extraescolars es duran a terme del 15 al 25 de setembre.<\/p>\n<h5><strong><span style=\"text-decoration: underline;\">* SERVEI D&#8217;ACOLLIDA MAT\u00cd<\/span><\/strong><\/h5>\n<p>Des del primer dia d&#8217;escola, l&#8217;AFA ofereix el servei d&#8217;acollida al mat\u00ed de 7:30h a 9:00h<br \/>\nLes inscripcions per a aquests serveis les podeu fer al despatx de l&#8217;AFA de l&#8217;1 al 4 de setembre de 15:00h a 19:00h. El pagament s&#8217;ha de fer en efectiu en el moment de la inscripci\u00f3.<\/p>\n<p>A la tarda no hi ha Servei d&#8217;Acollida, per\u00f2 es pot demanar que l&#8217;alumne\/a es quedi a una activitat de manera puntual. El cost ser\u00e0 de 4,00\u20ac pels socis de l&#8217;AFA.<\/p>\n<p>&nbsp;<\/p>\n<p>&nbsp;<\/p>\n","protected":false},"excerpt":{"rendered":"<p>ACTIVITATS EXTRAESCOLARS CURS 2025-2026 Totes les activitats comen\u00e7aran el dimecres 1 d&#8217;octubre l&#8217;horari ser\u00e0 de les 16:30 i finalitzaran a les 17:45 tant pels nens de prim\u00e0ria com els d&#8217;infantil. Primer berenaran i seguidament comen\u00e7arem l&#8217;activitat. A continuaci\u00f3, adjuntem els preus, la normativa i la graella de les activitats extraescolars vigents durant el curs 2025-26. [&hellip;]<\/p>\n","protected":false},"author":1,"featured_media":0,"parent":472,"menu_order":30,"comment_status":"closed","ping_status":"closed","template":"page-templates\/side-menu.php","meta":{"_bbp_topic_count":0,"_bbp_reply_count":0,"_bbp_total_topic_count":0,"_bbp_total_reply_count":0,"_bbp_voice_count":0,"_bbp_anonymous_reply_count":0,"_bbp_topic_count_hidden":0,"_bbp_reply_count_hidden":0,"_bbp_forum_subforum_count":0,"site-sidebar-layout":"default","site-content-layout":"","ast-site-content-layout":"","site-content-style":"default","site-sidebar-style":"default","ast-global-header-display":"","ast-banner-title-visibility":"","ast-main-header-display":"","ast-hfb-above-header-display":"","ast-hfb-below-header-display":"","ast-hfb-mobile-header-display":"","site-post-title":"","ast-breadcrumbs-content":"","ast-featured-img":"","footer-sml-layout":"","theme-transparent-header-meta":"","adv-header-id-meta":"","stick-header-meta":"","header-above-stick-meta":"","header-main-stick-meta":"","header-below-stick-meta":"","astra-migrate-meta-layouts":"default","ast-page-background-enabled":"default","ast-page-background-meta":{"desktop":{"background-color":"var(--ast-global-color-4)","background-image":"","background-repeat":"repeat","background-position":"center center","background-size":"auto","background-attachment":"scroll","background-type":"","background-media":"","overlay-type":"","overlay-color":"","overlay-opacity":"","overlay-gradient":""},"tablet":{"background-color":"","background-image":"","background-repeat":"repeat","background-position":"center center","background-size":"auto","background-attachment":"scroll","background-type":"","background-media":"","overlay-type":"","overlay-color":"","overlay-opacity":"","overlay-gradient":""},"mobile":{"background-color":"","background-image":"","background-repeat":"repeat","background-position":"center center","background-size":"auto","background-attachment":"scroll","background-type":"","background-media":"","overlay-type":"","overlay-color":"","overlay-opacity":"","overlay-gradient":""}},"ast-content-background-meta":{"desktop":{"background-color":"var(--ast-global-color-5)","background-image":"","background-repeat":"repeat","background-position":"center center","background-size":"auto","background-attachment":"scroll","background-type":"","background-media":"","overlay-type":"","overlay-color":"","overlay-opacity":"","overlay-gradient":""},"tablet":{"background-color":"var(--ast-global-color-5)","background-image":"","background-repeat":"repeat","background-position":"center center","background-size":"auto","background-attachment":"scroll","background-type":"","background-media":"","overlay-type":"","overlay-color":"","overlay-opacity":"","overlay-gradient":""},"mobile":{"background-color":"var(--ast-global-color-5)","background-image":"","background-repeat":"repeat","background-position":"center center","background-size":"auto","background-attachment":"scroll","background-type":"","background-media":"","overlay-type":"","overlay-color":"","overlay-opacity":"","overlay-gradient":""}},"footnotes":""},"class_list":["post-84","page","type-page","status-publish","hentry"],"post_mailing_queue_ids":[],"_links":{"self":[{"href":"https:\/\/agora.xtec.cat\/esc-maragall-arenys\/wp-json\/wp\/v2\/pages\/84","targetHints":{"allow":["GET"]}}],"collection":[{"href":"https:\/\/agora.xtec.cat\/esc-maragall-arenys\/wp-json\/wp\/v2\/pages"}],"about":[{"href":"https:\/\/agora.xtec.cat\/esc-maragall-arenys\/wp-json\/wp\/v2\/types\/page"}],"author":[{"embeddable":true,"href":"https:\/\/agora.xtec.cat\/esc-maragall-arenys\/wp-json\/wp\/v2\/users\/1"}],"replies":[{"embeddable":true,"href":"https:\/\/agora.xtec.cat\/esc-maragall-arenys\/wp-json\/wp\/v2\/comments?post=84"}],"version-history":[{"count":7,"href":"https:\/\/agora.xtec.cat\/esc-maragall-arenys\/wp-json\/wp\/v2\/pages\/84\/revisions"}],"predecessor-version":[{"id":5103,"href":"https:\/\/agora.xtec.cat\/esc-maragall-arenys\/wp-json\/wp\/v2\/pages\/84\/revisions\/5103"}],"up":[{"embeddable":true,"href":"https:\/\/agora.xtec.cat\/esc-maragall-arenys\/wp-json\/wp\/v2\/pages\/472"}],"wp:attachment":[{"href":"https:\/\/agora.xtec.cat\/esc-maragall-arenys\/wp-json\/wp\/v2\/media?parent=84"}],"curies":[{"name":"wp","href":"https:\/\/api.w.org\/{rel}","templated":true}]}}