{"id":77,"date":"2014-09-18T14:05:08","date_gmt":"2014-09-18T12:05:08","guid":{"rendered":"http:\/\/agora.xtec.cat\/esc-maragall-arenys\/?page_id=77"},"modified":"2025-09-16T11:51:45","modified_gmt":"2025-09-16T09:51:45","slug":"acollida","status":"publish","type":"page","link":"https:\/\/agora.xtec.cat\/esc-maragall-arenys\/afa\/acollida\/","title":{"rendered":"Hist\u00f2ria de l&#8217;AFA"},"content":{"rendered":"<p>L\u2019Associaci\u00f3 de Pares de l\u2019Escola Joan Margall es va crear l\u2019any 1967 per iniciativa del que aleshores n\u2019era el director, Sr. Sebasti\u00e0 Pons, el qual es va posar en contacte amb el Sr. Fidel Soler, fent-li veure la necessitat que tenia l\u2019escola que pares i mestres unissin els seus esfor\u00e7os per una millor educaci\u00f3 dels seus fills.<\/p>\n<p>La primera junta de l\u2019A.P.A. la van formar:<\/p>\n<p>President: Fidel Soler<br \/>\nSecretari: Josep M. Arjona<br \/>\nTresorer: Gl\u00f2ria Bilbeny<br \/>\nVocals: Miquel Vila, Filomena Caba, \u00c0ngels Viv\u00f3, Andreu Rossell.<\/p>\n<p>Aquesta primera Junta va elaborar els Estatuts de l\u2019Associaci\u00f3. Posteriorment, l\u2019any 1985, van ser legalitzats per la Generalitat (Direcci\u00f3 Gral. d\u2019Entitats Jur\u00eddiques i de Dret). Aquesta Junta tamb\u00e9 va gestionar la construcci\u00f3 de l\u2019edifici del Rial de Sa Clavella, que un cop acabat de construir presentava unes defici\u00e8ncies molt notables, per tant no va ser ocupat fins que van ser esmenades. M\u00e9s endavant, essent alcalde el Sr. Mari\u00e0 Salmer\u00f3n i a inst\u00e0ncies de l\u2019APA, es va construir el gimn\u00e0s.<\/p>\n<p>Un altre punt de la lluita de l\u2019APA va ser a l\u2019hora de posar nom a l\u2019escola, coneguda fins aleshores per \u201cLes Nacionals\u201d. L\u2019alcalde Salmer\u00f3n proposar anomenar-la \u2018Pardo Baz\u00e1n\u2019, nom d\u2019una poetessa gallega, i l\u2019APA volia dedicar-la al pedagog \u2018Flos i Calcat\u2019. Finalment, l\u2019assumpte va quedar en taules i el nom escollit va ser el de \u2018Joan Maragall\u2019.<\/p>\n<p><strong>Des de l\u2019any 1967 han presidit l\u2019APA:<\/strong><\/p>\n<p>1967 a 1975: Fidel Soler.<br \/>\n1975 a 1979: Pilar Royo, Quim Cucurull, Ferran Vilanova i Gl\u00f2ria Bilbeny.<br \/>\n1979 a 1981: Anna Cucurull.<br \/>\n1981 a 1984: Vict\u00f2ria Ot\u00edn.<br \/>\n1984 a 1988: \u00d2scar L\u00f3pez.<br \/>\n1988 a 1990: Miquel L\u00f3pez.<br \/>\n1990 a 1992: Eduard Gonz\u00e0lez.<br \/>\n1992 a 1996: Pere Cantenys.<br \/>\n1996 a 1998: M\u00aa Jos\u00e9 Pinedo.<br \/>\n1998 a 2000: Dolors Casellas.<br \/>\n2000 a 2005: Assumpci\u00f3 Balliu.<br \/>\n2005 a 2006: S\u00f2nia Gonz\u00e1lez.<br \/>\n2006 a 2010: Anna Valls.<br \/>\n2010 a 2012: Sandra Dan\u00e9s<br \/>\n2012 a 2014: Judit Puig<br \/>\n2014 a 2015: Alfonso Bujan<br \/>\n2015 a 2017: David Fern\u00e1ndez<br \/>\n2017-2021: Gemma Mart\u00ed<\/p>\n<p>2021-2023: M\u00edriam Haba<br \/>\n2023-2025: Marta Pardo<\/p>\n<h6><em>Actualment el president \u00e9s en Francesc Garcia<\/em><\/h6>\n","protected":false},"excerpt":{"rendered":"<p>L\u2019Associaci\u00f3 de Pares de l\u2019Escola Joan Margall es va crear l\u2019any 1967 per iniciativa del que aleshores n\u2019era el director, Sr. Sebasti\u00e0 Pons, el qual es va posar en contacte amb el Sr. Fidel Soler, fent-li veure la necessitat que tenia l\u2019escola que pares i mestres unissin els seus esfor\u00e7os per una millor educaci\u00f3 dels [&hellip;]<\/p>\n","protected":false},"author":1,"featured_media":0,"parent":472,"menu_order":20,"comment_status":"closed","ping_status":"closed","template":"page-templates\/side-menu.php","meta":{"_bbp_topic_count":0,"_bbp_reply_count":0,"_bbp_total_topic_count":0,"_bbp_total_reply_count":0,"_bbp_voice_count":0,"_bbp_anonymous_reply_count":0,"_bbp_topic_count_hidden":0,"_bbp_reply_count_hidden":0,"_bbp_forum_subforum_count":0,"site-sidebar-layout":"default","site-content-layout":"","ast-site-content-layout":"","site-content-style":"default","site-sidebar-style":"default","ast-global-header-display":"","ast-banner-title-visibility":"","ast-main-header-display":"","ast-hfb-above-header-display":"","ast-hfb-below-header-display":"","ast-hfb-mobile-header-display":"","site-post-title":"","ast-breadcrumbs-content":"","ast-featured-img":"","footer-sml-layout":"","theme-transparent-header-meta":"","adv-header-id-meta":"","stick-header-meta":"","header-above-stick-meta":"","header-main-stick-meta":"","header-below-stick-meta":"","astra-migrate-meta-layouts":"default","ast-page-background-enabled":"default","ast-page-background-meta":{"desktop":{"background-color":"var(--ast-global-color-4)","background-image":"","background-repeat":"repeat","background-position":"center center","background-size":"auto","background-attachment":"scroll","background-type":"","background-media":"","overlay-type":"","overlay-color":"","overlay-opacity":"","overlay-gradient":""},"tablet":{"background-color":"","background-image":"","background-repeat":"repeat","background-position":"center center","background-size":"auto","background-attachment":"scroll","background-type":"","background-media":"","overlay-type":"","overlay-color":"","overlay-opacity":"","overlay-gradient":""},"mobile":{"background-color":"","background-image":"","background-repeat":"repeat","background-position":"center center","background-size":"auto","background-attachment":"scroll","background-type":"","background-media":"","overlay-type":"","overlay-color":"","overlay-opacity":"","overlay-gradient":""}},"ast-content-background-meta":{"desktop":{"background-color":"var(--ast-global-color-5)","background-image":"","background-repeat":"repeat","background-position":"center center","background-size":"auto","background-attachment":"scroll","background-type":"","background-media":"","overlay-type":"","overlay-color":"","overlay-opacity":"","overlay-gradient":""},"tablet":{"background-color":"var(--ast-global-color-5)","background-image":"","background-repeat":"repeat","background-position":"center center","background-size":"auto","background-attachment":"scroll","background-type":"","background-media":"","overlay-type":"","overlay-color":"","overlay-opacity":"","overlay-gradient":""},"mobile":{"background-color":"var(--ast-global-color-5)","background-image":"","background-repeat":"repeat","background-position":"center center","background-size":"auto","background-attachment":"scroll","background-type":"","background-media":"","overlay-type":"","overlay-color":"","overlay-opacity":"","overlay-gradient":""}},"footnotes":""},"class_list":["post-77","page","type-page","status-publish","hentry"],"post_mailing_queue_ids":[],"_links":{"self":[{"href":"https:\/\/agora.xtec.cat\/esc-maragall-arenys\/wp-json\/wp\/v2\/pages\/77","targetHints":{"allow":["GET"]}}],"collection":[{"href":"https:\/\/agora.xtec.cat\/esc-maragall-arenys\/wp-json\/wp\/v2\/pages"}],"about":[{"href":"https:\/\/agora.xtec.cat\/esc-maragall-arenys\/wp-json\/wp\/v2\/types\/page"}],"author":[{"embeddable":true,"href":"https:\/\/agora.xtec.cat\/esc-maragall-arenys\/wp-json\/wp\/v2\/users\/1"}],"replies":[{"embeddable":true,"href":"https:\/\/agora.xtec.cat\/esc-maragall-arenys\/wp-json\/wp\/v2\/comments?post=77"}],"version-history":[{"count":5,"href":"https:\/\/agora.xtec.cat\/esc-maragall-arenys\/wp-json\/wp\/v2\/pages\/77\/revisions"}],"predecessor-version":[{"id":5104,"href":"https:\/\/agora.xtec.cat\/esc-maragall-arenys\/wp-json\/wp\/v2\/pages\/77\/revisions\/5104"}],"up":[{"embeddable":true,"href":"https:\/\/agora.xtec.cat\/esc-maragall-arenys\/wp-json\/wp\/v2\/pages\/472"}],"wp:attachment":[{"href":"https:\/\/agora.xtec.cat\/esc-maragall-arenys\/wp-json\/wp\/v2\/media?parent=77"}],"curies":[{"name":"wp","href":"https:\/\/api.w.org\/{rel}","templated":true}]}}