{"id":564,"date":"2018-08-22T12:13:18","date_gmt":"2018-08-22T10:13:18","guid":{"rendered":"http:\/\/agora.xtec.cat\/esc-maragall-arenys\/?page_id=564"},"modified":"2025-10-01T11:16:35","modified_gmt":"2025-10-01T09:16:35","slug":"equip-docent","status":"publish","type":"page","link":"https:\/\/agora.xtec.cat\/esc-maragall-arenys\/organitzacio-del-curs\/curs-2023-2024\/equip-docent\/","title":{"rendered":"Equip docent 2025-2026"},"content":{"rendered":"<ul style=\"list-style-type: circle;\">\n<li><span style=\"color: #008000;\"><strong>EQUIP DIRECTIU<\/strong><\/span><a href=\"https:\/\/agora.xtec.cat\/esc-maragall-arenys\/wp-content\/uploads\/usu1260\/2025\/09\/8.jpg\"><img loading=\"lazy\" decoding=\"async\" class=\"aligncenter size-full wp-image-5067\" src=\"https:\/\/agora.xtec.cat\/esc-maragall-arenys\/wp-content\/uploads\/usu1260\/2025\/09\/8.jpg\" alt=\"\" width=\"1920\" height=\"1080\" srcset=\"https:\/\/agora.xtec.cat\/esc-maragall-arenys\/wp-content\/uploads\/usu1260\/2025\/09\/8.jpg 1920w, https:\/\/agora.xtec.cat\/esc-maragall-arenys\/wp-content\/uploads\/usu1260\/2025\/09\/8-300x169.jpg 300w, https:\/\/agora.xtec.cat\/esc-maragall-arenys\/wp-content\/uploads\/usu1260\/2025\/09\/8-1024x576.jpg 1024w, https:\/\/agora.xtec.cat\/esc-maragall-arenys\/wp-content\/uploads\/usu1260\/2025\/09\/8-768x432.jpg 768w, https:\/\/agora.xtec.cat\/esc-maragall-arenys\/wp-content\/uploads\/usu1260\/2025\/09\/8-1536x864.jpg 1536w\" sizes=\"auto, (max-width: 1920px) 100vw, 1920px\" \/><\/a><\/li>\n<li style=\"text-align: left;\"><span style=\"color: #008000;\"><strong>COORDINADORES:<a href=\"https:\/\/agora.xtec.cat\/esc-maragall-arenys\/wp-content\/uploads\/usu1260\/2025\/10\/1.-CLAUSTRE-10.jpg\"><img loading=\"lazy\" decoding=\"async\" class=\"aligncenter size-full wp-image-5122\" src=\"https:\/\/agora.xtec.cat\/esc-maragall-arenys\/wp-content\/uploads\/usu1260\/2025\/10\/1.-CLAUSTRE-10.jpg\" alt=\"\" width=\"1920\" height=\"1080\" srcset=\"https:\/\/agora.xtec.cat\/esc-maragall-arenys\/wp-content\/uploads\/usu1260\/2025\/10\/1.-CLAUSTRE-10.jpg 1920w, https:\/\/agora.xtec.cat\/esc-maragall-arenys\/wp-content\/uploads\/usu1260\/2025\/10\/1.-CLAUSTRE-10-300x169.jpg 300w, https:\/\/agora.xtec.cat\/esc-maragall-arenys\/wp-content\/uploads\/usu1260\/2025\/10\/1.-CLAUSTRE-10-1024x576.jpg 1024w, https:\/\/agora.xtec.cat\/esc-maragall-arenys\/wp-content\/uploads\/usu1260\/2025\/10\/1.-CLAUSTRE-10-768x432.jpg 768w, https:\/\/agora.xtec.cat\/esc-maragall-arenys\/wp-content\/uploads\/usu1260\/2025\/10\/1.-CLAUSTRE-10-1536x864.jpg 1536w\" sizes=\"auto, (max-width: 1920px) 100vw, 1920px\" \/><\/a><\/strong><\/span><\/li>\n<\/ul>\n<ul>\n<li><span style=\"color: #008000;\"><strong>INFANTIL:<\/strong><\/span><\/li>\n<\/ul>\n<p><a href=\"https:\/\/agora.xtec.cat\/esc-maragall-arenys\/wp-content\/uploads\/usu1260\/2025\/10\/1.-CLAUSTRE-11.jpg\"><img loading=\"lazy\" decoding=\"async\" class=\"aligncenter size-full wp-image-5126\" src=\"https:\/\/agora.xtec.cat\/esc-maragall-arenys\/wp-content\/uploads\/usu1260\/2025\/10\/1.-CLAUSTRE-11.jpg\" alt=\"\" width=\"1920\" height=\"1080\" srcset=\"https:\/\/agora.xtec.cat\/esc-maragall-arenys\/wp-content\/uploads\/usu1260\/2025\/10\/1.-CLAUSTRE-11.jpg 1920w, https:\/\/agora.xtec.cat\/esc-maragall-arenys\/wp-content\/uploads\/usu1260\/2025\/10\/1.-CLAUSTRE-11-300x169.jpg 300w, https:\/\/agora.xtec.cat\/esc-maragall-arenys\/wp-content\/uploads\/usu1260\/2025\/10\/1.-CLAUSTRE-11-1024x576.jpg 1024w, https:\/\/agora.xtec.cat\/esc-maragall-arenys\/wp-content\/uploads\/usu1260\/2025\/10\/1.-CLAUSTRE-11-768x432.jpg 768w, https:\/\/agora.xtec.cat\/esc-maragall-arenys\/wp-content\/uploads\/usu1260\/2025\/10\/1.-CLAUSTRE-11-1536x864.jpg 1536w\" sizes=\"auto, (max-width: 1920px) 100vw, 1920px\" \/><\/a><\/p>\n<ul>\n<li><span style=\"color: #008000;\"><strong>CICLE INICIAL:<\/strong><\/span><\/li>\n<\/ul>\n<p><a href=\"https:\/\/agora.xtec.cat\/esc-maragall-arenys\/wp-content\/uploads\/usu1260\/2025\/09\/10.jpg\"><img loading=\"lazy\" decoding=\"async\" class=\"aligncenter size-full wp-image-5069\" src=\"https:\/\/agora.xtec.cat\/esc-maragall-arenys\/wp-content\/uploads\/usu1260\/2025\/09\/10.jpg\" alt=\"\" width=\"1920\" height=\"1080\" srcset=\"https:\/\/agora.xtec.cat\/esc-maragall-arenys\/wp-content\/uploads\/usu1260\/2025\/09\/10.jpg 1920w, https:\/\/agora.xtec.cat\/esc-maragall-arenys\/wp-content\/uploads\/usu1260\/2025\/09\/10-300x169.jpg 300w, https:\/\/agora.xtec.cat\/esc-maragall-arenys\/wp-content\/uploads\/usu1260\/2025\/09\/10-1024x576.jpg 1024w, https:\/\/agora.xtec.cat\/esc-maragall-arenys\/wp-content\/uploads\/usu1260\/2025\/09\/10-768x432.jpg 768w, https:\/\/agora.xtec.cat\/esc-maragall-arenys\/wp-content\/uploads\/usu1260\/2025\/09\/10-1536x864.jpg 1536w\" sizes=\"auto, (max-width: 1920px) 100vw, 1920px\" \/><\/a><\/p>\n<ul>\n<li><span style=\"color: #008000;\"><strong>CICLE MITJ\u00c0:<\/strong><\/span><\/li>\n<\/ul>\n<p><a href=\"https:\/\/agora.xtec.cat\/esc-maragall-arenys\/wp-content\/uploads\/usu1260\/2025\/10\/1.-CLAUSTRE-8.jpg\"><img loading=\"lazy\" decoding=\"async\" class=\"aligncenter size-full wp-image-5120\" src=\"https:\/\/agora.xtec.cat\/esc-maragall-arenys\/wp-content\/uploads\/usu1260\/2025\/10\/1.-CLAUSTRE-8.jpg\" alt=\"\" width=\"1920\" height=\"1080\" srcset=\"https:\/\/agora.xtec.cat\/esc-maragall-arenys\/wp-content\/uploads\/usu1260\/2025\/10\/1.-CLAUSTRE-8.jpg 1920w, https:\/\/agora.xtec.cat\/esc-maragall-arenys\/wp-content\/uploads\/usu1260\/2025\/10\/1.-CLAUSTRE-8-300x169.jpg 300w, https:\/\/agora.xtec.cat\/esc-maragall-arenys\/wp-content\/uploads\/usu1260\/2025\/10\/1.-CLAUSTRE-8-1024x576.jpg 1024w, https:\/\/agora.xtec.cat\/esc-maragall-arenys\/wp-content\/uploads\/usu1260\/2025\/10\/1.-CLAUSTRE-8-768x432.jpg 768w, https:\/\/agora.xtec.cat\/esc-maragall-arenys\/wp-content\/uploads\/usu1260\/2025\/10\/1.-CLAUSTRE-8-1536x864.jpg 1536w\" sizes=\"auto, (max-width: 1920px) 100vw, 1920px\" \/><\/a><\/p>\n<ul>\n<li><span style=\"color: #008000;\"><strong>CICLE SUPERIOR:<\/strong><\/span><\/li>\n<\/ul>\n<p><a href=\"https:\/\/agora.xtec.cat\/esc-maragall-arenys\/wp-content\/uploads\/usu1260\/2025\/09\/1.-CLAUSTRE-1.jpg\"><img loading=\"lazy\" decoding=\"async\" class=\"aligncenter size-full wp-image-5087\" src=\"https:\/\/agora.xtec.cat\/esc-maragall-arenys\/wp-content\/uploads\/usu1260\/2025\/09\/1.-CLAUSTRE-1.jpg\" alt=\"\" width=\"1920\" height=\"1080\" srcset=\"https:\/\/agora.xtec.cat\/esc-maragall-arenys\/wp-content\/uploads\/usu1260\/2025\/09\/1.-CLAUSTRE-1.jpg 1920w, https:\/\/agora.xtec.cat\/esc-maragall-arenys\/wp-content\/uploads\/usu1260\/2025\/09\/1.-CLAUSTRE-1-300x169.jpg 300w, https:\/\/agora.xtec.cat\/esc-maragall-arenys\/wp-content\/uploads\/usu1260\/2025\/09\/1.-CLAUSTRE-1-1024x576.jpg 1024w, https:\/\/agora.xtec.cat\/esc-maragall-arenys\/wp-content\/uploads\/usu1260\/2025\/09\/1.-CLAUSTRE-1-768x432.jpg 768w, https:\/\/agora.xtec.cat\/esc-maragall-arenys\/wp-content\/uploads\/usu1260\/2025\/09\/1.-CLAUSTRE-1-1536x864.jpg 1536w\" sizes=\"auto, (max-width: 1920px) 100vw, 1920px\" \/><\/a><\/p>\n<p><strong>\u00a0\u00a0<\/strong><\/p>\n<p>&nbsp;<\/p>\n<ul style=\"list-style-type: circle; text-align: left;\">\n<li style=\"text-align: left;\"><span style=\"color: #008000;\"><strong><span class=\"WdYUQQ text-decoration-none text-strikethrough-none\">EQUIP DIRECTIU<\/span><\/strong><\/span><\/li>\n<\/ul>\n<p><strong>Directora:<\/strong> S\u00edlvia Guti\u00e9rrez<\/p>\n<p><strong>Cap d\u2019Estudis:<\/strong> Gemma Solsona<\/p>\n<p><strong>Secret\u00e0ria:<\/strong> B\u00e0rbara Aguil\u00f3<\/p>\n<p>&nbsp;<\/p>\n<ul style=\"list-style-type: circle;\">\n<li>\n<p class=\"_04xlpA direction-ltr align-justify para-style-body\" style=\"text-align: left;\"><span style=\"color: #008000;\"><strong>CONSERGERIA<\/strong><\/span><\/p>\n<p class=\"_04xlpA direction-ltr align-justify para-style-body\"><span class=\"WdYUQQ text-decoration-none text-strikethrough-none\">A la consergeria de l\u2019edifici Rial se us atendr\u00e0:<\/span><\/p>\n<p class=\"_04xlpA direction-ltr align-justify para-style-body\"><span class=\"WdYUQQ text-decoration-none text-strikethrough-none\">Mat\u00ed: de 8:15h a 12:15h<\/span><\/p>\n<p class=\"_04xlpA direction-ltr align-justify para-style-body\"><span class=\"WdYUQQ text-decoration-none text-strikethrough-none\">Tarda: de 15:15h a 16:15h<\/span><\/p>\n<\/li>\n<li><span style=\"color: #008000;\"><strong><span class=\"WdYUQQ text-decoration-none text-strikethrough-none\">SECRETARIA I ADMINISTRACI\u00d3<\/span><\/strong><\/span>\n<p class=\"_04xlpA direction-ltr align-justify para-style-body\"><span class=\"WdYUQQ text-decoration-none text-strikethrough-none\">Per a certificacions, matr\u00edcules, rebuts de material i sortides, etc\u2026 cal demanar cita pr\u00e8via.<\/span><\/p>\n<p class=\"_04xlpA direction-ltr align-justify para-style-body\"><span class=\"WdYUQQ text-decoration-none text-strikethrough-none\">Horari de <strong>SETEMBRE I JUNY<\/strong>: de 9h a 13h i d&#8217;octubre a maig tamb\u00e9 els dijous de 15h a 16:30h.<\/span><\/p>\n<p>&nbsp;<\/p>\n<p>&nbsp;<\/li>\n<\/ul>\n<p>&nbsp;<\/p>\n<p>&nbsp;<\/p>\n<p>&nbsp;<\/p>\n","protected":false},"excerpt":{"rendered":"<p>EQUIP DIRECTIU COORDINADORES: INFANTIL: CICLE INICIAL: CICLE MITJ\u00c0: CICLE SUPERIOR: \u00a0\u00a0 &nbsp; EQUIP DIRECTIU Directora: S\u00edlvia Guti\u00e9rrez Cap d\u2019Estudis: Gemma Solsona Secret\u00e0ria: B\u00e0rbara Aguil\u00f3 &nbsp; CONSERGERIA A la consergeria de l\u2019edifici Rial se us atendr\u00e0: Mat\u00ed: de 8:15h a 12:15h Tarda: de 15:15h a 16:15h SECRETARIA I ADMINISTRACI\u00d3 Per a certificacions, matr\u00edcules, rebuts de material [&hellip;]<\/p>\n","protected":false},"author":1,"featured_media":0,"parent":3347,"menu_order":50,"comment_status":"closed","ping_status":"closed","template":"page-templates\/side-menu.php","meta":{"_bbp_topic_count":0,"_bbp_reply_count":0,"_bbp_total_topic_count":0,"_bbp_total_reply_count":0,"_bbp_voice_count":0,"_bbp_anonymous_reply_count":0,"_bbp_topic_count_hidden":0,"_bbp_reply_count_hidden":0,"_bbp_forum_subforum_count":0,"site-sidebar-layout":"default","site-content-layout":"","ast-site-content-layout":"","site-content-style":"default","site-sidebar-style":"default","ast-global-header-display":"","ast-banner-title-visibility":"","ast-main-header-display":"","ast-hfb-above-header-display":"","ast-hfb-below-header-display":"","ast-hfb-mobile-header-display":"","site-post-title":"","ast-breadcrumbs-content":"","ast-featured-img":"","footer-sml-layout":"","theme-transparent-header-meta":"","adv-header-id-meta":"","stick-header-meta":"","header-above-stick-meta":"","header-main-stick-meta":"","header-below-stick-meta":"","astra-migrate-meta-layouts":"default","ast-page-background-enabled":"default","ast-page-background-meta":{"desktop":{"background-color":"var(--ast-global-color-4)","background-image":"","background-repeat":"repeat","background-position":"center center","background-size":"auto","background-attachment":"scroll","background-type":"","background-media":"","overlay-type":"","overlay-color":"","overlay-opacity":"","overlay-gradient":""},"tablet":{"background-color":"","background-image":"","background-repeat":"repeat","background-position":"center center","background-size":"auto","background-attachment":"scroll","background-type":"","background-media":"","overlay-type":"","overlay-color":"","overlay-opacity":"","overlay-gradient":""},"mobile":{"background-color":"","background-image":"","background-repeat":"repeat","background-position":"center center","background-size":"auto","background-attachment":"scroll","background-type":"","background-media":"","overlay-type":"","overlay-color":"","overlay-opacity":"","overlay-gradient":""}},"ast-content-background-meta":{"desktop":{"background-color":"var(--ast-global-color-5)","background-image":"","background-repeat":"repeat","background-position":"center center","background-size":"auto","background-attachment":"scroll","background-type":"","background-media":"","overlay-type":"","overlay-color":"","overlay-opacity":"","overlay-gradient":""},"tablet":{"background-color":"var(--ast-global-color-5)","background-image":"","background-repeat":"repeat","background-position":"center center","background-size":"auto","background-attachment":"scroll","background-type":"","background-media":"","overlay-type":"","overlay-color":"","overlay-opacity":"","overlay-gradient":""},"mobile":{"background-color":"var(--ast-global-color-5)","background-image":"","background-repeat":"repeat","background-position":"center center","background-size":"auto","background-attachment":"scroll","background-type":"","background-media":"","overlay-type":"","overlay-color":"","overlay-opacity":"","overlay-gradient":""}},"footnotes":""},"class_list":["post-564","page","type-page","status-publish","hentry"],"post_mailing_queue_ids":[],"_links":{"self":[{"href":"https:\/\/agora.xtec.cat\/esc-maragall-arenys\/wp-json\/wp\/v2\/pages\/564","targetHints":{"allow":["GET"]}}],"collection":[{"href":"https:\/\/agora.xtec.cat\/esc-maragall-arenys\/wp-json\/wp\/v2\/pages"}],"about":[{"href":"https:\/\/agora.xtec.cat\/esc-maragall-arenys\/wp-json\/wp\/v2\/types\/page"}],"author":[{"embeddable":true,"href":"https:\/\/agora.xtec.cat\/esc-maragall-arenys\/wp-json\/wp\/v2\/users\/1"}],"replies":[{"embeddable":true,"href":"https:\/\/agora.xtec.cat\/esc-maragall-arenys\/wp-json\/wp\/v2\/comments?post=564"}],"version-history":[{"count":6,"href":"https:\/\/agora.xtec.cat\/esc-maragall-arenys\/wp-json\/wp\/v2\/pages\/564\/revisions"}],"predecessor-version":[{"id":5127,"href":"https:\/\/agora.xtec.cat\/esc-maragall-arenys\/wp-json\/wp\/v2\/pages\/564\/revisions\/5127"}],"up":[{"embeddable":true,"href":"https:\/\/agora.xtec.cat\/esc-maragall-arenys\/wp-json\/wp\/v2\/pages\/3347"}],"wp:attachment":[{"href":"https:\/\/agora.xtec.cat\/esc-maragall-arenys\/wp-json\/wp\/v2\/media?parent=564"}],"curies":[{"name":"wp","href":"https:\/\/api.w.org\/{rel}","templated":true}]}}