{"id":533,"date":"2018-08-22T11:58:55","date_gmt":"2018-08-22T09:58:55","guid":{"rendered":"http:\/\/agora.xtec.cat\/esc-maragall-arenys\/?page_id=533"},"modified":"2022-02-24T15:57:14","modified_gmt":"2022-02-24T14:57:14","slug":"50-anys-descola","status":"publish","type":"page","link":"https:\/\/agora.xtec.cat\/esc-maragall-arenys\/lescola\/historia\/50-anys-descola\/","title":{"rendered":"Aniversari 50 anys d&#8217;escola"},"content":{"rendered":"<p>L\u2019Escola Joan Maragall est\u00e0 d\u2019enhorabona. Arribar al mig segle de vida \u00e9s un molt bon motiu per celebrar, per fer mem\u00f2ria, per valorar i, \u00e9s clar, per planificar i somiar en el futur.<\/p>\n<p>L\u2019Escola Joan Maragall fa 50 anys que treballa per garantir que els nens i nenes d\u2019Arenys de Mar tinguin acc\u00e9s a una educaci\u00f3 p\u00fablica de qualitat gr\u00e0cies als equips docents, de direcci\u00f3 del centre, pares i mares i , sobretot, a l\u2019alumnat, que \u00e9s qui ens ha ensenyat en tot moment com hav\u00edem de seguir el cam\u00ed.<\/p>\n<p>En aquest <a href=\"https:\/\/agora.xtec.cat\/esc-maragall-arenys\/lescola\/historia\/\">enlla\u00e7<\/a>, podeu llegir la hist\u00f2ria de la nostra escola.<\/p>\n<p>El dia 6 de maig despr\u00e9s de dies i dies de feina preparant aquest esdeveniment tan important, amb tota la il\u00b7lusi\u00f3 del m\u00f3n, una gran participaci\u00f3 de pares, mares, alumnes i mestres i fins i tot un temps espl\u00e8ndid van inaugurar la EXPOSICI\u00d3 preparada per aquesta festa.<\/p>\n<p>Mirar fotos de tants anys enrere, recordant antics companys o veure als nostres pares, mestres o a nosaltres mateixos quan eren m\u00e9s joves o m\u00e9s petits va ser realment emocionant.<span id=\"more-484\"><\/span><\/p>\n<p>PROGRAMACI\u00d3 DE L\u2019ANIVERSARI<\/p>\n<p>Programa dels actes:<\/p>\n<p><a href=\"http:\/\/antic.escolajoanmaragall.org\/wp-content\/uploads\/2011\/08\/PROGRAMA-ACTE-50-ANYS-Teatre-Principal1.pdf\">Programa Acte 50 Anys al Teatre Principal<\/a><\/p>\n<p><a href=\"https:\/\/agora.xtec.cat\/esc-maragall-arenys\/wp-content\/uploads\/usu1260\/2020\/08\/Programa-festa-major-ajuntament.pdf\">Programa Festa Major Ajuntament<\/a><\/p>\n<p><a href=\"https:\/\/agora.xtec.cat\/esc-maragall-arenys\/wp-content\/uploads\/usu1260\/2020\/08\/TRIPTIC-FESTA50ANYS-.pdf\">Tr\u00edptic Programaci\u00f3 Festa 50 Anys<\/a><\/p>\n<p><a href=\"http:\/\/antic.escolajoanmaragall.org\/wp-content\/uploads\/2011\/08\/Programa-escola-11.pdf\">Programa escola 1<\/a><\/p>\n<p><a href=\"https:\/\/agora.xtec.cat\/esc-maragall-arenys\/wp-content\/uploads\/usu1260\/2020\/08\/Programa-escola-2-.pdf\">Programa escola 2<\/a><\/p>\n<p>MOSTRA DE FOTOS DE LA FESTA<\/p>\n<table style=\"border-collapse: collapse; width: 100%;\" border=\"1\">\n<tbody>\n<tr>\n<td style=\"width: 20%;\"><img loading=\"lazy\" decoding=\"async\" class=\"aligncenter size-full wp-image-1849\" src=\"https:\/\/agora.xtec.cat\/esc-maragall-arenys\/wp-content\/uploads\/usu1260\/2020\/08\/Maragall-50_001-petita1-150x150.jpg\" alt=\"\" width=\"150\" height=\"150\" \/><\/td>\n<td style=\"width: 20%;\"><img loading=\"lazy\" decoding=\"async\" class=\"aligncenter size-full wp-image-1850\" src=\"https:\/\/agora.xtec.cat\/esc-maragall-arenys\/wp-content\/uploads\/usu1260\/2020\/08\/Maragall-50_016-petita-retoc-150x150.jpg\" alt=\"\" width=\"150\" height=\"150\" \/><\/td>\n<td style=\"width: 20%;\"><img loading=\"lazy\" decoding=\"async\" class=\"aligncenter size-full wp-image-1851\" src=\"https:\/\/agora.xtec.cat\/esc-maragall-arenys\/wp-content\/uploads\/usu1260\/2020\/08\/Maragall-50_106-petita-150x150.jpg\" alt=\"\" width=\"150\" height=\"150\" \/><\/td>\n<td style=\"width: 20%;\"><img loading=\"lazy\" decoding=\"async\" class=\"aligncenter size-full wp-image-1852\" src=\"https:\/\/agora.xtec.cat\/esc-maragall-arenys\/wp-content\/uploads\/usu1260\/2020\/08\/Maragall-50_115-petita-150x150.jpg\" alt=\"\" width=\"150\" height=\"150\" \/><\/td>\n<td style=\"width: 20%;\"><img loading=\"lazy\" decoding=\"async\" class=\"aligncenter size-full wp-image-1853\" src=\"https:\/\/agora.xtec.cat\/esc-maragall-arenys\/wp-content\/uploads\/usu1260\/2020\/08\/Maragall-50_146-petita-150x150.jpg\" alt=\"\" width=\"150\" height=\"150\" \/><\/td>\n<\/tr>\n<tr>\n<td style=\"width: 20%;\"><img loading=\"lazy\" decoding=\"async\" class=\"aligncenter size-full wp-image-1854\" src=\"https:\/\/agora.xtec.cat\/esc-maragall-arenys\/wp-content\/uploads\/usu1260\/2020\/08\/Maragall-50_236-petita1-150x150.png\" alt=\"\" width=\"150\" height=\"150\" \/><\/td>\n<td style=\"width: 20%;\"><img loading=\"lazy\" decoding=\"async\" class=\"aligncenter size-full wp-image-1855\" src=\"https:\/\/agora.xtec.cat\/esc-maragall-arenys\/wp-content\/uploads\/usu1260\/2020\/08\/Maragall-50_286-petita-150x150.png\" alt=\"\" width=\"150\" height=\"150\" \/><\/td>\n<td style=\"width: 20%;\"><img loading=\"lazy\" decoding=\"async\" class=\"aligncenter size-full wp-image-1844\" src=\"https:\/\/agora.xtec.cat\/esc-maragall-arenys\/wp-content\/uploads\/usu1260\/2020\/08\/aniversari-50-anys-1-exposicia-150x150.jpg\" alt=\"\" width=\"150\" height=\"150\" \/><\/td>\n<td style=\"width: 20%;\"><img loading=\"lazy\" decoding=\"async\" class=\"aligncenter size-full wp-image-1845\" src=\"https:\/\/agora.xtec.cat\/esc-maragall-arenys\/wp-content\/uploads\/usu1260\/2020\/08\/aniversari-50-anys-2-exposicia-150x150.jpg\" alt=\"\" width=\"150\" height=\"150\" \/><\/td>\n<td style=\"width: 20%;\"><img loading=\"lazy\" decoding=\"async\" class=\"aligncenter size-full wp-image-1846\" src=\"https:\/\/agora.xtec.cat\/esc-maragall-arenys\/wp-content\/uploads\/usu1260\/2020\/08\/aniversari-50-anys-4-exposicia-150x150.jpg\" alt=\"\" width=\"150\" height=\"150\" \/><\/td>\n<\/tr>\n<tr>\n<td style=\"width: 20%;\"><img loading=\"lazy\" decoding=\"async\" class=\"aligncenter size-full wp-image-1847\" src=\"https:\/\/agora.xtec.cat\/esc-maragall-arenys\/wp-content\/uploads\/usu1260\/2020\/08\/assaig_coral-2murals-2010-150x150.jpg\" alt=\"\" width=\"150\" height=\"150\" \/><\/td>\n<td style=\"width: 20%;\"><img loading=\"lazy\" decoding=\"async\" class=\"aligncenter size-full wp-image-1848\" src=\"https:\/\/agora.xtec.cat\/esc-maragall-arenys\/wp-content\/uploads\/usu1260\/2020\/08\/assaig_coral-4murals-2010-150x150.jpg\" alt=\"\" width=\"150\" height=\"150\" \/><\/td>\n<td style=\"width: 20%;\"><img loading=\"lazy\" decoding=\"async\" class=\"aligncenter size-full wp-image-1856\" src=\"https:\/\/agora.xtec.cat\/esc-maragall-arenys\/wp-content\/uploads\/usu1260\/2020\/08\/th_50-ani-expo5-150x150.jpg\" alt=\"\" width=\"150\" height=\"150\" \/><\/td>\n<td style=\"width: 20%;\"><img loading=\"lazy\" decoding=\"async\" class=\"aligncenter size-full wp-image-1857\" src=\"https:\/\/agora.xtec.cat\/esc-maragall-arenys\/wp-content\/uploads\/usu1260\/2020\/08\/th_50-ani-expo13-150x150.jpg\" alt=\"\" width=\"150\" height=\"150\" \/><\/td>\n<td style=\"width: 20%;\"><img loading=\"lazy\" decoding=\"async\" class=\"aligncenter size-full wp-image-1858\" src=\"https:\/\/agora.xtec.cat\/esc-maragall-arenys\/wp-content\/uploads\/usu1260\/2020\/08\/th_50-ani-expo14-150x150.jpg\" alt=\"\" width=\"150\" height=\"150\" \/><\/td>\n<\/tr>\n<tr>\n<td style=\"width: 20%;\"><img loading=\"lazy\" decoding=\"async\" class=\"aligncenter size-full wp-image-1859\" src=\"https:\/\/agora.xtec.cat\/esc-maragall-arenys\/wp-content\/uploads\/usu1260\/2020\/08\/th_50-ani-expo27-150x150.jpg\" alt=\"\" width=\"150\" height=\"150\" \/><\/td>\n<td style=\"width: 20%;\"><img loading=\"lazy\" decoding=\"async\" class=\"aligncenter size-full wp-image-1860\" src=\"https:\/\/agora.xtec.cat\/esc-maragall-arenys\/wp-content\/uploads\/usu1260\/2020\/08\/th_50-ani-expo31-150x150.jpg\" alt=\"\" width=\"150\" height=\"150\" \/><\/td>\n<td style=\"width: 20%;\"><\/td>\n<td style=\"width: 20%;\"><\/td>\n<td style=\"width: 20%;\"><\/td>\n<\/tr>\n<\/tbody>\n<\/table>\n<p>DILLUNS a la tarda tota l\u2019escola van anar al pati de parvulari per fer la inauguraci\u00f3 de la festa.<\/p>\n<p>A continuaci\u00f3 Diana i Bego ens van fer suar , per\u00f2 sobre tot gaudir amb la seva \u201cmarxa aer\u00f2bica\u201d<\/p>\n","protected":false},"excerpt":{"rendered":"<p>L\u2019Escola Joan Maragall est\u00e0 d\u2019enhorabona. Arribar al mig segle de vida \u00e9s un molt bon motiu per celebrar, per fer mem\u00f2ria, per valorar i, \u00e9s clar, per planificar i somiar en el futur. L\u2019Escola Joan Maragall fa 50 anys que treballa per garantir que els nens i nenes d\u2019Arenys de Mar tinguin acc\u00e9s a una [&hellip;]<\/p>\n","protected":false},"author":1,"featured_media":0,"parent":26,"menu_order":0,"comment_status":"closed","ping_status":"closed","template":"page-templates\/side-menu.php","meta":{"_bbp_topic_count":0,"_bbp_reply_count":0,"_bbp_total_topic_count":0,"_bbp_total_reply_count":0,"_bbp_voice_count":0,"_bbp_anonymous_reply_count":0,"_bbp_topic_count_hidden":0,"_bbp_reply_count_hidden":0,"_bbp_forum_subforum_count":0,"site-sidebar-layout":"default","site-content-layout":"","ast-site-content-layout":"","site-content-style":"default","site-sidebar-style":"default","ast-global-header-display":"","ast-banner-title-visibility":"","ast-main-header-display":"","ast-hfb-above-header-display":"","ast-hfb-below-header-display":"","ast-hfb-mobile-header-display":"","site-post-title":"","ast-breadcrumbs-content":"","ast-featured-img":"","footer-sml-layout":"","theme-transparent-header-meta":"","adv-header-id-meta":"","stick-header-meta":"","header-above-stick-meta":"","header-main-stick-meta":"","header-below-stick-meta":"","astra-migrate-meta-layouts":"default","ast-page-background-enabled":"default","ast-page-background-meta":{"desktop":{"background-color":"var(--ast-global-color-4)","background-image":"","background-repeat":"repeat","background-position":"center center","background-size":"auto","background-attachment":"scroll","background-type":"","background-media":"","overlay-type":"","overlay-color":"","overlay-opacity":"","overlay-gradient":""},"tablet":{"background-color":"","background-image":"","background-repeat":"repeat","background-position":"center center","background-size":"auto","background-attachment":"scroll","background-type":"","background-media":"","overlay-type":"","overlay-color":"","overlay-opacity":"","overlay-gradient":""},"mobile":{"background-color":"","background-image":"","background-repeat":"repeat","background-position":"center center","background-size":"auto","background-attachment":"scroll","background-type":"","background-media":"","overlay-type":"","overlay-color":"","overlay-opacity":"","overlay-gradient":""}},"ast-content-background-meta":{"desktop":{"background-color":"var(--ast-global-color-5)","background-image":"","background-repeat":"repeat","background-position":"center center","background-size":"auto","background-attachment":"scroll","background-type":"","background-media":"","overlay-type":"","overlay-color":"","overlay-opacity":"","overlay-gradient":""},"tablet":{"background-color":"var(--ast-global-color-5)","background-image":"","background-repeat":"repeat","background-position":"center center","background-size":"auto","background-attachment":"scroll","background-type":"","background-media":"","overlay-type":"","overlay-color":"","overlay-opacity":"","overlay-gradient":""},"mobile":{"background-color":"var(--ast-global-color-5)","background-image":"","background-repeat":"repeat","background-position":"center center","background-size":"auto","background-attachment":"scroll","background-type":"","background-media":"","overlay-type":"","overlay-color":"","overlay-opacity":"","overlay-gradient":""}},"footnotes":""},"class_list":["post-533","page","type-page","status-publish","hentry"],"post_mailing_queue_ids":[],"_links":{"self":[{"href":"https:\/\/agora.xtec.cat\/esc-maragall-arenys\/wp-json\/wp\/v2\/pages\/533","targetHints":{"allow":["GET"]}}],"collection":[{"href":"https:\/\/agora.xtec.cat\/esc-maragall-arenys\/wp-json\/wp\/v2\/pages"}],"about":[{"href":"https:\/\/agora.xtec.cat\/esc-maragall-arenys\/wp-json\/wp\/v2\/types\/page"}],"author":[{"embeddable":true,"href":"https:\/\/agora.xtec.cat\/esc-maragall-arenys\/wp-json\/wp\/v2\/users\/1"}],"replies":[{"embeddable":true,"href":"https:\/\/agora.xtec.cat\/esc-maragall-arenys\/wp-json\/wp\/v2\/comments?post=533"}],"version-history":[{"count":3,"href":"https:\/\/agora.xtec.cat\/esc-maragall-arenys\/wp-json\/wp\/v2\/pages\/533\/revisions"}],"predecessor-version":[{"id":3282,"href":"https:\/\/agora.xtec.cat\/esc-maragall-arenys\/wp-json\/wp\/v2\/pages\/533\/revisions\/3282"}],"up":[{"embeddable":true,"href":"https:\/\/agora.xtec.cat\/esc-maragall-arenys\/wp-json\/wp\/v2\/pages\/26"}],"wp:attachment":[{"href":"https:\/\/agora.xtec.cat\/esc-maragall-arenys\/wp-json\/wp\/v2\/media?parent=533"}],"curies":[{"name":"wp","href":"https:\/\/api.w.org\/{rel}","templated":true}]}}