{"id":3643,"date":"2022-10-14T15:50:47","date_gmt":"2022-10-14T13:50:47","guid":{"rendered":"https:\/\/agora.xtec.cat\/esc-maragall-arenys\/?page_id=3643"},"modified":"2022-10-14T15:51:21","modified_gmt":"2022-10-14T13:51:21","slug":"valors-de-lafa","status":"publish","type":"page","link":"https:\/\/agora.xtec.cat\/esc-maragall-arenys\/afa\/valors-de-lafa\/","title":{"rendered":"Valors de l&#8217;AFA"},"content":{"rendered":"<p><span style=\"font-weight: 400;\">La ra\u00f3 de ser que motiven les diferents actuacions de la nostra associaci\u00f3 es concreten en els seg\u00fcents valors:<\/span><\/p>\n<ul>\n<li style=\"list-style-type: none;\">\n<ul>\n<li style=\"font-weight: 400;\" aria-level=\"1\"><b>Respecte:<\/b><span style=\"font-weight: 400;\"> Acceptar i comprendre maneres de pensar diferents de la pr\u00f2pia.<\/span><\/li>\n<li style=\"font-weight: 400;\" aria-level=\"1\"><b>Solidaritat: <\/b><span style=\"font-weight: 400;\">Adoptar actituds de <\/span><span style=\"font-weight: 400;\">presa de consci\u00e8ncia de les necessitats alienes i el desig de contribuir a la seva satisfacci\u00f3.\u00a0<\/span><\/li>\n<li style=\"font-weight: 400;\" aria-level=\"1\"><b>Sostenibilitat: <\/b><span style=\"font-weight: 400;\">Promoure un consum responsable. Desenvolupar i implementar actuacions que minimitzin els impactes que degraden el medi i els recursos.<\/span><\/li>\n<\/ul>\n<ul>\n<li style=\"font-weight: 400;\" aria-level=\"1\"><b>Comprom\u00eds \u00e8tic: <\/b><span style=\"font-weight: 400;\">Actuacions que es concreten en uns criteris i codis \u00e8tics que contribueixen a fer una comunitat educativa m\u00e9s justa, sensible i humana.<\/span><i><\/i><\/li>\n<li style=\"font-weight: 400;\" aria-level=\"1\"><b>Diversitat:<\/b><span style=\"font-weight: 400;\"> Valorar la diversitat com a riquesa, viure i conviure en harmonia tot enriquint-nos m\u00fatuament.<\/span><\/li>\n<li style=\"font-weight: 400;\" aria-level=\"1\"><b style=\"font-family: inherit; font-size: 1em;\">Igualtat i no discriminaci\u00f3<\/b><span style=\"font-weight: 400;\">.<\/span> <span style=\"font-weight: 400;\">Potenciar actituds i comportaments en les relacions interpersonals que facin efectius els valors de la igualtat, l\u2019equitat i el respecte <\/span><span style=\"font-weight: 400;\">\u00a0entenent la difer\u00e8ncia com a font d\u2019aprenentatge i creixement social.<\/span><\/li>\n<li style=\"font-weight: 400;\" aria-level=\"1\"><b>Equitat educativa:<\/b><span style=\"font-weight: 400;\"> Oferir activitats d\u2019enriquiment educatiu de qualitat m\u00e9s enll\u00e0 de l\u2019escola (projectes d\u2019extraescolars, de migdia o d\u2019estiu) que d\u2019una altra manera serien m\u00e9s dif\u00edcils de posar a l\u2019abast de tot l\u2019alumnat. Activitats de gran valor educatiu que poden compensar desigualtats socials, culturals i econ\u00f2miques. Vetllar perqu\u00e8 l\u2019oferta sigui \u00e0mplia i variada per donar resposta als <\/span><span style=\"font-weight: 400;\">interessos, motivacions, i necessitats dels infants. Una oferta variada permetr\u00e0 desenvolupar nous interessos.<\/span><\/li>\n<li style=\"font-weight: 400;\" aria-level=\"1\"><b>Feminista i de g\u00e8nere: <\/b><span style=\"font-weight: 400;\">Promoure que la comunitat educativa<\/span> <span style=\"font-weight: 400;\">\u00a0<\/span><span style=\"font-weight: 400;\">sigui m\u00e9s justa i segura per a totes les persones. Reivindicar una educaci\u00f3 feminista que inclogui la perspectiva de g\u00e8nere.<\/span><\/li>\n<li style=\"font-weight: 400;\" aria-level=\"1\"><b>Projecte democr\u00e0tic i participatiu:<\/b> <span style=\"font-weight: 400;\">Elaborar un projecte comprom\u00e8s amb les persones, centrat en un bon clima i un alt nivell d\u2019implicaci\u00f3.<\/span><\/li>\n<li style=\"font-weight: 400;\" aria-level=\"1\"><b>Crear comunitat al poble:<\/b> <span style=\"font-weight: 400;\">Connexi\u00f3 amb els agents educatius del territori mobilitzant recursos econ\u00f2mics i personals per tal que reverteixi positivament en el valor educatiu de la comunitat educativa.<\/span><\/li>\n<li style=\"font-weight: 400;\" aria-level=\"1\"><b>Transpar\u00e8ncia:<\/b> <span style=\"font-weight: 400;\">Basar el nostre treball en la responsabilitat i el m\u00e0xim acc\u00e9s a la informaci\u00f3.<\/span><\/li>\n<\/ul>\n<\/li>\n<\/ul>\n<p>&nbsp;<\/p>\n","protected":false},"excerpt":{"rendered":"<p>La ra\u00f3 de ser que motiven les diferents actuacions de la nostra associaci\u00f3 es concreten en els seg\u00fcents valors: Respecte: Acceptar i comprendre maneres de pensar diferents de la pr\u00f2pia. Solidaritat: Adoptar actituds de presa de consci\u00e8ncia de les necessitats alienes i el desig de contribuir a la seva satisfacci\u00f3.\u00a0 Sostenibilitat: Promoure un consum responsable. [&hellip;]<\/p>\n","protected":false},"author":1,"featured_media":0,"parent":472,"menu_order":12,"comment_status":"closed","ping_status":"closed","template":"page-templates\/side-menu.php","meta":{"_bbp_topic_count":0,"_bbp_reply_count":0,"_bbp_total_topic_count":0,"_bbp_total_reply_count":0,"_bbp_voice_count":0,"_bbp_anonymous_reply_count":0,"_bbp_topic_count_hidden":0,"_bbp_reply_count_hidden":0,"_bbp_forum_subforum_count":0,"site-sidebar-layout":"default","site-content-layout":"","ast-site-content-layout":"","site-content-style":"default","site-sidebar-style":"default","ast-global-header-display":"","ast-banner-title-visibility":"","ast-main-header-display":"","ast-hfb-above-header-display":"","ast-hfb-below-header-display":"","ast-hfb-mobile-header-display":"","site-post-title":"","ast-breadcrumbs-content":"","ast-featured-img":"","footer-sml-layout":"","theme-transparent-header-meta":"","adv-header-id-meta":"","stick-header-meta":"","header-above-stick-meta":"","header-main-stick-meta":"","header-below-stick-meta":"","astra-migrate-meta-layouts":"default","ast-page-background-enabled":"default","ast-page-background-meta":{"desktop":{"background-color":"var(--ast-global-color-4)","background-image":"","background-repeat":"repeat","background-position":"center center","background-size":"auto","background-attachment":"scroll","background-type":"","background-media":"","overlay-type":"","overlay-color":"","overlay-opacity":"","overlay-gradient":""},"tablet":{"background-color":"","background-image":"","background-repeat":"repeat","background-position":"center center","background-size":"auto","background-attachment":"scroll","background-type":"","background-media":"","overlay-type":"","overlay-color":"","overlay-opacity":"","overlay-gradient":""},"mobile":{"background-color":"","background-image":"","background-repeat":"repeat","background-position":"center center","background-size":"auto","background-attachment":"scroll","background-type":"","background-media":"","overlay-type":"","overlay-color":"","overlay-opacity":"","overlay-gradient":""}},"ast-content-background-meta":{"desktop":{"background-color":"var(--ast-global-color-5)","background-image":"","background-repeat":"repeat","background-position":"center center","background-size":"auto","background-attachment":"scroll","background-type":"","background-media":"","overlay-type":"","overlay-color":"","overlay-opacity":"","overlay-gradient":""},"tablet":{"background-color":"var(--ast-global-color-5)","background-image":"","background-repeat":"repeat","background-position":"center center","background-size":"auto","background-attachment":"scroll","background-type":"","background-media":"","overlay-type":"","overlay-color":"","overlay-opacity":"","overlay-gradient":""},"mobile":{"background-color":"var(--ast-global-color-5)","background-image":"","background-repeat":"repeat","background-position":"center center","background-size":"auto","background-attachment":"scroll","background-type":"","background-media":"","overlay-type":"","overlay-color":"","overlay-opacity":"","overlay-gradient":""}},"footnotes":""},"class_list":["post-3643","page","type-page","status-publish","hentry"],"post_mailing_queue_ids":[],"_links":{"self":[{"href":"https:\/\/agora.xtec.cat\/esc-maragall-arenys\/wp-json\/wp\/v2\/pages\/3643","targetHints":{"allow":["GET"]}}],"collection":[{"href":"https:\/\/agora.xtec.cat\/esc-maragall-arenys\/wp-json\/wp\/v2\/pages"}],"about":[{"href":"https:\/\/agora.xtec.cat\/esc-maragall-arenys\/wp-json\/wp\/v2\/types\/page"}],"author":[{"embeddable":true,"href":"https:\/\/agora.xtec.cat\/esc-maragall-arenys\/wp-json\/wp\/v2\/users\/1"}],"replies":[{"embeddable":true,"href":"https:\/\/agora.xtec.cat\/esc-maragall-arenys\/wp-json\/wp\/v2\/comments?post=3643"}],"version-history":[{"count":2,"href":"https:\/\/agora.xtec.cat\/esc-maragall-arenys\/wp-json\/wp\/v2\/pages\/3643\/revisions"}],"predecessor-version":[{"id":3645,"href":"https:\/\/agora.xtec.cat\/esc-maragall-arenys\/wp-json\/wp\/v2\/pages\/3643\/revisions\/3645"}],"up":[{"embeddable":true,"href":"https:\/\/agora.xtec.cat\/esc-maragall-arenys\/wp-json\/wp\/v2\/pages\/472"}],"wp:attachment":[{"href":"https:\/\/agora.xtec.cat\/esc-maragall-arenys\/wp-json\/wp\/v2\/media?parent=3643"}],"curies":[{"name":"wp","href":"https:\/\/api.w.org\/{rel}","templated":true}]}}