{"id":36,"date":"2014-09-18T12:33:11","date_gmt":"2014-09-18T10:33:11","guid":{"rendered":"http:\/\/agora.xtec.cat\/esc-maragall-arenys\/?page_id=36"},"modified":"2025-07-11T14:00:12","modified_gmt":"2025-07-11T12:00:12","slug":"material-escolar","status":"publish","type":"page","link":"https:\/\/agora.xtec.cat\/esc-maragall-arenys\/organitzacio-del-curs\/material-escolar\/","title":{"rendered":"Material escolar i Quota 2025-2026"},"content":{"rendered":"<p><span style=\"color: #000000;\"><strong><a href=\"https:\/\/agora.xtec.cat\/esc-maragall-arenys\/wp-content\/uploads\/usu1260\/2025\/07\/QUOTA-UNICA-2025-26.pdf\" target=\"_blank\" rel=\"noopener\">QUOTA \u00daNICA 2025-26<\/a><\/strong><\/span><\/p>\n<p>Quota \u00fanica de material, socialitzaci\u00f3 i digitalitzaci\u00f3, sortides i activitats culturals per al curs escolar 2025\/2026 de la nostra escola, aprovada pel Consell Escolar del centre (dijous 26 de juny de 2025): 190\u20ac<\/p>\n<p><a href=\"https:\/\/agora.xtec.cat\/esc-maragall-arenys\/wp-content\/uploads\/usu1260\/2025\/07\/QUOTA-UNICA-1.jpg\"><img loading=\"lazy\" decoding=\"async\" class=\"aligncenter wp-image-5047\" src=\"https:\/\/agora.xtec.cat\/esc-maragall-arenys\/wp-content\/uploads\/usu1260\/2025\/07\/QUOTA-UNICA-1.jpg\" alt=\"\" width=\"496\" height=\"1241\" srcset=\"https:\/\/agora.xtec.cat\/esc-maragall-arenys\/wp-content\/uploads\/usu1260\/2025\/07\/QUOTA-UNICA-1.jpg 800w, https:\/\/agora.xtec.cat\/esc-maragall-arenys\/wp-content\/uploads\/usu1260\/2025\/07\/QUOTA-UNICA-1-120x300.jpg 120w, https:\/\/agora.xtec.cat\/esc-maragall-arenys\/wp-content\/uploads\/usu1260\/2025\/07\/QUOTA-UNICA-1-768x1920.jpg 768w, https:\/\/agora.xtec.cat\/esc-maragall-arenys\/wp-content\/uploads\/usu1260\/2025\/07\/QUOTA-UNICA-1-614x1536.jpg 614w\" sizes=\"auto, (max-width: 496px) 100vw, 496px\" \/><\/a><\/p>\n<div><a href=\"https:\/\/www.valescolar.cat\/\"><img loading=\"lazy\" decoding=\"async\" class=\"aligncenter size-full wp-image-5028\" src=\"https:\/\/agora.xtec.cat\/esc-maragall-arenys\/wp-content\/uploads\/usu1260\/2025\/07\/Captura-de-pantalla-2025-07-04-192732.png\" alt=\"\" width=\"1863\" height=\"619\" srcset=\"https:\/\/agora.xtec.cat\/esc-maragall-arenys\/wp-content\/uploads\/usu1260\/2025\/07\/Captura-de-pantalla-2025-07-04-192732.png 1863w, https:\/\/agora.xtec.cat\/esc-maragall-arenys\/wp-content\/uploads\/usu1260\/2025\/07\/Captura-de-pantalla-2025-07-04-192732-300x100.png 300w, https:\/\/agora.xtec.cat\/esc-maragall-arenys\/wp-content\/uploads\/usu1260\/2025\/07\/Captura-de-pantalla-2025-07-04-192732-1024x340.png 1024w, https:\/\/agora.xtec.cat\/esc-maragall-arenys\/wp-content\/uploads\/usu1260\/2025\/07\/Captura-de-pantalla-2025-07-04-192732-768x255.png 768w, https:\/\/agora.xtec.cat\/esc-maragall-arenys\/wp-content\/uploads\/usu1260\/2025\/07\/Captura-de-pantalla-2025-07-04-192732-1536x510.png 1536w\" sizes=\"auto, (max-width: 1863px) 100vw, 1863px\" \/><\/a><\/div>\n<p><a href=\"https:\/\/agora.xtec.cat\/esc-maragall-arenys\/wp-content\/uploads\/usu1260\/2025\/07\/Captura-de-pantalla-2025-07-11-135846.png\"><img loading=\"lazy\" decoding=\"async\" class=\"aligncenter size-full wp-image-5050\" src=\"https:\/\/agora.xtec.cat\/esc-maragall-arenys\/wp-content\/uploads\/usu1260\/2025\/07\/Captura-de-pantalla-2025-07-11-135846.png\" alt=\"\" width=\"622\" height=\"904\" srcset=\"https:\/\/agora.xtec.cat\/esc-maragall-arenys\/wp-content\/uploads\/usu1260\/2025\/07\/Captura-de-pantalla-2025-07-11-135846.png 622w, https:\/\/agora.xtec.cat\/esc-maragall-arenys\/wp-content\/uploads\/usu1260\/2025\/07\/Captura-de-pantalla-2025-07-11-135846-206x300.png 206w\" sizes=\"auto, (max-width: 622px) 100vw, 622px\" \/><\/a><\/p>\n","protected":false},"excerpt":{"rendered":"<p>QUOTA \u00daNICA 2025-26 Quota \u00fanica de material, socialitzaci\u00f3 i digitalitzaci\u00f3, sortides i activitats culturals per al curs escolar 2025\/2026 de la nostra escola, aprovada pel Consell Escolar del centre (dijous 26 de juny de 2025): 190\u20ac<\/p>\n","protected":false},"author":1,"featured_media":0,"parent":488,"menu_order":70,"comment_status":"closed","ping_status":"closed","template":"page-templates\/side-menu.php","meta":{"_bbp_topic_count":0,"_bbp_reply_count":0,"_bbp_total_topic_count":0,"_bbp_total_reply_count":0,"_bbp_voice_count":0,"_bbp_anonymous_reply_count":0,"_bbp_topic_count_hidden":0,"_bbp_reply_count_hidden":0,"_bbp_forum_subforum_count":0,"site-sidebar-layout":"default","site-content-layout":"","ast-site-content-layout":"","site-content-style":"default","site-sidebar-style":"default","ast-global-header-display":"","ast-banner-title-visibility":"","ast-main-header-display":"","ast-hfb-above-header-display":"","ast-hfb-below-header-display":"","ast-hfb-mobile-header-display":"","site-post-title":"","ast-breadcrumbs-content":"","ast-featured-img":"","footer-sml-layout":"","theme-transparent-header-meta":"","adv-header-id-meta":"","stick-header-meta":"","header-above-stick-meta":"","header-main-stick-meta":"","header-below-stick-meta":"","astra-migrate-meta-layouts":"default","ast-page-background-enabled":"default","ast-page-background-meta":{"desktop":{"background-color":"var(--ast-global-color-4)","background-image":"","background-repeat":"repeat","background-position":"center center","background-size":"auto","background-attachment":"scroll","background-type":"","background-media":"","overlay-type":"","overlay-color":"","overlay-opacity":"","overlay-gradient":""},"tablet":{"background-color":"","background-image":"","background-repeat":"repeat","background-position":"center center","background-size":"auto","background-attachment":"scroll","background-type":"","background-media":"","overlay-type":"","overlay-color":"","overlay-opacity":"","overlay-gradient":""},"mobile":{"background-color":"","background-image":"","background-repeat":"repeat","background-position":"center center","background-size":"auto","background-attachment":"scroll","background-type":"","background-media":"","overlay-type":"","overlay-color":"","overlay-opacity":"","overlay-gradient":""}},"ast-content-background-meta":{"desktop":{"background-color":"var(--ast-global-color-5)","background-image":"","background-repeat":"repeat","background-position":"center center","background-size":"auto","background-attachment":"scroll","background-type":"","background-media":"","overlay-type":"","overlay-color":"","overlay-opacity":"","overlay-gradient":""},"tablet":{"background-color":"var(--ast-global-color-5)","background-image":"","background-repeat":"repeat","background-position":"center center","background-size":"auto","background-attachment":"scroll","background-type":"","background-media":"","overlay-type":"","overlay-color":"","overlay-opacity":"","overlay-gradient":""},"mobile":{"background-color":"var(--ast-global-color-5)","background-image":"","background-repeat":"repeat","background-position":"center center","background-size":"auto","background-attachment":"scroll","background-type":"","background-media":"","overlay-type":"","overlay-color":"","overlay-opacity":"","overlay-gradient":""}},"footnotes":""},"class_list":["post-36","page","type-page","status-publish","hentry"],"post_mailing_queue_ids":[],"_links":{"self":[{"href":"https:\/\/agora.xtec.cat\/esc-maragall-arenys\/wp-json\/wp\/v2\/pages\/36","targetHints":{"allow":["GET"]}}],"collection":[{"href":"https:\/\/agora.xtec.cat\/esc-maragall-arenys\/wp-json\/wp\/v2\/pages"}],"about":[{"href":"https:\/\/agora.xtec.cat\/esc-maragall-arenys\/wp-json\/wp\/v2\/types\/page"}],"author":[{"embeddable":true,"href":"https:\/\/agora.xtec.cat\/esc-maragall-arenys\/wp-json\/wp\/v2\/users\/1"}],"replies":[{"embeddable":true,"href":"https:\/\/agora.xtec.cat\/esc-maragall-arenys\/wp-json\/wp\/v2\/comments?post=36"}],"version-history":[{"count":7,"href":"https:\/\/agora.xtec.cat\/esc-maragall-arenys\/wp-json\/wp\/v2\/pages\/36\/revisions"}],"predecessor-version":[{"id":5052,"href":"https:\/\/agora.xtec.cat\/esc-maragall-arenys\/wp-json\/wp\/v2\/pages\/36\/revisions\/5052"}],"up":[{"embeddable":true,"href":"https:\/\/agora.xtec.cat\/esc-maragall-arenys\/wp-json\/wp\/v2\/pages\/488"}],"wp:attachment":[{"href":"https:\/\/agora.xtec.cat\/esc-maragall-arenys\/wp-json\/wp\/v2\/media?parent=36"}],"curies":[{"name":"wp","href":"https:\/\/api.w.org\/{rel}","templated":true}]}}