{"id":28,"date":"2014-09-18T12:29:35","date_gmt":"2014-09-18T11:29:35","guid":{"rendered":"http:\/\/agora.xtec.cat\/esc-maragall-arenys\/?page_id=28"},"modified":"2025-12-15T10:02:55","modified_gmt":"2025-12-15T09:02:55","slug":"consell-escolar","status":"publish","type":"page","link":"https:\/\/agora.xtec.cat\/esc-maragall-arenys\/lescola\/consell-escolar\/","title":{"rendered":"Consell escolar"},"content":{"rendered":"<p><strong><span style=\"color: #33cccc;\">ELECCIONS AL CONSELL ESCOLAR 2025<\/span><\/strong><\/p>\n<p><span style=\"text-decoration: underline;\"><span style=\"color: #3366ff;\"><a style=\"color: #3366ff; text-decoration: underline;\" href=\"https:\/\/agora.xtec.cat\/esc-maragall-arenys\/wp-content\/uploads\/usu1260\/2025\/12\/ACTA-COMPOSICIO.pdf\" target=\"_blank\" rel=\"noopener\">ACTA COMPOSICI\u00d3 CE 2025<\/a><\/span><\/span><\/p>\n<p><span style=\"color: #33cccc;\"><strong>ACTUAL COMPOSICI\u00d3 DEL CONSELL ESCOLAR:<\/strong><\/span><\/p>\n<table style=\"width: 48.026%;\">\n<tbody>\n<tr>\n<td style=\"width: 20.7756%;\" width=\"150\"><strong>SECTOR<\/strong><\/td>\n<td style=\"width: 43.7654%;\" width=\"263\"><strong>MEMBRE<\/strong><\/td>\n<td style=\"text-align: center; width: 34.074%;\" width=\"299\"><strong>PROPERA RENOVACI\u00d3\u00a0<\/strong><\/td>\n<\/tr>\n<tr>\n<td style=\"width: 20.7756%;\" rowspan=\"6\" width=\"150\"><strong>Mestres<\/strong><\/td>\n<td style=\"width: 43.7654%;\" width=\"263\">Sarah Champion Colell<\/td>\n<td style=\"text-align: center; width: 34.074%;\" width=\"299\">2027<\/td>\n<\/tr>\n<tr>\n<td style=\"width: 43.7654%;\" width=\"263\">Elena Nogueras Garcia<\/td>\n<td style=\"text-align: center; width: 34.074%;\" width=\"299\">2027<\/td>\n<\/tr>\n<tr>\n<td style=\"width: 43.7654%;\" width=\"263\">Itziar Larra\u00f1aga Praderas<\/td>\n<td style=\"text-align: center; width: 34.074%;\" width=\"299\">2029<\/td>\n<\/tr>\n<tr>\n<td style=\"width: 43.7654%;\" width=\"263\">Tatiana Capeletti Bonciani<\/td>\n<td style=\"text-align: center; width: 34.074%;\" width=\"299\">2029<\/td>\n<\/tr>\n<tr>\n<td style=\"width: 43.7654%;\">Paula Belzunce Laita<\/td>\n<td style=\"text-align: center; width: 34.074%;\">2029<\/td>\n<\/tr>\n<tr>\n<td style=\"width: 43.7654%;\" width=\"263\">Llu\u00eds Ulldemolins Colomer<\/td>\n<td style=\"text-align: center; width: 34.074%;\" width=\"299\">2029<\/td>\n<\/tr>\n<tr>\n<td style=\"width: 20.7756%;\" rowspan=\"3\" width=\"150\"><strong>Equip directiu<\/strong><\/td>\n<td style=\"width: 43.7654%;\" width=\"263\">S\u00edlvia Guti\u00e9rrez Rosales<\/td>\n<td style=\"text-align: center; width: 34.074%;\" width=\"299\">membre nat<\/td>\n<\/tr>\n<tr>\n<td style=\"width: 43.7654%;\" width=\"263\">Gemma Solsona Moix<\/td>\n<td style=\"text-align: center; width: 34.074%;\" width=\"299\">membre nat<\/td>\n<\/tr>\n<tr>\n<td style=\"width: 43.7654%;\" width=\"263\">B\u00e0rbara Aguil\u00f3 Cucurull<\/td>\n<td style=\"text-align: center; width: 34.074%;\" width=\"299\">membre nat<\/td>\n<\/tr>\n<tr>\n<td style=\"width: 20.7756%;\" rowspan=\"6\" width=\"150\"><strong>Pares, Mares, Tutors<\/strong><\/td>\n<td style=\"width: 43.7654%;\" width=\"263\">Joan Manel Contreras Viana<\/td>\n<td style=\"text-align: center; width: 34.074%;\" width=\"299\">2027<\/td>\n<\/tr>\n<tr>\n<td style=\"width: 43.7654%;\" width=\"263\">Laura Lorca Lombana<\/td>\n<td style=\"text-align: center; width: 34.074%;\" width=\"299\">2027<\/td>\n<\/tr>\n<tr>\n<td style=\"width: 43.7654%;\" width=\"263\">Arantxa Aulet Rodr\u00edguez<\/td>\n<td style=\"text-align: center; width: 34.074%;\" width=\"299\">2029<\/td>\n<\/tr>\n<tr>\n<td style=\"width: 43.7654%;\" width=\"263\">Eva Buscarons Mill\u00e1n<\/td>\n<td style=\"text-align: center; width: 34.074%;\" width=\"299\">2029<\/td>\n<\/tr>\n<tr>\n<td style=\"width: 43.7654%;\">Hugo Fabregat Ribalta<\/td>\n<td style=\"text-align: center; width: 34.074%;\">2029<\/td>\n<\/tr>\n<tr>\n<td style=\"width: 43.7654%;\" width=\"263\">Representant AFA: Francesc Garc\u00eda Perales<\/td>\n<td style=\"text-align: center; width: 34.074%;\" width=\"299\"><\/td>\n<\/tr>\n<tr>\n<td style=\"width: 20.7756%;\" width=\"150\"><strong>PAS<\/strong><\/td>\n<td style=\"width: 43.7654%;\" width=\"263\">Alicia Len M\u00e9ndez<\/td>\n<td style=\"text-align: center; width: 34.074%;\" width=\"299\">2029<\/td>\n<\/tr>\n<tr>\n<td style=\"width: 20.7756%;\"><strong>PAE<\/strong><\/td>\n<td style=\"width: 43.7654%;\">Elisabet Salmer\u00f3n L\u00f3pez<\/td>\n<td style=\"text-align: center; width: 34.074%;\">2029<\/td>\n<\/tr>\n<tr>\n<td style=\"width: 20.7756%;\" width=\"150\"><strong>Ajuntament<\/strong><\/td>\n<td style=\"width: 43.7654%;\" width=\"263\">Representant: Agust\u00ed Farr\u00e9 Gasia (Regidor)<\/td>\n<td style=\"text-align: center; width: 34.074%;\" width=\"299\"><\/td>\n<\/tr>\n<\/tbody>\n<\/table>\n<p>&nbsp;<\/p>\n","protected":false},"excerpt":{"rendered":"<p>ELECCIONS AL CONSELL ESCOLAR 2025 ACTA COMPOSICI\u00d3 CE 2025 ACTUAL COMPOSICI\u00d3 DEL CONSELL ESCOLAR: SECTOR MEMBRE PROPERA RENOVACI\u00d3\u00a0 Mestres Sarah Champion Colell 2027 Elena Nogueras Garcia 2027 Itziar Larra\u00f1aga Praderas 2029 Tatiana Capeletti Bonciani 2029 Paula Belzunce Laita 2029 Llu\u00eds Ulldemolins Colomer 2029 Equip directiu S\u00edlvia Guti\u00e9rrez Rosales membre nat Gemma Solsona Moix membre nat [&hellip;]<\/p>\n","protected":false},"author":1,"featured_media":0,"parent":22,"menu_order":30,"comment_status":"closed","ping_status":"closed","template":"page-templates\/side-menu.php","meta":{"_bbp_topic_count":0,"_bbp_reply_count":0,"_bbp_total_topic_count":0,"_bbp_total_reply_count":0,"_bbp_voice_count":0,"_bbp_anonymous_reply_count":0,"_bbp_topic_count_hidden":0,"_bbp_reply_count_hidden":0,"_bbp_forum_subforum_count":0,"site-sidebar-layout":"default","site-content-layout":"","ast-site-content-layout":"","site-content-style":"default","site-sidebar-style":"default","ast-global-header-display":"","ast-banner-title-visibility":"","ast-main-header-display":"","ast-hfb-above-header-display":"","ast-hfb-below-header-display":"","ast-hfb-mobile-header-display":"","site-post-title":"","ast-breadcrumbs-content":"","ast-featured-img":"","footer-sml-layout":"","theme-transparent-header-meta":"","adv-header-id-meta":"","stick-header-meta":"","header-above-stick-meta":"","header-main-stick-meta":"","header-below-stick-meta":"","astra-migrate-meta-layouts":"default","ast-page-background-enabled":"default","ast-page-background-meta":{"desktop":{"background-color":"var(--ast-global-color-4)","background-image":"","background-repeat":"repeat","background-position":"center center","background-size":"auto","background-attachment":"scroll","background-type":"","background-media":"","overlay-type":"","overlay-color":"","overlay-opacity":"","overlay-gradient":""},"tablet":{"background-color":"","background-image":"","background-repeat":"repeat","background-position":"center center","background-size":"auto","background-attachment":"scroll","background-type":"","background-media":"","overlay-type":"","overlay-color":"","overlay-opacity":"","overlay-gradient":""},"mobile":{"background-color":"","background-image":"","background-repeat":"repeat","background-position":"center center","background-size":"auto","background-attachment":"scroll","background-type":"","background-media":"","overlay-type":"","overlay-color":"","overlay-opacity":"","overlay-gradient":""}},"ast-content-background-meta":{"desktop":{"background-color":"var(--ast-global-color-5)","background-image":"","background-repeat":"repeat","background-position":"center center","background-size":"auto","background-attachment":"scroll","background-type":"","background-media":"","overlay-type":"","overlay-color":"","overlay-opacity":"","overlay-gradient":""},"tablet":{"background-color":"var(--ast-global-color-5)","background-image":"","background-repeat":"repeat","background-position":"center center","background-size":"auto","background-attachment":"scroll","background-type":"","background-media":"","overlay-type":"","overlay-color":"","overlay-opacity":"","overlay-gradient":""},"mobile":{"background-color":"var(--ast-global-color-5)","background-image":"","background-repeat":"repeat","background-position":"center center","background-size":"auto","background-attachment":"scroll","background-type":"","background-media":"","overlay-type":"","overlay-color":"","overlay-opacity":"","overlay-gradient":""}},"footnotes":""},"class_list":["post-28","page","type-page","status-publish","hentry"],"post_mailing_queue_ids":[],"_links":{"self":[{"href":"https:\/\/agora.xtec.cat\/esc-maragall-arenys\/wp-json\/wp\/v2\/pages\/28","targetHints":{"allow":["GET"]}}],"collection":[{"href":"https:\/\/agora.xtec.cat\/esc-maragall-arenys\/wp-json\/wp\/v2\/pages"}],"about":[{"href":"https:\/\/agora.xtec.cat\/esc-maragall-arenys\/wp-json\/wp\/v2\/types\/page"}],"author":[{"embeddable":true,"href":"https:\/\/agora.xtec.cat\/esc-maragall-arenys\/wp-json\/wp\/v2\/users\/1"}],"replies":[{"embeddable":true,"href":"https:\/\/agora.xtec.cat\/esc-maragall-arenys\/wp-json\/wp\/v2\/comments?post=28"}],"version-history":[{"count":6,"href":"https:\/\/agora.xtec.cat\/esc-maragall-arenys\/wp-json\/wp\/v2\/pages\/28\/revisions"}],"predecessor-version":[{"id":5220,"href":"https:\/\/agora.xtec.cat\/esc-maragall-arenys\/wp-json\/wp\/v2\/pages\/28\/revisions\/5220"}],"up":[{"embeddable":true,"href":"https:\/\/agora.xtec.cat\/esc-maragall-arenys\/wp-json\/wp\/v2\/pages\/22"}],"wp:attachment":[{"href":"https:\/\/agora.xtec.cat\/esc-maragall-arenys\/wp-json\/wp\/v2\/media?parent=28"}],"curies":[{"name":"wp","href":"https:\/\/api.w.org\/{rel}","templated":true}]}}