{"id":1442,"date":"2019-10-03T13:24:23","date_gmt":"2019-10-03T11:24:23","guid":{"rendered":"http:\/\/agora.xtec.cat\/esc-maragall-arenys\/?page_id=1442"},"modified":"2025-09-07T14:01:12","modified_gmt":"2025-09-07T12:01:12","slug":"informacions-curs-2023-2024","status":"publish","type":"page","link":"https:\/\/agora.xtec.cat\/esc-maragall-arenys\/organitzacio-del-curs\/curs-2023-2024\/informacions-curs-2023-2024\/","title":{"rendered":"Informacions curs 2025-2026"},"content":{"rendered":"<p>&nbsp;<\/p>\n<p><strong><span class=\"WdYUQQ text-decoration-none text-strikethrough-none\" style=\"color: #008000;\">ENTRADES I SORTIDES DE L\u2019ALUMNAT<\/span><\/strong><\/p>\n<p>I3, I4, I5: Porta c\/Anna Maria Ravell<\/p>\n<p>I3: Les fam\u00edlies acompanyareu al vostre fill\/a a l\u2019aula. Tamb\u00e9 ser\u00e0 el punt de recollida.<\/p>\n<p>I4, I5: Les fam\u00edlies acompanyareu al vostre fill\/a al punt de trobada amb la mestra (al pati) i el recollireu a la porta de l\u2019aula.<\/p>\n<p>1r i 2n: Porta Rial Sa Clavella ( al costat de l\u2019hort ).<\/p>\n<p>1r: L\u2019alumnat entrar\u00e0 i anir\u00e0 al punt de trobada amb la mestra ( al porxo ) i el recollireu a la porta de l\u2019aula.<\/p>\n<p>2n: L\u2019alumnat entrar\u00e0 i anir\u00e0 directament a les aules, els recollireu a la zona del tipi.<\/p>\n<p>3r,4t, 5\u00e8 i 6\u00e8: Porta del Xifr\u00e9.<\/p>\n<p><span style=\"color: #008000;\"><strong><span class=\"WdYUQQ text-decoration-none text-strikethrough-none\">ACTIVITATS EXTRAESCOLARS<\/span><\/strong><\/span><\/p>\n<p>S\u2019ofereix acollida de mat\u00ed de 7:30h a 9:00h (durant tot el curs).<\/p>\n<p>Per apuntar-se a l\u2019acollida del setembre: a la caseta de l\u2019AFA de l&#8217;1 al 5 de setembre de 15:30 h a 18:30 h.<\/p>\n<p>Les activitats extraescolars de tarda comen\u00e7aran el dimecres 1 d\u2019octubre de 2025.<\/p>\n<p><span style=\"color: #008000;\"><strong><span class=\"WdYUQQ text-decoration-none text-strikethrough-none\">MENJADOR ESCOLAR 2025-2026<\/span><\/strong><\/span><\/p>\n<p class=\"_04xlpA direction-ltr align-start para-style-body\"><span class=\"WdYUQQ text-decoration-none text-strikethrough-none\">PUNT D&#8217;INFORMACI\u00d3:<em><strong> Divendres 5 de setembre de 10 a 13h<\/strong><\/em><\/span><\/p>\n<p class=\"_04xlpA direction-ltr align-start para-style-body\"><span class=\"WdYUQQ text-decoration-none text-strikethrough-none\">Tel\u00e8fon <\/span><span class=\"WdYUQQ text-decoration-none text-strikethrough-none\">7iTria<\/span><span class=\"WdYUQQ text-decoration-none text-strikethrough-none\">: <\/span><a class=\"WdYUQQ text-decoration-underline text-strikethrough-none\" draggable=\"false\" href=\"https:\/\/www.google.com\/search?q=7+i+tria&amp;oq=7+i+tria&amp;aqs=chrome..69i57j46i175i199i512j0i512l8.1660j0j15&amp;sourceid=chrome&amp;ie=UTF-8\" target=\"_blank\" rel=\"noopener\">936 82 10 43<\/a> <span class=\"WdYUQQ text-decoration-none text-strikethrough-none\">(oficines)<\/span> <span class=\"WdYUQQ text-decoration-none text-strikethrough-none\">610193174 (operatiu a partir del setembre)<\/span><\/p>\n<p><span style=\"color: #008000;\"><strong><span class=\"WdYUQQ text-decoration-none text-strikethrough-none\">REUNIONS DE FAM\u00cdLIES D\u2019INICI DE CURS<\/span><\/strong><\/span><\/p>\n<ul>\n<li class=\"_04xlpA direction-ltr align-start para-style-body\"><span class=\"WdYUQQ text-decoration-none text-strikethrough-none\"><strong>I3: entrevistes personals amb les mestres d&#8217;I3 (setembre).<\/strong><\/span><\/li>\n<li class=\"_04xlpA direction-ltr align-start para-style-body\"><span class=\"WdYUQQ text-decoration-none text-strikethrough-none\"><strong>I3: dilluns 15 de setembre de 2025<\/strong>\u00a0 a les <strong>12:30h: <\/strong>a l&#8217;aula\u00a0de m\u00fasica<\/span><\/li>\n<li><span class=\"WdYUQQ text-decoration-none text-strikethrough-none\"><strong>I4: dimarts 16 de setembre de 2025<\/strong>\u00a0a les <strong>17h: <\/strong>a l&#8217;aula\u00a0de m\u00fasica<\/span><\/li>\n<li><strong>I5<\/strong>: <strong>dimecres 17\u00a0de setembre de 2025<\/strong>\u00a0a les <strong>17h<\/strong>: <span class=\"WdYUQQ text-decoration-none text-strikethrough-none\">a l&#8217;aula\u00a0de m\u00fasica<\/span><\/li>\n<li><span class=\"WdYUQQ text-decoration-none text-strikethrough-none\"><strong>1r: dimecres 10 de setembre de 2025<\/strong>\u00a0a les <strong>17h <\/strong>a l&#8217;aula\u00a0de m\u00fasica<\/span><\/li>\n<li><span class=\"WdYUQQ text-decoration-none text-strikethrough-none\"><strong>2n: dijous 18 de setembre de 2025<\/strong>\u00a0a les <strong>17h <\/strong>\u00a0a l&#8217;aula de m\u00fasica<\/span><\/li>\n<li><span class=\"WdYUQQ text-decoration-none text-strikethrough-none\"><strong>3r: dilluns 22 de setembre de 2025<\/strong>\u00a0a les <strong>17h <\/strong>\u00a0a l&#8217;aula de m\u00fasica<\/span><\/li>\n<li><strong>4t: dimarts 23<\/strong><span class=\"WdYUQQ text-decoration-none text-strikethrough-none\"><strong>\u00a0de setembre de 2025<\/strong>\u00a0a les <strong>17h <\/strong>\u00a0a l&#8217;aula de m\u00fasica<\/span><\/li>\n<li><strong>5\u00e8: dimecres 24<\/strong><span class=\"WdYUQQ text-decoration-none text-strikethrough-none\"><strong> de setembre de 2025<\/strong>\u00a0a les <strong>17h <\/strong>\u00a0a l&#8217;aula de m\u00fasica<\/span><\/li>\n<li><strong>6\u00e8: dijous 25<\/strong><span class=\"WdYUQQ text-decoration-none text-strikethrough-none\"><span class=\"WdYUQQ text-decoration-none text-strikethrough-none\"><strong> de setembre de 2025<\/strong>\u00a0a les <strong>17h <\/strong>\u00a0a l&#8217;aula de m\u00fasica<\/span><\/span><\/li>\n<\/ul>\n<p><span style=\"color: #008000;\"><strong><span class=\"WdYUQQ text-decoration-none text-strikethrough-none\"><span class=\"WdYUQQ text-decoration-none text-strikethrough-none\">QUOTA GLOBAL<\/span><\/span><\/strong><\/span><\/p>\n<p class=\"_04xlpA direction-ltr align-justify para-style-body\"><span class=\"WdYUQQ text-decoration-none text-strikethrough-none\">Aquest nou curs s\u2019ha aprovat pel Consell Escolar una <strong>\u00fanica quota global de <\/strong><\/span><strong><span class=\"WdYUQQ text-decoration-none text-strikethrough-none\">190,00\u202f\u20ac<\/span><\/strong><span class=\"WdYUQQ text-decoration-none text-strikethrough-none\"><strong>,<\/strong> que inclou material escolar, sortides, activitats culturals, Innovamat, llic\u00e8ncia digital d\u2019Innovamat\u2026<\/span><\/p>\n<p><span class=\"WdYUQQ text-decoration-none text-strikethrough-none\">Aquesta s\u2019ha de pagar a trav\u00e9s de l\u2019APP i es pot fer efectiva en 2 pagaments. <\/span><\/p>\n<p><strong><span class=\"WdYUQQ text-decoration-none text-strikethrough-none\">La 1a fracci\u00f3 ha d\u2019estar pagada fins al 30<\/span><span class=\"WdYUQQ text-decoration-none text-strikethrough-none\">\u00a0de setembre<\/span><span class=\"WdYUQQ text-decoration-none text-strikethrough-none\"> i la segona fracci\u00f3 fins al<\/span><span class=\"WdYUQQ text-decoration-none text-strikethrough-none\"> 30 de novembre<\/span><span class=\"WdYUQQ text-decoration-none text-strikethrough-none\">.<\/span><\/strong><\/p>\n<p>Pel que fa a l&#8217;alumnat d&#8217;<strong>Educaci\u00f3 Infantil<\/strong>,<br \/>\n&#8211; <strong>1r pagament: 115 \u20ac\u00a0<\/strong>(fins al 12 de setembre de 2025)<br \/>\n&#8211; <strong>2n pagament: 75 \u20ac\u00a0<\/strong>(fins al 30 de novembre de 2025)<br \/>\nPel que fa a l&#8217;alumnat d&#8217;<strong>Educaci\u00f3 Prim\u00e0ria<\/strong>,<br \/>\nja sabeu que podeu cedir 60 \u20ac dels 2 vals escolars activant-los a la web\u00a0<strong>valescolar.cat<\/strong>. \u00c9s per aquesta ra\u00f3, que el 1r pagament de la quota estar\u00e0 desglossat en 2 fraccions:<br \/>\n<strong>\u00a0&#8211; 1r pagament (fracci\u00f3 1-PRI): 60\u202f\u20ac <\/strong>(fins al 12 de setembre de 2025). <strong>Es pot fer el pagament per l&#8217;APP o es pot cedir els vals escolars\u00a0<\/strong>per la web\u00a0\u00a0<strong>valescolar.cat<\/strong><br \/>\n&#8211;<strong>\u00a01r pagament: (fracci\u00f3 2- PRI): 55 \u20ac\u00a0<\/strong>(fins al 12 de setembre de 2025)<\/p>\n<p><strong>\u00a0&#8211; 2n pagament: 75 \u20ac <\/strong>(fins al 30 de novembre de 2025)<\/p>\n<p><span class=\"WdYUQQ text-decoration-none text-strikethrough-none\">A l\u2019inici del nou curs els mestres repartiran a l\u2019alumnat l&#8217;agenda, el material escolar. Caldr\u00e0 que la fam\u00edlia hagi pagat en els terminis fixats, la corresponent quota.<\/span><\/p>\n<p><em><strong><span class=\"WdYUQQ text-decoration-none text-strikethrough-none\">En aquesta quota <\/span><span class=\"WdYUQQ text-decoration-none text-strikethrough-none\">no<\/span><span class=\"WdYUQQ text-decoration-none text-strikethrough-none\"> s\u2019hi inclouen els llibres de text ni les col\u00f2nies d&#8217;I5, 2n, 4t i 6\u00e8.<\/span><\/strong><\/em><\/p>\n","protected":false},"excerpt":{"rendered":"<p>&nbsp; ENTRADES I SORTIDES DE L\u2019ALUMNAT I3, I4, I5: Porta c\/Anna Maria Ravell I3: Les fam\u00edlies acompanyareu al vostre fill\/a a l\u2019aula. Tamb\u00e9 ser\u00e0 el punt de recollida. I4, I5: Les fam\u00edlies acompanyareu al vostre fill\/a al punt de trobada amb la mestra (al pati) i el recollireu a la porta de l\u2019aula. 1r i [&hellip;]<\/p>\n","protected":false},"author":1,"featured_media":0,"parent":3347,"menu_order":20,"comment_status":"closed","ping_status":"closed","template":"page-templates\/side-menu.php","meta":{"_bbp_topic_count":0,"_bbp_reply_count":0,"_bbp_total_topic_count":0,"_bbp_total_reply_count":0,"_bbp_voice_count":0,"_bbp_anonymous_reply_count":0,"_bbp_topic_count_hidden":0,"_bbp_reply_count_hidden":0,"_bbp_forum_subforum_count":0,"site-sidebar-layout":"default","site-content-layout":"","ast-site-content-layout":"","site-content-style":"default","site-sidebar-style":"default","ast-global-header-display":"","ast-banner-title-visibility":"","ast-main-header-display":"","ast-hfb-above-header-display":"","ast-hfb-below-header-display":"","ast-hfb-mobile-header-display":"","site-post-title":"","ast-breadcrumbs-content":"","ast-featured-img":"","footer-sml-layout":"","theme-transparent-header-meta":"","adv-header-id-meta":"","stick-header-meta":"","header-above-stick-meta":"","header-main-stick-meta":"","header-below-stick-meta":"","astra-migrate-meta-layouts":"default","ast-page-background-enabled":"default","ast-page-background-meta":{"desktop":{"background-color":"var(--ast-global-color-4)","background-image":"","background-repeat":"repeat","background-position":"center center","background-size":"auto","background-attachment":"scroll","background-type":"","background-media":"","overlay-type":"","overlay-color":"","overlay-opacity":"","overlay-gradient":""},"tablet":{"background-color":"","background-image":"","background-repeat":"repeat","background-position":"center center","background-size":"auto","background-attachment":"scroll","background-type":"","background-media":"","overlay-type":"","overlay-color":"","overlay-opacity":"","overlay-gradient":""},"mobile":{"background-color":"","background-image":"","background-repeat":"repeat","background-position":"center center","background-size":"auto","background-attachment":"scroll","background-type":"","background-media":"","overlay-type":"","overlay-color":"","overlay-opacity":"","overlay-gradient":""}},"ast-content-background-meta":{"desktop":{"background-color":"var(--ast-global-color-5)","background-image":"","background-repeat":"repeat","background-position":"center center","background-size":"auto","background-attachment":"scroll","background-type":"","background-media":"","overlay-type":"","overlay-color":"","overlay-opacity":"","overlay-gradient":""},"tablet":{"background-color":"var(--ast-global-color-5)","background-image":"","background-repeat":"repeat","background-position":"center center","background-size":"auto","background-attachment":"scroll","background-type":"","background-media":"","overlay-type":"","overlay-color":"","overlay-opacity":"","overlay-gradient":""},"mobile":{"background-color":"var(--ast-global-color-5)","background-image":"","background-repeat":"repeat","background-position":"center center","background-size":"auto","background-attachment":"scroll","background-type":"","background-media":"","overlay-type":"","overlay-color":"","overlay-opacity":"","overlay-gradient":""}},"footnotes":""},"class_list":["post-1442","page","type-page","status-publish","hentry"],"post_mailing_queue_ids":[],"_links":{"self":[{"href":"https:\/\/agora.xtec.cat\/esc-maragall-arenys\/wp-json\/wp\/v2\/pages\/1442","targetHints":{"allow":["GET"]}}],"collection":[{"href":"https:\/\/agora.xtec.cat\/esc-maragall-arenys\/wp-json\/wp\/v2\/pages"}],"about":[{"href":"https:\/\/agora.xtec.cat\/esc-maragall-arenys\/wp-json\/wp\/v2\/types\/page"}],"author":[{"embeddable":true,"href":"https:\/\/agora.xtec.cat\/esc-maragall-arenys\/wp-json\/wp\/v2\/users\/1"}],"replies":[{"embeddable":true,"href":"https:\/\/agora.xtec.cat\/esc-maragall-arenys\/wp-json\/wp\/v2\/comments?post=1442"}],"version-history":[{"count":6,"href":"https:\/\/agora.xtec.cat\/esc-maragall-arenys\/wp-json\/wp\/v2\/pages\/1442\/revisions"}],"predecessor-version":[{"id":5076,"href":"https:\/\/agora.xtec.cat\/esc-maragall-arenys\/wp-json\/wp\/v2\/pages\/1442\/revisions\/5076"}],"up":[{"embeddable":true,"href":"https:\/\/agora.xtec.cat\/esc-maragall-arenys\/wp-json\/wp\/v2\/pages\/3347"}],"wp:attachment":[{"href":"https:\/\/agora.xtec.cat\/esc-maragall-arenys\/wp-json\/wp\/v2\/media?parent=1442"}],"curies":[{"name":"wp","href":"https:\/\/api.w.org\/{rel}","templated":true}]}}