{"id":82,"date":"2014-09-18T14:10:51","date_gmt":"2014-09-18T13:10:51","guid":{"rendered":"http:\/\/agora.xtec.cat\/esc-llevantidemar\/?page_id=82"},"modified":"2025-04-09T11:49:40","modified_gmt":"2025-04-09T09:49:40","slug":"espai-6","status":"publish","type":"page","link":"https:\/\/agora.xtec.cat\/esc-llevantidemar\/serveis\/espai-6\/","title":{"rendered":"Espai 6"},"content":{"rendered":"\n<p>L\u2019Ajuntament de Calonge i Sant Antoni ha habilitat un centre al municipi, \u201cl\u2019Espai 6\u201d, per afavorir la inclusi\u00f3 social dels infants en situaci\u00f3 de risc.<\/p>\n\n\n\n<p>L\u2019Espai 6 \u00e9s un servei d\u2019intervenci\u00f3 socioeducativa adre\u00e7at a infants de 6 a 12 anys, empadronats a Calonge i Sant Antoni, en situaci\u00f3 de risc i derivats pels Serveis Socials, en coordinaci\u00f3 amb les tres escoles del municipi. Es tracta d\u2019un nou servei municipal impulsat per la regidora de Serveis Socials, Merc\u00e8 Ordu\u00f1a, i finan\u00e7at per l\u2019Ajuntament de Calonge i Sant Antoni.<br><\/p>\n\n\n\n<p>L\u2019objectiu principal de la creaci\u00f3 d\u2019aquest espai \u00e9s contribuir al desenvolupament personal dels infants en situaci\u00f3 de vulnerabilitat, la seva integraci\u00f3 social i l\u2019adquisici\u00f3 d\u2019aprenentatges, prevenint i evitant el deteriorament de les situacions de risc i compensant d\u00e8ficits socioeducatius.<\/p>\n\n\n\n<p>La Creu Roja, entitat adjudicat\u00e0ria de la gesti\u00f3 del servei, basar\u00e0 la seva intervenci\u00f3 en l\u2019acompanyament educatiu, la intervenci\u00f3 amb les fam\u00edlies i el treball en xarxa amb l\u2019entorn, aix\u00ed com la promoci\u00f3 d\u2019h\u00e0bits saludables en els infants.<br><\/p>\n\n\n\n<p>L\u2019Ajuntament ha habilitat una de les antigues cases dels mestres, al Passeig d\u2019Hivern, per dur a terme correctament aquest nou servei. Els horaris s\u00f3n de dilluns a divendres de 16:30 a 19:30 hores, seguint la jornada escolar. El nombre d\u2019infants que es podran beneficiar d\u2019aquest servei s\u00f3n 20: 2 grups de 10 infants cadasc\u00fa.<\/p>\n\n\n\n<figure class=\"wp-block-image aligncenter size-full is-resized\"><a href=\"https:\/\/agora.xtec.cat\/esc-llevantidemar\/wp-content\/uploads\/usu2024\/2025\/04\/Captura-de-pantalla-2025-04-09-114557.png\"><img loading=\"lazy\" decoding=\"async\" width=\"817\" height=\"613\" src=\"https:\/\/agora.xtec.cat\/esc-llevantidemar\/wp-content\/uploads\/usu2024\/2025\/04\/Captura-de-pantalla-2025-04-09-114557.png\" alt=\"\" class=\"wp-image-6036\" style=\"width:600px\" srcset=\"https:\/\/agora.xtec.cat\/esc-llevantidemar\/wp-content\/uploads\/usu2024\/2025\/04\/Captura-de-pantalla-2025-04-09-114557.png 817w, https:\/\/agora.xtec.cat\/esc-llevantidemar\/wp-content\/uploads\/usu2024\/2025\/04\/Captura-de-pantalla-2025-04-09-114557-300x225.png 300w, https:\/\/agora.xtec.cat\/esc-llevantidemar\/wp-content\/uploads\/usu2024\/2025\/04\/Captura-de-pantalla-2025-04-09-114557-768x576.png 768w\" sizes=\"auto, (max-width: 817px) 100vw, 817px\" \/><\/a><\/figure>\n","protected":false},"excerpt":{"rendered":"<p>L\u2019Ajuntament de Calonge i Sant Antoni ha habilitat un centre al municipi, \u201cl\u2019Espai 6\u201d, per afavorir la inclusi\u00f3 social dels infants en situaci\u00f3 de risc. L\u2019Espai 6 \u00e9s un servei d\u2019intervenci\u00f3 socioeducativa adre\u00e7at a infants de 6 a 12 anys, empadronats a Calonge i Sant Antoni, en situaci\u00f3 de risc i derivats pels Serveis Socials, [&hellip;]<\/p>\n","protected":false},"author":1,"featured_media":0,"parent":66,"menu_order":5,"comment_status":"closed","ping_status":"closed","template":"","meta":{"site-sidebar-layout":"default","site-content-layout":"","ast-site-content-layout":"default","site-content-style":"default","site-sidebar-style":"default","ast-global-header-display":"","ast-banner-title-visibility":"","ast-main-header-display":"","ast-hfb-above-header-display":"","ast-hfb-below-header-display":"","ast-hfb-mobile-header-display":"","site-post-title":"","ast-breadcrumbs-content":"","ast-featured-img":"","footer-sml-layout":"","theme-transparent-header-meta":"","adv-header-id-meta":"","stick-header-meta":"","header-above-stick-meta":"","header-main-stick-meta":"","header-below-stick-meta":"","astra-migrate-meta-layouts":"set","ast-page-background-enabled":"default","ast-page-background-meta":{"desktop":{"background-color":"var(--ast-global-color-4)","background-image":"","background-repeat":"repeat","background-position":"center center","background-size":"auto","background-attachment":"scroll","background-type":"","background-media":"","overlay-type":"","overlay-color":"","overlay-opacity":"","overlay-gradient":""},"tablet":{"background-color":"","background-image":"","background-repeat":"repeat","background-position":"center center","background-size":"auto","background-attachment":"scroll","background-type":"","background-media":"","overlay-type":"","overlay-color":"","overlay-opacity":"","overlay-gradient":""},"mobile":{"background-color":"","background-image":"","background-repeat":"repeat","background-position":"center center","background-size":"auto","background-attachment":"scroll","background-type":"","background-media":"","overlay-type":"","overlay-color":"","overlay-opacity":"","overlay-gradient":""}},"ast-content-background-meta":{"desktop":{"background-color":"var(--ast-global-color-5)","background-image":"","background-repeat":"repeat","background-position":"center center","background-size":"auto","background-attachment":"scroll","background-type":"","background-media":"","overlay-type":"","overlay-color":"","overlay-opacity":"","overlay-gradient":""},"tablet":{"background-color":"var(--ast-global-color-5)","background-image":"","background-repeat":"repeat","background-position":"center center","background-size":"auto","background-attachment":"scroll","background-type":"","background-media":"","overlay-type":"","overlay-color":"","overlay-opacity":"","overlay-gradient":""},"mobile":{"background-color":"var(--ast-global-color-5)","background-image":"","background-repeat":"repeat","background-position":"center center","background-size":"auto","background-attachment":"scroll","background-type":"","background-media":"","overlay-type":"","overlay-color":"","overlay-opacity":"","overlay-gradient":""}},"footnotes":""},"class_list":["post-82","page","type-page","status-publish","hentry"],"post_mailing_queue_ids":[],"_links":{"self":[{"href":"https:\/\/agora.xtec.cat\/esc-llevantidemar\/wp-json\/wp\/v2\/pages\/82","targetHints":{"allow":["GET"]}}],"collection":[{"href":"https:\/\/agora.xtec.cat\/esc-llevantidemar\/wp-json\/wp\/v2\/pages"}],"about":[{"href":"https:\/\/agora.xtec.cat\/esc-llevantidemar\/wp-json\/wp\/v2\/types\/page"}],"author":[{"embeddable":true,"href":"https:\/\/agora.xtec.cat\/esc-llevantidemar\/wp-json\/wp\/v2\/users\/1"}],"replies":[{"embeddable":true,"href":"https:\/\/agora.xtec.cat\/esc-llevantidemar\/wp-json\/wp\/v2\/comments?post=82"}],"version-history":[{"count":4,"href":"https:\/\/agora.xtec.cat\/esc-llevantidemar\/wp-json\/wp\/v2\/pages\/82\/revisions"}],"predecessor-version":[{"id":6038,"href":"https:\/\/agora.xtec.cat\/esc-llevantidemar\/wp-json\/wp\/v2\/pages\/82\/revisions\/6038"}],"up":[{"embeddable":true,"href":"https:\/\/agora.xtec.cat\/esc-llevantidemar\/wp-json\/wp\/v2\/pages\/66"}],"wp:attachment":[{"href":"https:\/\/agora.xtec.cat\/esc-llevantidemar\/wp-json\/wp\/v2\/media?parent=82"}],"curies":[{"name":"wp","href":"https:\/\/api.w.org\/{rel}","templated":true}]}}