{"id":80,"date":"2014-09-18T14:09:48","date_gmt":"2014-09-18T13:09:48","guid":{"rendered":"http:\/\/agora.xtec.cat\/esc-llevantidemar\/?page_id=80"},"modified":"2025-04-09T11:53:33","modified_gmt":"2025-04-09T09:53:33","slug":"donat-temps","status":"publish","type":"page","link":"https:\/\/agora.xtec.cat\/esc-llevantidemar\/serveis\/donat-temps\/","title":{"rendered":"Dona&#8217;t temps"},"content":{"rendered":"\n<p>\u201cDona\u2019t temps\u201d \u00e9s un servei de canguratge p\u00fablic puntual, de car\u00e0cter universal i gratu\u00eft, si teniu infants de 3 a 12 anys i residiu a qualsevol d\u2019aquests municipis que conformen la xarxa.<\/p>\n\n\n\n<p>Aquest espai s\u2019ofereix gratu\u00eftament i per a totes les fam\u00edlies residents amb l\u2019objectiu de facilitar la conciliaci\u00f3 de la vida personal, laboral, formativa, social i de salut, i oferir una atenci\u00f3 b\u00e0sica i d\u2019educaci\u00f3 en el lleure als infants a trav\u00e9s d\u2019activitats l\u00fadiques fonamentades en els valors de la coeducaci\u00f3 i la participaci\u00f3.<\/p>\n\n\n\n<div class=\"wp-block-columns is-layout-flex wp-container-core-columns-is-layout-1 wp-block-columns-is-layout-flex\">\n<div class=\"wp-block-column is-layout-flow wp-block-column-is-layout-flow\" style=\"flex-basis:33.33%\">\n<figure class=\"wp-block-image size-full is-resized\"><a href=\"https:\/\/agora.xtec.cat\/esc-llevantidemar\/wp-content\/uploads\/usu2024\/2025\/04\/Captura-de-pantalla-2025-04-09-115227.png\"><img loading=\"lazy\" decoding=\"async\" width=\"387\" height=\"160\" src=\"https:\/\/agora.xtec.cat\/esc-llevantidemar\/wp-content\/uploads\/usu2024\/2025\/04\/Captura-de-pantalla-2025-04-09-115227.png\" alt=\"\" class=\"wp-image-6039\" style=\"width:251px;height:auto\" srcset=\"https:\/\/agora.xtec.cat\/esc-llevantidemar\/wp-content\/uploads\/usu2024\/2025\/04\/Captura-de-pantalla-2025-04-09-115227.png 387w, https:\/\/agora.xtec.cat\/esc-llevantidemar\/wp-content\/uploads\/usu2024\/2025\/04\/Captura-de-pantalla-2025-04-09-115227-300x124.png 300w\" sizes=\"auto, (max-width: 387px) 100vw, 387px\" \/><\/a><\/figure>\n<\/div>\n\n\n\n<div class=\"wp-block-column is-layout-flow wp-block-column-is-layout-flow\" style=\"flex-basis:66.66%\">\n<p>Es duu a terme dimarts i dijous de les 16:30 fins les 19:00.\u00a0<\/p>\n\n\n\n<p>Per a registrar la vostra sol\u00b7licitud i consultar tota la informaci\u00f3 adreceu-vos a <a href=\"https:\/\/donattemps.cat\/\">https:\/\/donattemps.cat\/<\/a>\u00a0<\/p>\n<\/div>\n<\/div>\n","protected":false},"excerpt":{"rendered":"<p>\u201cDona\u2019t temps\u201d \u00e9s un servei de canguratge p\u00fablic puntual, de car\u00e0cter universal i gratu\u00eft, si teniu infants de 3 a 12 anys i residiu a qualsevol d\u2019aquests municipis que conformen la xarxa. Aquest espai s\u2019ofereix gratu\u00eftament i per a totes les fam\u00edlies residents amb l\u2019objectiu de facilitar la conciliaci\u00f3 de la vida personal, laboral, formativa, [&hellip;]<\/p>\n","protected":false},"author":1,"featured_media":0,"parent":66,"menu_order":4,"comment_status":"closed","ping_status":"closed","template":"","meta":{"site-sidebar-layout":"default","site-content-layout":"","ast-site-content-layout":"default","site-content-style":"default","site-sidebar-style":"default","ast-global-header-display":"","ast-banner-title-visibility":"","ast-main-header-display":"","ast-hfb-above-header-display":"","ast-hfb-below-header-display":"","ast-hfb-mobile-header-display":"","site-post-title":"","ast-breadcrumbs-content":"","ast-featured-img":"","footer-sml-layout":"","theme-transparent-header-meta":"","adv-header-id-meta":"","stick-header-meta":"","header-above-stick-meta":"","header-main-stick-meta":"","header-below-stick-meta":"","astra-migrate-meta-layouts":"set","ast-page-background-enabled":"default","ast-page-background-meta":{"desktop":{"background-color":"var(--ast-global-color-4)","background-image":"","background-repeat":"repeat","background-position":"center center","background-size":"auto","background-attachment":"scroll","background-type":"","background-media":"","overlay-type":"","overlay-color":"","overlay-opacity":"","overlay-gradient":""},"tablet":{"background-color":"","background-image":"","background-repeat":"repeat","background-position":"center center","background-size":"auto","background-attachment":"scroll","background-type":"","background-media":"","overlay-type":"","overlay-color":"","overlay-opacity":"","overlay-gradient":""},"mobile":{"background-color":"","background-image":"","background-repeat":"repeat","background-position":"center center","background-size":"auto","background-attachment":"scroll","background-type":"","background-media":"","overlay-type":"","overlay-color":"","overlay-opacity":"","overlay-gradient":""}},"ast-content-background-meta":{"desktop":{"background-color":"var(--ast-global-color-5)","background-image":"","background-repeat":"repeat","background-position":"center center","background-size":"auto","background-attachment":"scroll","background-type":"","background-media":"","overlay-type":"","overlay-color":"","overlay-opacity":"","overlay-gradient":""},"tablet":{"background-color":"var(--ast-global-color-5)","background-image":"","background-repeat":"repeat","background-position":"center center","background-size":"auto","background-attachment":"scroll","background-type":"","background-media":"","overlay-type":"","overlay-color":"","overlay-opacity":"","overlay-gradient":""},"mobile":{"background-color":"var(--ast-global-color-5)","background-image":"","background-repeat":"repeat","background-position":"center center","background-size":"auto","background-attachment":"scroll","background-type":"","background-media":"","overlay-type":"","overlay-color":"","overlay-opacity":"","overlay-gradient":""}},"footnotes":""},"class_list":["post-80","page","type-page","status-publish","hentry"],"post_mailing_queue_ids":[],"_links":{"self":[{"href":"https:\/\/agora.xtec.cat\/esc-llevantidemar\/wp-json\/wp\/v2\/pages\/80","targetHints":{"allow":["GET"]}}],"collection":[{"href":"https:\/\/agora.xtec.cat\/esc-llevantidemar\/wp-json\/wp\/v2\/pages"}],"about":[{"href":"https:\/\/agora.xtec.cat\/esc-llevantidemar\/wp-json\/wp\/v2\/types\/page"}],"author":[{"embeddable":true,"href":"https:\/\/agora.xtec.cat\/esc-llevantidemar\/wp-json\/wp\/v2\/users\/1"}],"replies":[{"embeddable":true,"href":"https:\/\/agora.xtec.cat\/esc-llevantidemar\/wp-json\/wp\/v2\/comments?post=80"}],"version-history":[{"count":3,"href":"https:\/\/agora.xtec.cat\/esc-llevantidemar\/wp-json\/wp\/v2\/pages\/80\/revisions"}],"predecessor-version":[{"id":6040,"href":"https:\/\/agora.xtec.cat\/esc-llevantidemar\/wp-json\/wp\/v2\/pages\/80\/revisions\/6040"}],"up":[{"embeddable":true,"href":"https:\/\/agora.xtec.cat\/esc-llevantidemar\/wp-json\/wp\/v2\/pages\/66"}],"wp:attachment":[{"href":"https:\/\/agora.xtec.cat\/esc-llevantidemar\/wp-json\/wp\/v2\/media?parent=80"}],"curies":[{"name":"wp","href":"https:\/\/api.w.org\/{rel}","templated":true}]}}