{"id":711,"date":"2019-09-16T16:17:14","date_gmt":"2019-09-16T14:17:14","guid":{"rendered":"https:\/\/agora.xtec.cat\/esc-llevantidemar\/?page_id=711"},"modified":"2025-04-09T12:10:42","modified_gmt":"2025-04-09T10:10:42","slug":"oferta-educativa","status":"publish","type":"page","link":"https:\/\/agora.xtec.cat\/esc-llevantidemar\/lescola\/oferta-educativa\/","title":{"rendered":"Oferta educativa"},"content":{"rendered":"\n<p>A l\u2019Escola Llevant\u00ed de Mar oferim una educaci\u00f3 de qualitat que acompanya els infants des d\u2019I3 fins a 6\u00e8 de prim\u00e0ria. Som una escola <strong>petita i d\u2019una l\u00ednia<\/strong>, on la proximitat i l\u2019atenci\u00f3 personalitzada s\u00f3n pilars fonamentals. El nostre ambient acollidor facilita que cada alumne i fam\u00edlia se sentin part d\u2019una gran comunitat educativa.<\/p>\n\n\n\n<h3 class=\"wp-block-heading\"><strong>Etapa d\u2019Educaci\u00f3 Infantil (I3, I4 i I5)<\/strong><\/h3>\n\n\n\n<p>A infantil, apostem per un aprenentatge actiu, vivencial i creatiu. A banda de les mat\u00e8ries troncals, oferim:<\/p>\n\n\n\n<ul class=\"wp-block-list\">\n<li><strong>M\u00fasica<\/strong>, per fomentar la sensibilitat art\u00edstica i el desenvolupament emocional.<\/li>\n\n\n\n<li><strong>Angl\u00e8s<\/strong>, per introduir el pluriling\u00fcisme de manera natural.<\/li>\n\n\n\n<li><strong>Rob\u00f2tica<\/strong>, per estimular el pensament computacional i la resoluci\u00f3 de problemes des de ben petits.<\/li>\n\n\n\n<li><strong>Ambients i racons d\u2019aprenentatge<\/strong>, que permeten als infants explorar, experimentar i aprendre al seu ritme.<\/li>\n\n\n\n<li><strong>Psicomotricitat<\/strong>, per treballar la coordinaci\u00f3, l\u2019autonomia i la confian\u00e7a corporal.<\/li>\n\n\n\n<li><strong>Biblioteca<\/strong>, com a espai per fomentar l\u2019amor per la lectura, explorar hist\u00f2ries i viatjar a trav\u00e9s dels llibres.<\/li>\n<\/ul>\n\n\n\n<div class=\"wp-block-getwid-images-slider has-arrows-inside has-dots-inside is-carousel has-slides-gap-small has-images-center has-cropped-images has-fixed-height\"><div class=\"wp-block-getwid-images-slider__wrapper\" data-effect=\"slide\" data-slides-show=\"2\" data-slides-show-laptop=\"1\" data-slides-show-tablet=\"1\" data-slides-show-mobile=\"1\" data-slides-scroll=\"1\" data-autoplay=\"true\" data-pause-hover=\"false\" data-autoplay-speed=\"6000\" data-infinite=\"true\" data-animation-speed=\"600\" data-center-mode=\"true\" data-variable-width=\"false\" data-arrows=\"inside\" data-dots=\"inside\" data-spacing=\"small\"><div class=\"wp-block-getwid-images-slider__item\" style=\"height:350px\"><figure><img decoding=\"async\" src=\"https:\/\/agora.xtec.cat\/form0265\/wp-content\/uploads\/usu2836\/2025\/01\/IMG_1208.jpeg\" data-id=\"939\" data-link=\"https:\/\/agora.xtec.cat\/form0265\/secretaria\/oferta-educativa\/attachment\/img_1208\/\" data-original-link=\"https:\/\/agora.xtec.cat\/form0265\/wp-content\/uploads\/usu2836\/2025\/01\/IMG_1208.jpeg\" class=\"wp-block-getwid-images-slider__image wp-image-939\"\/><\/figure><\/div><div class=\"wp-block-getwid-images-slider__item\" style=\"height:350px\"><figure><img decoding=\"async\" src=\"https:\/\/agora.xtec.cat\/form0265\/wp-content\/uploads\/usu2836\/2025\/01\/IMG_6446-scaled.jpg\" data-id=\"938\" data-link=\"https:\/\/agora.xtec.cat\/form0265\/secretaria\/oferta-educativa\/attachment\/img_6446\/\" data-original-link=\"https:\/\/agora.xtec.cat\/form0265\/wp-content\/uploads\/usu2836\/2025\/01\/IMG_6446-scaled.jpg\" class=\"wp-block-getwid-images-slider__image wp-image-938\"\/><\/figure><\/div><div class=\"wp-block-getwid-images-slider__item\" style=\"height:350px\"><figure><img decoding=\"async\" src=\"https:\/\/agora.xtec.cat\/form0265\/wp-content\/uploads\/usu2836\/2025\/01\/IMG_6439-scaled.jpg\" data-id=\"937\" data-link=\"https:\/\/agora.xtec.cat\/form0265\/secretaria\/oferta-educativa\/attachment\/img_6439\/\" data-original-link=\"https:\/\/agora.xtec.cat\/form0265\/wp-content\/uploads\/usu2836\/2025\/01\/IMG_6439-scaled.jpg\" class=\"wp-block-getwid-images-slider__image wp-image-937\"\/><\/figure><\/div><div class=\"wp-block-getwid-images-slider__item\" style=\"height:350px\"><figure><img decoding=\"async\" src=\"https:\/\/agora.xtec.cat\/form0265\/wp-content\/uploads\/usu2836\/2025\/01\/IMG_6422-scaled.jpg\" data-id=\"936\" data-link=\"https:\/\/agora.xtec.cat\/form0265\/secretaria\/oferta-educativa\/attachment\/img_6422\/\" data-original-link=\"https:\/\/agora.xtec.cat\/form0265\/wp-content\/uploads\/usu2836\/2025\/01\/IMG_6422-scaled.jpg\" class=\"wp-block-getwid-images-slider__image wp-image-936\"\/><\/figure><\/div><div class=\"wp-block-getwid-images-slider__item\" style=\"height:350px\"><figure><img decoding=\"async\" src=\"https:\/\/agora.xtec.cat\/form0265\/wp-content\/uploads\/usu2836\/2025\/01\/IMG_6412.jpg\" data-id=\"957\" data-link=\"https:\/\/agora.xtec.cat\/form0265\/secretaria\/oferta-educativa\/attachment\/img_6412\/\" data-original-link=\"https:\/\/agora.xtec.cat\/form0265\/wp-content\/uploads\/usu2836\/2025\/01\/IMG_6412.jpg\" class=\"wp-block-getwid-images-slider__image wp-image-957\"\/><\/figure><\/div><div class=\"wp-block-getwid-images-slider__item\" style=\"height:350px\"><figure><img decoding=\"async\" src=\"https:\/\/agora.xtec.cat\/form0265\/wp-content\/uploads\/usu2836\/2025\/01\/IMG_6451.jpg\" data-id=\"958\" data-link=\"https:\/\/agora.xtec.cat\/form0265\/secretaria\/oferta-educativa\/attachment\/img_6451\/\" data-original-link=\"https:\/\/agora.xtec.cat\/form0265\/wp-content\/uploads\/usu2836\/2025\/01\/IMG_6451.jpg\" class=\"wp-block-getwid-images-slider__image wp-image-958\"\/><\/figure><\/div><div class=\"wp-block-getwid-images-slider__item\" style=\"height:350px\"><figure><img decoding=\"async\" src=\"https:\/\/agora.xtec.cat\/form0265\/wp-content\/uploads\/usu2836\/2025\/01\/IMG_8388.jpg\" data-id=\"959\" data-link=\"https:\/\/agora.xtec.cat\/form0265\/secretaria\/oferta-educativa\/attachment\/img_8388\/\" data-original-link=\"https:\/\/agora.xtec.cat\/form0265\/wp-content\/uploads\/usu2836\/2025\/01\/IMG_8388.jpg\" class=\"wp-block-getwid-images-slider__image wp-image-959\"\/><\/figure><\/div><div class=\"wp-block-getwid-images-slider__item\" style=\"height:350px\"><figure><img decoding=\"async\" src=\"https:\/\/agora.xtec.cat\/form0265\/wp-content\/uploads\/usu2836\/2025\/01\/IMG_9017.jpg\" data-id=\"960\" data-link=\"https:\/\/agora.xtec.cat\/form0265\/secretaria\/oferta-educativa\/attachment\/img_9017\/\" data-original-link=\"https:\/\/agora.xtec.cat\/form0265\/wp-content\/uploads\/usu2836\/2025\/01\/IMG_9017.jpg\" class=\"wp-block-getwid-images-slider__image wp-image-960\"\/><\/figure><\/div><div class=\"wp-block-getwid-images-slider__item\" style=\"height:350px\"><figure><img decoding=\"async\" src=\"https:\/\/agora.xtec.cat\/form0265\/wp-content\/uploads\/usu2836\/2025\/01\/IMG_20240315_114709.jpg\" data-id=\"961\" data-link=\"https:\/\/agora.xtec.cat\/form0265\/secretaria\/oferta-educativa\/attachment\/img_20240315_114709\/\" data-original-link=\"https:\/\/agora.xtec.cat\/form0265\/wp-content\/uploads\/usu2836\/2025\/01\/IMG_20240315_114709.jpg\" class=\"wp-block-getwid-images-slider__image wp-image-961\"\/><\/figure><\/div><div class=\"wp-block-getwid-images-slider__item\" style=\"height:350px\"><figure><img decoding=\"async\" src=\"https:\/\/agora.xtec.cat\/form0265\/wp-content\/uploads\/usu2836\/2025\/01\/IMG_20240405_115845.jpg\" data-id=\"962\" data-link=\"https:\/\/agora.xtec.cat\/form0265\/secretaria\/oferta-educativa\/attachment\/img_20240405_115845\/\" data-original-link=\"https:\/\/agora.xtec.cat\/form0265\/wp-content\/uploads\/usu2836\/2025\/01\/IMG_20240405_115845.jpg\" class=\"wp-block-getwid-images-slider__image wp-image-962\"\/><\/figure><\/div><\/div><\/div>\n\n\n\n<p><\/p>\n\n\n\n<h3 class=\"wp-block-heading\"><strong>Etapa d\u2019Educaci\u00f3 Prim\u00e0ria (1r a 6\u00e8)<\/strong><\/h3>\n\n\n\n<p>A prim\u00e0ria, seguim potenciant el desenvolupament integral de l\u2019alumnat a trav\u00e9s d\u2019un curr\u00edculum enriquit. A m\u00e9s de les mat\u00e8ries troncals com <strong>matem\u00e0tiques<\/strong>, <strong>llengua catalana i castellana<\/strong> i <strong>coneixement del medi<\/strong>, oferim:<\/p>\n\n\n\n<ul class=\"wp-block-list\">\n<li><strong>M\u00fasica<\/strong>, com a eina per desenvolupar la creativitat i l\u2019expressi\u00f3.<\/li>\n\n\n\n<li><strong>Educaci\u00f3 f\u00edsica<\/strong>, per promoure h\u00e0bits saludables i el treball en equip.<\/li>\n\n\n\n<li><strong>Angl\u00e8s<\/strong>, per consolidar les compet\u00e8ncies ling\u00fc\u00edstiques en una llengua estrangera.<\/li>\n\n\n\n<li><strong>Arts pl\u00e0stiques<\/strong>, per fomentar l\u2019expressi\u00f3 art\u00edstica i la imaginaci\u00f3.<\/li>\n\n\n\n<li><strong>Rob\u00f2tica<\/strong>, per introduir la tecnologia i les habilitats digitals d\u2019una manera pr\u00e0ctica i motivadora.<\/li>\n\n\n\n<li><strong>Biblioteca<\/strong>, com un espai de descoberta, aprenentatge i foment de l\u2019h\u00e0bit lector, que connecta els infants amb hist\u00f2ries, coneixements i noves perspectives.<\/li>\n<\/ul>\n\n\n\n<p>El nostre enfocament pedag\u00f2gic combina metodologies innovadores i tradicionals per assegurar un aprenentatge significatiu i adaptat a les necessitats de cada alumne. Som una escola que aposta per la proximitat, la creativitat i la connexi\u00f3 amb l\u2019entorn com a eixos del nostre projecte educatiu.<\/p>\n\n\n\n<div class=\"wp-block-getwid-images-slider has-arrows-inside has-dots-inside is-carousel has-slides-gap-small has-images-center has-cropped-images has-fixed-height\"><div class=\"wp-block-getwid-images-slider__wrapper\" data-effect=\"slide\" data-slides-show=\"2\" data-slides-show-laptop=\"1\" data-slides-show-tablet=\"1\" data-slides-show-mobile=\"1\" data-slides-scroll=\"1\" data-autoplay=\"true\" data-pause-hover=\"false\" data-autoplay-speed=\"6000\" data-infinite=\"true\" data-animation-speed=\"600\" data-center-mode=\"true\" data-variable-width=\"false\" data-arrows=\"inside\" data-dots=\"inside\" data-spacing=\"small\"><div class=\"wp-block-getwid-images-slider__item\" style=\"height:350px\"><figure><img decoding=\"async\" src=\"https:\/\/agora.xtec.cat\/form0265\/wp-content\/uploads\/usu2836\/2025\/01\/lego.png\" data-id=\"946\" data-link=\"https:\/\/agora.xtec.cat\/form0265\/secretaria\/oferta-educativa\/attachment\/lego\/\" data-original-link=\"https:\/\/agora.xtec.cat\/form0265\/wp-content\/uploads\/usu2836\/2025\/01\/lego.png\" class=\"wp-block-getwid-images-slider__image wp-image-946\"\/><\/figure><\/div><div class=\"wp-block-getwid-images-slider__item\" style=\"height:350px\"><figure><img decoding=\"async\" src=\"https:\/\/agora.xtec.cat\/form0265\/wp-content\/uploads\/usu2836\/2025\/01\/IMG_8415.jpg\" data-id=\"945\" data-link=\"https:\/\/agora.xtec.cat\/form0265\/secretaria\/oferta-educativa\/attachment\/img_8415\/\" data-original-link=\"https:\/\/agora.xtec.cat\/form0265\/wp-content\/uploads\/usu2836\/2025\/01\/IMG_8415.jpg\" class=\"wp-block-getwid-images-slider__image wp-image-945\"\/><\/figure><\/div><div class=\"wp-block-getwid-images-slider__item\" style=\"height:350px\"><figure><img decoding=\"async\" src=\"https:\/\/agora.xtec.cat\/form0265\/wp-content\/uploads\/usu2836\/2025\/01\/IMG_7214.jpg\" data-id=\"944\" data-link=\"https:\/\/agora.xtec.cat\/form0265\/secretaria\/oferta-educativa\/attachment\/img_7214\/\" data-original-link=\"https:\/\/agora.xtec.cat\/form0265\/wp-content\/uploads\/usu2836\/2025\/01\/IMG_7214.jpg\" class=\"wp-block-getwid-images-slider__image wp-image-944\"\/><\/figure><\/div><div class=\"wp-block-getwid-images-slider__item\" style=\"height:350px\"><figure><img decoding=\"async\" src=\"https:\/\/agora.xtec.cat\/form0265\/wp-content\/uploads\/usu2836\/2025\/01\/20230908_111302.jpg\" data-id=\"943\" data-link=\"https:\/\/agora.xtec.cat\/form0265\/secretaria\/oferta-educativa\/attachment\/20230908_111302\/\" data-original-link=\"https:\/\/agora.xtec.cat\/form0265\/wp-content\/uploads\/usu2836\/2025\/01\/20230908_111302.jpg\" class=\"wp-block-getwid-images-slider__image wp-image-943\"\/><\/figure><\/div><div class=\"wp-block-getwid-images-slider__item\" style=\"height:350px\"><figure><img decoding=\"async\" src=\"https:\/\/agora.xtec.cat\/form0265\/wp-content\/uploads\/usu2836\/2025\/01\/webbb.png\" data-id=\"950\" data-link=\"https:\/\/agora.xtec.cat\/form0265\/secretaria\/oferta-educativa\/attachment\/webbb\/\" data-original-link=\"https:\/\/agora.xtec.cat\/form0265\/wp-content\/uploads\/usu2836\/2025\/01\/webbb.png\" class=\"wp-block-getwid-images-slider__image wp-image-950\"\/><\/figure><\/div><div class=\"wp-block-getwid-images-slider__item\" style=\"height:350px\"><figure><img decoding=\"async\" src=\"https:\/\/agora.xtec.cat\/form0265\/wp-content\/uploads\/usu2836\/2025\/01\/4.jpg\" data-id=\"952\" data-link=\"https:\/\/agora.xtec.cat\/form0265\/secretaria\/oferta-educativa\/attachment\/4\/\" data-original-link=\"https:\/\/agora.xtec.cat\/form0265\/wp-content\/uploads\/usu2836\/2025\/01\/4.jpg\" class=\"wp-block-getwid-images-slider__image wp-image-952\"\/><\/figure><\/div><div class=\"wp-block-getwid-images-slider__item\" style=\"height:350px\"><figure><img decoding=\"async\" src=\"https:\/\/agora.xtec.cat\/form0265\/wp-content\/uploads\/usu2836\/2025\/01\/5.jpg\" data-id=\"953\" data-link=\"https:\/\/agora.xtec.cat\/form0265\/secretaria\/oferta-educativa\/attachment\/5\/\" data-original-link=\"https:\/\/agora.xtec.cat\/form0265\/wp-content\/uploads\/usu2836\/2025\/01\/5.jpg\" class=\"wp-block-getwid-images-slider__image wp-image-953\"\/><\/figure><\/div><div class=\"wp-block-getwid-images-slider__item\" style=\"height:350px\"><figure><img decoding=\"async\" src=\"https:\/\/agora.xtec.cat\/form0265\/wp-content\/uploads\/usu2836\/2025\/01\/6.jpg\" data-id=\"954\" data-link=\"https:\/\/agora.xtec.cat\/form0265\/secretaria\/oferta-educativa\/attachment\/6\/\" data-original-link=\"https:\/\/agora.xtec.cat\/form0265\/wp-content\/uploads\/usu2836\/2025\/01\/6.jpg\" class=\"wp-block-getwid-images-slider__image wp-image-954\"\/><\/figure><\/div><div class=\"wp-block-getwid-images-slider__item\" style=\"height:350px\"><figure><img decoding=\"async\" src=\"https:\/\/agora.xtec.cat\/form0265\/wp-content\/uploads\/usu2836\/2025\/01\/7.jpg\" data-id=\"955\" data-link=\"https:\/\/agora.xtec.cat\/form0265\/secretaria\/oferta-educativa\/attachment\/7\/\" data-original-link=\"https:\/\/agora.xtec.cat\/form0265\/wp-content\/uploads\/usu2836\/2025\/01\/7.jpg\" class=\"wp-block-getwid-images-slider__image wp-image-955\"\/><\/figure><\/div><div class=\"wp-block-getwid-images-slider__item\" style=\"height:350px\"><figure><img decoding=\"async\" src=\"https:\/\/agora.xtec.cat\/form0265\/wp-content\/uploads\/usu2836\/2025\/01\/8.jpg\" data-id=\"956\" data-link=\"https:\/\/agora.xtec.cat\/form0265\/secretaria\/oferta-educativa\/attachment\/8\/\" data-original-link=\"https:\/\/agora.xtec.cat\/form0265\/wp-content\/uploads\/usu2836\/2025\/01\/8.jpg\" class=\"wp-block-getwid-images-slider__image wp-image-956\"\/><\/figure><\/div><\/div><\/div>\n\n\n\n<p><\/p>\n","protected":false},"excerpt":{"rendered":"<p>A l\u2019Escola Llevant\u00ed de Mar oferim una educaci\u00f3 de qualitat que acompanya els infants des d\u2019I3 fins a 6\u00e8 de prim\u00e0ria. Som una escola petita i d\u2019una l\u00ednia, on la proximitat i l\u2019atenci\u00f3 personalitzada s\u00f3n pilars fonamentals. El nostre ambient acollidor facilita que cada alumne i fam\u00edlia se sentin part d\u2019una gran comunitat educativa. Etapa [&hellip;]<\/p>\n","protected":false},"author":5,"featured_media":0,"parent":22,"menu_order":3,"comment_status":"closed","ping_status":"closed","template":"","meta":{"site-sidebar-layout":"default","site-content-layout":"","ast-site-content-layout":"default","site-content-style":"default","site-sidebar-style":"default","ast-global-header-display":"","ast-banner-title-visibility":"","ast-main-header-display":"","ast-hfb-above-header-display":"","ast-hfb-below-header-display":"","ast-hfb-mobile-header-display":"","site-post-title":"","ast-breadcrumbs-content":"","ast-featured-img":"","footer-sml-layout":"","theme-transparent-header-meta":"","adv-header-id-meta":"","stick-header-meta":"","header-above-stick-meta":"","header-main-stick-meta":"","header-below-stick-meta":"","astra-migrate-meta-layouts":"set","ast-page-background-enabled":"default","ast-page-background-meta":{"desktop":{"background-color":"var(--ast-global-color-4)","background-image":"","background-repeat":"repeat","background-position":"center center","background-size":"auto","background-attachment":"scroll","background-type":"","background-media":"","overlay-type":"","overlay-color":"","overlay-opacity":"","overlay-gradient":""},"tablet":{"background-color":"","background-image":"","background-repeat":"repeat","background-position":"center center","background-size":"auto","background-attachment":"scroll","background-type":"","background-media":"","overlay-type":"","overlay-color":"","overlay-opacity":"","overlay-gradient":""},"mobile":{"background-color":"","background-image":"","background-repeat":"repeat","background-position":"center center","background-size":"auto","background-attachment":"scroll","background-type":"","background-media":"","overlay-type":"","overlay-color":"","overlay-opacity":"","overlay-gradient":""}},"ast-content-background-meta":{"desktop":{"background-color":"var(--ast-global-color-5)","background-image":"","background-repeat":"repeat","background-position":"center center","background-size":"auto","background-attachment":"scroll","background-type":"","background-media":"","overlay-type":"","overlay-color":"","overlay-opacity":"","overlay-gradient":""},"tablet":{"background-color":"var(--ast-global-color-5)","background-image":"","background-repeat":"repeat","background-position":"center center","background-size":"auto","background-attachment":"scroll","background-type":"","background-media":"","overlay-type":"","overlay-color":"","overlay-opacity":"","overlay-gradient":""},"mobile":{"background-color":"var(--ast-global-color-5)","background-image":"","background-repeat":"repeat","background-position":"center center","background-size":"auto","background-attachment":"scroll","background-type":"","background-media":"","overlay-type":"","overlay-color":"","overlay-opacity":"","overlay-gradient":""}},"footnotes":""},"class_list":["post-711","page","type-page","status-publish","hentry"],"post_mailing_queue_ids":[],"_links":{"self":[{"href":"https:\/\/agora.xtec.cat\/esc-llevantidemar\/wp-json\/wp\/v2\/pages\/711","targetHints":{"allow":["GET"]}}],"collection":[{"href":"https:\/\/agora.xtec.cat\/esc-llevantidemar\/wp-json\/wp\/v2\/pages"}],"about":[{"href":"https:\/\/agora.xtec.cat\/esc-llevantidemar\/wp-json\/wp\/v2\/types\/page"}],"author":[{"embeddable":true,"href":"https:\/\/agora.xtec.cat\/esc-llevantidemar\/wp-json\/wp\/v2\/users\/5"}],"replies":[{"embeddable":true,"href":"https:\/\/agora.xtec.cat\/esc-llevantidemar\/wp-json\/wp\/v2\/comments?post=711"}],"version-history":[{"count":6,"href":"https:\/\/agora.xtec.cat\/esc-llevantidemar\/wp-json\/wp\/v2\/pages\/711\/revisions"}],"predecessor-version":[{"id":6058,"href":"https:\/\/agora.xtec.cat\/esc-llevantidemar\/wp-json\/wp\/v2\/pages\/711\/revisions\/6058"}],"up":[{"embeddable":true,"href":"https:\/\/agora.xtec.cat\/esc-llevantidemar\/wp-json\/wp\/v2\/pages\/22"}],"wp:attachment":[{"href":"https:\/\/agora.xtec.cat\/esc-llevantidemar\/wp-json\/wp\/v2\/media?parent=711"}],"curies":[{"name":"wp","href":"https:\/\/api.w.org\/{rel}","templated":true}]}}