{"id":71,"date":"2014-09-18T12:44:56","date_gmt":"2014-09-18T11:44:56","guid":{"rendered":"http:\/\/agora.xtec.cat\/esc-llevantidemar\/?page_id=71"},"modified":"2025-04-09T11:57:36","modified_gmt":"2025-04-09T09:57:36","slug":"lexcit","status":"publish","type":"page","link":"https:\/\/agora.xtec.cat\/esc-llevantidemar\/serveis\/lexcit\/","title":{"rendered":"Lecxit"},"content":{"rendered":"\n<p>LECXIT \u00e9s un programa impulsat per la Fundaci\u00f3 Bofill amb l\u2019objectiu de millorar la comprensi\u00f3 lectora dels infants i garantir el seu \u00e8xit educatiu i social. Parteix de la idea que saber llegir b\u00e9 \u00e9s clau per aprendre, entendre el m\u00f3n i construir una vida plena, i per aix\u00f2 es proposa que tots els nens i nenes acabin la prim\u00e0ria amb una bona compet\u00e8ncia lectora.<\/p>\n\n\n\n<p>A l\u2019Escola Llevant\u00ed de Mar, el projecte LECXIT s\u2019articula a trav\u00e9s de la participaci\u00f3 de voluntaris i volunt\u00e0ries, que dediquen una hora setmanal, fora de l\u2019horari lectiu, a acompanyar un infant de 4t de prim\u00e0ria en el seu proc\u00e9s lector. Durant aquestes sessions, es crea un espai acollidor on, m\u00e9s enll\u00e0 de llegir, es construeix un vincle de confian\u00e7a, escolta i motivaci\u00f3 al voltant dels llibres.<\/p>\n\n\n\n<p>Els infants trien llibres que els interessin, llegeixen en veu alta, comparteixen idees, comenten les hist\u00f2ries i gaudeixen del plaer de llegir sense pressa ni pressi\u00f3, amb alg\u00fa que els escolta i els anima. Aquest acompanyament personalitzat \u00e9s clau per refor\u00e7ar la comprensi\u00f3 lectora, l\u2019autoestima i el gust per la lectura.<\/p>\n\n\n\n<p>LECXIT \u00e9s, en definitiva, un projecte que transforma la lectura en una experi\u00e8ncia compartida, significativa i emocionalment positiva, amb un gran impacte tant en els infants com en els voluntaris que hi participen.<\/p>\n","protected":false},"excerpt":{"rendered":"<p>LECXIT \u00e9s un programa impulsat per la Fundaci\u00f3 Bofill amb l\u2019objectiu de millorar la comprensi\u00f3 lectora dels infants i garantir el seu \u00e8xit educatiu i social. Parteix de la idea que saber llegir b\u00e9 \u00e9s clau per aprendre, entendre el m\u00f3n i construir una vida plena, i per aix\u00f2 es proposa que tots els nens [&hellip;]<\/p>\n","protected":false},"author":1,"featured_media":0,"parent":66,"menu_order":6,"comment_status":"closed","ping_status":"closed","template":"","meta":{"site-sidebar-layout":"default","site-content-layout":"","ast-site-content-layout":"default","site-content-style":"default","site-sidebar-style":"default","ast-global-header-display":"","ast-banner-title-visibility":"","ast-main-header-display":"","ast-hfb-above-header-display":"","ast-hfb-below-header-display":"","ast-hfb-mobile-header-display":"","site-post-title":"","ast-breadcrumbs-content":"","ast-featured-img":"","footer-sml-layout":"","theme-transparent-header-meta":"","adv-header-id-meta":"","stick-header-meta":"","header-above-stick-meta":"","header-main-stick-meta":"","header-below-stick-meta":"","astra-migrate-meta-layouts":"set","ast-page-background-enabled":"default","ast-page-background-meta":{"desktop":{"background-color":"var(--ast-global-color-4)","background-image":"","background-repeat":"repeat","background-position":"center center","background-size":"auto","background-attachment":"scroll","background-type":"","background-media":"","overlay-type":"","overlay-color":"","overlay-opacity":"","overlay-gradient":""},"tablet":{"background-color":"","background-image":"","background-repeat":"repeat","background-position":"center center","background-size":"auto","background-attachment":"scroll","background-type":"","background-media":"","overlay-type":"","overlay-color":"","overlay-opacity":"","overlay-gradient":""},"mobile":{"background-color":"","background-image":"","background-repeat":"repeat","background-position":"center center","background-size":"auto","background-attachment":"scroll","background-type":"","background-media":"","overlay-type":"","overlay-color":"","overlay-opacity":"","overlay-gradient":""}},"ast-content-background-meta":{"desktop":{"background-color":"var(--ast-global-color-5)","background-image":"","background-repeat":"repeat","background-position":"center center","background-size":"auto","background-attachment":"scroll","background-type":"","background-media":"","overlay-type":"","overlay-color":"","overlay-opacity":"","overlay-gradient":""},"tablet":{"background-color":"var(--ast-global-color-5)","background-image":"","background-repeat":"repeat","background-position":"center center","background-size":"auto","background-attachment":"scroll","background-type":"","background-media":"","overlay-type":"","overlay-color":"","overlay-opacity":"","overlay-gradient":""},"mobile":{"background-color":"var(--ast-global-color-5)","background-image":"","background-repeat":"repeat","background-position":"center center","background-size":"auto","background-attachment":"scroll","background-type":"","background-media":"","overlay-type":"","overlay-color":"","overlay-opacity":"","overlay-gradient":""}},"footnotes":""},"class_list":["post-71","page","type-page","status-publish","hentry"],"post_mailing_queue_ids":[],"_links":{"self":[{"href":"https:\/\/agora.xtec.cat\/esc-llevantidemar\/wp-json\/wp\/v2\/pages\/71","targetHints":{"allow":["GET"]}}],"collection":[{"href":"https:\/\/agora.xtec.cat\/esc-llevantidemar\/wp-json\/wp\/v2\/pages"}],"about":[{"href":"https:\/\/agora.xtec.cat\/esc-llevantidemar\/wp-json\/wp\/v2\/types\/page"}],"author":[{"embeddable":true,"href":"https:\/\/agora.xtec.cat\/esc-llevantidemar\/wp-json\/wp\/v2\/users\/1"}],"replies":[{"embeddable":true,"href":"https:\/\/agora.xtec.cat\/esc-llevantidemar\/wp-json\/wp\/v2\/comments?post=71"}],"version-history":[{"count":4,"href":"https:\/\/agora.xtec.cat\/esc-llevantidemar\/wp-json\/wp\/v2\/pages\/71\/revisions"}],"predecessor-version":[{"id":6044,"href":"https:\/\/agora.xtec.cat\/esc-llevantidemar\/wp-json\/wp\/v2\/pages\/71\/revisions\/6044"}],"up":[{"embeddable":true,"href":"https:\/\/agora.xtec.cat\/esc-llevantidemar\/wp-json\/wp\/v2\/pages\/66"}],"wp:attachment":[{"href":"https:\/\/agora.xtec.cat\/esc-llevantidemar\/wp-json\/wp\/v2\/media?parent=71"}],"curies":[{"name":"wp","href":"https:\/\/api.w.org\/{rel}","templated":true}]}}