{"id":706,"date":"2019-09-16T15:59:35","date_gmt":"2019-09-16T13:59:35","guid":{"rendered":"https:\/\/agora.xtec.cat\/esc-llevantidemar\/?page_id=706"},"modified":"2026-04-27T12:28:09","modified_gmt":"2026-04-27T10:28:09","slug":"participacio-concursos","status":"publish","type":"page","link":"https:\/\/agora.xtec.cat\/esc-llevantidemar\/projecte-educatiu\/participacio-concursos\/","title":{"rendered":"Participaci\u00f3 concursos"},"content":{"rendered":"\n<p class=\"has-vivid-cyan-blue-color has-text-color has-link-color wp-elements-47cd9cbaa60eecb1f0b99ed4a0fdeecf\"><strong>Curs 2025-2026<\/strong><\/p>\n\n\n\n<p><strong>GUANYADORS CONCURS CODI CUP<\/strong><\/p>\n\n\n\n<p>Per segon any consecutiu, ens hem proclamat guanyadors de la Codi Cup, el concurs de programaci\u00f3 amb Scratch. <\/p>\n\n\n\n<p>Dissabte 25 d\u2019abril vam viure una gran jornada a la final de la Codi Cup 2026 al Col\u00b7legi Dr. Masmitj\u00e0 de Girona!<br>Dos grups d\u2019alumnes de 6\u00e8 eren finalistes en diferents categories, i un d\u2019ells ha guanyat el premi en la categoria de Creativitat!<\/p>\n\n\n\n<p>La seva gran feina ha estat reconeguda amb una maleta tecnol\u00f2gica, un llibre i un lot de 30 llibres per a la nostra biblioteca. <\/p>\n\n\n\n<p>Estem molt orgulloses de tots els participants i felicitem les guanyadores pel seu esfor\u00e7, creativitat i entusiasme! \ud83c\udf89<\/p>\n\n\n\n<figure class=\"wp-block-image aligncenter size-full is-resized\"><a href=\"https:\/\/agora.xtec.cat\/esc-llevantidemar\/general\/guanyadors-concurs-codi-cup-fotos\/\"><img loading=\"lazy\" decoding=\"async\" width=\"603\" height=\"659\" src=\"https:\/\/agora.xtec.cat\/esc-llevantidemar\/wp-content\/uploads\/usu2024\/2026\/04\/IMG_4513.jpg\" alt=\"\" class=\"wp-image-6938\" style=\"width:350px\" srcset=\"https:\/\/agora.xtec.cat\/esc-llevantidemar\/wp-content\/uploads\/usu2024\/2026\/04\/IMG_4513.jpg 603w, https:\/\/agora.xtec.cat\/esc-llevantidemar\/wp-content\/uploads\/usu2024\/2026\/04\/IMG_4513-275x300.jpg 275w\" sizes=\"auto, (max-width: 603px) 100vw, 603px\" \/><\/a><\/figure>\n\n\n\n<p><\/p>\n\n\n\n<p><strong>FINALISTES CONCURS CODI CUP<\/strong><\/p>\n\n\n\n<p><strong>Doble \u00e8xit al Codi Cup!<\/strong><\/p>\n\n\n\n<p>Enhorabona als alumnes de 6\u00e8! Dos grups de la nostra classe han arribat a la final del concurs tecnol\u00f2gic Codi Cup amb els seus projectes de Scratch. Estem molt orgullosos de tots els participants!<\/p>\n\n\n\n<figure class=\"wp-block-image size-large is-resized\"><a href=\"https:\/\/agora.xtec.cat\/esc-llevantidemar\/wp-content\/uploads\/usu2024\/2026\/04\/CODI-CUP-1.jpg\"><img loading=\"lazy\" decoding=\"async\" width=\"1024\" height=\"701\" src=\"https:\/\/agora.xtec.cat\/esc-llevantidemar\/wp-content\/uploads\/usu2024\/2026\/04\/CODI-CUP-1-1024x701.jpg\" alt=\"\" class=\"wp-image-6892\" style=\"width:500px\" srcset=\"https:\/\/agora.xtec.cat\/esc-llevantidemar\/wp-content\/uploads\/usu2024\/2026\/04\/CODI-CUP-1-1024x701.jpg 1024w, https:\/\/agora.xtec.cat\/esc-llevantidemar\/wp-content\/uploads\/usu2024\/2026\/04\/CODI-CUP-1-300x205.jpg 300w, https:\/\/agora.xtec.cat\/esc-llevantidemar\/wp-content\/uploads\/usu2024\/2026\/04\/CODI-CUP-1-768x526.jpg 768w, https:\/\/agora.xtec.cat\/esc-llevantidemar\/wp-content\/uploads\/usu2024\/2026\/04\/CODI-CUP-1.jpg 1120w\" sizes=\"auto, (max-width: 1024px) 100vw, 1024px\" \/><\/a><\/figure>\n\n\n\n<p>El dissabte 25 d\u2019abril hi ha l\u2019entrega de premis i sabrem els guanyadors.<\/p>\n\n\n\n<p class=\"has-vivid-cyan-blue-color has-text-color has-link-color wp-elements-dcdf7b0baca51734d7df25df9ef2f72e\"><strong>Curs 2024-2025<\/strong><\/p>\n\n\n\n<p><strong>GUANYADORS CONCURS CODI CUP<\/strong><\/p>\n\n\n\n<p>Dissabte 26 d\u2019abril vam viure una gran jornada a la final de la Codi Cup 2025 al Col\u00b7legi Dr. Masmitj\u00e0 de Girona!<br>Dos grups d\u2019alumnes de 6\u00e8 eren finalistes en dues categories diferents, i un d\u2019ells ha guanyat el premi a la Millor Justificaci\u00f3 del programa Scratch Saludable! \ud83e\udd55\ud83e\udd16<\/p>\n\n\n\n<figure class=\"wp-block-image aligncenter size-full is-resized\"><a href=\"https:\/\/agora.xtec.cat\/esc-llevantidemar\/wp-content\/uploads\/usu2024\/2025\/04\/IMG_4406-1.jpg\"><img loading=\"lazy\" decoding=\"async\" width=\"604\" height=\"453\" src=\"https:\/\/agora.xtec.cat\/esc-llevantidemar\/wp-content\/uploads\/usu2024\/2025\/04\/IMG_4406-1.jpg\" alt=\"\" class=\"wp-image-6095\" style=\"width:450px\" srcset=\"https:\/\/agora.xtec.cat\/esc-llevantidemar\/wp-content\/uploads\/usu2024\/2025\/04\/IMG_4406-1.jpg 604w, https:\/\/agora.xtec.cat\/esc-llevantidemar\/wp-content\/uploads\/usu2024\/2025\/04\/IMG_4406-1-300x225.jpg 300w\" sizes=\"auto, (max-width: 604px) 100vw, 604px\" \/><\/a><\/figure>\n\n\n\n<p><strong>FINALISTES CONCURS CODI CUP<\/strong><\/p>\n\n\n\n<p><strong>Doble \u00e8xit al Codi Cup!<\/strong><\/p>\n\n\n\n<p>Enhorabona als alumnes de 6\u00e8! Dos grups de la nostra classe han arribat a la final del concurs tecnol\u00f2gic Codi Cup amb els seus projectes de Scratch. Estem molt orgullosos de tots els participants!<\/p>\n\n\n\n<figure class=\"wp-block-image size-full is-resized\"><a href=\"https:\/\/agora.xtec.cat\/esc-llevantidemar\/wp-content\/uploads\/usu2024\/2025\/04\/Captura-de-pantalla-2025-04-07-115329.jpg\"><img loading=\"lazy\" decoding=\"async\" width=\"915\" height=\"677\" src=\"https:\/\/agora.xtec.cat\/esc-llevantidemar\/wp-content\/uploads\/usu2024\/2025\/04\/Captura-de-pantalla-2025-04-07-115329.jpg\" alt=\"\" class=\"wp-image-5903\" style=\"width:500px\" srcset=\"https:\/\/agora.xtec.cat\/esc-llevantidemar\/wp-content\/uploads\/usu2024\/2025\/04\/Captura-de-pantalla-2025-04-07-115329.jpg 915w, https:\/\/agora.xtec.cat\/esc-llevantidemar\/wp-content\/uploads\/usu2024\/2025\/04\/Captura-de-pantalla-2025-04-07-115329-300x222.jpg 300w, https:\/\/agora.xtec.cat\/esc-llevantidemar\/wp-content\/uploads\/usu2024\/2025\/04\/Captura-de-pantalla-2025-04-07-115329-768x568.jpg 768w\" sizes=\"auto, (max-width: 915px) 100vw, 915px\" \/><\/a><\/figure>\n\n\n\n<p>El dissabte 26 d\u2019abril hi ha l\u2019entrega de premis i sabrem els guanyadors.<\/p>\n\n\n\n<p class=\"has-vivid-cyan-blue-color has-text-color has-link-color wp-elements-ce4ff2c0c08300691109af2c74ddd944\"><strong>Curs 2022-2023<\/strong><\/p>\n\n\n\n<p><strong>GUANYADORS\/ES DEL CONCURS ANIMAL RESPECT<\/strong><\/p>\n\n\n\n<p>L&#8217;any passat, els nens i nenes que feien 2n van participar al concurs Animal Respect de la Fundaci\u00f3 Creativaci\u00f3 i l&#8217;empresa Gosbi. Havien d&#8217;investigar i aprendre sobre el benestar de les mascotes. Un cop acabat el projecte ho havien de plasmar tot visualment i van decidir fer un rap, amb el qual van guanyar el concurs!<\/p>\n\n\n\n<p>El premi ha sigut gravar aquest rap de forma professional, aix\u00ed que durant dos dies els nens i nenes, que ara fan 3r, van anar a Sant Feliu de Gu\u00edxols a l&#8217;estudi d&#8217;AMFRI Records per gravar tant la veu com el videoclip. Va ser tota una experi\u00e8ncia!!!<\/p>\n\n\n\n<p>Aqu\u00ed teniu el resultat! \u00c9s brutal!! A m\u00e9s, el missatge \u00e9s vital!<\/p>\n\n\n\n<p>Felicitats nens i nenes!<\/p>\n\n\n\n<p><iframe loading=\"lazy\" title=\"YouTube video player\" src=\"https:\/\/www.youtube.com\/embed\/358KfzxiNsw\" width=\"560\" height=\"315\" frameborder=\"0\" allowfullscreen=\"allowfullscreen\"><\/iframe><\/p>\n\n\n\n<p><strong>GUANYADORS DEL CONCURS LLAGOSNET<\/strong><\/p>\n\n\n\n<p>En Dani, alumne de 5\u00e8 de Prim\u00e0ria ha guanyat el concurs de dibuix de LLagosnet. Estem molt contents!<\/p>\n\n\n\n<figure class=\"wp-block-image aligncenter is-resized\"><a href=\"https:\/\/agora.xtec.cat\/esc-llevantidemar\/wp-content\/uploads\/usu2024\/2023\/02\/LLAGOSNET-DANI-WEB.jpg\"><img loading=\"lazy\" decoding=\"async\" width=\"603\" height=\"620\" src=\"https:\/\/agora.xtec.cat\/esc-llevantidemar\/wp-content\/uploads\/usu2024\/2023\/02\/LLAGOSNET-DANI-WEB.jpg\" alt=\"\" class=\"wp-image-4181\" style=\"width:500px\" srcset=\"https:\/\/agora.xtec.cat\/esc-llevantidemar\/wp-content\/uploads\/usu2024\/2023\/02\/LLAGOSNET-DANI-WEB.jpg 603w, https:\/\/agora.xtec.cat\/esc-llevantidemar\/wp-content\/uploads\/usu2024\/2023\/02\/LLAGOSNET-DANI-WEB-292x300.jpg 292w\" sizes=\"auto, (max-width: 603px) 100vw, 603px\" \/><\/a><\/figure>\n\n\n\n<p><\/p>\n\n\n\n<p class=\"has-vivid-cyan-blue-color has-text-color has-link-color wp-elements-684364d7f13c46c6ae0a1a16e6f7cf56\"><span style=\"color: #0000ff;\"><strong>Curs 2021-2022<\/strong><\/span><\/p>\n\n\n\n<p><strong>GUANYADORS DE L&#8217;ANIMAL RESPECT CHALLENGE<\/strong><\/p>\n\n\n\n<p><span style=\"color: #000000;\">Despr\u00e9s de&nbsp;dur a terme&nbsp;un gran projecte sobre la cura i benestar de les mascotes, els nens i nenes de CI vam participar en un concurs on hav\u00edem de crear un&nbsp;espot&nbsp;publicitari on plasm\u00e0vem tots els aprenentatges.<\/span><\/p>\n\n\n\n<p><span style=\"color: #000000;\">Els nens i nenes de 2n van fer un rap (ja que els hi encanta) i van guanyar! Podeu veure un v\u00eddeo on es veu la seva reacci\u00f3 d&#8217;alegria i sorpresa. A entrades del bloc anteriors podeu veure el rap ANIMAL RESPECT.<\/span><\/p>\n\n\n\n<p><span style=\"color: #000000;\">De moment sabem que l&#8217;any que ve gaudiran d&#8217;una sortida al Mas Arbreda de la Vall de Ll\u00e9mena. Quina il\u00b7lusi\u00f3!<\/span><\/p>\n\n\n\n<figure class=\"wp-block-image aligncenter\"><a href=\"https:\/\/photos.app.goo.gl\/fjGcqNC9axmgsURYA\" target=\"_blank\" rel=\"noopener\"><img loading=\"lazy\" decoding=\"async\" width=\"800\" height=\"419\" src=\"https:\/\/agora.xtec.cat\/esc-llevantidemar\/wp-content\/uploads\/usu2024\/2022\/06\/rap2.png\" alt=\"\" class=\"wp-image-3702\" srcset=\"https:\/\/agora.xtec.cat\/esc-llevantidemar\/wp-content\/uploads\/usu2024\/2022\/06\/rap2.png 800w, https:\/\/agora.xtec.cat\/esc-llevantidemar\/wp-content\/uploads\/usu2024\/2022\/06\/rap2-300x157.png 300w, https:\/\/agora.xtec.cat\/esc-llevantidemar\/wp-content\/uploads\/usu2024\/2022\/06\/rap2-768x402.png 768w\" sizes=\"auto, (max-width: 800px) 100vw, 800px\" \/><\/a><\/figure>\n\n\n\n<p class=\"has-text-align-center\"><\/p>\n\n\n\n<p class=\"has-text-align-center\">(Cliqueu damunt la imatge per accedir a l&#8217;\u00e0lbum sencer).<\/p>\n\n\n\n<p>Us deixem aqu\u00ed tamb\u00e9 el v\u00eddeo guanyador:<\/p>\n\n\n\n<p><iframe loading=\"lazy\" title=\"YouTube video player\" src=\"https:\/\/www.youtube.com\/embed\/Ggdq8xS6EmI\" width=\"560\" height=\"315\" frameborder=\"0\" allowfullscreen=\"allowfullscreen\" data-mce-fragment=\"1\"><\/iframe><\/p>\n\n\n\n<p><strong>IX JOCS FLORALS &#8211; ANIMAS DALINIANS<\/strong><\/p>\n\n\n\n<p>L&#8217;alumnat de 3r ha guanyat a les semifinals dels IX Jocs Florals a Catalunya d&#8217;aquest any. Ara caldr\u00e0 esperar al veredicte final, que sortir\u00e0 aquest dissabte 18 de juny. Quins nervis!<\/p>\n\n\n\n<figure class=\"wp-block-image aligncenter\"><a href=\"https:\/\/agora.xtec.cat\/esc-llevantidemar\/wp-content\/uploads\/usu2024\/2022\/06\/460b89e4-619c-4623-a6bc-e6d76613d842.jpg\"><img loading=\"lazy\" decoding=\"async\" width=\"1024\" height=\"768\" src=\"https:\/\/agora.xtec.cat\/esc-llevantidemar\/wp-content\/uploads\/usu2024\/2022\/06\/460b89e4-619c-4623-a6bc-e6d76613d842-1024x768.jpg\" alt=\"\" class=\"wp-image-3726\" srcset=\"https:\/\/agora.xtec.cat\/esc-llevantidemar\/wp-content\/uploads\/usu2024\/2022\/06\/460b89e4-619c-4623-a6bc-e6d76613d842-1024x768.jpg 1024w, https:\/\/agora.xtec.cat\/esc-llevantidemar\/wp-content\/uploads\/usu2024\/2022\/06\/460b89e4-619c-4623-a6bc-e6d76613d842-300x225.jpg 300w, https:\/\/agora.xtec.cat\/esc-llevantidemar\/wp-content\/uploads\/usu2024\/2022\/06\/460b89e4-619c-4623-a6bc-e6d76613d842-768x576.jpg 768w, https:\/\/agora.xtec.cat\/esc-llevantidemar\/wp-content\/uploads\/usu2024\/2022\/06\/460b89e4-619c-4623-a6bc-e6d76613d842-1536x1152.jpg 1536w, https:\/\/agora.xtec.cat\/esc-llevantidemar\/wp-content\/uploads\/usu2024\/2022\/06\/460b89e4-619c-4623-a6bc-e6d76613d842-200x150.jpg 200w, https:\/\/agora.xtec.cat\/esc-llevantidemar\/wp-content\/uploads\/usu2024\/2022\/06\/460b89e4-619c-4623-a6bc-e6d76613d842.jpg 2048w\" sizes=\"auto, (max-width: 1024px) 100vw, 1024px\" \/><\/a><\/figure>\n\n\n\n<p>Us deixem amb el v\u00eddeo que ha perm\u00e8s arribar a la final d&#8217;aquest concurs. Els nens i nenes de 3r n&#8217;estan molt orgullosos i orgulloses del treball realitzat, mireu&#8230;<\/p>\n\n\n\n<p><iframe loading=\"lazy\" title=\"YouTube video player\" src=\"https:\/\/www.youtube.com\/embed\/FctmlBsGlhE\" width=\"560\" height=\"315\" frameborder=\"0\" allowfullscreen=\"allowfullscreen\" data-mce-fragment=\"1\"><\/iframe><\/p>\n\n\n\n<p><strong>FINALISTES!<\/strong><\/p>\n\n\n\n<p>L&#8217;alumnat de 5\u00e8 de Llevant\u00ed de Mar ha quedat finalista en el Projecte la Mar de Net, no haurem guanyat el concurs, per\u00f2 s\u00ed que hem adquirit un gran aprenentatge i hem crescut com a persones amb voluntat de millorar el nostre mar, els nostres boscos, els nostres carrers, en definitiva el nostre entorn. Gr\u00e0cies noies i nois de 5\u00e8!<\/p>\n\n\n\n<figure class=\"wp-block-image aligncenter\"><a href=\"https:\/\/agora.xtec.cat\/esc-llevantidemar\/wp-content\/uploads\/usu2024\/2022\/06\/DIPLOMA.jpg\"><img loading=\"lazy\" decoding=\"async\" width=\"404\" height=\"303\" src=\"https:\/\/agora.xtec.cat\/esc-llevantidemar\/wp-content\/uploads\/usu2024\/2022\/06\/DIPLOMA.jpg\" alt=\"\" class=\"wp-image-3721\" srcset=\"https:\/\/agora.xtec.cat\/esc-llevantidemar\/wp-content\/uploads\/usu2024\/2022\/06\/DIPLOMA.jpg 404w, https:\/\/agora.xtec.cat\/esc-llevantidemar\/wp-content\/uploads\/usu2024\/2022\/06\/DIPLOMA-300x225.jpg 300w, https:\/\/agora.xtec.cat\/esc-llevantidemar\/wp-content\/uploads\/usu2024\/2022\/06\/DIPLOMA-200x150.jpg 200w\" sizes=\"auto, (max-width: 404px) 100vw, 404px\" \/><\/a><\/figure>\n\n\n\n<figure class=\"wp-block-image aligncenter\"><a href=\"https:\/\/agora.xtec.cat\/esc-llevantidemar\/wp-content\/uploads\/usu2024\/2022\/06\/5E-MAR.jpg\"><img loading=\"lazy\" decoding=\"async\" width=\"404\" height=\"303\" src=\"https:\/\/agora.xtec.cat\/esc-llevantidemar\/wp-content\/uploads\/usu2024\/2022\/06\/5E-MAR.jpg\" alt=\"\" class=\"wp-image-3722\" srcset=\"https:\/\/agora.xtec.cat\/esc-llevantidemar\/wp-content\/uploads\/usu2024\/2022\/06\/5E-MAR.jpg 404w, https:\/\/agora.xtec.cat\/esc-llevantidemar\/wp-content\/uploads\/usu2024\/2022\/06\/5E-MAR-300x225.jpg 300w, https:\/\/agora.xtec.cat\/esc-llevantidemar\/wp-content\/uploads\/usu2024\/2022\/06\/5E-MAR-200x150.jpg 200w\" sizes=\"auto, (max-width: 404px) 100vw, 404px\" \/><\/a><\/figure>\n\n\n\n<p class=\"has-text-align-center\"><\/p>\n\n\n\n<p><\/p>\n\n\n\n<p class=\"has-vivid-cyan-blue-color has-text-color has-link-color wp-elements-cc7e6557237f8c5862c8c35a63e6306b\"><span style=\"color: #0000ff;\"><strong>Curs 2020-2021<\/strong><\/span><\/p>\n\n\n\n<p><strong>UNA CLOSCA ESPECIAL<\/strong><\/p>\n\n\n\n<p>Quina il\u00b7lusi\u00f3! Ja ens ha arribat la producci\u00f3 del conte &#8220;Una closca especial&#8221;.<\/p>\n\n\n\n<p>Tamb\u00e9 us enllacem la not\u00edcia que va sortir al blog de l&#8217;espai de contes del Super3, Una m\u00e0 de contes, on els alumnes de 6\u00e8 van visitar l&#8217;Escola Superior de M\u00fasica de Catalunya.<\/p>\n\n\n\n<figure class=\"wp-block-image\"><a href=\"https:\/\/www.ccma.cat\/tv3\/super3\/una-ma-de-contes\/musica-per-als-jocs-florals-a-lesmuc\/post\/3151326\/\" target=\"_blank\" rel=\"noopener\"><img loading=\"lazy\" decoding=\"async\" width=\"939\" height=\"276\" src=\"https:\/\/agora.xtec.cat\/esc-llevantidemar\/wp-content\/uploads\/usu2024\/2022\/03\/portada-noticia-esmug.png\" alt=\"\" class=\"wp-image-3476\" srcset=\"https:\/\/agora.xtec.cat\/esc-llevantidemar\/wp-content\/uploads\/usu2024\/2022\/03\/portada-noticia-esmug.png 939w, https:\/\/agora.xtec.cat\/esc-llevantidemar\/wp-content\/uploads\/usu2024\/2022\/03\/portada-noticia-esmug-300x88.png 300w, https:\/\/agora.xtec.cat\/esc-llevantidemar\/wp-content\/uploads\/usu2024\/2022\/03\/portada-noticia-esmug-768x226.png 768w\" sizes=\"auto, (max-width: 939px) 100vw, 939px\" \/><\/a><\/figure>\n\n\n\n<p>Esperem que us agradi i que el gaudiu molt.<\/p>\n\n\n\n<figure class=\"wp-block-image\"><a href=\"https:\/\/www.ccma.cat\/tv3\/super3\/una-ma-de-contes\/una-closca-especial\/video\/6147445\/\" target=\"_blank\" rel=\"noopener\"><img loading=\"lazy\" decoding=\"async\" width=\"957\" height=\"264\" src=\"https:\/\/agora.xtec.cat\/esc-llevantidemar\/wp-content\/uploads\/usu2024\/2022\/03\/portada-noticia.png\" alt=\"\" class=\"wp-image-3477\" srcset=\"https:\/\/agora.xtec.cat\/esc-llevantidemar\/wp-content\/uploads\/usu2024\/2022\/03\/portada-noticia.png 957w, https:\/\/agora.xtec.cat\/esc-llevantidemar\/wp-content\/uploads\/usu2024\/2022\/03\/portada-noticia-300x83.png 300w, https:\/\/agora.xtec.cat\/esc-llevantidemar\/wp-content\/uploads\/usu2024\/2022\/03\/portada-noticia-768x212.png 768w\" sizes=\"auto, (max-width: 957px) 100vw, 957px\" \/><\/a><\/figure>\n\n\n\n<p><strong>GUANYADORS DELS VIII JOCS FLORALS DE CATALUNYA!<\/strong><\/p>\n\n\n\n<p>Avui s&#8217;ha realitat l&#8217;acte de lliurament dels premis dels VIII Jocs Florals Escolars de Catalunya, i hem estat seleccionats com a guanyadors\/es de la categoria H, conte audiovisual il\u00b7lustrat, amb el conte &#8220;Una closca especial&#8221;, realitzat per els nens i les nenes de 5\u00e8 de Prim\u00e0ria.<\/p>\n\n\n\n<p>Aqu\u00ed us deixem el v\u00eddeo del moment en qu\u00e8 la nostra escola ha estat seleccionada. Ens ha fet molta il\u00b7lusi\u00f3 rebre aquesta not\u00edcia:<\/p>\n\n\n\n<p><iframe loading=\"lazy\" src=\"https:\/\/www.youtube.com\/embed\/i8MndsguEiQ\" width=\"560\" height=\"315\" frameborder=\"0\" data-mce-fragment=\"1\"><\/iframe><\/p>\n\n\n\n<p><strong>HEM ARRIBAT A LA FINAL!<\/strong><\/p>\n\n\n\n<p>Avui s&#8217;ha realitzat l&#8217;Acte de lliurament dels VIII Jocs florals de Catalunya, les semifinals, i us hem de dir que <strong>hem estat seleccionats<\/strong> en una de les Categories. Estem molt i molt contents\/es.<\/p>\n\n\n\n<h3 class=\"wp-block-heading\"><span style=\"color: #ff0000;\"><strong>Som finalistes!<\/strong><\/span><\/h3>\n\n\n\n<p>Aqu\u00ed us deixem el v\u00eddeo finalista, esperem que us agradi.<\/p>\n\n\n\n<p><iframe loading=\"lazy\" src=\"https:\/\/www.youtube.com\/embed\/RgAfFY2wBtI\" width=\"560\" height=\"315\" frameborder=\"0\" data-mce-fragment=\"1\"><\/iframe><\/p>\n\n\n\n<p><strong>SOM IMPARABLES!<\/strong><\/p>\n\n\n\n<p>Us volem fer saber que <strong>hem estat seleccionats<\/strong> en <span style=\"text-decoration: underline;\"><strong>tres<\/strong> <strong>de les categories del Concurs dels Jocs Florals Escolars de Catalunya.<\/strong><\/span><\/p>\n\n\n\n<p>Si voleu veure tot l&#8217;article publicat cliqueu <a href=\"https:\/\/serveiseducatius.xtec.cat\/baixemporda\/general\/seleccionats-de-la-comarca-als-viii-jocs-florals-escolars-de-catalunya\/\" target=\"_blank\" rel=\"noopener noreferrer\">aqu\u00ed<\/a>, en el qual tamb\u00e9 trobareu el programa i l&#8217;enlla\u00e7 per visualitzar l&#8217;acte de les semifinals.<\/p>\n\n\n\n<figure class=\"wp-block-image\"><a href=\"https:\/\/agora.xtec.cat\/esc-llevantidemar\/wp-content\/uploads\/usu2024\/2021\/05\/jocs-florals.png\"><img loading=\"lazy\" decoding=\"async\" width=\"1024\" height=\"606\" src=\"https:\/\/agora.xtec.cat\/esc-llevantidemar\/wp-content\/uploads\/usu2024\/2021\/05\/jocs-florals-1024x606.png\" alt=\"\" class=\"wp-image-2802\" srcset=\"https:\/\/agora.xtec.cat\/esc-llevantidemar\/wp-content\/uploads\/usu2024\/2021\/05\/jocs-florals-1024x606.png 1024w, https:\/\/agora.xtec.cat\/esc-llevantidemar\/wp-content\/uploads\/usu2024\/2021\/05\/jocs-florals-300x177.png 300w, https:\/\/agora.xtec.cat\/esc-llevantidemar\/wp-content\/uploads\/usu2024\/2021\/05\/jocs-florals-768x454.png 768w, https:\/\/agora.xtec.cat\/esc-llevantidemar\/wp-content\/uploads\/usu2024\/2021\/05\/jocs-florals.png 1248w\" sizes=\"auto, (max-width: 1024px) 100vw, 1024px\" \/><\/a><\/figure>\n\n\n\n<p>Estem molt contents\/es!!!!<\/p>\n\n\n\n<p><strong>CONCURS DE DIBUIX CI<\/strong><\/p>\n\n\n\n<p>Els nens i nenes de Cicle Inicial hem participat en el Concurs de Dibuix &#8220;Agus i els Monstres&#8221;. Mireu quins monstres ens han sortit! Xul\u00edssims!<\/p>\n\n\n\n<p>Cliqueu damunt la imatge i els veureu!<\/p>\n\n\n\n<figure class=\"wp-block-image aligncenter\"><a href=\"https:\/\/photos.app.goo.gl\/NoewtnxyoSQopNvo8\" target=\"_blank\" rel=\"noopener noreferrer\"><img loading=\"lazy\" decoding=\"async\" width=\"348\" height=\"145\" src=\"https:\/\/agora.xtec.cat\/esc-llevantidemar\/wp-content\/uploads\/usu2024\/2021\/04\/baixa.jpg\" alt=\"\" class=\"wp-image-2703\" srcset=\"https:\/\/agora.xtec.cat\/esc-llevantidemar\/wp-content\/uploads\/usu2024\/2021\/04\/baixa.jpg 348w, https:\/\/agora.xtec.cat\/esc-llevantidemar\/wp-content\/uploads\/usu2024\/2021\/04\/baixa-300x125.jpg 300w\" sizes=\"auto, (max-width: 348px) 100vw, 348px\" \/><\/a><\/figure>\n","protected":false},"excerpt":{"rendered":"<p>Curs 2025-2026 GUANYADORS CONCURS CODI CUP Per segon any consecutiu, ens hem proclamat guanyadors de la Codi Cup, el concurs de programaci\u00f3 amb Scratch. Dissabte 25 d\u2019abril vam viure una gran jornada a la final de la Codi Cup 2026 al Col\u00b7legi Dr. Masmitj\u00e0 de Girona!Dos grups d\u2019alumnes de 6\u00e8 eren finalistes en diferents categories, [&hellip;]<\/p>\n","protected":false},"author":5,"featured_media":0,"parent":5895,"menu_order":3,"comment_status":"closed","ping_status":"closed","template":"","meta":{"site-sidebar-layout":"default","site-content-layout":"","ast-site-content-layout":"default","site-content-style":"default","site-sidebar-style":"default","ast-global-header-display":"","ast-banner-title-visibility":"","ast-main-header-display":"","ast-hfb-above-header-display":"","ast-hfb-below-header-display":"","ast-hfb-mobile-header-display":"","site-post-title":"","ast-breadcrumbs-content":"","ast-featured-img":"","footer-sml-layout":"","theme-transparent-header-meta":"","adv-header-id-meta":"","stick-header-meta":"","header-above-stick-meta":"","header-main-stick-meta":"","header-below-stick-meta":"","astra-migrate-meta-layouts":"set","ast-page-background-enabled":"default","ast-page-background-meta":{"desktop":{"background-color":"var(--ast-global-color-4)","background-image":"","background-repeat":"repeat","background-position":"center center","background-size":"auto","background-attachment":"scroll","background-type":"","background-media":"","overlay-type":"","overlay-color":"","overlay-opacity":"","overlay-gradient":""},"tablet":{"background-color":"","background-image":"","background-repeat":"repeat","background-position":"center center","background-size":"auto","background-attachment":"scroll","background-type":"","background-media":"","overlay-type":"","overlay-color":"","overlay-opacity":"","overlay-gradient":""},"mobile":{"background-color":"","background-image":"","background-repeat":"repeat","background-position":"center center","background-size":"auto","background-attachment":"scroll","background-type":"","background-media":"","overlay-type":"","overlay-color":"","overlay-opacity":"","overlay-gradient":""}},"ast-content-background-meta":{"desktop":{"background-color":"var(--ast-global-color-5)","background-image":"","background-repeat":"repeat","background-position":"center center","background-size":"auto","background-attachment":"scroll","background-type":"","background-media":"","overlay-type":"","overlay-color":"","overlay-opacity":"","overlay-gradient":""},"tablet":{"background-color":"var(--ast-global-color-5)","background-image":"","background-repeat":"repeat","background-position":"center center","background-size":"auto","background-attachment":"scroll","background-type":"","background-media":"","overlay-type":"","overlay-color":"","overlay-opacity":"","overlay-gradient":""},"mobile":{"background-color":"var(--ast-global-color-5)","background-image":"","background-repeat":"repeat","background-position":"center center","background-size":"auto","background-attachment":"scroll","background-type":"","background-media":"","overlay-type":"","overlay-color":"","overlay-opacity":"","overlay-gradient":""}},"footnotes":""},"class_list":["post-706","page","type-page","status-publish","hentry"],"post_mailing_queue_ids":[],"_links":{"self":[{"href":"https:\/\/agora.xtec.cat\/esc-llevantidemar\/wp-json\/wp\/v2\/pages\/706","targetHints":{"allow":["GET"]}}],"collection":[{"href":"https:\/\/agora.xtec.cat\/esc-llevantidemar\/wp-json\/wp\/v2\/pages"}],"about":[{"href":"https:\/\/agora.xtec.cat\/esc-llevantidemar\/wp-json\/wp\/v2\/types\/page"}],"author":[{"embeddable":true,"href":"https:\/\/agora.xtec.cat\/esc-llevantidemar\/wp-json\/wp\/v2\/users\/5"}],"replies":[{"embeddable":true,"href":"https:\/\/agora.xtec.cat\/esc-llevantidemar\/wp-json\/wp\/v2\/comments?post=706"}],"version-history":[{"count":6,"href":"https:\/\/agora.xtec.cat\/esc-llevantidemar\/wp-json\/wp\/v2\/pages\/706\/revisions"}],"predecessor-version":[{"id":6945,"href":"https:\/\/agora.xtec.cat\/esc-llevantidemar\/wp-json\/wp\/v2\/pages\/706\/revisions\/6945"}],"up":[{"embeddable":true,"href":"https:\/\/agora.xtec.cat\/esc-llevantidemar\/wp-json\/wp\/v2\/pages\/5895"}],"wp:attachment":[{"href":"https:\/\/agora.xtec.cat\/esc-llevantidemar\/wp-json\/wp\/v2\/media?parent=706"}],"curies":[{"name":"wp","href":"https:\/\/api.w.org\/{rel}","templated":true}]}}