{"id":6755,"date":"2026-02-27T15:30:52","date_gmt":"2026-02-27T14:30:52","guid":{"rendered":"https:\/\/agora.xtec.cat\/esc-llevantidemar\/?page_id=6755"},"modified":"2026-04-09T15:29:05","modified_gmt":"2026-04-09T13:29:05","slug":"pla-catala-desport-a-lescola","status":"publish","type":"page","link":"https:\/\/agora.xtec.cat\/esc-llevantidemar\/projecte-educatiu\/pla-catala-desport-a-lescola\/","title":{"rendered":"Pla Catal\u00e0 d&#8217;Esport a l&#8217;Escola"},"content":{"rendered":"\n<p>El nostre centre participa en el <strong>Pla Catal\u00e0 d\u2019Esport a l\u2019Escola (PCEE)<\/strong>, una iniciativa impulsada per la Generalitat de Catalunya que t\u00e9 com a objectiu promoure la pr\u00e0ctica esportiva i l\u2019activitat f\u00edsica entre els infants i joves en edat escolar.<\/p>\n\n\n\n<p>Aquest programa fomenta h\u00e0bits saludables, el treball en equip, la conviv\u00e8ncia i els valors educatius de l\u2019esport com el respecte, l\u2019esfor\u00e7 i la superaci\u00f3 personal. A trav\u00e9s d\u2019activitats esportives variades i inclusives, l\u2019alumnat pot gaudir de l\u2019esport en un entorn educatiu, l\u00fadic i no competitiu.<\/p>\n\n\n\n<p>Amb la participaci\u00f3 en el PCEE, reforcem el comprom\u00eds del centre amb el benestar f\u00edsic i emocional de l\u2019alumnat i amb la promoci\u00f3 d\u2019un estil de vida actiu i saludable.<\/p>\n\n\n\n<h4 class=\"wp-block-heading\">Objectius <\/h4>\n\n\n\n<p>Els objectius principals del Pla Catal\u00e0 d\u2019Esport a l\u2019Escola s\u00f3n:<\/p>\n\n\n\n<ul class=\"wp-block-list\">\n<li>Incrementar la pr\u00e0ctica regular d&#8217;activitat f\u00edsica i esportiva en horari no lectiu.<\/li>\n\n\n\n<li>Facilitar l\u2019acc\u00e9s a la pr\u00e0ctica esportiva escolar a tota la comunitat educativa, aix\u00ed com la col\u00b7laboraci\u00f3 en la seva dinamitzaci\u00f3.<\/li>\n\n\n\n<li>Fomentar l\u2019adquisici\u00f3 d\u2019h\u00e0bits saludables que contribueixin a la millora del benestar personal i social.<\/li>\n\n\n\n<li>Contribuir, mitjan\u00e7ant la pr\u00e0ctica esportiva, a l\u2019educaci\u00f3 en valors i fomentar la participaci\u00f3 per sobre de la competici\u00f3.<\/li>\n<\/ul>\n\n\n\n<h4 class=\"wp-block-heading\">Activitats<\/h4>\n\n\n\n<p>Durant aquest curs escolar s\u2019estan duent a terme les seg\u00fcents activitats:<\/p>\n\n\n\n<ul class=\"wp-block-list\">\n<li>Arts marcials<\/li>\n\n\n\n<li>Dansa<\/li>\n\n\n\n<li>Tennis<\/li>\n<\/ul>\n\n\n\n<h4 class=\"wp-block-heading\">Projecte<\/h4>\n\n\n\n<div data-wp-interactive=\"core\/file\" class=\"wp-block-file\"><object data-wp-bind--hidden=\"!state.hasPdfPreview\" hidden class=\"wp-block-file__embed\" data=\"https:\/\/agora.xtec.cat\/esc-llevantidemar\/wp-content\/uploads\/usu2024\/2026\/04\/PROJECTE-ESPORTIU-DE-CENTRE.pdf\" type=\"application\/pdf\" style=\"width:100%;height:600px\" aria-label=\"Incrustaci\u00f3 del fitxer PROJECTE ESPORTIU DE CENTRE.\"><\/object><a id=\"wp-block-file--media-9c937517-6e3e-48c4-85c7-ad5350edc8d7\" href=\"https:\/\/agora.xtec.cat\/esc-llevantidemar\/wp-content\/uploads\/usu2024\/2026\/04\/PROJECTE-ESPORTIU-DE-CENTRE.pdf\">PROJECTE ESPORTIU DE CENTRE<\/a><a href=\"https:\/\/agora.xtec.cat\/esc-llevantidemar\/wp-content\/uploads\/usu2024\/2026\/04\/PROJECTE-ESPORTIU-DE-CENTRE.pdf\" class=\"wp-block-file__button wp-element-button\" download aria-describedby=\"wp-block-file--media-9c937517-6e3e-48c4-85c7-ad5350edc8d7\">Baixa<\/a><\/div>\n","protected":false},"excerpt":{"rendered":"<p>El nostre centre participa en el Pla Catal\u00e0 d\u2019Esport a l\u2019Escola (PCEE), una iniciativa impulsada per la Generalitat de Catalunya que t\u00e9 com a objectiu promoure la pr\u00e0ctica esportiva i l\u2019activitat f\u00edsica entre els infants i joves en edat escolar. Aquest programa fomenta h\u00e0bits saludables, el treball en equip, la conviv\u00e8ncia i els valors educatius [&hellip;]<\/p>\n","protected":false},"author":5,"featured_media":0,"parent":5895,"menu_order":5,"comment_status":"closed","ping_status":"closed","template":"","meta":{"site-sidebar-layout":"default","site-content-layout":"","ast-site-content-layout":"default","site-content-style":"default","site-sidebar-style":"default","ast-global-header-display":"","ast-banner-title-visibility":"","ast-main-header-display":"","ast-hfb-above-header-display":"","ast-hfb-below-header-display":"","ast-hfb-mobile-header-display":"","site-post-title":"","ast-breadcrumbs-content":"","ast-featured-img":"","footer-sml-layout":"","theme-transparent-header-meta":"","adv-header-id-meta":"","stick-header-meta":"","header-above-stick-meta":"","header-main-stick-meta":"","header-below-stick-meta":"","astra-migrate-meta-layouts":"set","ast-page-background-enabled":"default","ast-page-background-meta":{"desktop":{"background-color":"var(--ast-global-color-4)","background-image":"","background-repeat":"repeat","background-position":"center center","background-size":"auto","background-attachment":"scroll","background-type":"","background-media":"","overlay-type":"","overlay-color":"","overlay-opacity":"","overlay-gradient":""},"tablet":{"background-color":"","background-image":"","background-repeat":"repeat","background-position":"center center","background-size":"auto","background-attachment":"scroll","background-type":"","background-media":"","overlay-type":"","overlay-color":"","overlay-opacity":"","overlay-gradient":""},"mobile":{"background-color":"","background-image":"","background-repeat":"repeat","background-position":"center center","background-size":"auto","background-attachment":"scroll","background-type":"","background-media":"","overlay-type":"","overlay-color":"","overlay-opacity":"","overlay-gradient":""}},"ast-content-background-meta":{"desktop":{"background-color":"var(--ast-global-color-5)","background-image":"","background-repeat":"repeat","background-position":"center center","background-size":"auto","background-attachment":"scroll","background-type":"","background-media":"","overlay-type":"","overlay-color":"","overlay-opacity":"","overlay-gradient":""},"tablet":{"background-color":"var(--ast-global-color-5)","background-image":"","background-repeat":"repeat","background-position":"center center","background-size":"auto","background-attachment":"scroll","background-type":"","background-media":"","overlay-type":"","overlay-color":"","overlay-opacity":"","overlay-gradient":""},"mobile":{"background-color":"var(--ast-global-color-5)","background-image":"","background-repeat":"repeat","background-position":"center center","background-size":"auto","background-attachment":"scroll","background-type":"","background-media":"","overlay-type":"","overlay-color":"","overlay-opacity":"","overlay-gradient":""}},"footnotes":""},"class_list":["post-6755","page","type-page","status-publish","hentry"],"post_mailing_queue_ids":[],"_links":{"self":[{"href":"https:\/\/agora.xtec.cat\/esc-llevantidemar\/wp-json\/wp\/v2\/pages\/6755","targetHints":{"allow":["GET"]}}],"collection":[{"href":"https:\/\/agora.xtec.cat\/esc-llevantidemar\/wp-json\/wp\/v2\/pages"}],"about":[{"href":"https:\/\/agora.xtec.cat\/esc-llevantidemar\/wp-json\/wp\/v2\/types\/page"}],"author":[{"embeddable":true,"href":"https:\/\/agora.xtec.cat\/esc-llevantidemar\/wp-json\/wp\/v2\/users\/5"}],"replies":[{"embeddable":true,"href":"https:\/\/agora.xtec.cat\/esc-llevantidemar\/wp-json\/wp\/v2\/comments?post=6755"}],"version-history":[{"count":3,"href":"https:\/\/agora.xtec.cat\/esc-llevantidemar\/wp-json\/wp\/v2\/pages\/6755\/revisions"}],"predecessor-version":[{"id":6887,"href":"https:\/\/agora.xtec.cat\/esc-llevantidemar\/wp-json\/wp\/v2\/pages\/6755\/revisions\/6887"}],"up":[{"embeddable":true,"href":"https:\/\/agora.xtec.cat\/esc-llevantidemar\/wp-json\/wp\/v2\/pages\/5895"}],"wp:attachment":[{"href":"https:\/\/agora.xtec.cat\/esc-llevantidemar\/wp-json\/wp\/v2\/media?parent=6755"}],"curies":[{"name":"wp","href":"https:\/\/api.w.org\/{rel}","templated":true}]}}