{"id":5989,"date":"2025-04-08T12:49:05","date_gmt":"2025-04-08T10:49:05","guid":{"rendered":"https:\/\/agora.xtec.cat\/esc-llevantidemar\/?page_id=5989"},"modified":"2025-04-09T11:56:35","modified_gmt":"2025-04-09T09:56:35","slug":"tallers-estudi-assistit-tea","status":"publish","type":"page","link":"https:\/\/agora.xtec.cat\/esc-llevantidemar\/serveis\/tallers-estudi-assistit-tea\/","title":{"rendered":"Tallers estudi assistit (TEA)"},"content":{"rendered":"\n<p>El Taller d\u2019Estudi Assistit (TEA) \u00e9s un espai de refor\u00e7 escolar adre\u00e7at a infants de prim\u00e0ria que necessiten un suport extra per consolidar els aprenentatges i millorar la seva autonomia en l\u2019estudi. Es realitza dos dies a la setmana, fora de l\u2019horari lectiu, i t\u00e9 com a objectiu acompanyar l\u2019alumnat en les seves tasques escolars i refor\u00e7ar continguts b\u00e0sics.<\/p>\n\n\n\n<p>La participaci\u00f3 en el TEA es fa a trav\u00e9s de la selecci\u00f3 i valoraci\u00f3 de l\u2019equip docent, que determina quins infants poden beneficiar-se m\u00e9s d\u2019aquest recurs en funci\u00f3 de les seves necessitats educatives.<\/p>\n\n\n\n<p>El taller est\u00e0 condu\u00eft per dues monitores especialitzades, que proporcionen una atenci\u00f3 m\u00e9s individualitzada i ofereixen estrat\u00e8gies per entendre millor els continguts, organitzar-se, resoldre dubtes i adquirir h\u00e0bits d\u2019estudi. Aquest acompanyament ajuda els infants a guanyar confian\u00e7a, refor\u00e7ar la seva autoestima acad\u00e8mica i millorar el seu rendiment escolar. A m\u00e9s, el TEA \u00e9s un espai tranquil i segur, que fomenta el respecte, l\u2019esfor\u00e7 i la cooperaci\u00f3, i que sovint marca una difer\u00e8ncia significativa en el dia a dia dels alumnes que hi participen.<\/p>\n","protected":false},"excerpt":{"rendered":"<p>El Taller d\u2019Estudi Assistit (TEA) \u00e9s un espai de refor\u00e7 escolar adre\u00e7at a infants de prim\u00e0ria que necessiten un suport extra per consolidar els aprenentatges i millorar la seva autonomia en l\u2019estudi. Es realitza dos dies a la setmana, fora de l\u2019horari lectiu, i t\u00e9 com a objectiu acompanyar l\u2019alumnat en les seves tasques escolars [&hellip;]<\/p>\n","protected":false},"author":5,"featured_media":0,"parent":66,"menu_order":7,"comment_status":"closed","ping_status":"closed","template":"","meta":{"site-sidebar-layout":"default","site-content-layout":"","ast-site-content-layout":"default","site-content-style":"default","site-sidebar-style":"default","ast-global-header-display":"","ast-banner-title-visibility":"","ast-main-header-display":"","ast-hfb-above-header-display":"","ast-hfb-below-header-display":"","ast-hfb-mobile-header-display":"","site-post-title":"","ast-breadcrumbs-content":"","ast-featured-img":"","footer-sml-layout":"","theme-transparent-header-meta":"","adv-header-id-meta":"","stick-header-meta":"","header-above-stick-meta":"","header-main-stick-meta":"","header-below-stick-meta":"","astra-migrate-meta-layouts":"set","ast-page-background-enabled":"default","ast-page-background-meta":{"desktop":{"background-color":"var(--ast-global-color-4)","background-image":"","background-repeat":"repeat","background-position":"center center","background-size":"auto","background-attachment":"scroll","background-type":"","background-media":"","overlay-type":"","overlay-color":"","overlay-opacity":"","overlay-gradient":""},"tablet":{"background-color":"","background-image":"","background-repeat":"repeat","background-position":"center center","background-size":"auto","background-attachment":"scroll","background-type":"","background-media":"","overlay-type":"","overlay-color":"","overlay-opacity":"","overlay-gradient":""},"mobile":{"background-color":"","background-image":"","background-repeat":"repeat","background-position":"center center","background-size":"auto","background-attachment":"scroll","background-type":"","background-media":"","overlay-type":"","overlay-color":"","overlay-opacity":"","overlay-gradient":""}},"ast-content-background-meta":{"desktop":{"background-color":"var(--ast-global-color-5)","background-image":"","background-repeat":"repeat","background-position":"center center","background-size":"auto","background-attachment":"scroll","background-type":"","background-media":"","overlay-type":"","overlay-color":"","overlay-opacity":"","overlay-gradient":""},"tablet":{"background-color":"var(--ast-global-color-5)","background-image":"","background-repeat":"repeat","background-position":"center center","background-size":"auto","background-attachment":"scroll","background-type":"","background-media":"","overlay-type":"","overlay-color":"","overlay-opacity":"","overlay-gradient":""},"mobile":{"background-color":"var(--ast-global-color-5)","background-image":"","background-repeat":"repeat","background-position":"center center","background-size":"auto","background-attachment":"scroll","background-type":"","background-media":"","overlay-type":"","overlay-color":"","overlay-opacity":"","overlay-gradient":""}},"footnotes":""},"class_list":["post-5989","page","type-page","status-publish","hentry"],"post_mailing_queue_ids":[],"_links":{"self":[{"href":"https:\/\/agora.xtec.cat\/esc-llevantidemar\/wp-json\/wp\/v2\/pages\/5989","targetHints":{"allow":["GET"]}}],"collection":[{"href":"https:\/\/agora.xtec.cat\/esc-llevantidemar\/wp-json\/wp\/v2\/pages"}],"about":[{"href":"https:\/\/agora.xtec.cat\/esc-llevantidemar\/wp-json\/wp\/v2\/types\/page"}],"author":[{"embeddable":true,"href":"https:\/\/agora.xtec.cat\/esc-llevantidemar\/wp-json\/wp\/v2\/users\/5"}],"replies":[{"embeddable":true,"href":"https:\/\/agora.xtec.cat\/esc-llevantidemar\/wp-json\/wp\/v2\/comments?post=5989"}],"version-history":[{"count":4,"href":"https:\/\/agora.xtec.cat\/esc-llevantidemar\/wp-json\/wp\/v2\/pages\/5989\/revisions"}],"predecessor-version":[{"id":6043,"href":"https:\/\/agora.xtec.cat\/esc-llevantidemar\/wp-json\/wp\/v2\/pages\/5989\/revisions\/6043"}],"up":[{"embeddable":true,"href":"https:\/\/agora.xtec.cat\/esc-llevantidemar\/wp-json\/wp\/v2\/pages\/66"}],"wp:attachment":[{"href":"https:\/\/agora.xtec.cat\/esc-llevantidemar\/wp-json\/wp\/v2\/media?parent=5989"}],"curies":[{"name":"wp","href":"https:\/\/api.w.org\/{rel}","templated":true}]}}