{"id":5957,"date":"2025-04-08T12:06:26","date_gmt":"2025-04-08T10:06:26","guid":{"rendered":"https:\/\/agora.xtec.cat\/esc-llevantidemar\/?page_id=5957"},"modified":"2025-04-09T12:07:23","modified_gmt":"2025-04-09T10:07:23","slug":"junts-fem-escola","status":"publish","type":"page","link":"https:\/\/agora.xtec.cat\/esc-llevantidemar\/projecte-educatiu\/projectes-singulars\/junts-fem-escola\/","title":{"rendered":"Junts fem escola"},"content":{"rendered":"\n<p>&#8220;Junts fem escola&#8221; \u00e9s una iniciativa del cicle d\u2019educaci\u00f3 infantil que convida les fam\u00edlies a entrar a l\u2019aula per participar de forma activa en el dia a dia dels seus fills i filles. De manera puntual i volunt\u00e0ria, mares, pares, avis, tiets&#8230; poden venir a compartir una estona amb el grup classe, aportant les seves habilitats, coneixements o simplement ganes de passar-ho b\u00e9 i compartir moments educatius.<\/p>\n\n\n\n<p>Les activitats que es proposen s\u00f3n molt variades: contar contes, fer tallers de cuina, manualitats, jocs tradicionals, m\u00fasica, danses del seu pa\u00eds d\u2019origen, activitats relacionades amb les professions, experi\u00e8ncies cient\u00edfiques senzilles, etc. Cada aportaci\u00f3 \u00e9s \u00fanica i enriqueix l\u2019experi\u00e8ncia educativa dels infants.<\/p>\n\n\n\n<p>Aquest projecte neix del convenciment que educar \u00e9s una tasca compartida, i que quan fam\u00edlia i escola caminen juntes, els infants ho viuen amb m\u00e9s seguretat, motivaci\u00f3 i felicitat. Veure el seu pare o la seva mare a l\u2019aula els emociona, els fa sentir protagonistes i refor\u00e7a el vincle amb l\u2019escola.<\/p>\n\n\n\n<p>A m\u00e9s, &#8220;Junts fem escola&#8221; fomenta la participaci\u00f3, la confian\u00e7a m\u00fatua i el respecte entre fam\u00edlies i mestres, i ajuda a construir una comunitat educativa m\u00e9s oberta, col\u00b7laborativa i propera.<\/p>\n","protected":false},"excerpt":{"rendered":"<p>&#8220;Junts fem escola&#8221; \u00e9s una iniciativa del cicle d\u2019educaci\u00f3 infantil que convida les fam\u00edlies a entrar a l\u2019aula per participar de forma activa en el dia a dia dels seus fills i filles. De manera puntual i volunt\u00e0ria, mares, pares, avis, tiets&#8230; poden venir a compartir una estona amb el grup classe, aportant les seves [&hellip;]<\/p>\n","protected":false},"author":5,"featured_media":0,"parent":769,"menu_order":8,"comment_status":"closed","ping_status":"close","template":"","meta":{"site-sidebar-layout":"default","site-content-layout":"","ast-site-content-layout":"default","site-content-style":"default","site-sidebar-style":"default","ast-global-header-display":"","ast-banner-title-visibility":"","ast-main-header-display":"","ast-hfb-above-header-display":"","ast-hfb-below-header-display":"","ast-hfb-mobile-header-display":"","site-post-title":"","ast-breadcrumbs-content":"","ast-featured-img":"","footer-sml-layout":"","theme-transparent-header-meta":"","adv-header-id-meta":"","stick-header-meta":"","header-above-stick-meta":"","header-main-stick-meta":"","header-below-stick-meta":"","astra-migrate-meta-layouts":"set","ast-page-background-enabled":"default","ast-page-background-meta":{"desktop":{"background-color":"var(--ast-global-color-4)","background-image":"","background-repeat":"repeat","background-position":"center center","background-size":"auto","background-attachment":"scroll","background-type":"","background-media":"","overlay-type":"","overlay-color":"","overlay-opacity":"","overlay-gradient":""},"tablet":{"background-color":"","background-image":"","background-repeat":"repeat","background-position":"center center","background-size":"auto","background-attachment":"scroll","background-type":"","background-media":"","overlay-type":"","overlay-color":"","overlay-opacity":"","overlay-gradient":""},"mobile":{"background-color":"","background-image":"","background-repeat":"repeat","background-position":"center center","background-size":"auto","background-attachment":"scroll","background-type":"","background-media":"","overlay-type":"","overlay-color":"","overlay-opacity":"","overlay-gradient":""}},"ast-content-background-meta":{"desktop":{"background-color":"var(--ast-global-color-5)","background-image":"","background-repeat":"repeat","background-position":"center center","background-size":"auto","background-attachment":"scroll","background-type":"","background-media":"","overlay-type":"","overlay-color":"","overlay-opacity":"","overlay-gradient":""},"tablet":{"background-color":"var(--ast-global-color-5)","background-image":"","background-repeat":"repeat","background-position":"center center","background-size":"auto","background-attachment":"scroll","background-type":"","background-media":"","overlay-type":"","overlay-color":"","overlay-opacity":"","overlay-gradient":""},"mobile":{"background-color":"var(--ast-global-color-5)","background-image":"","background-repeat":"repeat","background-position":"center center","background-size":"auto","background-attachment":"scroll","background-type":"","background-media":"","overlay-type":"","overlay-color":"","overlay-opacity":"","overlay-gradient":""}},"footnotes":""},"class_list":["post-5957","page","type-page","status-publish","hentry"],"post_mailing_queue_ids":[],"_links":{"self":[{"href":"https:\/\/agora.xtec.cat\/esc-llevantidemar\/wp-json\/wp\/v2\/pages\/5957","targetHints":{"allow":["GET"]}}],"collection":[{"href":"https:\/\/agora.xtec.cat\/esc-llevantidemar\/wp-json\/wp\/v2\/pages"}],"about":[{"href":"https:\/\/agora.xtec.cat\/esc-llevantidemar\/wp-json\/wp\/v2\/types\/page"}],"author":[{"embeddable":true,"href":"https:\/\/agora.xtec.cat\/esc-llevantidemar\/wp-json\/wp\/v2\/users\/5"}],"replies":[{"embeddable":true,"href":"https:\/\/agora.xtec.cat\/esc-llevantidemar\/wp-json\/wp\/v2\/comments?post=5957"}],"version-history":[{"count":3,"href":"https:\/\/agora.xtec.cat\/esc-llevantidemar\/wp-json\/wp\/v2\/pages\/5957\/revisions"}],"predecessor-version":[{"id":6053,"href":"https:\/\/agora.xtec.cat\/esc-llevantidemar\/wp-json\/wp\/v2\/pages\/5957\/revisions\/6053"}],"up":[{"embeddable":true,"href":"https:\/\/agora.xtec.cat\/esc-llevantidemar\/wp-json\/wp\/v2\/pages\/769"}],"wp:attachment":[{"href":"https:\/\/agora.xtec.cat\/esc-llevantidemar\/wp-json\/wp\/v2\/media?parent=5957"}],"curies":[{"name":"wp","href":"https:\/\/api.w.org\/{rel}","templated":true}]}}