{"id":5949,"date":"2025-04-08T12:03:48","date_gmt":"2025-04-08T10:03:48","guid":{"rendered":"https:\/\/agora.xtec.cat\/esc-llevantidemar\/?page_id=5949"},"modified":"2025-04-08T12:56:17","modified_gmt":"2025-04-08T10:56:17","slug":"radio-llevanti","status":"publish","type":"page","link":"https:\/\/agora.xtec.cat\/esc-llevantidemar\/projecte-educatiu\/projectes-singulars\/radio-llevanti\/","title":{"rendered":"R\u00e0dio llevant\u00ed"},"content":{"rendered":"\n<p>La r\u00e0dio a l&#8217;escola \u00e9s una eina educativa molt \u00fatil per als alumnes de 5\u00e8 de prim\u00e0ria. Els permet desenvolupar habilitats comunicatives, treballar en equip i donar curs a la seva creativitat. A m\u00e9s, aprenen sobre el m\u00f3n que els envolta d&#8217;una manera divertida i participativa.<\/p>\n\n\n\n<p>Els alumnes poden realitzar diverses activitats, com entrevistar persones o elaborar not\u00edcies. La r\u00e0dio a l&#8217;escola augmenta la motivaci\u00f3 dels alumnes, millora la seva autoestima i fomenta el desenvolupament de compet\u00e8ncies clau per al seu futur.<\/p>\n\n\n\n<p><strong>No hi ha res com la m\u00e0gia de la r\u00e0dio feta pels nostres alumnes de 5\u00e8!<\/strong> Sintonitza&#8217;ns i deixa&#8217;t sorprendre per les seves veus, les seves hist\u00f2ries i la seva passi\u00f3. Et perdr\u00e0s els seus programes?<\/p>\n\n\n\n<figure class=\"wp-block-image aligncenter size-large is-resized\"><a href=\"https:\/\/www.spreaker.com\/podcast\/radio-llevanti--4126721\" target=\"_blank\" rel=\"noreferrer noopener\"><img loading=\"lazy\" decoding=\"async\" width=\"1024\" height=\"318\" src=\"https:\/\/agora.xtec.cat\/esc-llevantidemar\/wp-content\/uploads\/usu2024\/2025\/04\/radio-1-1024x318.png\" alt=\"\" class=\"wp-image-5973\" style=\"width:633px;height:auto\" srcset=\"https:\/\/agora.xtec.cat\/esc-llevantidemar\/wp-content\/uploads\/usu2024\/2025\/04\/radio-1-1024x318.png 1024w, https:\/\/agora.xtec.cat\/esc-llevantidemar\/wp-content\/uploads\/usu2024\/2025\/04\/radio-1-300x93.png 300w, https:\/\/agora.xtec.cat\/esc-llevantidemar\/wp-content\/uploads\/usu2024\/2025\/04\/radio-1-768x239.png 768w, https:\/\/agora.xtec.cat\/esc-llevantidemar\/wp-content\/uploads\/usu2024\/2025\/04\/radio-1.png 1480w\" sizes=\"auto, (max-width: 1024px) 100vw, 1024px\" \/><\/a><\/figure>\n","protected":false},"excerpt":{"rendered":"<p>La r\u00e0dio a l&#8217;escola \u00e9s una eina educativa molt \u00fatil per als alumnes de 5\u00e8 de prim\u00e0ria. Els permet desenvolupar habilitats comunicatives, treballar en equip i donar curs a la seva creativitat. A m\u00e9s, aprenen sobre el m\u00f3n que els envolta d&#8217;una manera divertida i participativa. Els alumnes poden realitzar diverses activitats, com entrevistar persones [&hellip;]<\/p>\n","protected":false},"author":5,"featured_media":0,"parent":769,"menu_order":4,"comment_status":"closed","ping_status":"closed","template":"","meta":{"site-sidebar-layout":"default","site-content-layout":"","ast-site-content-layout":"default","site-content-style":"default","site-sidebar-style":"default","ast-global-header-display":"","ast-banner-title-visibility":"","ast-main-header-display":"","ast-hfb-above-header-display":"","ast-hfb-below-header-display":"","ast-hfb-mobile-header-display":"","site-post-title":"","ast-breadcrumbs-content":"","ast-featured-img":"","footer-sml-layout":"","theme-transparent-header-meta":"","adv-header-id-meta":"","stick-header-meta":"","header-above-stick-meta":"","header-main-stick-meta":"","header-below-stick-meta":"","astra-migrate-meta-layouts":"set","ast-page-background-enabled":"default","ast-page-background-meta":{"desktop":{"background-color":"var(--ast-global-color-4)","background-image":"","background-repeat":"repeat","background-position":"center center","background-size":"auto","background-attachment":"scroll","background-type":"","background-media":"","overlay-type":"","overlay-color":"","overlay-opacity":"","overlay-gradient":""},"tablet":{"background-color":"","background-image":"","background-repeat":"repeat","background-position":"center center","background-size":"auto","background-attachment":"scroll","background-type":"","background-media":"","overlay-type":"","overlay-color":"","overlay-opacity":"","overlay-gradient":""},"mobile":{"background-color":"","background-image":"","background-repeat":"repeat","background-position":"center center","background-size":"auto","background-attachment":"scroll","background-type":"","background-media":"","overlay-type":"","overlay-color":"","overlay-opacity":"","overlay-gradient":""}},"ast-content-background-meta":{"desktop":{"background-color":"var(--ast-global-color-5)","background-image":"","background-repeat":"repeat","background-position":"center center","background-size":"auto","background-attachment":"scroll","background-type":"","background-media":"","overlay-type":"","overlay-color":"","overlay-opacity":"","overlay-gradient":""},"tablet":{"background-color":"var(--ast-global-color-5)","background-image":"","background-repeat":"repeat","background-position":"center center","background-size":"auto","background-attachment":"scroll","background-type":"","background-media":"","overlay-type":"","overlay-color":"","overlay-opacity":"","overlay-gradient":""},"mobile":{"background-color":"var(--ast-global-color-5)","background-image":"","background-repeat":"repeat","background-position":"center center","background-size":"auto","background-attachment":"scroll","background-type":"","background-media":"","overlay-type":"","overlay-color":"","overlay-opacity":"","overlay-gradient":""}},"footnotes":""},"class_list":["post-5949","page","type-page","status-publish","hentry"],"post_mailing_queue_ids":[],"_links":{"self":[{"href":"https:\/\/agora.xtec.cat\/esc-llevantidemar\/wp-json\/wp\/v2\/pages\/5949","targetHints":{"allow":["GET"]}}],"collection":[{"href":"https:\/\/agora.xtec.cat\/esc-llevantidemar\/wp-json\/wp\/v2\/pages"}],"about":[{"href":"https:\/\/agora.xtec.cat\/esc-llevantidemar\/wp-json\/wp\/v2\/types\/page"}],"author":[{"embeddable":true,"href":"https:\/\/agora.xtec.cat\/esc-llevantidemar\/wp-json\/wp\/v2\/users\/5"}],"replies":[{"embeddable":true,"href":"https:\/\/agora.xtec.cat\/esc-llevantidemar\/wp-json\/wp\/v2\/comments?post=5949"}],"version-history":[{"count":3,"href":"https:\/\/agora.xtec.cat\/esc-llevantidemar\/wp-json\/wp\/v2\/pages\/5949\/revisions"}],"predecessor-version":[{"id":5975,"href":"https:\/\/agora.xtec.cat\/esc-llevantidemar\/wp-json\/wp\/v2\/pages\/5949\/revisions\/5975"}],"up":[{"embeddable":true,"href":"https:\/\/agora.xtec.cat\/esc-llevantidemar\/wp-json\/wp\/v2\/pages\/769"}],"wp:attachment":[{"href":"https:\/\/agora.xtec.cat\/esc-llevantidemar\/wp-json\/wp\/v2\/media?parent=5949"}],"curies":[{"name":"wp","href":"https:\/\/api.w.org\/{rel}","templated":true}]}}