{"id":5928,"date":"2025-04-08T10:00:48","date_gmt":"2025-04-08T08:00:48","guid":{"rendered":"https:\/\/agora.xtec.cat\/esc-llevantidemar\/?page_id=5928"},"modified":"2025-12-12T16:13:57","modified_gmt":"2025-12-12T15:13:57","slug":"families","status":"publish","type":"page","link":"https:\/\/agora.xtec.cat\/esc-llevantidemar\/lescola\/comunitat-educativa\/families\/","title":{"rendered":"Fam\u00edlies"},"content":{"rendered":"\n<p>L\u2019educaci\u00f3 \u00e9s una tasca compartida entre docents i fam\u00edlies. La seva implicaci\u00f3 \u00e9s clau per al desenvolupament acad\u00e8mic i emocional dels infants.<\/p>\n\n\n\n<h3 class=\"wp-block-heading\"><strong>Com hi participen?<\/strong><\/h3>\n\n\n\n<p>\ud83d\udd39 Acompanyant l\u2019aprenentatge a casa i refor\u00e7ant els valors de l\u2019escola.<br>\ud83d\udd39 Mantenint una comunicaci\u00f3 activa amb el centre per fer un seguiment proper de l\u2019alumnat.<br>\ud83d\udd39 Col\u00b7laborant en activitats com sortides, festes i tallers.<br>\ud83d\udd39 Formant part de l\u2019AFA\/AMPA, impulsant projectes i iniciatives escolars.<\/p>\n\n\n\n<p>\ud83d\udccc <strong>Fam\u00edlies i escola, un equip per al futur dels infants!<\/strong><\/p>\n\n\n\n<p><\/p>\n\n\n\n<div class=\"wp-block-getwid-toggle has-icon-left\">\n<div class=\"wp-block-getwid-toggle__row\"><div class=\"wp-block-getwid-toggle__header-wrapper\"><span class=\"wp-block-getwid-toggle__header\"><a href=\"#\"><span class=\"wp-block-getwid-toggle__header-title\">Qu\u00e8 \u00e9s l&#8217;AFA de l&#8217;escola Llevant\u00ed de Mar?<\/span><span class=\"wp-block-getwid-toggle__icon is-active\"><i class=\"fas fa-plus\"><\/i><\/span><span class=\"wp-block-getwid-toggle__icon is-passive\"><i class=\"fas fa-minus\"><\/i><\/span><\/a><\/span><\/div><div class=\"wp-block-getwid-toggle__content-wrapper\"><div class=\"wp-block-getwid-toggle__content\">\n<p>L\u2019AFA Llevant\u00ed de Mar \u00e9s l\u2019associaci\u00f3 de mares i pares vinculada a l\u2019escola, que agrupa fam\u00edlies compromeses amb la vida escolar i participaci\u00f3 en activitats comunes.<\/p>\n\n\n\n<p>Si voleu fer-vos socis de l\u2019AFA, la quota \u00e9s de <strong>35 \u20ac per alumne<\/strong>, i en cas de germans, <strong>5 \u20ac addicionals per germ\u00e0<\/strong>.<\/p>\n<\/div><\/div><\/div>\n\n\n\n<div class=\"wp-block-getwid-toggle__row\"><div class=\"wp-block-getwid-toggle__header-wrapper\"><span class=\"wp-block-getwid-toggle__header\"><a href=\"#\"><span class=\"wp-block-getwid-toggle__header-title\">Qui som?<\/span><span class=\"wp-block-getwid-toggle__icon is-active\"><i class=\"fas fa-plus\"><\/i><\/span><span class=\"wp-block-getwid-toggle__icon is-passive\"><i class=\"fas fa-minus\"><\/i><\/span><\/a><\/span><\/div><div class=\"wp-block-getwid-toggle__content-wrapper\"><div class=\"wp-block-getwid-toggle__content\">\n<p>D\u2019acord amb el qu\u00e8 indiquen els estatuts, la<strong>&nbsp;Junta Directiva de l\u2019AFA LLEVANT\u00cd DE MAR regeix, administra i representa a l\u2019associaci\u00f3<\/strong>, i est\u00e0 composta per presid\u00e8ncia, tresoreria, secretaria i vocalies.<\/p>\n\n\n\n<p>Aquests c\u00e0rrecs han estat elegits per votaci\u00f3 a l\u2019Assemblea General de l\u2019associaci\u00f3, i les persones elegides entren en funcions despr\u00e9s d\u2019haver acceptat el c\u00e0rrec.<\/p>\n\n\n\n<p>Al marge d\u2019aquest requeriment formal i amb la finalitat de garantir al m\u00e0xim la gesti\u00f3 participada de l\u2019associaci\u00f3, es defineix a nivell intern el qu\u00e8 es coneix com a&nbsp;<strong>JUNTA DE L\u2019AFA<\/strong>, la qual en l\u2019actualitat est\u00e0 formada per persones compromeses en vetllar pel correcte desenvolupament del diversos projectes, serveis i comissions que impulsa l\u2019AFA:<\/p>\n\n\n\n<ul class=\"wp-block-list\">\n<li><strong>Presidenta<\/strong>: Laura F\u00e0brega<\/li>\n\n\n\n<li><strong>Tresorera<\/strong>: Anna G\u00f3mez<\/li>\n\n\n\n<li><strong>Secret\u00e0ria:&nbsp;<\/strong>Rosanna Masas<\/li>\n\n\n\n<li><strong>Vocalies:&nbsp;<\/strong>Am\u00e8lia Valls, Judith Medina, \u00c0lex Gallart, Mateo Nu\u00f1ez, Paqui Garcia i Laura N\u00fa\u00f1ez<\/li>\n<\/ul>\n<\/div><\/div><\/div>\n\n\n\n<div class=\"wp-block-getwid-toggle__row\"><div class=\"wp-block-getwid-toggle__header-wrapper\"><span class=\"wp-block-getwid-toggle__header\"><a href=\"#\"><span class=\"wp-block-getwid-toggle__header-title\">Venda xandalls<\/span><span class=\"wp-block-getwid-toggle__icon is-active\"><i class=\"fas fa-plus\"><\/i><\/span><span class=\"wp-block-getwid-toggle__icon is-passive\"><i class=\"fas fa-minus\"><\/i><\/span><\/a><\/span><\/div><div class=\"wp-block-getwid-toggle__content-wrapper\"><div class=\"wp-block-getwid-toggle__content\">\n<p>La venda de xandalls i samarretes de l\u2019escola es fa de manera presencial a: BRAVA TRAMUNTANA<\/p>\n\n\n\n<p>C\/ Ample, 10<br>17230 Palam\u00f3s<br>Tel.: 872 217 733<br>Tel.: 605 106 906<br>Email: info@bravatramuntana.com<br>Web: <a href=\"https:\/\/bravatramuntana.com\/shop\/57-escola-llevanti-de-mar\">https:\/\/bravatramuntana.com\/shop\/57-escola-llevanti-de-mar<\/a><\/p>\n\n\n\n<p>PECES EN STOCK O DISPONIBILITAT R\u00c0PIDA: Samarretes, dessuadores, pantalons i leggings. <\/p>\n\n\n\n<p>FABRICACI\u00d3 DE PECES PER FRANGES COMANDA (4 setmanes de fabricaci\u00f3): Jaqueta sublimada (Franges de comanda: fins 2 Juliol &#8211; fins 27 Setembre &#8211; fins 4 Novembre &#8211; fins 10 Gener).<\/p>\n\n\n\n<div class=\"wp-block-getwid-images-slider has-arrows-inside has-dots-inside has-images-center has-fitted-images has-fixed-height\"><div class=\"wp-block-getwid-images-slider__wrapper\" data-effect=\"slide\" data-slides-show=\"1\" data-slides-show-laptop=\"1\" data-slides-show-tablet=\"1\" data-slides-show-mobile=\"1\" data-slides-scroll=\"1\" data-autoplay=\"true\" data-pause-hover=\"false\" data-autoplay-speed=\"6000\" data-infinite=\"true\" data-animation-speed=\"800\" data-center-mode=\"false\" data-variable-width=\"false\" data-arrows=\"inside\" data-dots=\"inside\" data-spacing=\"none\"><div class=\"wp-block-getwid-images-slider__item\" style=\"height:500px\"><figure><img loading=\"lazy\" decoding=\"async\" width=\"855\" height=\"685\" src=\"https:\/\/agora.xtec.cat\/esc-llevantidemar\/wp-content\/uploads\/usu2024\/2025\/12\/roba-1-2.png\" data-id=\"6472\" data-link=\"https:\/\/agora.xtec.cat\/esc-llevantidemar\/lescola\/comunitat-educativa\/families\/attachment\/roba-1-3\/\" data-original-link=\"https:\/\/agora.xtec.cat\/esc-llevantidemar\/wp-content\/uploads\/usu2024\/2025\/12\/roba-1-2.png\" class=\"wp-block-getwid-images-slider__image wp-image-6472\" srcset=\"https:\/\/agora.xtec.cat\/esc-llevantidemar\/wp-content\/uploads\/usu2024\/2025\/12\/roba-1-2.png 855w, https:\/\/agora.xtec.cat\/esc-llevantidemar\/wp-content\/uploads\/usu2024\/2025\/12\/roba-1-2-300x240.png 300w, https:\/\/agora.xtec.cat\/esc-llevantidemar\/wp-content\/uploads\/usu2024\/2025\/12\/roba-1-2-768x615.png 768w\" sizes=\"auto, (max-width: 855px) 100vw, 855px\" \/><\/figure><\/div><div class=\"wp-block-getwid-images-slider__item\" style=\"height:500px\"><figure><img loading=\"lazy\" decoding=\"async\" width=\"846\" height=\"685\" src=\"https:\/\/agora.xtec.cat\/esc-llevantidemar\/wp-content\/uploads\/usu2024\/2025\/12\/roba-2-1.png\" data-id=\"6473\" data-link=\"https:\/\/agora.xtec.cat\/esc-llevantidemar\/lescola\/comunitat-educativa\/families\/attachment\/roba-2-2\/\" data-original-link=\"https:\/\/agora.xtec.cat\/esc-llevantidemar\/wp-content\/uploads\/usu2024\/2025\/12\/roba-2-1.png\" class=\"wp-block-getwid-images-slider__image wp-image-6473\" srcset=\"https:\/\/agora.xtec.cat\/esc-llevantidemar\/wp-content\/uploads\/usu2024\/2025\/12\/roba-2-1.png 846w, https:\/\/agora.xtec.cat\/esc-llevantidemar\/wp-content\/uploads\/usu2024\/2025\/12\/roba-2-1-300x243.png 300w, https:\/\/agora.xtec.cat\/esc-llevantidemar\/wp-content\/uploads\/usu2024\/2025\/12\/roba-2-1-768x622.png 768w\" sizes=\"auto, (max-width: 846px) 100vw, 846px\" \/><\/figure><\/div><div class=\"wp-block-getwid-images-slider__item\" style=\"height:500px\"><figure><img loading=\"lazy\" decoding=\"async\" width=\"862\" height=\"372\" src=\"https:\/\/agora.xtec.cat\/esc-llevantidemar\/wp-content\/uploads\/usu2024\/2025\/12\/roba-3-1.png\" data-id=\"6474\" data-link=\"https:\/\/agora.xtec.cat\/esc-llevantidemar\/lescola\/comunitat-educativa\/families\/attachment\/roba-3-2\/\" data-original-link=\"https:\/\/agora.xtec.cat\/esc-llevantidemar\/wp-content\/uploads\/usu2024\/2025\/12\/roba-3-1.png\" class=\"wp-block-getwid-images-slider__image wp-image-6474\" srcset=\"https:\/\/agora.xtec.cat\/esc-llevantidemar\/wp-content\/uploads\/usu2024\/2025\/12\/roba-3-1.png 862w, https:\/\/agora.xtec.cat\/esc-llevantidemar\/wp-content\/uploads\/usu2024\/2025\/12\/roba-3-1-300x129.png 300w, https:\/\/agora.xtec.cat\/esc-llevantidemar\/wp-content\/uploads\/usu2024\/2025\/12\/roba-3-1-768x331.png 768w\" sizes=\"auto, (max-width: 862px) 100vw, 862px\" \/><\/figure><\/div><\/div><\/div>\n<\/div><\/div><\/div>\n\n\n\n<div class=\"wp-block-getwid-toggle__row\"><div class=\"wp-block-getwid-toggle__header-wrapper\"><span class=\"wp-block-getwid-toggle__header\"><a href=\"#\"><span class=\"wp-block-getwid-toggle__header-title\">Extraescolars curs 2025-2026<\/span><span class=\"wp-block-getwid-toggle__icon is-active\"><i class=\"fas fa-plus\"><\/i><\/span><span class=\"wp-block-getwid-toggle__icon is-passive\"><i class=\"fas fa-minus\"><\/i><\/span><\/a><\/span><\/div><div class=\"wp-block-getwid-toggle__content-wrapper\"><div class=\"wp-block-getwid-toggle__content\">\n<p>Us adjuntem les extraescolars que es realitzen aquest curs 2025\/26. Cal que feu les inscripcions directament a les empreses que realitzen les extraescolars mitjan\u00e7ant els enlla\u00e7os adjunts, per tel\u00e8fon o e-mail. Les empreses us informaran si hi han places lliures o estareu en llista d&#8217;espera fins que hi hagi una vacant.<\/p>\n\n\n\n<p>L&#8217;acollida matinal s&#8217;inicia el primer dia d&#8217;escola i finalitzar\u00e0 l&#8217;\u00faltim. Les altres extraescolars es realitzaran d&#8217;octubre del 2025 a maig del 2026.<\/p>\n\n\n\n<p>Cal un m\u00ednim d&#8217;inscrits per poder realitzar les activitats.<\/p>\n\n\n\n<p>Podeu consultar dubtes directament a les empreses o a l&#8217; e-mail: <a href=\"mailto:allevantidemar@gmail.com\">allevantidemar@gmail.com<\/a>.<\/p>\n\n\n\n<div class=\"wp-block-getwid-images-slider has-arrows-inside has-dots-inside has-images-center has-fitted-images has-fixed-height\"><div class=\"wp-block-getwid-images-slider__wrapper\" data-effect=\"slide\" data-slides-show=\"1\" data-slides-show-laptop=\"1\" data-slides-show-tablet=\"1\" data-slides-show-mobile=\"1\" data-slides-scroll=\"1\" data-autoplay=\"true\" data-pause-hover=\"false\" data-autoplay-speed=\"6000\" data-infinite=\"true\" data-animation-speed=\"800\" data-center-mode=\"false\" data-variable-width=\"false\" data-arrows=\"inside\" data-dots=\"inside\" data-spacing=\"none\"><div class=\"wp-block-getwid-images-slider__item\" style=\"height:400px\"><figure><img loading=\"lazy\" decoding=\"async\" width=\"913\" height=\"511\" src=\"https:\/\/agora.xtec.cat\/esc-llevantidemar\/wp-content\/uploads\/usu2024\/2025\/12\/extraescolars-1-1.png\" data-id=\"6479\" data-link=\"https:\/\/agora.xtec.cat\/esc-llevantidemar\/lescola\/comunitat-educativa\/families\/attachment\/extraescolars-1-2\/\" data-original-link=\"https:\/\/agora.xtec.cat\/esc-llevantidemar\/wp-content\/uploads\/usu2024\/2025\/12\/extraescolars-1-1.png\" class=\"wp-block-getwid-images-slider__image wp-image-6479\" srcset=\"https:\/\/agora.xtec.cat\/esc-llevantidemar\/wp-content\/uploads\/usu2024\/2025\/12\/extraescolars-1-1.png 913w, https:\/\/agora.xtec.cat\/esc-llevantidemar\/wp-content\/uploads\/usu2024\/2025\/12\/extraescolars-1-1-300x168.png 300w, https:\/\/agora.xtec.cat\/esc-llevantidemar\/wp-content\/uploads\/usu2024\/2025\/12\/extraescolars-1-1-768x430.png 768w\" sizes=\"auto, (max-width: 913px) 100vw, 913px\" \/><\/figure><\/div><div class=\"wp-block-getwid-images-slider__item\" style=\"height:400px\"><figure><img loading=\"lazy\" decoding=\"async\" width=\"904\" height=\"534\" src=\"https:\/\/agora.xtec.cat\/esc-llevantidemar\/wp-content\/uploads\/usu2024\/2025\/12\/extraescolars-2-1.png\" data-id=\"6478\" data-link=\"https:\/\/agora.xtec.cat\/esc-llevantidemar\/lescola\/comunitat-educativa\/families\/attachment\/extraescolars-2-2\/\" data-original-link=\"https:\/\/agora.xtec.cat\/esc-llevantidemar\/wp-content\/uploads\/usu2024\/2025\/12\/extraescolars-2-1.png\" class=\"wp-block-getwid-images-slider__image wp-image-6478\" srcset=\"https:\/\/agora.xtec.cat\/esc-llevantidemar\/wp-content\/uploads\/usu2024\/2025\/12\/extraescolars-2-1.png 904w, https:\/\/agora.xtec.cat\/esc-llevantidemar\/wp-content\/uploads\/usu2024\/2025\/12\/extraescolars-2-1-300x177.png 300w, https:\/\/agora.xtec.cat\/esc-llevantidemar\/wp-content\/uploads\/usu2024\/2025\/12\/extraescolars-2-1-768x454.png 768w\" sizes=\"auto, (max-width: 904px) 100vw, 904px\" \/><\/figure><\/div><div class=\"wp-block-getwid-images-slider__item\" style=\"height:400px\"><figure><img loading=\"lazy\" decoding=\"async\" width=\"908\" height=\"536\" src=\"https:\/\/agora.xtec.cat\/esc-llevantidemar\/wp-content\/uploads\/usu2024\/2025\/12\/extraescolars-3.png\" data-id=\"6477\" data-link=\"https:\/\/agora.xtec.cat\/esc-llevantidemar\/lescola\/comunitat-educativa\/families\/attachment\/extraescolars-3\/\" data-original-link=\"https:\/\/agora.xtec.cat\/esc-llevantidemar\/wp-content\/uploads\/usu2024\/2025\/12\/extraescolars-3.png\" class=\"wp-block-getwid-images-slider__image wp-image-6477\" srcset=\"https:\/\/agora.xtec.cat\/esc-llevantidemar\/wp-content\/uploads\/usu2024\/2025\/12\/extraescolars-3.png 908w, https:\/\/agora.xtec.cat\/esc-llevantidemar\/wp-content\/uploads\/usu2024\/2025\/12\/extraescolars-3-300x177.png 300w, https:\/\/agora.xtec.cat\/esc-llevantidemar\/wp-content\/uploads\/usu2024\/2025\/12\/extraescolars-3-768x453.png 768w\" sizes=\"auto, (max-width: 908px) 100vw, 908px\" \/><\/figure><\/div><\/div><\/div>\n<\/div><\/div><\/div>\n<\/div>\n","protected":false},"excerpt":{"rendered":"<p>L\u2019educaci\u00f3 \u00e9s una tasca compartida entre docents i fam\u00edlies. La seva implicaci\u00f3 \u00e9s clau per al desenvolupament acad\u00e8mic i emocional dels infants. Com hi participen? \ud83d\udd39 Acompanyant l\u2019aprenentatge a casa i refor\u00e7ant els valors de l\u2019escola.\ud83d\udd39 Mantenint una comunicaci\u00f3 activa amb el centre per fer un seguiment proper de l\u2019alumnat.\ud83d\udd39 Col\u00b7laborant en activitats com sortides, [&hellip;]<\/p>\n","protected":false},"author":5,"featured_media":0,"parent":24,"menu_order":3,"comment_status":"closed","ping_status":"closed","template":"","meta":{"site-sidebar-layout":"default","site-content-layout":"","ast-site-content-layout":"default","site-content-style":"default","site-sidebar-style":"default","ast-global-header-display":"","ast-banner-title-visibility":"","ast-main-header-display":"","ast-hfb-above-header-display":"","ast-hfb-below-header-display":"","ast-hfb-mobile-header-display":"","site-post-title":"","ast-breadcrumbs-content":"","ast-featured-img":"","footer-sml-layout":"","theme-transparent-header-meta":"","adv-header-id-meta":"","stick-header-meta":"","header-above-stick-meta":"","header-main-stick-meta":"","header-below-stick-meta":"","astra-migrate-meta-layouts":"set","ast-page-background-enabled":"default","ast-page-background-meta":{"desktop":{"background-color":"var(--ast-global-color-4)","background-image":"","background-repeat":"repeat","background-position":"center center","background-size":"auto","background-attachment":"scroll","background-type":"","background-media":"","overlay-type":"","overlay-color":"","overlay-opacity":"","overlay-gradient":""},"tablet":{"background-color":"","background-image":"","background-repeat":"repeat","background-position":"center center","background-size":"auto","background-attachment":"scroll","background-type":"","background-media":"","overlay-type":"","overlay-color":"","overlay-opacity":"","overlay-gradient":""},"mobile":{"background-color":"","background-image":"","background-repeat":"repeat","background-position":"center center","background-size":"auto","background-attachment":"scroll","background-type":"","background-media":"","overlay-type":"","overlay-color":"","overlay-opacity":"","overlay-gradient":""}},"ast-content-background-meta":{"desktop":{"background-color":"var(--ast-global-color-5)","background-image":"","background-repeat":"repeat","background-position":"center center","background-size":"auto","background-attachment":"scroll","background-type":"","background-media":"","overlay-type":"","overlay-color":"","overlay-opacity":"","overlay-gradient":""},"tablet":{"background-color":"var(--ast-global-color-5)","background-image":"","background-repeat":"repeat","background-position":"center center","background-size":"auto","background-attachment":"scroll","background-type":"","background-media":"","overlay-type":"","overlay-color":"","overlay-opacity":"","overlay-gradient":""},"mobile":{"background-color":"var(--ast-global-color-5)","background-image":"","background-repeat":"repeat","background-position":"center center","background-size":"auto","background-attachment":"scroll","background-type":"","background-media":"","overlay-type":"","overlay-color":"","overlay-opacity":"","overlay-gradient":""}},"footnotes":""},"class_list":["post-5928","page","type-page","status-publish","hentry"],"post_mailing_queue_ids":[],"_links":{"self":[{"href":"https:\/\/agora.xtec.cat\/esc-llevantidemar\/wp-json\/wp\/v2\/pages\/5928","targetHints":{"allow":["GET"]}}],"collection":[{"href":"https:\/\/agora.xtec.cat\/esc-llevantidemar\/wp-json\/wp\/v2\/pages"}],"about":[{"href":"https:\/\/agora.xtec.cat\/esc-llevantidemar\/wp-json\/wp\/v2\/types\/page"}],"author":[{"embeddable":true,"href":"https:\/\/agora.xtec.cat\/esc-llevantidemar\/wp-json\/wp\/v2\/users\/5"}],"replies":[{"embeddable":true,"href":"https:\/\/agora.xtec.cat\/esc-llevantidemar\/wp-json\/wp\/v2\/comments?post=5928"}],"version-history":[{"count":5,"href":"https:\/\/agora.xtec.cat\/esc-llevantidemar\/wp-json\/wp\/v2\/pages\/5928\/revisions"}],"predecessor-version":[{"id":6482,"href":"https:\/\/agora.xtec.cat\/esc-llevantidemar\/wp-json\/wp\/v2\/pages\/5928\/revisions\/6482"}],"up":[{"embeddable":true,"href":"https:\/\/agora.xtec.cat\/esc-llevantidemar\/wp-json\/wp\/v2\/pages\/24"}],"wp:attachment":[{"href":"https:\/\/agora.xtec.cat\/esc-llevantidemar\/wp-json\/wp\/v2\/media?parent=5928"}],"curies":[{"name":"wp","href":"https:\/\/api.w.org\/{rel}","templated":true}]}}