{"id":5895,"date":"2025-04-07T10:26:18","date_gmt":"2025-04-07T08:26:18","guid":{"rendered":"https:\/\/agora.xtec.cat\/esc-llevantidemar\/?page_id=5895"},"modified":"2025-04-09T12:01:25","modified_gmt":"2025-04-09T10:01:25","slug":"projecte-educatiu","status":"publish","type":"page","link":"https:\/\/agora.xtec.cat\/esc-llevantidemar\/projecte-educatiu\/","title":{"rendered":"Projecte educatiu"},"content":{"rendered":"\n<div class=\"wp-block-getwid-toggle has-icon-left\">\n<div class=\"wp-block-getwid-toggle__row\"><div class=\"wp-block-getwid-toggle__header-wrapper\"><span class=\"wp-block-getwid-toggle__header\"><a href=\"#\"><span class=\"wp-block-getwid-toggle__header-title\">Trets d&#8217;identitat del nostre projecte educatiu<\/span><span class=\"wp-block-getwid-toggle__icon is-active\"><i class=\"fas fa-plus\"><\/i><\/span><span class=\"wp-block-getwid-toggle__icon is-passive\"><i class=\"fas fa-minus\"><\/i><\/span><\/a><\/span><\/div><div class=\"wp-block-getwid-toggle__content-wrapper\"><div class=\"wp-block-getwid-toggle__content\">\n<p>A l\u2019Escola Llevant\u00ed de Mar eduquem per formar persones competents, cr\u00edtiques, creatives i compromeses amb el m\u00f3n que les envolta. El nostre projecte es fonamenta en els valors seg\u00fcents:<\/p>\n\n\n\n<ul class=\"wp-block-list\">\n<li><strong>Escola catalana i pluriling\u00fce<\/strong>, amb el catal\u00e0 com a llengua vehicular i una aposta clara per l\u2019aprenentatge de lleng\u00fces estrangeres des de ben petits.<\/li>\n\n\n\n<li><strong>Escola inclusiva<\/strong>, que at\u00e9n la diversitat de tot l\u2019alumnat i promou la participaci\u00f3 plena en un entorn escolar compartit i acollidor.<\/li>\n\n\n\n<li><strong>Educaci\u00f3 per compet\u00e8ncies<\/strong>, que integra continguts i metodologies per desenvolupar la comunicaci\u00f3, el pensament cr\u00edtic, la conviv\u00e8ncia i l\u2019autonomia.<\/li>\n\n\n\n<li><strong>Comprom\u00eds amb les TIC<\/strong>, integrades com a eina d\u2019aprenentatge, expressi\u00f3 i avaluaci\u00f3.<\/li>\n\n\n\n<li><strong>Formaci\u00f3 integral<\/strong>, amb una educaci\u00f3 transversal que inclou la coeducaci\u00f3, la ciutadania, la salut, l\u2019educaci\u00f3 ambiental, la lectura i la comunicaci\u00f3 audiovisual.<\/li>\n\n\n\n<li><strong>Continu\u00eftat educativa<\/strong>, amb coordinaci\u00f3 entre etapes per garantir un proc\u00e9s coherent i progressiu per a cada alumne.<\/li>\n\n\n\n<li><strong>Escola plural, laica i coeducadora<\/strong>, que educa des del respecte, la igualtat i la llibertat, rebutjant qualsevol forma de discriminaci\u00f3.<\/li>\n\n\n\n<li><strong>Educaci\u00f3 per la pau, la solidaritat i la conviv\u00e8ncia<\/strong>, fomentant una societat justa i cohesionada, on els conflictes es resolen des del di\u00e0leg.<\/li>\n\n\n\n<li><strong>Escola oberta i democr\u00e0tica<\/strong>, on la participaci\u00f3 activa de l\u2019alumnat, les fam\u00edlies i l\u2019equip educatiu \u00e9s un valor central.<\/li>\n\n\n\n<li><strong>Innovaci\u00f3 i experimentaci\u00f3<\/strong>, amb una actitud constant de millora, reflexi\u00f3 i obertura als canvis pedag\u00f2gics i a les demandes de la societat.<\/li>\n<\/ul>\n<\/div><\/div><\/div>\n\n\n\n<div class=\"wp-block-getwid-toggle__row\"><div class=\"wp-block-getwid-toggle__header-wrapper\"><span class=\"wp-block-getwid-toggle__header\"><a href=\"#\"><span class=\"wp-block-getwid-toggle__header-title\">Valors, missi\u00f3 i visi\u00f3 de l\u2019Escola Llevant\u00ed de Mar<\/span><span class=\"wp-block-getwid-toggle__icon is-active\"><i class=\"fas fa-plus\"><\/i><\/span><span class=\"wp-block-getwid-toggle__icon is-passive\"><i class=\"fas fa-minus\"><\/i><\/span><\/a><\/span><\/div><div class=\"wp-block-getwid-toggle__content-wrapper\"><div class=\"wp-block-getwid-toggle__content\">\n<p><strong>Valors<br><\/strong>Som una escola p\u00fablica, aconfessional, pluralista i compromesa amb els drets humans. Eduquem en valors com el respecte, la solidaritat, l\u2019empatia, l\u2019equitat i la conviv\u00e8ncia, tot promovent la igualtat d\u2019oportunitats i el reconeixement de la diversitat com a riquesa.<\/p>\n\n\n\n<p>Ens definim com:<\/p>\n\n\n\n<ul class=\"wp-block-list\">\n<li><strong>Escola inclusiva<\/strong>, acollidora i integradora.<\/li>\n\n\n\n<li><strong>Escola innovadora<\/strong>, oberta a la recerca, les metodologies actives i les tecnologies.<\/li>\n\n\n\n<li><strong>Escola compromesa<\/strong> amb la llengua i la cultura catalana.<\/li>\n\n\n\n<li><strong>Escola cr\u00edtica i sostenible<\/strong>, que fomenta el pensament lliure, el respecte intercultural i el vincle amb l\u2019entorn.<\/li>\n\n\n\n<li><strong>Escola creativa<\/strong>, que impulsa la imaginaci\u00f3, l\u2019autonomia i l\u2019autoestima dels infants.<br><\/li>\n<\/ul>\n\n\n\n<p><strong>Missi\u00f3<\/strong><\/p>\n\n\n\n<p>Som una escola catalana, innovadora i inclusiva, que promou una educaci\u00f3 integral dins un entorn respectu\u00f3s i acollidor. Estem oberts a la comunitat i compromesos amb el desenvolupament personal i social dels nostres alumnes, per tal que esdevinguin persones aut\u00f2nomes, responsables, cr\u00edtiques i actives en la societat.<\/p>\n\n\n\n<p><strong>Visi\u00f3<\/strong><\/p>\n\n\n\n<p>Volem ser un centre:<\/p>\n\n\n\n<ul class=\"wp-block-list\">\n<li><strong>Innovador i pluriling\u00fce<\/strong>, amb una bona compet\u00e8ncia comunicativa en catal\u00e0, castell\u00e0, angl\u00e8s i franc\u00e8s.<\/li>\n\n\n\n<li><strong>Referent de qualitat educativa<\/strong>, potenciant l\u2019art, la participaci\u00f3 i la cohesi\u00f3 social.<\/li>\n\n\n\n<li><strong>Actiu i din\u00e0mic<\/strong>, amb projectes pedag\u00f2gics que promouen l\u2019observaci\u00f3, l\u2019experimentaci\u00f3 i l\u2019aprenentatge vivencial.<\/li>\n\n\n\n<li><strong>Comprom\u00e8s amb el treball cooperatiu i la responsabilitat personal<\/strong>.<\/li>\n\n\n\n<li><strong>Obert a les fam\u00edlies i a l\u2019entorn<\/strong>, fomentant la participaci\u00f3 de la comunitat educativa.<\/li>\n\n\n\n<li><strong>Conscienciat amb el medi ambient<\/strong> i amb la formaci\u00f3 cont\u00ednua del professorat en metodologies innovadores.<\/li>\n<\/ul>\n<\/div><\/div><\/div>\n\n\n\n<div class=\"wp-block-getwid-toggle__row\"><div class=\"wp-block-getwid-toggle__header-wrapper\"><span class=\"wp-block-getwid-toggle__header\"><a href=\"#\"><span class=\"wp-block-getwid-toggle__header-title\">Prioritats i objectius educatius<\/span><span class=\"wp-block-getwid-toggle__icon is-active\"><i class=\"fas fa-plus\"><\/i><\/span><span class=\"wp-block-getwid-toggle__icon is-passive\"><i class=\"fas fa-minus\"><\/i><\/span><\/a><\/span><\/div><div class=\"wp-block-getwid-toggle__content-wrapper\"><div class=\"wp-block-getwid-toggle__content\">\n<p>A l\u2019Escola Llevant\u00ed de Mar treballem per garantir l\u2019\u00e8xit escolar i l\u2019excel\u00b7l\u00e8ncia educativa, promovent el m\u00e0xim desenvolupament de les capacitats de tot l\u2019alumnat, com a base de la igualtat d\u2019oportunitats i la cohesi\u00f3 social.<\/p>\n\n\n\n<h4 class=\"wp-block-heading\"><strong>Prioritats<\/strong><\/h4>\n\n\n\n<ol class=\"wp-block-list\">\n<li><strong>Assoliment de les compet\u00e8ncies b\u00e0siques<\/strong>, amb especial atenci\u00f3 a la lectura, l\u2019escriptura, la comprensi\u00f3 oral, les matem\u00e0tiques i l\u2019autonomia.<\/li>\n\n\n\n<li><strong>\u00das del catal\u00e0 com a llengua vehicular<\/strong>, garantint el domini de les dues lleng\u00fces oficials en acabar l\u2019etapa obligat\u00f2ria.<\/li>\n\n\n\n<li><strong>Aprenentatge de lleng\u00fces estrangeres<\/strong>, amb enfocament competencial (escoltar, parlar, llegir i escriure) i possible \u00fas en \u00e0rees no ling\u00fc\u00edstiques.<\/li>\n\n\n\n<li><strong>Detecci\u00f3 preco\u00e7 de necessitats educatives<\/strong>, siguin dificultats d&#8217;aprenentatge o altes capacitats, per adaptar la resposta educativa dins l\u2019aula ordin\u00e0ria.<\/li>\n\n\n\n<li><strong>\u00das pedag\u00f2gic de les TIC<\/strong>, tant per millorar els resultats com per donar resposta a la diversitat i desenvolupar la compet\u00e8ncia digital.<\/li>\n\n\n\n<li><strong>Avaluaci\u00f3 cont\u00ednua i formativa<\/strong>, aprofitant els resultats per millorar metodologies i processos d\u2019aprenentatge.<\/li>\n\n\n\n<li><strong>Foment de la creativitat<\/strong>, amb projectes que estimulen la imaginaci\u00f3 i l\u2019expressi\u00f3 personal.<\/li>\n\n\n\n<li><strong>Participaci\u00f3 activa en activitats f\u00edsiques i esportives<\/strong>, com a eina de cohesi\u00f3 social, h\u00e0bits saludables i benestar personal.<\/li>\n<\/ol>\n<\/div><\/div><\/div>\n\n\n\n<div class=\"wp-block-getwid-toggle__row\"><div class=\"wp-block-getwid-toggle__header-wrapper\"><span class=\"wp-block-getwid-toggle__header\"><a href=\"#\"><span class=\"wp-block-getwid-toggle__header-title\">Metodologies actives<\/span><span class=\"wp-block-getwid-toggle__icon is-active\"><i class=\"fas fa-plus\"><\/i><\/span><span class=\"wp-block-getwid-toggle__icon is-passive\"><i class=\"fas fa-minus\"><\/i><\/span><\/a><\/span><\/div><div class=\"wp-block-getwid-toggle__content-wrapper\"><div class=\"wp-block-getwid-toggle__content\">\n<ul class=\"wp-block-list\">\n<li><strong>L\u2019art de somiar: <\/strong>Aquest principi inspira el projecte educatiu de l\u2019escola, fomentant que l\u2019alumnat desenvolupi la creativitat i la capacitat de pensar en grans possibilitats.<\/li>\n\n\n\n<li><strong>Aprenentatge significatiu:<\/strong> Es prioritza un enfocament en el qual l\u2019alumnat connecta els continguts amb la seva realitat i experi\u00e8ncia personal.<\/li>\n\n\n\n<li><strong>Situacions d\u2019aprenentatge: <\/strong>Aquesta metodologia transversal permet abordar compet\u00e8ncies de diferents \u00e0mbits alhora tot contextualitzant els aprenentatges.<\/li>\n\n\n\n<li><strong>Educaci\u00f3 emocional: <\/strong>Es posa \u00e8mfasi en el desenvolupament d\u2019habilitats socials, com el treball en equip, la resoluci\u00f3 de conflictes i el respecte a la diversitat.<\/li>\n\n\n\n<li><strong>Inclusi\u00f3 i atenci\u00f3 a la diversitat: <\/strong>L\u2019escola treballa per atendre les necessitats educatives especials i garantir que tots els infants tinguin acc\u00e9s a una educaci\u00f3 de qualitat.<\/li>\n<\/ul>\n<\/div><\/div><\/div>\n<\/div>\n","protected":false},"excerpt":{"rendered":"","protected":false},"author":5,"featured_media":0,"parent":0,"menu_order":0,"comment_status":"closed","ping_status":"closed","template":"","meta":{"site-sidebar-layout":"default","site-content-layout":"","ast-site-content-layout":"default","site-content-style":"default","site-sidebar-style":"default","ast-global-header-display":"","ast-banner-title-visibility":"","ast-main-header-display":"","ast-hfb-above-header-display":"","ast-hfb-below-header-display":"","ast-hfb-mobile-header-display":"","site-post-title":"","ast-breadcrumbs-content":"","ast-featured-img":"","footer-sml-layout":"","theme-transparent-header-meta":"","adv-header-id-meta":"","stick-header-meta":"","header-above-stick-meta":"","header-main-stick-meta":"","header-below-stick-meta":"","astra-migrate-meta-layouts":"set","ast-page-background-enabled":"default","ast-page-background-meta":{"desktop":{"background-color":"var(--ast-global-color-4)","background-image":"","background-repeat":"repeat","background-position":"center center","background-size":"auto","background-attachment":"scroll","background-type":"","background-media":"","overlay-type":"","overlay-color":"","overlay-opacity":"","overlay-gradient":""},"tablet":{"background-color":"","background-image":"","background-repeat":"repeat","background-position":"center center","background-size":"auto","background-attachment":"scroll","background-type":"","background-media":"","overlay-type":"","overlay-color":"","overlay-opacity":"","overlay-gradient":""},"mobile":{"background-color":"","background-image":"","background-repeat":"repeat","background-position":"center center","background-size":"auto","background-attachment":"scroll","background-type":"","background-media":"","overlay-type":"","overlay-color":"","overlay-opacity":"","overlay-gradient":""}},"ast-content-background-meta":{"desktop":{"background-color":"var(--ast-global-color-5)","background-image":"","background-repeat":"repeat","background-position":"center center","background-size":"auto","background-attachment":"scroll","background-type":"","background-media":"","overlay-type":"","overlay-color":"","overlay-opacity":"","overlay-gradient":""},"tablet":{"background-color":"var(--ast-global-color-5)","background-image":"","background-repeat":"repeat","background-position":"center center","background-size":"auto","background-attachment":"scroll","background-type":"","background-media":"","overlay-type":"","overlay-color":"","overlay-opacity":"","overlay-gradient":""},"mobile":{"background-color":"var(--ast-global-color-5)","background-image":"","background-repeat":"repeat","background-position":"center center","background-size":"auto","background-attachment":"scroll","background-type":"","background-media":"","overlay-type":"","overlay-color":"","overlay-opacity":"","overlay-gradient":""}},"footnotes":""},"class_list":["post-5895","page","type-page","status-publish","hentry"],"post_mailing_queue_ids":[],"_links":{"self":[{"href":"https:\/\/agora.xtec.cat\/esc-llevantidemar\/wp-json\/wp\/v2\/pages\/5895","targetHints":{"allow":["GET"]}}],"collection":[{"href":"https:\/\/agora.xtec.cat\/esc-llevantidemar\/wp-json\/wp\/v2\/pages"}],"about":[{"href":"https:\/\/agora.xtec.cat\/esc-llevantidemar\/wp-json\/wp\/v2\/types\/page"}],"author":[{"embeddable":true,"href":"https:\/\/agora.xtec.cat\/esc-llevantidemar\/wp-json\/wp\/v2\/users\/5"}],"replies":[{"embeddable":true,"href":"https:\/\/agora.xtec.cat\/esc-llevantidemar\/wp-json\/wp\/v2\/comments?post=5895"}],"version-history":[{"count":3,"href":"https:\/\/agora.xtec.cat\/esc-llevantidemar\/wp-json\/wp\/v2\/pages\/5895\/revisions"}],"predecessor-version":[{"id":6046,"href":"https:\/\/agora.xtec.cat\/esc-llevantidemar\/wp-json\/wp\/v2\/pages\/5895\/revisions\/6046"}],"wp:attachment":[{"href":"https:\/\/agora.xtec.cat\/esc-llevantidemar\/wp-json\/wp\/v2\/media?parent=5895"}],"curies":[{"name":"wp","href":"https:\/\/api.w.org\/{rel}","templated":true}]}}