{"id":3777,"date":"2022-06-27T12:40:19","date_gmt":"2022-06-27T10:40:19","guid":{"rendered":"https:\/\/agora.xtec.cat\/esc-llevantidemar\/?page_id=3777"},"modified":"2026-01-26T13:17:14","modified_gmt":"2026-01-26T12:17:14","slug":"estrategia-digital-de-centre-edc","status":"publish","type":"page","link":"https:\/\/agora.xtec.cat\/esc-llevantidemar\/projecte-educatiu\/estrategia-digital-de-centre-edc\/","title":{"rendered":"Estrat\u00e8gia Digital de Centre (EDC)"},"content":{"rendered":"\n<p>L&#8217;estrat\u00e8gia digital de centre (EDC) \u00e9s un document que recull les l\u00ednies d&#8217;actuaci\u00f3 per aconseguir l&#8217;assoliment de la compet\u00e8ncia digital per part de l&#8217;alumnat, els docents i el centre, a m\u00e9s a m\u00e9s d&#8217;incloure la utilitzaci\u00f3 de les noves tecnologies a l&#8217;escola.<\/p>\n\n\n\n<p>Per aconseguir aquesta compet\u00e8ncia digital, l&#8217;EDC compr\u00e8n tots els \u00e0mbits del centre: organitzatius, metodol\u00f2gics, curriculars i comunicatius, els quals s&#8217;han de veure necess\u00e0riament implicats i, si s&#8217;escau, transformats, des d&#8217;una perspectiva d&#8217;innovaci\u00f3 i de millora cont\u00ednua.<\/p>\n\n\n\n<p>En la seg\u00fcent imatge, podreu trobar tota la informaci\u00f3 sobre l&#8217;Estrat\u00e8gia Digital del Centre.<\/p>\n\n\n\n<figure class=\"wp-block-image has-custom-border is-style-default\"><a href=\"https:\/\/sites.google.com\/xtec.cat\/edc-llevant-de-mar\" target=\"_blank\" rel=\"noopener\"><img loading=\"lazy\" decoding=\"async\" width=\"1024\" height=\"406\" src=\"https:\/\/agora.xtec.cat\/esc-llevantidemar\/wp-content\/uploads\/usu2024\/2022\/06\/edc-1024x406.png\" alt=\"\" class=\"wp-image-3782\" style=\"border-style:none;border-width:0px;border-radius:14px\" srcset=\"https:\/\/agora.xtec.cat\/esc-llevantidemar\/wp-content\/uploads\/usu2024\/2022\/06\/edc-1024x406.png 1024w, https:\/\/agora.xtec.cat\/esc-llevantidemar\/wp-content\/uploads\/usu2024\/2022\/06\/edc-300x119.png 300w, https:\/\/agora.xtec.cat\/esc-llevantidemar\/wp-content\/uploads\/usu2024\/2022\/06\/edc-768x304.png 768w, https:\/\/agora.xtec.cat\/esc-llevantidemar\/wp-content\/uploads\/usu2024\/2022\/06\/edc-1536x609.png 1536w, https:\/\/agora.xtec.cat\/esc-llevantidemar\/wp-content\/uploads\/usu2024\/2022\/06\/edc.png 1845w\" sizes=\"auto, (max-width: 1024px) 100vw, 1024px\" \/><\/a><\/figure>\n\n\n\n<p><\/p>\n","protected":false},"excerpt":{"rendered":"<p>L&#8217;estrat\u00e8gia digital de centre (EDC) \u00e9s un document que recull les l\u00ednies d&#8217;actuaci\u00f3 per aconseguir l&#8217;assoliment de la compet\u00e8ncia digital per part de l&#8217;alumnat, els docents i el centre, a m\u00e9s a m\u00e9s d&#8217;incloure la utilitzaci\u00f3 de les noves tecnologies a l&#8217;escola. Per aconseguir aquesta compet\u00e8ncia digital, l&#8217;EDC compr\u00e8n tots els \u00e0mbits del centre: organitzatius, [&hellip;]<\/p>\n","protected":false},"author":5,"featured_media":0,"parent":5895,"menu_order":4,"comment_status":"closed","ping_status":"closed","template":"","meta":{"site-sidebar-layout":"default","site-content-layout":"","ast-site-content-layout":"default","site-content-style":"default","site-sidebar-style":"default","ast-global-header-display":"","ast-banner-title-visibility":"","ast-main-header-display":"","ast-hfb-above-header-display":"","ast-hfb-below-header-display":"","ast-hfb-mobile-header-display":"","site-post-title":"","ast-breadcrumbs-content":"","ast-featured-img":"","footer-sml-layout":"","theme-transparent-header-meta":"","adv-header-id-meta":"","stick-header-meta":"","header-above-stick-meta":"","header-main-stick-meta":"","header-below-stick-meta":"","astra-migrate-meta-layouts":"set","ast-page-background-enabled":"default","ast-page-background-meta":{"desktop":{"background-color":"var(--ast-global-color-4)","background-image":"","background-repeat":"repeat","background-position":"center center","background-size":"auto","background-attachment":"scroll","background-type":"","background-media":"","overlay-type":"","overlay-color":"","overlay-opacity":"","overlay-gradient":""},"tablet":{"background-color":"","background-image":"","background-repeat":"repeat","background-position":"center center","background-size":"auto","background-attachment":"scroll","background-type":"","background-media":"","overlay-type":"","overlay-color":"","overlay-opacity":"","overlay-gradient":""},"mobile":{"background-color":"","background-image":"","background-repeat":"repeat","background-position":"center center","background-size":"auto","background-attachment":"scroll","background-type":"","background-media":"","overlay-type":"","overlay-color":"","overlay-opacity":"","overlay-gradient":""}},"ast-content-background-meta":{"desktop":{"background-color":"var(--ast-global-color-5)","background-image":"","background-repeat":"repeat","background-position":"center center","background-size":"auto","background-attachment":"scroll","background-type":"","background-media":"","overlay-type":"","overlay-color":"","overlay-opacity":"","overlay-gradient":""},"tablet":{"background-color":"var(--ast-global-color-5)","background-image":"","background-repeat":"repeat","background-position":"center center","background-size":"auto","background-attachment":"scroll","background-type":"","background-media":"","overlay-type":"","overlay-color":"","overlay-opacity":"","overlay-gradient":""},"mobile":{"background-color":"var(--ast-global-color-5)","background-image":"","background-repeat":"repeat","background-position":"center center","background-size":"auto","background-attachment":"scroll","background-type":"","background-media":"","overlay-type":"","overlay-color":"","overlay-opacity":"","overlay-gradient":""}},"footnotes":""},"class_list":["post-3777","page","type-page","status-publish","hentry"],"post_mailing_queue_ids":[],"_links":{"self":[{"href":"https:\/\/agora.xtec.cat\/esc-llevantidemar\/wp-json\/wp\/v2\/pages\/3777","targetHints":{"allow":["GET"]}}],"collection":[{"href":"https:\/\/agora.xtec.cat\/esc-llevantidemar\/wp-json\/wp\/v2\/pages"}],"about":[{"href":"https:\/\/agora.xtec.cat\/esc-llevantidemar\/wp-json\/wp\/v2\/types\/page"}],"author":[{"embeddable":true,"href":"https:\/\/agora.xtec.cat\/esc-llevantidemar\/wp-json\/wp\/v2\/users\/5"}],"replies":[{"embeddable":true,"href":"https:\/\/agora.xtec.cat\/esc-llevantidemar\/wp-json\/wp\/v2\/comments?post=3777"}],"version-history":[{"count":5,"href":"https:\/\/agora.xtec.cat\/esc-llevantidemar\/wp-json\/wp\/v2\/pages\/3777\/revisions"}],"predecessor-version":[{"id":6595,"href":"https:\/\/agora.xtec.cat\/esc-llevantidemar\/wp-json\/wp\/v2\/pages\/3777\/revisions\/6595"}],"up":[{"embeddable":true,"href":"https:\/\/agora.xtec.cat\/esc-llevantidemar\/wp-json\/wp\/v2\/pages\/5895"}],"wp:attachment":[{"href":"https:\/\/agora.xtec.cat\/esc-llevantidemar\/wp-json\/wp\/v2\/media?parent=3777"}],"curies":[{"name":"wp","href":"https:\/\/api.w.org\/{rel}","templated":true}]}}