{"id":24,"date":"2014-09-18T12:23:15","date_gmt":"2014-09-18T11:23:15","guid":{"rendered":"http:\/\/agora.xtec.cat\/esc-llevantidemar\/?page_id=24"},"modified":"2025-04-08T12:56:32","modified_gmt":"2025-04-08T10:56:32","slug":"comunitat-educativa","status":"publish","type":"page","link":"https:\/\/agora.xtec.cat\/esc-llevantidemar\/lescola\/comunitat-educativa\/","title":{"rendered":"Comunitat educativa"},"content":{"rendered":"\n<p><span style=\"font-weight: 400;\">A la nostra escola, entenem l\u2019educaci\u00f3 com una tasca compartida on tota la comunitat educativa t\u00e9 un paper essencial. La col\u00b7laboraci\u00f3 i el comprom\u00eds de tots els seus membres s\u00f3n fonamentals per garantir un entorn d\u2019aprenentatge ric, inclusiu i acollidor.<\/span><\/p>\n\n\n\n<h4 class=\"wp-block-heading\"><span style=\"font-weight: 400;\">Qui en forma part?<\/span><\/h4>\n\n\n\n<p><span style=\"font-weight: 400;\">\ud83d\udd39 <\/span><b>Alumnat<\/b><span style=\"font-weight: 400;\">: S\u00f3n el centre de l\u2019escola i els protagonistes del seu propi aprenentatge. Fomentem la seva participaci\u00f3 activa i el seu creixement personal i acad\u00e8mic.<\/span><\/p>\n\n\n\n<p><span style=\"font-weight: 400;\">\ud83d\udd39 <\/span><b>Equip docent<\/b><span style=\"font-weight: 400;\">: Acompanyem l\u2019alumnat en el proc\u00e9s d\u2019ensenyament i aprenentatge, promovent valors com el respecte, l\u2019esfor\u00e7 i la cooperaci\u00f3.<\/span><\/p>\n\n\n\n<p><span style=\"font-weight: 400;\">\ud83d\udd39 <\/span><b>Fam\u00edlies<\/b><span style=\"font-weight: 400;\">: La seva implicaci\u00f3 \u00e9s clau per refor\u00e7ar l\u2019educaci\u00f3 dels infants. Creiem en una relaci\u00f3 estreta entre escola i fam\u00edlia basada en la comunicaci\u00f3 i la confian\u00e7a.<\/span><\/p>\n\n\n\n<p><span style=\"font-weight: 400;\">\ud83d\udd39 <\/span><b>Personal d\u2019Administraci\u00f3 i Serveis (PAS)<\/b><span style=\"font-weight: 400;\">: Conserges, administratius i personal de manteniment i neteja que garanteixen el bon funcionament de l\u2019escola i un espai segur i agradable per a tothom.<\/span><\/p>\n\n\n\n<p>\ud83d\udd39 <strong>Consell Escolar<\/strong>: \u00c9s l\u2019\u00f2rgan de govern i participaci\u00f3 de la comunitat educativa. En formen part representants de tots els sectors de l\u2019escola: direcci\u00f3, professorat, fam\u00edlies, i un representant de l\u2019Ajuntament. El Consell Escolar pren decisions rellevants per al funcionament del centre, com l\u2019aprovaci\u00f3 del projecte educatiu i la gesti\u00f3 dels recursos.<\/p>\n\n\n\n<p><span style=\"font-weight: 400;\">Treballem conjuntament per oferir una educaci\u00f3 de qualitat, fomentant la participaci\u00f3 i la conviv\u00e8ncia en un entorn de respecte i cooperaci\u00f3.<\/span><\/p>\n\n\n\n<p><span style=\"font-weight: 400;\">\ud83d\udccc <\/span><b>Junts fem escola!<\/b><\/p>\n\n\n\n<div class=\"wp-block-buttons is-layout-flex wp-block-buttons-is-layout-flex\">\n<div class=\"wp-block-button has-custom-width wp-block-button__width-25\"><a class=\"wp-block-button__link wp-element-button\" href=\"https:\/\/agora.xtec.cat\/esc-llevantidemar\/lescola\/on-som\/alumnat\/\">Alumnat<\/a><\/div>\n\n\n\n<div class=\"wp-block-button has-custom-width wp-block-button__width-25\"><a class=\"wp-block-button__link wp-element-button\" href=\"https:\/\/agora.xtec.cat\/esc-llevantidemar\/lescola\/on-som\/equip-docent\/\">Equip docent<\/a><\/div>\n\n\n\n<div class=\"wp-block-button has-custom-width wp-block-button__width-25\"><a class=\"wp-block-button__link wp-element-button\" href=\"https:\/\/agora.xtec.cat\/esc-llevantidemar\/lescola\/on-som\/families\/\">Fam\u00edlies<\/a><\/div>\n\n\n\n<div class=\"wp-block-button has-custom-width wp-block-button__width-25\"><a class=\"wp-block-button__link wp-element-button\" href=\"https:\/\/agora.xtec.cat\/esc-llevantidemar\/lescola\/on-som\/personal-pas\/\">Personal PAS<\/a><\/div>\n\n\n\n<div class=\"wp-block-button has-custom-width wp-block-button__width-25\"><a class=\"wp-block-button__link wp-element-button\" href=\"https:\/\/agora.xtec.cat\/esc-llevantidemar\/lescola\/on-som\/consell-escolar\/\">Consell Escolar<\/a><\/div>\n<\/div>\n\n\n\n<p><\/p>\n\n\n\n<figure class=\"wp-block-image size-full\"><a href=\"https:\/\/agora.xtec.cat\/form0265\/wp-content\/uploads\/usu2836\/2025\/01\/organitzacio-de-lescola.png\"><img decoding=\"async\" src=\"https:\/\/agora.xtec.cat\/form0265\/wp-content\/uploads\/usu2836\/2025\/01\/organitzacio-de-lescola.png\" alt=\"\" class=\"wp-image-1000\"\/><\/a><\/figure>\n","protected":false},"excerpt":{"rendered":"<p>A la nostra escola, entenem l\u2019educaci\u00f3 com una tasca compartida on tota la comunitat educativa t\u00e9 un paper essencial. La col\u00b7laboraci\u00f3 i el comprom\u00eds de tots els seus membres s\u00f3n fonamentals per garantir un entorn d\u2019aprenentatge ric, inclusiu i acollidor. Qui en forma part? \ud83d\udd39 Alumnat: S\u00f3n el centre de l\u2019escola i els protagonistes del [&hellip;]<\/p>\n","protected":false},"author":1,"featured_media":0,"parent":22,"menu_order":1,"comment_status":"closed","ping_status":"closed","template":"","meta":{"site-sidebar-layout":"default","site-content-layout":"","ast-site-content-layout":"default","site-content-style":"default","site-sidebar-style":"default","ast-global-header-display":"","ast-banner-title-visibility":"","ast-main-header-display":"","ast-hfb-above-header-display":"","ast-hfb-below-header-display":"","ast-hfb-mobile-header-display":"","site-post-title":"","ast-breadcrumbs-content":"","ast-featured-img":"","footer-sml-layout":"","theme-transparent-header-meta":"","adv-header-id-meta":"","stick-header-meta":"","header-above-stick-meta":"","header-main-stick-meta":"","header-below-stick-meta":"","astra-migrate-meta-layouts":"set","ast-page-background-enabled":"default","ast-page-background-meta":{"desktop":{"background-color":"var(--ast-global-color-4)","background-image":"","background-repeat":"repeat","background-position":"center center","background-size":"auto","background-attachment":"scroll","background-type":"","background-media":"","overlay-type":"","overlay-color":"","overlay-opacity":"","overlay-gradient":""},"tablet":{"background-color":"","background-image":"","background-repeat":"repeat","background-position":"center center","background-size":"auto","background-attachment":"scroll","background-type":"","background-media":"","overlay-type":"","overlay-color":"","overlay-opacity":"","overlay-gradient":""},"mobile":{"background-color":"","background-image":"","background-repeat":"repeat","background-position":"center center","background-size":"auto","background-attachment":"scroll","background-type":"","background-media":"","overlay-type":"","overlay-color":"","overlay-opacity":"","overlay-gradient":""}},"ast-content-background-meta":{"desktop":{"background-color":"var(--ast-global-color-5)","background-image":"","background-repeat":"repeat","background-position":"center center","background-size":"auto","background-attachment":"scroll","background-type":"","background-media":"","overlay-type":"","overlay-color":"","overlay-opacity":"","overlay-gradient":""},"tablet":{"background-color":"var(--ast-global-color-5)","background-image":"","background-repeat":"repeat","background-position":"center center","background-size":"auto","background-attachment":"scroll","background-type":"","background-media":"","overlay-type":"","overlay-color":"","overlay-opacity":"","overlay-gradient":""},"mobile":{"background-color":"var(--ast-global-color-5)","background-image":"","background-repeat":"repeat","background-position":"center center","background-size":"auto","background-attachment":"scroll","background-type":"","background-media":"","overlay-type":"","overlay-color":"","overlay-opacity":"","overlay-gradient":""}},"footnotes":""},"class_list":["post-24","page","type-page","status-publish","hentry"],"post_mailing_queue_ids":[],"_links":{"self":[{"href":"https:\/\/agora.xtec.cat\/esc-llevantidemar\/wp-json\/wp\/v2\/pages\/24","targetHints":{"allow":["GET"]}}],"collection":[{"href":"https:\/\/agora.xtec.cat\/esc-llevantidemar\/wp-json\/wp\/v2\/pages"}],"about":[{"href":"https:\/\/agora.xtec.cat\/esc-llevantidemar\/wp-json\/wp\/v2\/types\/page"}],"author":[{"embeddable":true,"href":"https:\/\/agora.xtec.cat\/esc-llevantidemar\/wp-json\/wp\/v2\/users\/1"}],"replies":[{"embeddable":true,"href":"https:\/\/agora.xtec.cat\/esc-llevantidemar\/wp-json\/wp\/v2\/comments?post=24"}],"version-history":[{"count":6,"href":"https:\/\/agora.xtec.cat\/esc-llevantidemar\/wp-json\/wp\/v2\/pages\/24\/revisions"}],"predecessor-version":[{"id":5941,"href":"https:\/\/agora.xtec.cat\/esc-llevantidemar\/wp-json\/wp\/v2\/pages\/24\/revisions\/5941"}],"up":[{"embeddable":true,"href":"https:\/\/agora.xtec.cat\/esc-llevantidemar\/wp-json\/wp\/v2\/pages\/22"}],"wp:attachment":[{"href":"https:\/\/agora.xtec.cat\/esc-llevantidemar\/wp-json\/wp\/v2\/media?parent=24"}],"curies":[{"name":"wp","href":"https:\/\/api.w.org\/{rel}","templated":true}]}}