{"id":22,"date":"2014-09-18T12:19:57","date_gmt":"2014-09-18T11:19:57","guid":{"rendered":"http:\/\/agora.xtec.cat\/esc-llevantidemar\/?page_id=22"},"modified":"2025-04-07T19:22:45","modified_gmt":"2025-04-07T17:22:45","slug":"lescola","status":"publish","type":"page","link":"https:\/\/agora.xtec.cat\/esc-llevantidemar\/lescola\/","title":{"rendered":"La nostra escola"},"content":{"rendered":"\n<div class=\"wp-block-columns is-layout-flex wp-container-core-columns-is-layout-1 wp-block-columns-is-layout-flex\">\n<div class=\"wp-block-column is-layout-flow wp-block-column-is-layout-flow\" style=\"flex-basis:100%\">\n<div class=\"wp-block-getwid-toggle has-icon-left\">\n<div class=\"wp-block-getwid-toggle__row\"><div class=\"wp-block-getwid-toggle__header-wrapper\"><span class=\"wp-block-getwid-toggle__header\"><a href=\"#\"><span class=\"wp-block-getwid-toggle__header-title\">Qui som<\/span><span class=\"wp-block-getwid-toggle__icon is-active\"><i class=\"fas fa-plus\"><\/i><\/span><span class=\"wp-block-getwid-toggle__icon is-passive\"><i class=\"fas fa-minus\"><\/i><\/span><\/a><\/span><\/div><div class=\"wp-block-getwid-toggle__content-wrapper\"><div class=\"wp-block-getwid-toggle__content\">\n<p>L\u2019Escola Llevant\u00ed de Mar \u00e9s una escola p\u00fablica catalana que es defineix per una educaci\u00f3 aconfessional, democr\u00e0tica i connectada amb el m\u00f3n.<\/p>\n\n\n\n<p>El nostre Projecte Educatiu de Centre es fonamenta en valors i principis que posen els infants al centre de l\u2019aprenentatge i que incorporen l\u2019art com un eix essencial per explorar i comprendre el m\u00f3n.<\/p>\n\n\n\n<p>El catal\u00e0 \u00e9s la llengua vehicular i de comunicaci\u00f3 a l\u2019escola, amb el castell\u00e0 com a segona llengua i l\u2019angl\u00e8s introdu\u00eft des d\u2019I3. Apostem per un pluriling\u00fcisme que obri portes i afavoreixi la connexi\u00f3 amb altres cultures i realitats.<\/p>\n\n\n\n<p>Som una escola viva i din\u00e0mica que acompanya els infants en el seu cam\u00ed cap a l\u2019autonomia, la solidaritat i la sensibilitat cultural, tot integrant l\u2019art i l\u2019entorn com a eixos essencials de l\u2019aprenentatge.<\/p>\n<\/div><\/div><\/div>\n\n\n\n<div class=\"wp-block-getwid-toggle__row\"><div class=\"wp-block-getwid-toggle__header-wrapper\"><span class=\"wp-block-getwid-toggle__header\"><a href=\"#\"><span class=\"wp-block-getwid-toggle__header-title\">Hist\u00f2ria<\/span><span class=\"wp-block-getwid-toggle__icon is-active\"><i class=\"fas fa-plus\"><\/i><\/span><span class=\"wp-block-getwid-toggle__icon is-passive\"><i class=\"fas fa-minus\"><\/i><\/span><\/a><\/span><\/div><div class=\"wp-block-getwid-toggle__content-wrapper\"><div class=\"wp-block-getwid-toggle__content\">\n<p>Hi ha dades que demostren que el 1865 ja hi havia escola a Sant Antoni. Al llarg del temps l\u2019escola ha estat ubicada a diferents llocs: al passeig Josep Mundet a l\u2019actual n\u00fam. 92, despr\u00e9s al n\u00fam. 55, i m\u00e9s tard al n\u00fam. 75 del mateix passeig, hi va haver l\u2019escola de nens. L\u2019escola de nenes, l\u2019any 1900 es trobava al carrer Sant Antoni, 13. L\u2019any 1956 es va posar la primera pedra de l\u2019edifici actual, que en aquell moment comptava amb un parvulari, una aula de nenes, una de nens, biblioteca, laboratori, lavabos i dutxes separades per a nens i nenes.<\/p>\n\n\n\n<p>El curs 1974-1975 s\u2019implanta la coeducaci\u00f3 en aules mixtes. Despr\u00e9s de moltes reformes per rehabilitar m\u00e9s aules, perqu\u00e8 el poble anava creixent, l\u2019any 1986 es va inaugurar la primera ampliaci\u00f3, que ara en diem la part nova. Mentre van durar les obres d\u2019ampliaci\u00f3 (gener 1985 a juny 1986) l\u2019escola es va traslladar als baixos dels edificis d\u2019en Picamal, al costat de la riera de Calonge. L\u2019any 1991 l\u2019Ajuntament va construir l\u2019aula de P3 pel parvulari, i l\u2019escola va quedar de la forma que la tenim ara. <\/p>\n\n\n\n<div class=\"wp-block-getwid-images-slider has-arrows-inside has-dots-inside is-carousel has-slides-gap-none has-images-center has-cropped-images\"><div class=\"wp-block-getwid-images-slider__wrapper\" data-effect=\"slide\" data-slides-show=\"2\" data-slides-show-laptop=\"1\" data-slides-show-tablet=\"1\" data-slides-show-mobile=\"1\" data-slides-scroll=\"1\" data-autoplay=\"false\" data-pause-hover=\"false\" data-autoplay-speed=\"6000\" data-infinite=\"true\" data-animation-speed=\"800\" data-center-mode=\"true\" data-variable-width=\"false\" data-arrows=\"inside\" data-dots=\"inside\" data-spacing=\"none\"><div class=\"wp-block-getwid-images-slider__item\"><figure><img decoding=\"async\" src=\"https:\/\/agora.xtec.cat\/form0265\/wp-content\/uploads\/usu2836\/2025\/01\/obresesc-300x217-1.jpg\" alt=\"\" data-id=\"929\" data-link=\"https:\/\/agora.xtec.cat\/form0265\/secretaria\/attachment\/obresesc-300x217-1\/\" data-original-link=\"https:\/\/agora.xtec.cat\/form0265\/wp-content\/uploads\/usu2836\/2025\/01\/obresesc-300x217-1.jpg\" class=\"wp-block-getwid-images-slider__image wp-image-929\"\/><\/figure><\/div><div class=\"wp-block-getwid-images-slider__item\"><figure><img decoding=\"async\" src=\"https:\/\/agora.xtec.cat\/form0265\/wp-content\/uploads\/usu2836\/2025\/01\/1rapedra21-300x222-1.jpg\" alt=\"\" data-id=\"927\" data-link=\"https:\/\/agora.xtec.cat\/form0265\/secretaria\/attachment\/1rapedra21-300x222-1\/\" data-original-link=\"https:\/\/agora.xtec.cat\/form0265\/wp-content\/uploads\/usu2836\/2025\/01\/1rapedra21-300x222-1.jpg\" class=\"wp-block-getwid-images-slider__image wp-image-927\"\/><\/figure><\/div><div class=\"wp-block-getwid-images-slider__item\"><figure><img decoding=\"async\" src=\"https:\/\/agora.xtec.cat\/form0265\/wp-content\/uploads\/usu2836\/2025\/01\/inaguracioesc1-300x209-1.jpg\" alt=\"\" data-id=\"928\" data-link=\"https:\/\/agora.xtec.cat\/form0265\/secretaria\/attachment\/inaguracioesc1-300x209-1\/\" data-original-link=\"https:\/\/agora.xtec.cat\/form0265\/wp-content\/uploads\/usu2836\/2025\/01\/inaguracioesc1-300x209-1.jpg\" class=\"wp-block-getwid-images-slider__image wp-image-928\"\/><\/figure><\/div><\/div><\/div>\n\n\n\n<p><\/p>\n\n\n\n<p>El nom de l\u2019escola, Mare de D\u00e9u de la Merc\u00e8, abans Nuestra Se\u00f1ora de las Mercedes, se li va posar en homenatge a l\u2019esposa del llavors ministre d\u2019Educaci\u00f3, D. Joaquin Ruiz Gimenez, que estiuejava al poble i va intervenir per consolidar l\u2019exist\u00e8ncia de l\u2019escola de prim\u00e0ria a Sant Antoni.<\/p>\n\n\n\n<p>A conseq\u00fc\u00e8ncia del proc\u00e9s de renovaci\u00f3 de la instituci\u00f3 escolar en el qual estem treballant els professionals del centre aix\u00ed com la resta de la comunitat educativa, i per tal de donar un nou impuls a la millora de la qualitat educativa, ens hem proposat un seguit d\u2019objectius, entre els quals, es troba el canvi de nom oficial del nostre centre.<\/p>\n\n\n\n<p>Considerem que el nom actual no encaixa en aquest proc\u00e9s de reforma per les seves connotacions religioses i per no estar en sintonia amb els principis que han de regir l\u2019escola p\u00fablica, aconfessional i laica. Hem pensat en Llevant\u00ed de Mar, simplement perqu\u00e8 era el nom que portava el poble de Sant Antoni en temps de la Rep\u00fablica segons el periodista i historiador Albert Vilar.<\/p>\n<\/div><\/div><\/div>\n\n\n\n<div class=\"wp-block-getwid-toggle__row\"><div class=\"wp-block-getwid-toggle__header-wrapper\"><span class=\"wp-block-getwid-toggle__header\"><a href=\"#\"><span class=\"wp-block-getwid-toggle__header-title\">On som<\/span><span class=\"wp-block-getwid-toggle__icon is-active\"><i class=\"fas fa-plus\"><\/i><\/span><span class=\"wp-block-getwid-toggle__icon is-passive\"><i class=\"fas fa-minus\"><\/i><\/span><\/a><\/span><\/div><div class=\"wp-block-getwid-toggle__content-wrapper\"><div class=\"wp-block-getwid-toggle__content\">\n<p>L\u2019Escola Llevant\u00ed de Mar est\u00e0 situada a <strong>Sant Antoni de Calonge<\/strong>, un entorn privilegiat a la costa catalana que ens ofereix m\u00faltiples oportunitats per aprendre i cr\u00e9ixer envoltats de natura i cultura.<\/p>\n\n\n\n<p>Aprofitem les <strong>platges, el mar i els camins de ronda<\/strong> per treballar conceptes relacionats amb el medi natural i la sostenibilitat. Les activitats a l\u2019aire lliure, com l\u2019exploraci\u00f3 dels ecosistemes marins, les excursions per l\u2019entorn costaner i els projectes de ci\u00e8ncia, permeten que els infants aprenguin d\u2019una manera vivencial i significativa.<\/p>\n\n\n\n<p>A m\u00e9s, sovint ens desplacem a <strong>Calonge<\/strong>, un poble ple de vida cultural i art\u00edstica. All\u00e0 explorem el seu <strong>Castell medieval<\/strong>, un espai que ens transporta a altres \u00e8poques i que ens inspira per treballar la hist\u00f2ria i l\u2019art. Tamb\u00e9 ens endinsem al <strong>Poble de Llibres<\/strong>, un projecte que converteix la lectura i la literatura en una experi\u00e8ncia \u00fanica i m\u00e0gica per als alumnes. La m\u00fasica, els esdeveniments culturals i l\u2019art que s\u2019hi respiren ens ofereixen un marc incomparable per aprendre de forma creativa i enriquidora.<\/p>\n\n\n\n<p>Aquest vincle amb Sant Antoni i Calonge ens permet connectar amb l\u2019entorn, gaudir-lo i fer-lo part essencial del nostre projecte educatiu. Els infants aprenen a estimar la natura, la cultura i el patrimoni, alhora que desenvolupen un sentit de pertinen\u00e7a i responsabilitat envers el m\u00f3n que els envolta.<\/p>\n\n\n\n<p><strong>Si ens voleu visitar, ens trobareu a: <\/strong><\/p>\n\n\n\n<iframe src=\"https:\/\/www.google.com\/maps\/embed?pb=!1m18!1m12!1m3!1d2972.149108870901!2d3.098769374536423!3d41.846617267387074!2m3!1f0!2f0!3f0!3m2!1i1024!2i768!4f13.1!3m3!1m2!1s0x12bb007c1199f8a9%3A0x4527041aa348e92!2sEscuela%20Llevant%C3%AD%20de%20Mar!5e0!3m2!1ses!2ses!4v1737558396644!5m2!1ses!2ses\" width=\"600\" height=\"450\" style=\"border:0;\" allowfullscreen=\"\" loading=\"lazy\" referrerpolicy=\"no-referrer-when-downgrade\"><\/iframe>\n\n\n\n<p>Escola Llevant\u00ed de Mar C\/ Mestra Num\u00e0ncia, 3 17252 Sant Antoni de Calonge<\/p>\n<\/div><\/div><\/div>\n<\/div>\n<\/div>\n<\/div>\n","protected":false},"excerpt":{"rendered":"","protected":false},"author":1,"featured_media":0,"parent":0,"menu_order":0,"comment_status":"closed","ping_status":"closed","template":"","meta":{"site-sidebar-layout":"default","site-content-layout":"","ast-site-content-layout":"default","site-content-style":"default","site-sidebar-style":"default","ast-global-header-display":"","ast-banner-title-visibility":"","ast-main-header-display":"","ast-hfb-above-header-display":"","ast-hfb-below-header-display":"","ast-hfb-mobile-header-display":"","site-post-title":"","ast-breadcrumbs-content":"","ast-featured-img":"","footer-sml-layout":"","theme-transparent-header-meta":"","adv-header-id-meta":"","stick-header-meta":"","header-above-stick-meta":"","header-main-stick-meta":"","header-below-stick-meta":"","astra-migrate-meta-layouts":"set","ast-page-background-enabled":"default","ast-page-background-meta":{"desktop":{"background-color":"var(--ast-global-color-4)","background-image":"","background-repeat":"repeat","background-position":"center center","background-size":"auto","background-attachment":"scroll","background-type":"","background-media":"","overlay-type":"","overlay-color":"","overlay-opacity":"","overlay-gradient":""},"tablet":{"background-color":"","background-image":"","background-repeat":"repeat","background-position":"center center","background-size":"auto","background-attachment":"scroll","background-type":"","background-media":"","overlay-type":"","overlay-color":"","overlay-opacity":"","overlay-gradient":""},"mobile":{"background-color":"","background-image":"","background-repeat":"repeat","background-position":"center center","background-size":"auto","background-attachment":"scroll","background-type":"","background-media":"","overlay-type":"","overlay-color":"","overlay-opacity":"","overlay-gradient":""}},"ast-content-background-meta":{"desktop":{"background-color":"var(--ast-global-color-5)","background-image":"","background-repeat":"repeat","background-position":"center center","background-size":"auto","background-attachment":"scroll","background-type":"","background-media":"","overlay-type":"","overlay-color":"","overlay-opacity":"","overlay-gradient":""},"tablet":{"background-color":"var(--ast-global-color-5)","background-image":"","background-repeat":"repeat","background-position":"center center","background-size":"auto","background-attachment":"scroll","background-type":"","background-media":"","overlay-type":"","overlay-color":"","overlay-opacity":"","overlay-gradient":""},"mobile":{"background-color":"var(--ast-global-color-5)","background-image":"","background-repeat":"repeat","background-position":"center center","background-size":"auto","background-attachment":"scroll","background-type":"","background-media":"","overlay-type":"","overlay-color":"","overlay-opacity":"","overlay-gradient":""}},"footnotes":""},"class_list":["post-22","page","type-page","status-publish","hentry"],"post_mailing_queue_ids":[],"_links":{"self":[{"href":"https:\/\/agora.xtec.cat\/esc-llevantidemar\/wp-json\/wp\/v2\/pages\/22","targetHints":{"allow":["GET"]}}],"collection":[{"href":"https:\/\/agora.xtec.cat\/esc-llevantidemar\/wp-json\/wp\/v2\/pages"}],"about":[{"href":"https:\/\/agora.xtec.cat\/esc-llevantidemar\/wp-json\/wp\/v2\/types\/page"}],"author":[{"embeddable":true,"href":"https:\/\/agora.xtec.cat\/esc-llevantidemar\/wp-json\/wp\/v2\/users\/1"}],"replies":[{"embeddable":true,"href":"https:\/\/agora.xtec.cat\/esc-llevantidemar\/wp-json\/wp\/v2\/comments?post=22"}],"version-history":[{"count":6,"href":"https:\/\/agora.xtec.cat\/esc-llevantidemar\/wp-json\/wp\/v2\/pages\/22\/revisions"}],"predecessor-version":[{"id":5914,"href":"https:\/\/agora.xtec.cat\/esc-llevantidemar\/wp-json\/wp\/v2\/pages\/22\/revisions\/5914"}],"wp:attachment":[{"href":"https:\/\/agora.xtec.cat\/esc-llevantidemar\/wp-json\/wp\/v2\/media?parent=22"}],"curies":[{"name":"wp","href":"https:\/\/api.w.org\/{rel}","templated":true}]}}