{"id":2080,"date":"2020-09-28T15:42:40","date_gmt":"2020-09-28T13:42:40","guid":{"rendered":"https:\/\/agora.xtec.cat\/esc-llevantidemar\/?page_id=2080"},"modified":"2025-04-08T12:00:10","modified_gmt":"2025-04-08T10:00:10","slug":"som-escola-gep","status":"publish","type":"page","link":"https:\/\/agora.xtec.cat\/esc-llevantidemar\/projecte-educatiu\/projectes-singulars\/som-escola-gep\/","title":{"rendered":"SOM ESCOLA GEP"},"content":{"rendered":"\n<p>L\u2019escola Llevant\u00ed de Mar \u00e9s un dels centres educatius seleccionats per participar en el programa <strong>d\u2019innovaci\u00f3 pedag\u00f2gica \u201cGeneraci\u00f3 Pluriling\u00fce (GEP)<\/strong>, aprendre lleng\u00fces estrangeres a trav\u00e9s de les mat\u00e8ries\u201d.<\/p>\n\n\n\n<p>L\u2019objectiu del programa \u00e9s augmentar la compet\u00e8ncia comunicativa de l\u2019alumnat, mitjan\u00e7ant l\u2019impuls d\u2019accions innovadores en l\u2019\u00e0mbit de l\u2019organitzaci\u00f3 curricular i metodol\u00f2gic de l\u2019ensenyament d\u2019aquestes lleng\u00fces. Tamb\u00e9 es vol promoure un aprenentatge actiu i significatiu, basat en el treball cooperatiu i per projectes, en una avaluaci\u00f3 orientada a l\u2019aprenentatge, i en l\u2019adquisici\u00f3 d\u2019estrat\u00e8gies per a un aprenentatge aut\u00f2nom.<\/p>\n\n\n\n<p>En la seg\u00fcent imatge, podreu trobar tota la informaci\u00f3 del treball que s&#8217;ha anat realitzant amb els alumnes durant aquests dos \u00faltims anys, en relaci\u00f3 al GEP.<\/p>\n\n\n\n<figure class=\"wp-block-image\"><a href=\"https:\/\/sites.google.com\/xtec.cat\/gep2nodes-llevantidemar\/p%C3%A0gina-principal\" target=\"_blank\" rel=\"noopener noreferrer\"><img loading=\"lazy\" decoding=\"async\" width=\"1024\" height=\"456\" src=\"https:\/\/agora.xtec.cat\/esc-llevantidemar\/wp-content\/uploads\/usu2024\/2020\/09\/sites-GEP-1024x456.png\" alt=\"\" class=\"wp-image-2083\" srcset=\"https:\/\/agora.xtec.cat\/esc-llevantidemar\/wp-content\/uploads\/usu2024\/2020\/09\/sites-GEP-1024x456.png 1024w, https:\/\/agora.xtec.cat\/esc-llevantidemar\/wp-content\/uploads\/usu2024\/2020\/09\/sites-GEP-300x134.png 300w, https:\/\/agora.xtec.cat\/esc-llevantidemar\/wp-content\/uploads\/usu2024\/2020\/09\/sites-GEP-768x342.png 768w, https:\/\/agora.xtec.cat\/esc-llevantidemar\/wp-content\/uploads\/usu2024\/2020\/09\/sites-GEP.png 1272w\" sizes=\"auto, (max-width: 1024px) 100vw, 1024px\" \/><\/a><\/figure>\n","protected":false},"excerpt":{"rendered":"<p>L\u2019escola Llevant\u00ed de Mar \u00e9s un dels centres educatius seleccionats per participar en el programa d\u2019innovaci\u00f3 pedag\u00f2gica \u201cGeneraci\u00f3 Pluriling\u00fce (GEP), aprendre lleng\u00fces estrangeres a trav\u00e9s de les mat\u00e8ries\u201d. L\u2019objectiu del programa \u00e9s augmentar la compet\u00e8ncia comunicativa de l\u2019alumnat, mitjan\u00e7ant l\u2019impuls d\u2019accions innovadores en l\u2019\u00e0mbit de l\u2019organitzaci\u00f3 curricular i metodol\u00f2gic de l\u2019ensenyament d\u2019aquestes lleng\u00fces. Tamb\u00e9 es [&hellip;]<\/p>\n","protected":false},"author":5,"featured_media":0,"parent":769,"menu_order":2,"comment_status":"closed","ping_status":"closed","template":"","meta":{"site-sidebar-layout":"default","site-content-layout":"","ast-site-content-layout":"default","site-content-style":"default","site-sidebar-style":"default","ast-global-header-display":"","ast-banner-title-visibility":"","ast-main-header-display":"","ast-hfb-above-header-display":"","ast-hfb-below-header-display":"","ast-hfb-mobile-header-display":"","site-post-title":"","ast-breadcrumbs-content":"","ast-featured-img":"","footer-sml-layout":"","theme-transparent-header-meta":"","adv-header-id-meta":"","stick-header-meta":"","header-above-stick-meta":"","header-main-stick-meta":"","header-below-stick-meta":"","astra-migrate-meta-layouts":"set","ast-page-background-enabled":"default","ast-page-background-meta":{"desktop":{"background-color":"var(--ast-global-color-4)","background-image":"","background-repeat":"repeat","background-position":"center center","background-size":"auto","background-attachment":"scroll","background-type":"","background-media":"","overlay-type":"","overlay-color":"","overlay-opacity":"","overlay-gradient":""},"tablet":{"background-color":"","background-image":"","background-repeat":"repeat","background-position":"center center","background-size":"auto","background-attachment":"scroll","background-type":"","background-media":"","overlay-type":"","overlay-color":"","overlay-opacity":"","overlay-gradient":""},"mobile":{"background-color":"","background-image":"","background-repeat":"repeat","background-position":"center center","background-size":"auto","background-attachment":"scroll","background-type":"","background-media":"","overlay-type":"","overlay-color":"","overlay-opacity":"","overlay-gradient":""}},"ast-content-background-meta":{"desktop":{"background-color":"var(--ast-global-color-5)","background-image":"","background-repeat":"repeat","background-position":"center center","background-size":"auto","background-attachment":"scroll","background-type":"","background-media":"","overlay-type":"","overlay-color":"","overlay-opacity":"","overlay-gradient":""},"tablet":{"background-color":"var(--ast-global-color-5)","background-image":"","background-repeat":"repeat","background-position":"center center","background-size":"auto","background-attachment":"scroll","background-type":"","background-media":"","overlay-type":"","overlay-color":"","overlay-opacity":"","overlay-gradient":""},"mobile":{"background-color":"var(--ast-global-color-5)","background-image":"","background-repeat":"repeat","background-position":"center center","background-size":"auto","background-attachment":"scroll","background-type":"","background-media":"","overlay-type":"","overlay-color":"","overlay-opacity":"","overlay-gradient":""}},"footnotes":""},"class_list":["post-2080","page","type-page","status-publish","hentry"],"post_mailing_queue_ids":[],"_links":{"self":[{"href":"https:\/\/agora.xtec.cat\/esc-llevantidemar\/wp-json\/wp\/v2\/pages\/2080","targetHints":{"allow":["GET"]}}],"collection":[{"href":"https:\/\/agora.xtec.cat\/esc-llevantidemar\/wp-json\/wp\/v2\/pages"}],"about":[{"href":"https:\/\/agora.xtec.cat\/esc-llevantidemar\/wp-json\/wp\/v2\/types\/page"}],"author":[{"embeddable":true,"href":"https:\/\/agora.xtec.cat\/esc-llevantidemar\/wp-json\/wp\/v2\/users\/5"}],"replies":[{"embeddable":true,"href":"https:\/\/agora.xtec.cat\/esc-llevantidemar\/wp-json\/wp\/v2\/comments?post=2080"}],"version-history":[{"count":6,"href":"https:\/\/agora.xtec.cat\/esc-llevantidemar\/wp-json\/wp\/v2\/pages\/2080\/revisions"}],"predecessor-version":[{"id":5944,"href":"https:\/\/agora.xtec.cat\/esc-llevantidemar\/wp-json\/wp\/v2\/pages\/2080\/revisions\/5944"}],"up":[{"embeddable":true,"href":"https:\/\/agora.xtec.cat\/esc-llevantidemar\/wp-json\/wp\/v2\/pages\/769"}],"wp:attachment":[{"href":"https:\/\/agora.xtec.cat\/esc-llevantidemar\/wp-json\/wp\/v2\/media?parent=2080"}],"curies":[{"name":"wp","href":"https:\/\/api.w.org\/{rel}","templated":true}]}}