{"id":9330,"date":"2025-05-29T10:59:41","date_gmt":"2025-05-29T08:59:41","guid":{"rendered":"https:\/\/agora.xtec.cat\/esc-leseresdecreixell\/?page_id=9330"},"modified":"2025-05-29T15:29:46","modified_gmt":"2025-05-29T13:29:46","slug":"criteris-davaluacio-curriculum-de-leducacio-primaria","status":"publish","type":"page","link":"https:\/\/agora.xtec.cat\/esc-leseresdecreixell\/criteris-davaluacio-curriculum-de-leducacio-primaria\/","title":{"rendered":"Criteris d&#8217;avaluaci\u00f3. Curr\u00edculum de l&#8217;educaci\u00f3 prim\u00e0ria."},"content":{"rendered":"\n<p><a href=\"https:\/\/agora.xtec.cat\/esc-leseresdecreixell\/wp-content\/uploads\/usu1046\/2025\/05\/Llengua-Catalana-i-Literatura-Llengua-Castellana-i-Literatura.pdf\" target=\"_blank\" rel=\"noreferrer noopener\">\u00c0rea de Llengua Catalana i Literatura <\/a><\/p>\n\n\n\n<p><a href=\"https:\/\/agora.xtec.cat\/esc-leseresdecreixell\/wp-content\/uploads\/usu1046\/2025\/05\/Llengua-Catalana-i-Literatura-Llengua-Castellana-i-Literatura.pdf\" target=\"_blank\" rel=\"noreferrer noopener\">\u00c0rea de Llengua Castellana i Literatura<\/a> <\/p>\n\n\n\n<p><a href=\"https:\/\/agora.xtec.cat\/esc-leseresdecreixell\/wp-content\/uploads\/usu1046\/2025\/05\/Llengua-Estrangera.pdf\" target=\"_blank\" rel=\"noreferrer noopener\">\u00c0rea de Llengua Estrangera<\/a> <\/p>\n\n\n\n<p><a href=\"https:\/\/agora.xtec.cat\/esc-leseresdecreixell\/wp-content\/uploads\/usu1046\/2025\/05\/Coneixement-del-medi-natural-i-social.pdf\" target=\"_blank\" rel=\"noreferrer noopener\">\u00c0rea de Coneixement del Medi Natural i Social<\/a> <\/p>\n\n\n\n<p><a href=\"https:\/\/agora.xtec.cat\/esc-leseresdecreixell\/wp-content\/uploads\/usu1046\/2025\/05\/Matematiques.pdf\" target=\"_blank\" rel=\"noreferrer noopener\">\u00c0rea de Matem\u00e0tiques<\/a><\/p>\n\n\n\n<p><a href=\"https:\/\/agora.xtec.cat\/esc-leseresdecreixell\/wp-content\/uploads\/usu1046\/2025\/05\/Educacio-artistica.pdf\">\u00c0rea d&#8217;Educaci\u00f3 Art\u00edstica<\/a> <\/p>\n\n\n\n<p><a href=\"https:\/\/agora.xtec.cat\/esc-leseresdecreixell\/wp-content\/uploads\/usu1046\/2025\/05\/Educacio-fisica.pdf\">\u00c0rea d&#8217;Educaci\u00f3 F\u00edsica<\/a><\/p>\n\n\n\n<p><a href=\"https:\/\/agora.xtec.cat\/esc-leseresdecreixell\/wp-content\/uploads\/usu1046\/2025\/05\/Educacio-en-valors.pdf\" target=\"_blank\" rel=\"noreferrer noopener\">\u00c0rea d&#8217;Educaci\u00f3 en Valors<\/a> <\/p>\n\n\n\n<p><\/p>\n","protected":false},"excerpt":{"rendered":"<p>\u00c0rea de Llengua Catalana i Literatura \u00c0rea de Llengua Castellana i Literatura \u00c0rea de Llengua Estrangera \u00c0rea de Coneixement del [&hellip;]<\/p>\n","protected":false},"author":1,"featured_media":0,"parent":0,"menu_order":0,"comment_status":"closed","ping_status":"close","template":"","meta":{"_bbp_topic_count":0,"_bbp_reply_count":0,"_bbp_total_topic_count":0,"_bbp_total_reply_count":0,"_bbp_voice_count":0,"_bbp_anonymous_reply_count":0,"_bbp_topic_count_hidden":0,"_bbp_reply_count_hidden":0,"_bbp_forum_subforum_count":0,"site-sidebar-layout":"default","site-content-layout":"","ast-site-content-layout":"default","site-content-style":"default","site-sidebar-style":"default","ast-global-header-display":"","ast-banner-title-visibility":"","ast-main-header-display":"","ast-hfb-above-header-display":"","ast-hfb-below-header-display":"","ast-hfb-mobile-header-display":"","site-post-title":"","ast-breadcrumbs-content":"","ast-featured-img":"","footer-sml-layout":"","theme-transparent-header-meta":"","adv-header-id-meta":"","stick-header-meta":"","header-above-stick-meta":"","header-main-stick-meta":"","header-below-stick-meta":"","astra-migrate-meta-layouts":"set","ast-page-background-enabled":"default","ast-page-background-meta":{"desktop":{"background-color":"var(--ast-global-color-4)","background-image":"","background-repeat":"repeat","background-position":"center center","background-size":"auto","background-attachment":"scroll","background-type":"","background-media":"","overlay-type":"","overlay-color":"","overlay-opacity":"","overlay-gradient":""},"tablet":{"background-color":"","background-image":"","background-repeat":"repeat","background-position":"center center","background-size":"auto","background-attachment":"scroll","background-type":"","background-media":"","overlay-type":"","overlay-color":"","overlay-opacity":"","overlay-gradient":""},"mobile":{"background-color":"","background-image":"","background-repeat":"repeat","background-position":"center center","background-size":"auto","background-attachment":"scroll","background-type":"","background-media":"","overlay-type":"","overlay-color":"","overlay-opacity":"","overlay-gradient":""}},"ast-content-background-meta":{"desktop":{"background-color":"var(--ast-global-color-5)","background-image":"","background-repeat":"repeat","background-position":"center center","background-size":"auto","background-attachment":"scroll","background-type":"","background-media":"","overlay-type":"","overlay-color":"","overlay-opacity":"","overlay-gradient":""},"tablet":{"background-color":"var(--ast-global-color-5)","background-image":"","background-repeat":"repeat","background-position":"center center","background-size":"auto","background-attachment":"scroll","background-type":"","background-media":"","overlay-type":"","overlay-color":"","overlay-opacity":"","overlay-gradient":""},"mobile":{"background-color":"var(--ast-global-color-5)","background-image":"","background-repeat":"repeat","background-position":"center center","background-size":"auto","background-attachment":"scroll","background-type":"","background-media":"","overlay-type":"","overlay-color":"","overlay-opacity":"","overlay-gradient":""}},"footnotes":""},"class_list":["post-9330","page","type-page","status-publish","hentry"],"post_mailing_queue_ids":[],"_links":{"self":[{"href":"https:\/\/agora.xtec.cat\/esc-leseresdecreixell\/wp-json\/wp\/v2\/pages\/9330","targetHints":{"allow":["GET"]}}],"collection":[{"href":"https:\/\/agora.xtec.cat\/esc-leseresdecreixell\/wp-json\/wp\/v2\/pages"}],"about":[{"href":"https:\/\/agora.xtec.cat\/esc-leseresdecreixell\/wp-json\/wp\/v2\/types\/page"}],"author":[{"embeddable":true,"href":"https:\/\/agora.xtec.cat\/esc-leseresdecreixell\/wp-json\/wp\/v2\/users\/1"}],"replies":[{"embeddable":true,"href":"https:\/\/agora.xtec.cat\/esc-leseresdecreixell\/wp-json\/wp\/v2\/comments?post=9330"}],"version-history":[{"count":6,"href":"https:\/\/agora.xtec.cat\/esc-leseresdecreixell\/wp-json\/wp\/v2\/pages\/9330\/revisions"}],"predecessor-version":[{"id":9406,"href":"https:\/\/agora.xtec.cat\/esc-leseresdecreixell\/wp-json\/wp\/v2\/pages\/9330\/revisions\/9406"}],"wp:attachment":[{"href":"https:\/\/agora.xtec.cat\/esc-leseresdecreixell\/wp-json\/wp\/v2\/media?parent=9330"}],"curies":[{"name":"wp","href":"https:\/\/api.w.org\/{rel}","templated":true}]}}