{"id":9220,"date":"2025-05-09T15:23:29","date_gmt":"2025-05-09T13:23:29","guid":{"rendered":"https:\/\/agora.xtec.cat\/esc-leseresdecreixell\/?page_id=9220"},"modified":"2025-09-03T13:44:40","modified_gmt":"2025-09-03T11:44:40","slug":"beques-menjador","status":"publish","type":"page","link":"https:\/\/agora.xtec.cat\/esc-leseresdecreixell\/beques-menjador\/","title":{"rendered":"Beques i ajuts"},"content":{"rendered":"\n<h3 class=\"wp-block-heading\"><mark style=\"background-color:rgba(0, 0, 0, 0)\" class=\"has-inline-color has-ast-global-color-1-color\">Resoluci\u00f3 de les beques menjador<\/mark><\/h3>\n\n\n\n<p>Ja est\u00e0 disponible la resoluci\u00f3 de les beques menjador per aquest curs. Es pot consultar a la web del Consell Comarcal fent clic al seg\u00fcent bot\u00f3.<\/p>\n\n\n\n<div class=\"wp-block-buttons is-content-justification-center is-layout-flex wp-container-core-buttons-is-layout-1 wp-block-buttons-is-layout-flex\">\n<div class=\"wp-block-button\"><a class=\"wp-block-button__link has-text-align-center wp-element-button\" href=\"http:\/\/www.tarragones.cat\/ensenyament\/menjadors-escolars-ajuts-1\" target=\"_blank\" rel=\"noreferrer noopener\">Web Consell Comarcal.  Ajuts individuals de menjador.<\/a><\/div>\n<\/div>\n\n\n\n<p>Si alg\u00fa necessita presentar un recurs o fer qualsevol consulta de forma presencial cal que demani cita pr\u00e8via a:\u00a0<strong><a href=\"http:\/\/tarragones.cat\/cita-previa-1\" target=\"_blank\" rel=\"noreferrer noopener\">http:\/\/tarragones.cat\/cita-previa-1<\/a><\/strong><\/p>\n\n\n\n<p>Per qualsevol dubte o q\u00fcesti\u00f3 us podeu posar en contacte amb l\u2019\u00c0rea d\u2019Ensenyament del Consell Comarcal del Tarragon\u00e8s, tel. 977 244 500.<\/p>\n\n\n\n<div style=\"height:46px\" aria-hidden=\"true\" class=\"wp-block-spacer\"><\/div>\n\n\n\n<div style=\"position: relative; width: 100%; max-width: 100%; margin: 0 auto;\">\n  <!-- Contenidor del PDF -->\n  <div style=\"position: relative; padding-bottom: 74%; height: 0; overflow: hidden; width: 100%; background-color: transparent;\">\n    <iframe src=\"https:\/\/drive.google.com\/file\/d\/1U_k8iwh0jK-o2mpVFIPwGoiMkAGyI4eo\/view?usp=sharing\"\n            style=\"position: absolute; top: 0; left: 0; width: 100%; height: 105%; border: none; z-index: 0;\"\n            allowfullscreen><\/iframe>\n  <\/div>\n<\/div>\n","protected":false},"excerpt":{"rendered":"<p>Resoluci\u00f3 de les beques menjador Ja est\u00e0 disponible la resoluci\u00f3 de les beques menjador per aquest curs. Es pot consultar [&hellip;]<\/p>\n","protected":false},"author":26,"featured_media":0,"parent":0,"menu_order":0,"comment_status":"closed","ping_status":"close","template":"","meta":{"_bbp_topic_count":0,"_bbp_reply_count":0,"_bbp_total_topic_count":0,"_bbp_total_reply_count":0,"_bbp_voice_count":0,"_bbp_anonymous_reply_count":0,"_bbp_topic_count_hidden":0,"_bbp_reply_count_hidden":0,"_bbp_forum_subforum_count":0,"site-sidebar-layout":"default","site-content-layout":"","ast-site-content-layout":"default","site-content-style":"default","site-sidebar-style":"default","ast-global-header-display":"","ast-banner-title-visibility":"","ast-main-header-display":"","ast-hfb-above-header-display":"","ast-hfb-below-header-display":"","ast-hfb-mobile-header-display":"","site-post-title":"","ast-breadcrumbs-content":"","ast-featured-img":"","footer-sml-layout":"","theme-transparent-header-meta":"","adv-header-id-meta":"","stick-header-meta":"","header-above-stick-meta":"","header-main-stick-meta":"","header-below-stick-meta":"","astra-migrate-meta-layouts":"set","ast-page-background-enabled":"default","ast-page-background-meta":{"desktop":{"background-color":"var(--ast-global-color-4)","background-image":"","background-repeat":"repeat","background-position":"center center","background-size":"auto","background-attachment":"scroll","background-type":"","background-media":"","overlay-type":"","overlay-color":"","overlay-opacity":"","overlay-gradient":""},"tablet":{"background-color":"","background-image":"","background-repeat":"repeat","background-position":"center center","background-size":"auto","background-attachment":"scroll","background-type":"","background-media":"","overlay-type":"","overlay-color":"","overlay-opacity":"","overlay-gradient":""},"mobile":{"background-color":"","background-image":"","background-repeat":"repeat","background-position":"center center","background-size":"auto","background-attachment":"scroll","background-type":"","background-media":"","overlay-type":"","overlay-color":"","overlay-opacity":"","overlay-gradient":""}},"ast-content-background-meta":{"desktop":{"background-color":"var(--ast-global-color-5)","background-image":"","background-repeat":"repeat","background-position":"center center","background-size":"auto","background-attachment":"scroll","background-type":"","background-media":"","overlay-type":"","overlay-color":"","overlay-opacity":"","overlay-gradient":""},"tablet":{"background-color":"var(--ast-global-color-5)","background-image":"","background-repeat":"repeat","background-position":"center center","background-size":"auto","background-attachment":"scroll","background-type":"","background-media":"","overlay-type":"","overlay-color":"","overlay-opacity":"","overlay-gradient":""},"mobile":{"background-color":"var(--ast-global-color-5)","background-image":"","background-repeat":"repeat","background-position":"center center","background-size":"auto","background-attachment":"scroll","background-type":"","background-media":"","overlay-type":"","overlay-color":"","overlay-opacity":"","overlay-gradient":""}},"footnotes":""},"class_list":["post-9220","page","type-page","status-publish","hentry"],"post_mailing_queue_ids":[],"_links":{"self":[{"href":"https:\/\/agora.xtec.cat\/esc-leseresdecreixell\/wp-json\/wp\/v2\/pages\/9220","targetHints":{"allow":["GET"]}}],"collection":[{"href":"https:\/\/agora.xtec.cat\/esc-leseresdecreixell\/wp-json\/wp\/v2\/pages"}],"about":[{"href":"https:\/\/agora.xtec.cat\/esc-leseresdecreixell\/wp-json\/wp\/v2\/types\/page"}],"author":[{"embeddable":true,"href":"https:\/\/agora.xtec.cat\/esc-leseresdecreixell\/wp-json\/wp\/v2\/users\/26"}],"replies":[{"embeddable":true,"href":"https:\/\/agora.xtec.cat\/esc-leseresdecreixell\/wp-json\/wp\/v2\/comments?post=9220"}],"version-history":[{"count":5,"href":"https:\/\/agora.xtec.cat\/esc-leseresdecreixell\/wp-json\/wp\/v2\/pages\/9220\/revisions"}],"predecessor-version":[{"id":9462,"href":"https:\/\/agora.xtec.cat\/esc-leseresdecreixell\/wp-json\/wp\/v2\/pages\/9220\/revisions\/9462"}],"wp:attachment":[{"href":"https:\/\/agora.xtec.cat\/esc-leseresdecreixell\/wp-json\/wp\/v2\/media?parent=9220"}],"curies":[{"name":"wp","href":"https:\/\/api.w.org\/{rel}","templated":true}]}}