{"id":8693,"date":"2024-11-27T14:28:06","date_gmt":"2024-11-27T13:28:06","guid":{"rendered":"https:\/\/agora.xtec.cat\/esc-leseresdecreixell\/?page_id=8693"},"modified":"2024-11-27T14:28:31","modified_gmt":"2024-11-27T13:28:31","slug":"protocol-pediculosi-polls","status":"publish","type":"page","link":"https:\/\/agora.xtec.cat\/esc-leseresdecreixell\/protocol-pediculosi-polls\/","title":{"rendered":"Protocol Pediculosi (polls)"},"content":{"rendered":"<p style=\"text-align: left;\"><strong>PROTOCOL D\u2019ACTUACI\u00d3 EN CAS DE PEDICULOSI (POLLS)<\/strong><\/p>\n<p>La pres\u00e8ncia de polls entre els nens i nenes \u00e9s una situaci\u00f3 que esdev\u00e9 peri\u00f2dicament en<br \/>\nl\u2019\u00e0mbit escolar i que cal afrontar amb una actitud de responsabilitat individual de les<br \/>\nfam\u00edlies per tal d\u2019actuar de manera conjunta i simult\u00e0nia per evitar el contagi entre<br \/>\nl\u2019alumnat afectat i la resta.<\/p>\n<p>Procediment a seguir:<\/p>\n<p>1. Per part de l\u2019escola, si hi ha la sospita que algun alumne est\u00e0 afectat per<br \/>\npediculosi, s\u2019informar\u00e0 de manera privada a la fam\u00edlia, per tal de que puguin<br \/>\nprendre les mesures adients per solucionar el problema.<\/p>\n<p>2. En cas de que la fam\u00edlia sigui qui detecti que el seu fill\/a est\u00e0 afectat per la<br \/>\npediculosi, cal que informi a la tutora per poder actuar de manera conjunta i evitar<br \/>\nel contagi amb la resta d\u2019alumnes.<\/p>\n<p>3. Quan l\u2019escola tingui la confirmaci\u00f3 de diversos casos de pediculosi en un grup,<br \/>\nl\u2019escola es comunicar\u00e0 amb el grup afectat o en risc, per tal de que les fam\u00edlies<br \/>\npuguin revisar els cabells dels seus fills i actuar, en cas necessari.<\/p>\n<p>4. D\u2019acord amb la normativa del Departament de Salut de la Generalitat de Catalunya<br \/>\nes recomana la no assist\u00e8ncia a l\u2019escola dels alumnes afectats fins a 24 hores<br \/>\ndespr\u00e9s de que el nen hagi iniciat el tractament insecticida i s\u2019hagin eliminat les<br \/>\nll\u00e9menes.<\/p>\n<p>&nbsp;<\/p>\n<div class=\"ast-oembed-container \" style=\"height: 100%;\"><iframe loading=\"lazy\" title=\"Els polls, com detectar-los, com evitar el contagi i com eliminar-los\" width=\"500\" height=\"281\" src=\"https:\/\/www.youtube.com\/embed\/rG6s6ZYVfvE?feature=oembed\" frameborder=\"0\" allow=\"accelerometer; autoplay; clipboard-write; encrypted-media; gyroscope; picture-in-picture; web-share\" referrerpolicy=\"strict-origin-when-cross-origin\" allowfullscreen><\/iframe><\/div>\n<p>&nbsp;<\/p>\n","protected":false},"excerpt":{"rendered":"<p>PROTOCOL D\u2019ACTUACI\u00d3 EN CAS DE PEDICULOSI (POLLS) La pres\u00e8ncia de polls entre els nens i nenes \u00e9s una situaci\u00f3 que [&hellip;]<\/p>\n","protected":false},"author":26,"featured_media":0,"parent":0,"menu_order":0,"comment_status":"closed","ping_status":"closed","template":"","meta":{"_bbp_topic_count":0,"_bbp_reply_count":0,"_bbp_total_topic_count":0,"_bbp_total_reply_count":0,"_bbp_voice_count":0,"_bbp_anonymous_reply_count":0,"_bbp_topic_count_hidden":0,"_bbp_reply_count_hidden":0,"_bbp_forum_subforum_count":0,"site-sidebar-layout":"default","site-content-layout":"","ast-site-content-layout":"","site-content-style":"default","site-sidebar-style":"default","ast-global-header-display":"","ast-banner-title-visibility":"","ast-main-header-display":"","ast-hfb-above-header-display":"","ast-hfb-below-header-display":"","ast-hfb-mobile-header-display":"","site-post-title":"","ast-breadcrumbs-content":"","ast-featured-img":"","footer-sml-layout":"","theme-transparent-header-meta":"","adv-header-id-meta":"","stick-header-meta":"","header-above-stick-meta":"","header-main-stick-meta":"","header-below-stick-meta":"","astra-migrate-meta-layouts":"default","ast-page-background-enabled":"default","ast-page-background-meta":{"desktop":{"background-color":"var(--ast-global-color-4)","background-image":"","background-repeat":"repeat","background-position":"center center","background-size":"auto","background-attachment":"scroll","background-type":"","background-media":"","overlay-type":"","overlay-color":"","overlay-opacity":"","overlay-gradient":""},"tablet":{"background-color":"","background-image":"","background-repeat":"repeat","background-position":"center center","background-size":"auto","background-attachment":"scroll","background-type":"","background-media":"","overlay-type":"","overlay-color":"","overlay-opacity":"","overlay-gradient":""},"mobile":{"background-color":"","background-image":"","background-repeat":"repeat","background-position":"center center","background-size":"auto","background-attachment":"scroll","background-type":"","background-media":"","overlay-type":"","overlay-color":"","overlay-opacity":"","overlay-gradient":""}},"ast-content-background-meta":{"desktop":{"background-color":"var(--ast-global-color-5)","background-image":"","background-repeat":"repeat","background-position":"center center","background-size":"auto","background-attachment":"scroll","background-type":"","background-media":"","overlay-type":"","overlay-color":"","overlay-opacity":"","overlay-gradient":""},"tablet":{"background-color":"var(--ast-global-color-5)","background-image":"","background-repeat":"repeat","background-position":"center center","background-size":"auto","background-attachment":"scroll","background-type":"","background-media":"","overlay-type":"","overlay-color":"","overlay-opacity":"","overlay-gradient":""},"mobile":{"background-color":"var(--ast-global-color-5)","background-image":"","background-repeat":"repeat","background-position":"center center","background-size":"auto","background-attachment":"scroll","background-type":"","background-media":"","overlay-type":"","overlay-color":"","overlay-opacity":"","overlay-gradient":""}},"footnotes":""},"class_list":["post-8693","page","type-page","status-publish","hentry"],"post_mailing_queue_ids":[],"_links":{"self":[{"href":"https:\/\/agora.xtec.cat\/esc-leseresdecreixell\/wp-json\/wp\/v2\/pages\/8693","targetHints":{"allow":["GET"]}}],"collection":[{"href":"https:\/\/agora.xtec.cat\/esc-leseresdecreixell\/wp-json\/wp\/v2\/pages"}],"about":[{"href":"https:\/\/agora.xtec.cat\/esc-leseresdecreixell\/wp-json\/wp\/v2\/types\/page"}],"author":[{"embeddable":true,"href":"https:\/\/agora.xtec.cat\/esc-leseresdecreixell\/wp-json\/wp\/v2\/users\/26"}],"replies":[{"embeddable":true,"href":"https:\/\/agora.xtec.cat\/esc-leseresdecreixell\/wp-json\/wp\/v2\/comments?post=8693"}],"version-history":[{"count":6,"href":"https:\/\/agora.xtec.cat\/esc-leseresdecreixell\/wp-json\/wp\/v2\/pages\/8693\/revisions"}],"predecessor-version":[{"id":8701,"href":"https:\/\/agora.xtec.cat\/esc-leseresdecreixell\/wp-json\/wp\/v2\/pages\/8693\/revisions\/8701"}],"wp:attachment":[{"href":"https:\/\/agora.xtec.cat\/esc-leseresdecreixell\/wp-json\/wp\/v2\/media?parent=8693"}],"curies":[{"name":"wp","href":"https:\/\/api.w.org\/{rel}","templated":true}]}}